{"id":5889,"date":"2025-12-11T12:50:11","date_gmt":"2025-12-11T11:50:11","guid":{"rendered":"https:\/\/augustowska-miodosytnia.pl\/?post_type=product&#038;p=5889"},"modified":"2026-03-14T19:33:38","modified_gmt":"2026-03-14T18:33:38","slug":"baltic-way-mead","status":"publish","type":"product","link":"https:\/\/augustowska-miodosytnia.pl\/en\/product\/baltic-way-mead\/","title":{"rendered":"Baltic Way Mead"},"content":{"rendered":"<ul>\n<li style=\"list-style-type: none;\">\n<ul>\n<li style=\"text-align: left;\">Alc. 12%<\/li>\n<li>Wino miodowe<\/li>\n<li>Bottle 0,375 l<\/li>\n<li>Wykonany z 1569 pr\u00f3bek miodu z Litwy, \u0141otwy i Estonii<\/li>\n<\/ul>\n<\/li>\n<\/ul>\n<p>&nbsp;<\/p>\n<p>Bukiet kwiatowy, bogaty i z\u0142o\u017cony z wyczuwalnymi nutami lipy, wierzby i mniszka.<\/p>\n<p>Opis: 24 sierpnia 1989 roku, ponad 2 miliony ludzi stworzy\u0142o \u017cywy \u0142a\u0144cuch z Tallina przez Ryg\u0119 do Wilna, aby wyrazi\u0107 swoje d\u0105\u017cenie do niepodleg\u0142o\u015bci w rocznic\u0119 podpisania paktu Ribbentrop &#8211; Mo\u0142otow &#8211; porozumienia, kt\u00f3re podzieli\u0142o Europ\u0119 mi\u0119dzy dwa totalitaryzmy, nie pytaj\u0105c nikogo o zdanie. Dla nas takie decydowanie ponad g\u0142owami zainteresowanych jest nie do zaakceptowania. Dlatego wsp\u00f3lnie z przyjaci\u00f3\u0142mi z Litwy, \u0141otwy i Estonii stworzyli\u015bmy mi\u00f3d, na pami\u0105tk\u0119 tego wyj\u0105tkowego wydarzenia.<\/p>\n<div class=\"x14z9mp xat24cr x1lziwak x1vvkbs xtlvy1s x126k92a\">\n<div dir=\"auto\">Baltic Way Mead \/ Balti keti m\u00f5du \/ Baltijas medus ce\u013c\u0161 \/ Baltijos kelio midus zosta\u0142 wykonany zosta\u0142 z miodu zebranego z 1569 pasiek z Litwy \u0141otwy i Estonii. oddaje w sobie ich bogactwo i r\u00f3\u017cnorodno\u015b\u0107.<\/div>\n<\/div>\n<p>&nbsp;<\/p>\n<p>Wykonany w Augustowie wsp\u00f3lnie z <a href=\"https:\/\/nskr.ee\/\">Miodosytni\u0105 N\u00f6\u00f6sker\u00a0<\/a>w kooperacji z Lithuanian Bee<\/p>\n<p>&nbsp;<\/p>\n<p>Mi\u00f3d ten zdoby\u0142 z\u0142oty medal na konursie <a href=\"https:\/\/aeshi.org\/\">Copa Reina Hidromiel<\/a> w Hiszpanii w roku 2025.<\/p>\n<p><img loading=\"lazy\" decoding=\"async\" class=\"alignnone wp-image-5359\" src=\"https:\/\/augustowska-miodosytnia.pl\/wp-content\/uploads\/2020\/08\/oro-Copa-hidromiel-2024-e1734425244722.png\" alt=\"Tr\u00f3jniak Wczesny Kawowy\" width=\"118\" height=\"121\" srcset=\"https:\/\/augustowska-miodosytnia.pl\/wp-content\/uploads\/2020\/08\/oro-Copa-hidromiel-2024-e1734425244722.png 937w, https:\/\/augustowska-miodosytnia.pl\/wp-content\/uploads\/2020\/08\/oro-Copa-hidromiel-2024-e1734425244722-640x657.png 640w, https:\/\/augustowska-miodosytnia.pl\/wp-content\/uploads\/2020\/08\/oro-Copa-hidromiel-2024-e1734425244722-768x788.png 768w, https:\/\/augustowska-miodosytnia.pl\/wp-content\/uploads\/2020\/08\/oro-Copa-hidromiel-2024-e1734425244722-12x12.png 12w, https:\/\/augustowska-miodosytnia.pl\/wp-content\/uploads\/2020\/08\/oro-Copa-hidromiel-2024-e1734425244722-320x329.png 320w, https:\/\/augustowska-miodosytnia.pl\/wp-content\/uploads\/2020\/08\/oro-Copa-hidromiel-2024-e1734425244722-400x411.png 400w, https:\/\/augustowska-miodosytnia.pl\/wp-content\/uploads\/2020\/08\/oro-Copa-hidromiel-2024-e1734425244722-600x616.png 600w\" sizes=\"auto, (max-width: 118px) 100vw, 118px\" \/><\/p>\n<p>&nbsp;<\/p>\n<p>&nbsp;<\/p>","protected":false},"excerpt":{"rendered":"<p>Wyj\u0105tkowy mi\u00f3d na pami\u0105tk\u0119 wyj\u0105tkowego wydarzenia: Baltic Way Mead \/ Balti keti m\u00f5du \/ Baltijas medus ce\u013c\u0161 \/ Baltijos kelio midus zosta\u0142 wykonany zosta\u0142 z miodu zebranego z 1569 pasiek z Litwy \u0141otwy i Estonii. oddaje w sobie ich bogactwo i r\u00f3\u017cnorodno\u015b\u0107.<\/p>","protected":false},"featured_media":5898,"comment_status":"open","ping_status":"closed","template":"","meta":[],"product_brand":[],"product_cat":[61],"product_tag":[48,206,165,162],"class_list":{"0":"post-5889","1":"product","2":"type-product","3":"status-publish","4":"has-post-thumbnail","6":"product_cat-miod-pitny","7":"product_tag-miod-pitny","8":"product_tag-noosker","9":"product_tag-regional-drink","10":"product_tag-special-mead","12":"first","13":"instock","14":"shipping-taxable","15":"purchasable","16":"product-type-simple"},"yoast_head":"<!-- This site is optimized with the Yoast SEO plugin v27.3 - https:\/\/yoast.com\/product\/yoast-seo-wordpress\/ -->\n<title>Baltic Way Mead \/ Baltijos kelio \/ Balti keti \/ Baltijas ce\u013c\u0161<\/title>\n<meta name=\"description\" content=\"Baltic Way Mead \u2013 wyj\u0105tkowy mi\u00f3d na pami\u0105tk\u0119 wyj\u0105tkowego wydarzenia. Baltic Way Mead\" \/>\n<meta name=\"robots\" content=\"index, follow, max-snippet:-1, max-image-preview:large, max-video-preview:-1\" \/>\n<link rel=\"canonical\" href=\"https:\/\/augustowska-miodosytnia.pl\/en\/product\/baltic-way-mead\/\" \/>\n<meta property=\"og:locale\" content=\"en_GB\" \/>\n<meta property=\"og:type\" content=\"article\" \/>\n<meta property=\"og:title\" content=\"Baltic Way Mead \/ Baltijos kelio \/ Balti keti \/ Baltijas ce\u013c\u0161\" \/>\n<meta property=\"og:description\" content=\"Baltic Way Mead \u2013 wyj\u0105tkowy mi\u00f3d na pami\u0105tk\u0119 wyj\u0105tkowego wydarzenia. Baltic Way Mead\" \/>\n<meta property=\"og:url\" content=\"https:\/\/augustowska-miodosytnia.pl\/en\/product\/baltic-way-mead\/\" \/>\n<meta property=\"og:site_name\" content=\"Augustowska Miodosytnia\" \/>\n<meta property=\"article:modified_time\" content=\"2026-03-14T18:33:38+00:00\" \/>\n<meta property=\"og:image\" content=\"https:\/\/augustowska-miodosytnia.pl\/wp-content\/uploads\/2025\/12\/Baltic-Way-Pack-Shot.jpg\" \/>\n\t<meta property=\"og:image:width\" content=\"600\" \/>\n\t<meta property=\"og:image:height\" content=\"900\" \/>\n\t<meta property=\"og:image:type\" content=\"image\/jpeg\" \/>\n<meta name=\"twitter:card\" content=\"summary_large_image\" \/>\n<meta name=\"twitter:label1\" content=\"Est. reading time\" \/>\n\t<meta name=\"twitter:data1\" content=\"2 minutes\" \/>\n<script type=\"application\/ld+json\" class=\"yoast-schema-graph\">{\"@context\":\"https:\\\/\\\/schema.org\",\"@graph\":[{\"@type\":\"WebPage\",\"@id\":\"https:\\\/\\\/augustowska-miodosytnia.pl\\\/produkt\\\/baltic-way-mead\\\/\",\"url\":\"https:\\\/\\\/augustowska-miodosytnia.pl\\\/produkt\\\/baltic-way-mead\\\/\",\"name\":\"Baltic Way Mead \\\/ Baltijos kelio \\\/ Balti keti \\\/ Baltijas ce\u013c\u0161\",\"isPartOf\":{\"@id\":\"https:\\\/\\\/augustowska-miodosytnia.pl\\\/#website\"},\"primaryImageOfPage\":{\"@id\":\"https:\\\/\\\/augustowska-miodosytnia.pl\\\/produkt\\\/baltic-way-mead\\\/#primaryimage\"},\"image\":{\"@id\":\"https:\\\/\\\/augustowska-miodosytnia.pl\\\/produkt\\\/baltic-way-mead\\\/#primaryimage\"},\"thumbnailUrl\":\"https:\\\/\\\/augustowska-miodosytnia.pl\\\/wp-content\\\/uploads\\\/2025\\\/12\\\/Baltic-Way-Pack-Shot.jpg\",\"datePublished\":\"2025-12-11T11:50:11+00:00\",\"dateModified\":\"2026-03-14T18:33:38+00:00\",\"description\":\"Baltic Way Mead \u2013 wyj\u0105tkowy mi\u00f3d na pami\u0105tk\u0119 wyj\u0105tkowego wydarzenia. Baltic Way Mead\",\"breadcrumb\":{\"@id\":\"https:\\\/\\\/augustowska-miodosytnia.pl\\\/produkt\\\/baltic-way-mead\\\/#breadcrumb\"},\"inLanguage\":\"en-GB\",\"potentialAction\":[{\"@type\":\"ReadAction\",\"target\":[\"https:\\\/\\\/augustowska-miodosytnia.pl\\\/produkt\\\/baltic-way-mead\\\/\"]}]},{\"@type\":\"ImageObject\",\"inLanguage\":\"en-GB\",\"@id\":\"https:\\\/\\\/augustowska-miodosytnia.pl\\\/produkt\\\/baltic-way-mead\\\/#primaryimage\",\"url\":\"https:\\\/\\\/augustowska-miodosytnia.pl\\\/wp-content\\\/uploads\\\/2025\\\/12\\\/Baltic-Way-Pack-Shot.jpg\",\"contentUrl\":\"https:\\\/\\\/augustowska-miodosytnia.pl\\\/wp-content\\\/uploads\\\/2025\\\/12\\\/Baltic-Way-Pack-Shot.jpg\",\"width\":600,\"height\":900},{\"@type\":\"BreadcrumbList\",\"@id\":\"https:\\\/\\\/augustowska-miodosytnia.pl\\\/produkt\\\/baltic-way-mead\\\/#breadcrumb\",\"itemListElement\":[{\"@type\":\"ListItem\",\"position\":1,\"name\":\"Strona g\u0142\u00f3wna\",\"item\":\"https:\\\/\\\/augustowska-miodosytnia.pl\\\/\"},{\"@type\":\"ListItem\",\"position\":2,\"name\":\"Sklep\",\"item\":\"https:\\\/\\\/augustowska-miodosytnia.pl\\\/sklep\\\/\"},{\"@type\":\"ListItem\",\"position\":3,\"name\":\"Baltic Way Mead\"}]},{\"@type\":\"WebSite\",\"@id\":\"https:\\\/\\\/augustowska-miodosytnia.pl\\\/#website\",\"url\":\"https:\\\/\\\/augustowska-miodosytnia.pl\\\/\",\"name\":\"Augustowska Miodosytnia\",\"description\":\"Na dobre trunki warto jest czeka\u0107\",\"potentialAction\":[{\"@type\":\"SearchAction\",\"target\":{\"@type\":\"EntryPoint\",\"urlTemplate\":\"https:\\\/\\\/augustowska-miodosytnia.pl\\\/?s={search_term_string}\"},\"query-input\":{\"@type\":\"PropertyValueSpecification\",\"valueRequired\":true,\"valueName\":\"search_term_string\"}}],\"inLanguage\":\"en-GB\"}]}<\/script>\n<!-- \/ Yoast SEO plugin. -->","yoast_head_json":{"title":"Baltic Way Mead \/ Baltijos kelio \/ Balti keti \/ Baltijas ce\u013c\u0161","description":"Baltic Way Mead \u2013 wyj\u0105tkowy mi\u00f3d na pami\u0105tk\u0119 wyj\u0105tkowego wydarzenia. Baltic Way Mead","robots":{"index":"index","follow":"follow","max-snippet":"max-snippet:-1","max-image-preview":"max-image-preview:large","max-video-preview":"max-video-preview:-1"},"canonical":"https:\/\/augustowska-miodosytnia.pl\/en\/product\/baltic-way-mead\/","og_locale":"en_GB","og_type":"article","og_title":"Baltic Way Mead \/ Baltijos kelio \/ Balti keti \/ Baltijas ce\u013c\u0161","og_description":"Baltic Way Mead \u2013 wyj\u0105tkowy mi\u00f3d na pami\u0105tk\u0119 wyj\u0105tkowego wydarzenia. Baltic Way Mead","og_url":"https:\/\/augustowska-miodosytnia.pl\/en\/product\/baltic-way-mead\/","og_site_name":"Augustowska Miodosytnia","article_modified_time":"2026-03-14T18:33:38+00:00","og_image":[{"width":600,"height":900,"url":"https:\/\/augustowska-miodosytnia.pl\/wp-content\/uploads\/2025\/12\/Baltic-Way-Pack-Shot.jpg","type":"image\/jpeg"}],"twitter_card":"summary_large_image","twitter_misc":{"Est. reading time":"2 minutes"},"schema":{"@context":"https:\/\/schema.org","@graph":[{"@type":"WebPage","@id":"https:\/\/augustowska-miodosytnia.pl\/produkt\/baltic-way-mead\/","url":"https:\/\/augustowska-miodosytnia.pl\/produkt\/baltic-way-mead\/","name":"Baltic Way Mead \/ Baltijos kelio \/ Balti keti \/ Baltijas ce\u013c\u0161","isPartOf":{"@id":"https:\/\/augustowska-miodosytnia.pl\/#website"},"primaryImageOfPage":{"@id":"https:\/\/augustowska-miodosytnia.pl\/produkt\/baltic-way-mead\/#primaryimage"},"image":{"@id":"https:\/\/augustowska-miodosytnia.pl\/produkt\/baltic-way-mead\/#primaryimage"},"thumbnailUrl":"https:\/\/augustowska-miodosytnia.pl\/wp-content\/uploads\/2025\/12\/Baltic-Way-Pack-Shot.jpg","datePublished":"2025-12-11T11:50:11+00:00","dateModified":"2026-03-14T18:33:38+00:00","description":"Baltic Way Mead \u2013 wyj\u0105tkowy mi\u00f3d na pami\u0105tk\u0119 wyj\u0105tkowego wydarzenia. Baltic Way Mead","breadcrumb":{"@id":"https:\/\/augustowska-miodosytnia.pl\/produkt\/baltic-way-mead\/#breadcrumb"},"inLanguage":"en-GB","potentialAction":[{"@type":"ReadAction","target":["https:\/\/augustowska-miodosytnia.pl\/produkt\/baltic-way-mead\/"]}]},{"@type":"ImageObject","inLanguage":"en-GB","@id":"https:\/\/augustowska-miodosytnia.pl\/produkt\/baltic-way-mead\/#primaryimage","url":"https:\/\/augustowska-miodosytnia.pl\/wp-content\/uploads\/2025\/12\/Baltic-Way-Pack-Shot.jpg","contentUrl":"https:\/\/augustowska-miodosytnia.pl\/wp-content\/uploads\/2025\/12\/Baltic-Way-Pack-Shot.jpg","width":600,"height":900},{"@type":"BreadcrumbList","@id":"https:\/\/augustowska-miodosytnia.pl\/produkt\/baltic-way-mead\/#breadcrumb","itemListElement":[{"@type":"ListItem","position":1,"name":"Strona g\u0142\u00f3wna","item":"https:\/\/augustowska-miodosytnia.pl\/"},{"@type":"ListItem","position":2,"name":"Sklep","item":"https:\/\/augustowska-miodosytnia.pl\/sklep\/"},{"@type":"ListItem","position":3,"name":"Baltic Way Mead"}]},{"@type":"WebSite","@id":"https:\/\/augustowska-miodosytnia.pl\/#website","url":"https:\/\/augustowska-miodosytnia.pl\/","name":"Augustow Meadery","description":"Na dobre trunki warto jest czeka\u0107","potentialAction":[{"@type":"SearchAction","target":{"@type":"EntryPoint","urlTemplate":"https:\/\/augustowska-miodosytnia.pl\/?s={search_term_string}"},"query-input":{"@type":"PropertyValueSpecification","valueRequired":true,"valueName":"search_term_string"}}],"inLanguage":"en-GB"}]}},"_links":{"self":[{"href":"https:\/\/augustowska-miodosytnia.pl\/en\/wp-json\/wp\/v2\/product\/5889","targetHints":{"allow":["GET"]}}],"collection":[{"href":"https:\/\/augustowska-miodosytnia.pl\/en\/wp-json\/wp\/v2\/product"}],"about":[{"href":"https:\/\/augustowska-miodosytnia.pl\/en\/wp-json\/wp\/v2\/types\/product"}],"replies":[{"embeddable":true,"href":"https:\/\/augustowska-miodosytnia.pl\/en\/wp-json\/wp\/v2\/comments?post=5889"}],"wp:featuredmedia":[{"embeddable":true,"href":"https:\/\/augustowska-miodosytnia.pl\/en\/wp-json\/wp\/v2\/media\/5898"}],"wp:attachment":[{"href":"https:\/\/augustowska-miodosytnia.pl\/en\/wp-json\/wp\/v2\/media?parent=5889"}],"wp:term":[{"taxonomy":"product_brand","embeddable":true,"href":"https:\/\/augustowska-miodosytnia.pl\/en\/wp-json\/wp\/v2\/product_brand?post=5889"},{"taxonomy":"product_cat","embeddable":true,"href":"https:\/\/augustowska-miodosytnia.pl\/en\/wp-json\/wp\/v2\/product_cat?post=5889"},{"taxonomy":"product_tag","embeddable":true,"href":"https:\/\/augustowska-miodosytnia.pl\/en\/wp-json\/wp\/v2\/product_tag?post=5889"}],"curies":[{"name":"wp","href":"https:\/\/api.w.org\/{rel}","templated":true}]}}