{"id":5615,"date":"2025-06-23T09:15:22","date_gmt":"2025-06-23T07:15:22","guid":{"rendered":"https:\/\/augustowska-miodosytnia.pl\/?post_type=product&#038;p=5615"},"modified":"2026-04-01T09:40:18","modified_gmt":"2026-04-01T07:40:18","slug":"signum-luxury-mead-premium-mead","status":"publish","type":"product","link":"https:\/\/augustowska-miodosytnia.pl\/en\/product\/signum-luxury-mead-premium-mead\/","title":{"rendered":"Signum Mead"},"content":{"rendered":"<ul>\n<li>Alc. 12%<\/li>\n<li>Traditionla mead made 100% from tree beekeeping honey<\/li>\n<li>Vintage: 2021<\/li>\n<\/ul>\n<p>First bottles in promotional price 5999 PLN<\/p>\n<p><span style=\"font-weight: 400;\">Signum glows like polished amber\u2014or what amber once was:<\/span> <span style=\"font-weight: 400;\">a resin tear hardened in sunlight. Its aroma evokes wild sanctuaries: resin, fresh pine needles, and warm honeyed notes\u2014intense, yet nuanced. The taste is rich and layered, full-bodied, and a true reflection of the wild honey it's made from. A gentle acidity enhances its character, bringing to mind the freshness of young spruce branches. The aftertaste lingers, blending honeyed sweetness with a warming depth.<\/span><\/p>\n<p>&nbsp;<\/p>\n<p>ONLY 368 bottles was made<\/p>\n<p>&nbsp;<\/p>\n<p>&nbsp;<\/p>\n<p>&nbsp;<\/p>","protected":false},"excerpt":{"rendered":"<p>Mead from tree beekeeping honey<\/p>","protected":false},"featured_media":5617,"comment_status":"open","ping_status":"closed","template":"","meta":[],"product_brand":[],"product_cat":[61,209],"product_tag":[210,211,212],"class_list":{"0":"post-5615","1":"product","2":"type-product","3":"status-publish","4":"has-post-thumbnail","6":"product_cat-miod-pitny","7":"product_cat-miod-pitny-premium","8":"product_tag-luxury-alcohol-brand","9":"product_tag-signum-mead","10":"product_tag-trojniak-bartny","12":"first","13":"instock","14":"shipping-taxable","15":"purchasable","16":"product-type-simple"},"yoast_head":"<!-- This site is optimized with the Yoast SEO plugin v27.3 - https:\/\/yoast.com\/product\/yoast-seo-wordpress\/ -->\n<title>Signum - luxury alcohol brand<\/title>\n<meta name=\"description\" content=\"Najbardziej ekskluzywny mi\u00f3d pitny na \u015awiecie, wykonany w 100% z miodu bartnego. Niesamowite doznania smakowe oraz \u015bwietna inwestycja.\" \/>\n<meta name=\"robots\" content=\"index, follow, max-snippet:-1, max-image-preview:large, max-video-preview:-1\" \/>\n<link rel=\"canonical\" href=\"https:\/\/augustowska-miodosytnia.pl\/en\/product\/signum-luxury-mead-premium-mead\/\" \/>\n<meta property=\"og:locale\" content=\"en_GB\" \/>\n<meta property=\"og:type\" content=\"article\" \/>\n<meta property=\"og:title\" content=\"Signum - luxury alcohol brand\" \/>\n<meta property=\"og:description\" content=\"Najbardziej ekskluzywny mi\u00f3d pitny na \u015awiecie, wykonany w 100% z miodu bartnego. Niesamowite doznania smakowe oraz \u015bwietna inwestycja.\" \/>\n<meta property=\"og:url\" content=\"https:\/\/augustowska-miodosytnia.pl\/en\/product\/signum-luxury-mead-premium-mead\/\" \/>\n<meta property=\"og:site_name\" content=\"Augustowska Miodosytnia\" \/>\n<meta property=\"article:modified_time\" content=\"2026-04-01T07:40:18+00:00\" \/>\n<meta property=\"og:image\" content=\"https:\/\/augustowska-miodosytnia.pl\/wp-content\/uploads\/2025\/06\/Signum-Mead_900x600px.jpg\" \/>\n\t<meta property=\"og:image:width\" content=\"600\" \/>\n\t<meta property=\"og:image:height\" content=\"900\" \/>\n\t<meta property=\"og:image:type\" content=\"image\/jpeg\" \/>\n<meta name=\"twitter:card\" content=\"summary_large_image\" \/>\n<meta name=\"twitter:label1\" content=\"Est. reading time\" \/>\n\t<meta name=\"twitter:data1\" content=\"1 minute\" \/>\n<script type=\"application\/ld+json\" class=\"yoast-schema-graph\">{\"@context\":\"https:\\\/\\\/schema.org\",\"@graph\":[{\"@type\":\"WebPage\",\"@id\":\"https:\\\/\\\/augustowska-miodosytnia.pl\\\/produkt\\\/signum-luxury-mead-premium-mead\\\/\",\"url\":\"https:\\\/\\\/augustowska-miodosytnia.pl\\\/produkt\\\/signum-luxury-mead-premium-mead\\\/\",\"name\":\"Signum - luxury alcohol brand\",\"isPartOf\":{\"@id\":\"https:\\\/\\\/augustowska-miodosytnia.pl\\\/#website\"},\"primaryImageOfPage\":{\"@id\":\"https:\\\/\\\/augustowska-miodosytnia.pl\\\/produkt\\\/signum-luxury-mead-premium-mead\\\/#primaryimage\"},\"image\":{\"@id\":\"https:\\\/\\\/augustowska-miodosytnia.pl\\\/produkt\\\/signum-luxury-mead-premium-mead\\\/#primaryimage\"},\"thumbnailUrl\":\"https:\\\/\\\/augustowska-miodosytnia.pl\\\/wp-content\\\/uploads\\\/2025\\\/06\\\/Signum-Mead_900x600px.jpg\",\"datePublished\":\"2025-06-23T07:15:22+00:00\",\"dateModified\":\"2026-04-01T07:40:18+00:00\",\"description\":\"Najbardziej ekskluzywny mi\u00f3d pitny na \u015awiecie, wykonany w 100% z miodu bartnego. Niesamowite doznania smakowe oraz \u015bwietna inwestycja.\",\"breadcrumb\":{\"@id\":\"https:\\\/\\\/augustowska-miodosytnia.pl\\\/produkt\\\/signum-luxury-mead-premium-mead\\\/#breadcrumb\"},\"inLanguage\":\"en-GB\",\"potentialAction\":[{\"@type\":\"ReadAction\",\"target\":[\"https:\\\/\\\/augustowska-miodosytnia.pl\\\/produkt\\\/signum-luxury-mead-premium-mead\\\/\"]}]},{\"@type\":\"ImageObject\",\"inLanguage\":\"en-GB\",\"@id\":\"https:\\\/\\\/augustowska-miodosytnia.pl\\\/produkt\\\/signum-luxury-mead-premium-mead\\\/#primaryimage\",\"url\":\"https:\\\/\\\/augustowska-miodosytnia.pl\\\/wp-content\\\/uploads\\\/2025\\\/06\\\/Signum-Mead_900x600px.jpg\",\"contentUrl\":\"https:\\\/\\\/augustowska-miodosytnia.pl\\\/wp-content\\\/uploads\\\/2025\\\/06\\\/Signum-Mead_900x600px.jpg\",\"width\":600,\"height\":900,\"caption\":\"Signum Mead luxury alcohol brand fot. Szymon Gryko\"},{\"@type\":\"BreadcrumbList\",\"@id\":\"https:\\\/\\\/augustowska-miodosytnia.pl\\\/produkt\\\/signum-luxury-mead-premium-mead\\\/#breadcrumb\",\"itemListElement\":[{\"@type\":\"ListItem\",\"position\":1,\"name\":\"Strona g\u0142\u00f3wna\",\"item\":\"https:\\\/\\\/augustowska-miodosytnia.pl\\\/\"},{\"@type\":\"ListItem\",\"position\":2,\"name\":\"Sklep\",\"item\":\"https:\\\/\\\/augustowska-miodosytnia.pl\\\/sklep\\\/\"},{\"@type\":\"ListItem\",\"position\":3,\"name\":\"Signum Mead\"}]},{\"@type\":\"WebSite\",\"@id\":\"https:\\\/\\\/augustowska-miodosytnia.pl\\\/#website\",\"url\":\"https:\\\/\\\/augustowska-miodosytnia.pl\\\/\",\"name\":\"Augustowska Miodosytnia\",\"description\":\"Na dobre trunki warto jest czeka\u0107\",\"potentialAction\":[{\"@type\":\"SearchAction\",\"target\":{\"@type\":\"EntryPoint\",\"urlTemplate\":\"https:\\\/\\\/augustowska-miodosytnia.pl\\\/?s={search_term_string}\"},\"query-input\":{\"@type\":\"PropertyValueSpecification\",\"valueRequired\":true,\"valueName\":\"search_term_string\"}}],\"inLanguage\":\"en-GB\"}]}<\/script>\n<!-- \/ Yoast SEO plugin. -->","yoast_head_json":{"title":"Signum - luxury alcohol brand","description":"Najbardziej ekskluzywny mi\u00f3d pitny na \u015awiecie, wykonany w 100% z miodu bartnego. Niesamowite doznania smakowe oraz \u015bwietna inwestycja.","robots":{"index":"index","follow":"follow","max-snippet":"max-snippet:-1","max-image-preview":"max-image-preview:large","max-video-preview":"max-video-preview:-1"},"canonical":"https:\/\/augustowska-miodosytnia.pl\/en\/product\/signum-luxury-mead-premium-mead\/","og_locale":"en_GB","og_type":"article","og_title":"Signum - luxury alcohol brand","og_description":"Najbardziej ekskluzywny mi\u00f3d pitny na \u015awiecie, wykonany w 100% z miodu bartnego. Niesamowite doznania smakowe oraz \u015bwietna inwestycja.","og_url":"https:\/\/augustowska-miodosytnia.pl\/en\/product\/signum-luxury-mead-premium-mead\/","og_site_name":"Augustowska Miodosytnia","article_modified_time":"2026-04-01T07:40:18+00:00","og_image":[{"width":600,"height":900,"url":"https:\/\/augustowska-miodosytnia.pl\/wp-content\/uploads\/2025\/06\/Signum-Mead_900x600px.jpg","type":"image\/jpeg"}],"twitter_card":"summary_large_image","twitter_misc":{"Est. reading time":"1 minute"},"schema":{"@context":"https:\/\/schema.org","@graph":[{"@type":"WebPage","@id":"https:\/\/augustowska-miodosytnia.pl\/produkt\/signum-luxury-mead-premium-mead\/","url":"https:\/\/augustowska-miodosytnia.pl\/produkt\/signum-luxury-mead-premium-mead\/","name":"Signum - luxury alcohol brand","isPartOf":{"@id":"https:\/\/augustowska-miodosytnia.pl\/#website"},"primaryImageOfPage":{"@id":"https:\/\/augustowska-miodosytnia.pl\/produkt\/signum-luxury-mead-premium-mead\/#primaryimage"},"image":{"@id":"https:\/\/augustowska-miodosytnia.pl\/produkt\/signum-luxury-mead-premium-mead\/#primaryimage"},"thumbnailUrl":"https:\/\/augustowska-miodosytnia.pl\/wp-content\/uploads\/2025\/06\/Signum-Mead_900x600px.jpg","datePublished":"2025-06-23T07:15:22+00:00","dateModified":"2026-04-01T07:40:18+00:00","description":"Najbardziej ekskluzywny mi\u00f3d pitny na \u015awiecie, wykonany w 100% z miodu bartnego. Niesamowite doznania smakowe oraz \u015bwietna inwestycja.","breadcrumb":{"@id":"https:\/\/augustowska-miodosytnia.pl\/produkt\/signum-luxury-mead-premium-mead\/#breadcrumb"},"inLanguage":"en-GB","potentialAction":[{"@type":"ReadAction","target":["https:\/\/augustowska-miodosytnia.pl\/produkt\/signum-luxury-mead-premium-mead\/"]}]},{"@type":"ImageObject","inLanguage":"en-GB","@id":"https:\/\/augustowska-miodosytnia.pl\/produkt\/signum-luxury-mead-premium-mead\/#primaryimage","url":"https:\/\/augustowska-miodosytnia.pl\/wp-content\/uploads\/2025\/06\/Signum-Mead_900x600px.jpg","contentUrl":"https:\/\/augustowska-miodosytnia.pl\/wp-content\/uploads\/2025\/06\/Signum-Mead_900x600px.jpg","width":600,"height":900,"caption":"Signum Mead luxury alcohol brand fot. Szymon Gryko"},{"@type":"BreadcrumbList","@id":"https:\/\/augustowska-miodosytnia.pl\/produkt\/signum-luxury-mead-premium-mead\/#breadcrumb","itemListElement":[{"@type":"ListItem","position":1,"name":"Strona g\u0142\u00f3wna","item":"https:\/\/augustowska-miodosytnia.pl\/"},{"@type":"ListItem","position":2,"name":"Sklep","item":"https:\/\/augustowska-miodosytnia.pl\/sklep\/"},{"@type":"ListItem","position":3,"name":"Signum Mead"}]},{"@type":"WebSite","@id":"https:\/\/augustowska-miodosytnia.pl\/#website","url":"https:\/\/augustowska-miodosytnia.pl\/","name":"Augustow Meadery","description":"Na dobre trunki warto jest czeka\u0107","potentialAction":[{"@type":"SearchAction","target":{"@type":"EntryPoint","urlTemplate":"https:\/\/augustowska-miodosytnia.pl\/?s={search_term_string}"},"query-input":{"@type":"PropertyValueSpecification","valueRequired":true,"valueName":"search_term_string"}}],"inLanguage":"en-GB"}]}},"_links":{"self":[{"href":"https:\/\/augustowska-miodosytnia.pl\/en\/wp-json\/wp\/v2\/product\/5615","targetHints":{"allow":["GET"]}}],"collection":[{"href":"https:\/\/augustowska-miodosytnia.pl\/en\/wp-json\/wp\/v2\/product"}],"about":[{"href":"https:\/\/augustowska-miodosytnia.pl\/en\/wp-json\/wp\/v2\/types\/product"}],"replies":[{"embeddable":true,"href":"https:\/\/augustowska-miodosytnia.pl\/en\/wp-json\/wp\/v2\/comments?post=5615"}],"wp:featuredmedia":[{"embeddable":true,"href":"https:\/\/augustowska-miodosytnia.pl\/en\/wp-json\/wp\/v2\/media\/5617"}],"wp:attachment":[{"href":"https:\/\/augustowska-miodosytnia.pl\/en\/wp-json\/wp\/v2\/media?parent=5615"}],"wp:term":[{"taxonomy":"product_brand","embeddable":true,"href":"https:\/\/augustowska-miodosytnia.pl\/en\/wp-json\/wp\/v2\/product_brand?post=5615"},{"taxonomy":"product_cat","embeddable":true,"href":"https:\/\/augustowska-miodosytnia.pl\/en\/wp-json\/wp\/v2\/product_cat?post=5615"},{"taxonomy":"product_tag","embeddable":true,"href":"https:\/\/augustowska-miodosytnia.pl\/en\/wp-json\/wp\/v2\/product_tag?post=5615"}],"curies":[{"name":"wp","href":"https:\/\/api.w.org\/{rel}","templated":true}]}}