{"id":5548,"date":"2025-05-06T09:05:28","date_gmt":"2025-05-06T07:05:28","guid":{"rendered":"https:\/\/augustowska-miodosytnia.pl\/?post_type=product&#038;p=5548"},"modified":"2026-05-01T17:35:33","modified_gmt":"2026-05-01T15:35:33","slug":"mmc-champion-2023-dereniak","status":"publish","type":"product","link":"https:\/\/augustowska-miodosytnia.pl\/en\/product\/mmc-champion-2023-dereniak\/","title":{"rendered":"MMC Champion 2023 &#8211; Tr\u00f3jniak Dereniak"},"content":{"rendered":"<ul>\n<li>Alc. 12%<\/li>\n<li>Tr\u00f3jniak z miodu gryczanego z sokiem derenia<\/li>\n<li>Rocznik: 2023<\/li>\n<\/ul>\n<p><span style=\"font-weight: 400;\">Bukiet owocowy, cierpki z nutami miodu gryczanego<\/span><\/p>\n<p>Opis: Tr\u00f3jniak Dereniak autorstwa Waldemara Kazimierczaka zachwyci\u0142 s\u0119dzi\u00f3w najwi\u0119kszego europejskiego konkursu miod\u00f3w pitnych Mead Madness Cup w 2023 roku zdobywaj\u0105c tytu\u0142 <a href=\"https:\/\/meadmadnesscup.com\/en\/mead-madness-cup-home-2020-2\/\">Grand Champion<\/a> ca\u0142ego konkursu. Receptur\u0119 zwyci\u0119skiego miodu wsp\u00f3lnie z jej autorem powt\u00f3rzyli\u015bmy w naszej Miodosytni, aby tak\u017ce Pa\u0144stwo mogli spr\u00f3bowa\u0107 tego wyj\u0105tkowego miodu.<\/p>\n<p>Wyprodukowali\u015bmy 2000 butelek z kt\u00f3rych 50 trafia bezpo\u015brednio do autora receptury jako d\u0142ugo wyczekiwana i zas\u0142u\u017cona nagroda. Bo na dobre trunki&#8230;<\/p>\n<p>...good drinks are worth waiting for.<\/p>\n<p>&nbsp;<\/p>\n<p><span style=\"font-weight: 400;\">Ten mi\u00f3d zdoby\u0142 z\u0142oty medal na Greater Poland 2024 oraz II miejsce w Best of Show ca\u0142ego konkursu\u00a0 potwierdzaj\u0105c swoj\u0105 jako\u015b\u0107 w naszym wykonaniu.<\/span><\/p>\n<p>&nbsp;<\/p>\n<p>&nbsp;<\/p>\n<p>&nbsp;<\/p>\n<p><img loading=\"lazy\" decoding=\"async\" class=\"alignnone wp-image-5550\" src=\"https:\/\/augustowska-miodosytnia.pl\/wp-content\/uploads\/2025\/05\/GPMC-2024-ZLOTO-Miod-pitny-owocowy-1.jpg\" alt=\"\" width=\"114\" height=\"114\" srcset=\"https:\/\/augustowska-miodosytnia.pl\/wp-content\/uploads\/2025\/05\/GPMC-2024-ZLOTO-Miod-pitny-owocowy-1.jpg 2421w, https:\/\/augustowska-miodosytnia.pl\/wp-content\/uploads\/2025\/05\/GPMC-2024-ZLOTO-Miod-pitny-owocowy-1-640x640.jpg 640w, https:\/\/augustowska-miodosytnia.pl\/wp-content\/uploads\/2025\/05\/GPMC-2024-ZLOTO-Miod-pitny-owocowy-1-1280x1280.jpg 1280w, https:\/\/augustowska-miodosytnia.pl\/wp-content\/uploads\/2025\/05\/GPMC-2024-ZLOTO-Miod-pitny-owocowy-1-160x160.jpg 160w, https:\/\/augustowska-miodosytnia.pl\/wp-content\/uploads\/2025\/05\/GPMC-2024-ZLOTO-Miod-pitny-owocowy-1-768x768.jpg 768w, https:\/\/augustowska-miodosytnia.pl\/wp-content\/uploads\/2025\/05\/GPMC-2024-ZLOTO-Miod-pitny-owocowy-1-1536x1536.jpg 1536w, https:\/\/augustowska-miodosytnia.pl\/wp-content\/uploads\/2025\/05\/GPMC-2024-ZLOTO-Miod-pitny-owocowy-1-2048x2048.jpg 2048w, https:\/\/augustowska-miodosytnia.pl\/wp-content\/uploads\/2025\/05\/GPMC-2024-ZLOTO-Miod-pitny-owocowy-1-12x12.jpg 12w, https:\/\/augustowska-miodosytnia.pl\/wp-content\/uploads\/2025\/05\/GPMC-2024-ZLOTO-Miod-pitny-owocowy-1-320x320.jpg 320w, https:\/\/augustowska-miodosytnia.pl\/wp-content\/uploads\/2025\/05\/GPMC-2024-ZLOTO-Miod-pitny-owocowy-1-400x400.jpg 400w, https:\/\/augustowska-miodosytnia.pl\/wp-content\/uploads\/2025\/05\/GPMC-2024-ZLOTO-Miod-pitny-owocowy-1-600x600.jpg 600w, https:\/\/augustowska-miodosytnia.pl\/wp-content\/uploads\/2025\/05\/GPMC-2024-ZLOTO-Miod-pitny-owocowy-1-100x100.jpg 100w\" sizes=\"auto, (max-width: 114px) 100vw, 114px\" \/><\/p>\n<p>&nbsp;<\/p>\n<h6 class=\"elementor-heading-title elementor-size-default\">Grand Champion<br \/>\nHOME Mead Madness Cup 2023<\/h6>\n<p>&nbsp;<\/p>\n<p><img loading=\"lazy\" decoding=\"async\" class=\"alignnone wp-image-4433\" src=\"https:\/\/augustowska-miodosytnia.pl\/wp-content\/uploads\/2023\/02\/Gold-MMC2023.png\" alt=\"\" width=\"100\" height=\"141\" srcset=\"https:\/\/augustowska-miodosytnia.pl\/wp-content\/uploads\/2023\/02\/Gold-MMC2023.png 1414w, https:\/\/augustowska-miodosytnia.pl\/wp-content\/uploads\/2023\/02\/Gold-MMC2023-640x905.png 640w, https:\/\/augustowska-miodosytnia.pl\/wp-content\/uploads\/2023\/02\/Gold-MMC2023-1280x1810.png 1280w, https:\/\/augustowska-miodosytnia.pl\/wp-content\/uploads\/2023\/02\/Gold-MMC2023-768x1086.png 768w, https:\/\/augustowska-miodosytnia.pl\/wp-content\/uploads\/2023\/02\/Gold-MMC2023-1086x1536.png 1086w, https:\/\/augustowska-miodosytnia.pl\/wp-content\/uploads\/2023\/02\/Gold-MMC2023-8x12.png 8w, https:\/\/augustowska-miodosytnia.pl\/wp-content\/uploads\/2023\/02\/Gold-MMC2023-320x453.png 320w, https:\/\/augustowska-miodosytnia.pl\/wp-content\/uploads\/2023\/02\/Gold-MMC2023-400x566.png 400w, https:\/\/augustowska-miodosytnia.pl\/wp-content\/uploads\/2023\/02\/Gold-MMC2023-600x849.png 600w\" sizes=\"auto, (max-width: 100px) 100vw, 100px\" \/><\/p>","protected":false},"excerpt":{"rendered":"<p>Mi\u00f3d pitny tr\u00f3jniak z derenia<\/p>","protected":false},"featured_media":5802,"comment_status":"open","ping_status":"closed","template":"","meta":[],"product_brand":[],"product_cat":[61],"product_tag":[202,201,203,204,114],"class_list":{"0":"post-5548","1":"product","2":"type-product","3":"status-publish","4":"has-post-thumbnail","6":"product_cat-miod-pitny","7":"product_tag-dereniak","8":"product_tag-dogwood-berry-mead","9":"product_tag-miod-z-dereniem","10":"product_tag-mmc-champion","11":"product_tag-trojniak-markowy","13":"first","14":"instock","15":"shipping-taxable","16":"purchasable","17":"product-type-simple"},"yoast_head":"<!-- This site is optimized with the Yoast SEO plugin v27.3 - https:\/\/yoast.com\/product\/yoast-seo-wordpress\/ -->\n<title>Mead Madness Cup 2023 - Grand Chempion - Dereniak<\/title>\n<meta name=\"description\" content=\"Grand Champion konkursu Mead Madness Cup 2023 Autorstwa Waldemara Kazimierczaka wykonany wed\u0142ug zwyci\u0119skiej receptury pod nadzorem autora.\" \/>\n<meta name=\"robots\" content=\"index, follow, max-snippet:-1, max-image-preview:large, max-video-preview:-1\" \/>\n<link rel=\"canonical\" href=\"https:\/\/augustowska-miodosytnia.pl\/en\/product\/mmc-champion-2023-dereniak\/\" \/>\n<meta property=\"og:locale\" content=\"en_GB\" \/>\n<meta property=\"og:type\" content=\"article\" \/>\n<meta property=\"og:title\" content=\"Mead Madness Cup 2023 - Grand Chempion - Dereniak\" \/>\n<meta property=\"og:description\" content=\"Grand Champion konkursu Mead Madness Cup 2023 Autorstwa Waldemara Kazimierczaka wykonany wed\u0142ug zwyci\u0119skiej receptury pod nadzorem autora.\" \/>\n<meta property=\"og:url\" content=\"https:\/\/augustowska-miodosytnia.pl\/en\/product\/mmc-champion-2023-dereniak\/\" \/>\n<meta property=\"og:site_name\" content=\"Augustowska Miodosytnia\" \/>\n<meta property=\"article:modified_time\" content=\"2026-05-01T15:35:33+00:00\" \/>\n<meta property=\"og:image\" content=\"https:\/\/augustowska-miodosytnia.pl\/wp-content\/uploads\/2025\/05\/308_Miod-Pitny-Trojniak-MMC-Dereniak-2023-Augustowska-Miodosytnia-packshot-600x900-1.jpg\" \/>\n\t<meta property=\"og:image:width\" content=\"600\" \/>\n\t<meta property=\"og:image:height\" content=\"900\" \/>\n\t<meta property=\"og:image:type\" content=\"image\/jpeg\" \/>\n<meta name=\"twitter:card\" content=\"summary_large_image\" \/>\n<meta name=\"twitter:label1\" content=\"Est. reading time\" \/>\n\t<meta name=\"twitter:data1\" content=\"1 minute\" \/>\n<script type=\"application\/ld+json\" class=\"yoast-schema-graph\">{\"@context\":\"https:\\\/\\\/schema.org\",\"@graph\":[{\"@type\":\"WebPage\",\"@id\":\"https:\\\/\\\/augustowska-miodosytnia.pl\\\/produkt\\\/mmc-champion-2023-dereniak\\\/\",\"url\":\"https:\\\/\\\/augustowska-miodosytnia.pl\\\/produkt\\\/mmc-champion-2023-dereniak\\\/\",\"name\":\"Mead Madness Cup 2023 - Grand Chempion - Dereniak\",\"isPartOf\":{\"@id\":\"https:\\\/\\\/augustowska-miodosytnia.pl\\\/#website\"},\"primaryImageOfPage\":{\"@id\":\"https:\\\/\\\/augustowska-miodosytnia.pl\\\/produkt\\\/mmc-champion-2023-dereniak\\\/#primaryimage\"},\"image\":{\"@id\":\"https:\\\/\\\/augustowska-miodosytnia.pl\\\/produkt\\\/mmc-champion-2023-dereniak\\\/#primaryimage\"},\"thumbnailUrl\":\"https:\\\/\\\/augustowska-miodosytnia.pl\\\/wp-content\\\/uploads\\\/2025\\\/05\\\/308_Miod-Pitny-Trojniak-MMC-Dereniak-2023-Augustowska-Miodosytnia-packshot-600x900-1.jpg\",\"datePublished\":\"2025-05-06T07:05:28+00:00\",\"dateModified\":\"2026-05-01T15:35:33+00:00\",\"description\":\"Grand Champion konkursu Mead Madness Cup 2023 Autorstwa Waldemara Kazimierczaka wykonany wed\u0142ug zwyci\u0119skiej receptury pod nadzorem autora.\",\"breadcrumb\":{\"@id\":\"https:\\\/\\\/augustowska-miodosytnia.pl\\\/produkt\\\/mmc-champion-2023-dereniak\\\/#breadcrumb\"},\"inLanguage\":\"en-GB\",\"potentialAction\":[{\"@type\":\"ReadAction\",\"target\":[\"https:\\\/\\\/augustowska-miodosytnia.pl\\\/produkt\\\/mmc-champion-2023-dereniak\\\/\"]}]},{\"@type\":\"ImageObject\",\"inLanguage\":\"en-GB\",\"@id\":\"https:\\\/\\\/augustowska-miodosytnia.pl\\\/produkt\\\/mmc-champion-2023-dereniak\\\/#primaryimage\",\"url\":\"https:\\\/\\\/augustowska-miodosytnia.pl\\\/wp-content\\\/uploads\\\/2025\\\/05\\\/308_Miod-Pitny-Trojniak-MMC-Dereniak-2023-Augustowska-Miodosytnia-packshot-600x900-1.jpg\",\"contentUrl\":\"https:\\\/\\\/augustowska-miodosytnia.pl\\\/wp-content\\\/uploads\\\/2025\\\/05\\\/308_Miod-Pitny-Trojniak-MMC-Dereniak-2023-Augustowska-Miodosytnia-packshot-600x900-1.jpg\",\"width\":600,\"height\":900},{\"@type\":\"BreadcrumbList\",\"@id\":\"https:\\\/\\\/augustowska-miodosytnia.pl\\\/produkt\\\/mmc-champion-2023-dereniak\\\/#breadcrumb\",\"itemListElement\":[{\"@type\":\"ListItem\",\"position\":1,\"name\":\"Strona g\u0142\u00f3wna\",\"item\":\"https:\\\/\\\/augustowska-miodosytnia.pl\\\/\"},{\"@type\":\"ListItem\",\"position\":2,\"name\":\"Sklep\",\"item\":\"https:\\\/\\\/augustowska-miodosytnia.pl\\\/sklep\\\/\"},{\"@type\":\"ListItem\",\"position\":3,\"name\":\"MMC Champion 2023 &#8211; Tr\u00f3jniak Dereniak\"}]},{\"@type\":\"WebSite\",\"@id\":\"https:\\\/\\\/augustowska-miodosytnia.pl\\\/#website\",\"url\":\"https:\\\/\\\/augustowska-miodosytnia.pl\\\/\",\"name\":\"Augustowska Miodosytnia\",\"description\":\"Na dobre trunki warto jest czeka\u0107\",\"potentialAction\":[{\"@type\":\"SearchAction\",\"target\":{\"@type\":\"EntryPoint\",\"urlTemplate\":\"https:\\\/\\\/augustowska-miodosytnia.pl\\\/?s={search_term_string}\"},\"query-input\":{\"@type\":\"PropertyValueSpecification\",\"valueRequired\":true,\"valueName\":\"search_term_string\"}}],\"inLanguage\":\"en-GB\"}]}<\/script>\n<!-- \/ Yoast SEO plugin. -->","yoast_head_json":{"title":"Mead Madness Cup 2023 - Grand Chempion - Dereniak","description":"Grand Champion konkursu Mead Madness Cup 2023 Autorstwa Waldemara Kazimierczaka wykonany wed\u0142ug zwyci\u0119skiej receptury pod nadzorem autora.","robots":{"index":"index","follow":"follow","max-snippet":"max-snippet:-1","max-image-preview":"max-image-preview:large","max-video-preview":"max-video-preview:-1"},"canonical":"https:\/\/augustowska-miodosytnia.pl\/en\/product\/mmc-champion-2023-dereniak\/","og_locale":"en_GB","og_type":"article","og_title":"Mead Madness Cup 2023 - Grand Chempion - Dereniak","og_description":"Grand Champion konkursu Mead Madness Cup 2023 Autorstwa Waldemara Kazimierczaka wykonany wed\u0142ug zwyci\u0119skiej receptury pod nadzorem autora.","og_url":"https:\/\/augustowska-miodosytnia.pl\/en\/product\/mmc-champion-2023-dereniak\/","og_site_name":"Augustowska Miodosytnia","article_modified_time":"2026-05-01T15:35:33+00:00","og_image":[{"width":600,"height":900,"url":"https:\/\/augustowska-miodosytnia.pl\/wp-content\/uploads\/2025\/05\/308_Miod-Pitny-Trojniak-MMC-Dereniak-2023-Augustowska-Miodosytnia-packshot-600x900-1.jpg","type":"image\/jpeg"}],"twitter_card":"summary_large_image","twitter_misc":{"Est. reading time":"1 minute"},"schema":{"@context":"https:\/\/schema.org","@graph":[{"@type":"WebPage","@id":"https:\/\/augustowska-miodosytnia.pl\/produkt\/mmc-champion-2023-dereniak\/","url":"https:\/\/augustowska-miodosytnia.pl\/produkt\/mmc-champion-2023-dereniak\/","name":"Mead Madness Cup 2023 - Grand Chempion - Dereniak","isPartOf":{"@id":"https:\/\/augustowska-miodosytnia.pl\/#website"},"primaryImageOfPage":{"@id":"https:\/\/augustowska-miodosytnia.pl\/produkt\/mmc-champion-2023-dereniak\/#primaryimage"},"image":{"@id":"https:\/\/augustowska-miodosytnia.pl\/produkt\/mmc-champion-2023-dereniak\/#primaryimage"},"thumbnailUrl":"https:\/\/augustowska-miodosytnia.pl\/wp-content\/uploads\/2025\/05\/308_Miod-Pitny-Trojniak-MMC-Dereniak-2023-Augustowska-Miodosytnia-packshot-600x900-1.jpg","datePublished":"2025-05-06T07:05:28+00:00","dateModified":"2026-05-01T15:35:33+00:00","description":"Grand Champion konkursu Mead Madness Cup 2023 Autorstwa Waldemara Kazimierczaka wykonany wed\u0142ug zwyci\u0119skiej receptury pod nadzorem autora.","breadcrumb":{"@id":"https:\/\/augustowska-miodosytnia.pl\/produkt\/mmc-champion-2023-dereniak\/#breadcrumb"},"inLanguage":"en-GB","potentialAction":[{"@type":"ReadAction","target":["https:\/\/augustowska-miodosytnia.pl\/produkt\/mmc-champion-2023-dereniak\/"]}]},{"@type":"ImageObject","inLanguage":"en-GB","@id":"https:\/\/augustowska-miodosytnia.pl\/produkt\/mmc-champion-2023-dereniak\/#primaryimage","url":"https:\/\/augustowska-miodosytnia.pl\/wp-content\/uploads\/2025\/05\/308_Miod-Pitny-Trojniak-MMC-Dereniak-2023-Augustowska-Miodosytnia-packshot-600x900-1.jpg","contentUrl":"https:\/\/augustowska-miodosytnia.pl\/wp-content\/uploads\/2025\/05\/308_Miod-Pitny-Trojniak-MMC-Dereniak-2023-Augustowska-Miodosytnia-packshot-600x900-1.jpg","width":600,"height":900},{"@type":"BreadcrumbList","@id":"https:\/\/augustowska-miodosytnia.pl\/produkt\/mmc-champion-2023-dereniak\/#breadcrumb","itemListElement":[{"@type":"ListItem","position":1,"name":"Strona g\u0142\u00f3wna","item":"https:\/\/augustowska-miodosytnia.pl\/"},{"@type":"ListItem","position":2,"name":"Sklep","item":"https:\/\/augustowska-miodosytnia.pl\/sklep\/"},{"@type":"ListItem","position":3,"name":"MMC Champion 2023 &#8211; Tr\u00f3jniak Dereniak"}]},{"@type":"WebSite","@id":"https:\/\/augustowska-miodosytnia.pl\/#website","url":"https:\/\/augustowska-miodosytnia.pl\/","name":"Augustow Meadery","description":"Na dobre trunki warto jest czeka\u0107","potentialAction":[{"@type":"SearchAction","target":{"@type":"EntryPoint","urlTemplate":"https:\/\/augustowska-miodosytnia.pl\/?s={search_term_string}"},"query-input":{"@type":"PropertyValueSpecification","valueRequired":true,"valueName":"search_term_string"}}],"inLanguage":"en-GB"}]}},"_links":{"self":[{"href":"https:\/\/augustowska-miodosytnia.pl\/en\/wp-json\/wp\/v2\/product\/5548","targetHints":{"allow":["GET"]}}],"collection":[{"href":"https:\/\/augustowska-miodosytnia.pl\/en\/wp-json\/wp\/v2\/product"}],"about":[{"href":"https:\/\/augustowska-miodosytnia.pl\/en\/wp-json\/wp\/v2\/types\/product"}],"replies":[{"embeddable":true,"href":"https:\/\/augustowska-miodosytnia.pl\/en\/wp-json\/wp\/v2\/comments?post=5548"}],"wp:featuredmedia":[{"embeddable":true,"href":"https:\/\/augustowska-miodosytnia.pl\/en\/wp-json\/wp\/v2\/media\/5802"}],"wp:attachment":[{"href":"https:\/\/augustowska-miodosytnia.pl\/en\/wp-json\/wp\/v2\/media?parent=5548"}],"wp:term":[{"taxonomy":"product_brand","embeddable":true,"href":"https:\/\/augustowska-miodosytnia.pl\/en\/wp-json\/wp\/v2\/product_brand?post=5548"},{"taxonomy":"product_cat","embeddable":true,"href":"https:\/\/augustowska-miodosytnia.pl\/en\/wp-json\/wp\/v2\/product_cat?post=5548"},{"taxonomy":"product_tag","embeddable":true,"href":"https:\/\/augustowska-miodosytnia.pl\/en\/wp-json\/wp\/v2\/product_tag?post=5548"}],"curies":[{"name":"wp","href":"https:\/\/api.w.org\/{rel}","templated":true}]}}