{"id":5354,"date":"2024-12-17T09:34:02","date_gmt":"2024-12-17T08:34:02","guid":{"rendered":"https:\/\/augustowska-miodosytnia.pl\/?post_type=product&#038;p=5354"},"modified":"2026-03-23T19:41:33","modified_gmt":"2026-03-23T18:41:33","slug":"zestaw-miodow-pitnych-swj-3-x-0375-l","status":"publish","type":"product","link":"https:\/\/augustowska-miodosytnia.pl\/en\/product\/zestaw-miodow-pitnych-swj-3-x-0375-l\/","title":{"rendered":"Zestaw miod\u00f3w pitnych  SWJ 3x 0,375l"},"content":{"rendered":"<ul>\n<li>Zawarto\u015b\u0107 alkoholu: czw\u00f3rniak 12% \/ tr\u00f3jniak 12%<\/li>\n<li>Zestaw miod\u00f3w korzenno-zio\u0142owych i owocowych<\/li>\n<\/ul>\n<p>Zestaw 3 miod\u00f3w pitnych wyprodukowanych przez Augustowsk\u0105 Miodosytni\u0119 w ma\u0142ych butelkach 0,375l.<\/p>\n<p>The set includes:<\/p>\n<p>Podlaska Szeptucha &#8211; czw\u00f3rniak<\/p>\n<p>Pieprzna Wi\u015bnia &#8211; czw\u00f3rniak<\/p>\n<p>Jab\u0142ko na Miodzie &#8211; tr\u00f3jniak<\/p>","protected":false},"excerpt":{"rendered":"<p>Zestaw 3 miod\u00f3w pitnych wyprodukowanych przez Augustowsk\u0105 Miodosytnie w ma\u0142ych butelkach 0,375.<\/p>\n<p>W sk\u0142ad Zestawu wchodz\u0105;<\/p>\n<p>Podlaska Szeptucha -czw\u00f3rniak<\/p>\n<p>Pieprzna Wi\u015bnia -czw\u00f3rniak<\/p>\n<p>Jab\u0142ko na Miodzie -tr\u00f3jniak<\/p>","protected":false},"featured_media":5367,"comment_status":"open","ping_status":"closed","template":"","meta":[],"product_brand":[],"product_cat":[61],"product_tag":[83,106,107,193],"class_list":{"0":"post-5354","1":"product","2":"type-product","3":"status-publish","4":"has-post-thumbnail","6":"product_cat-miod-pitny","7":"product_tag-czworniak","8":"product_tag-miod-pitny-owocowy","9":"product_tag-wiszniak","10":"product_tag-zestaw","12":"first","13":"instock","14":"shipping-taxable","15":"purchasable","16":"product-type-simple"},"yoast_head":"<!-- This site is optimized with the Yoast SEO plugin v27.3 - https:\/\/yoast.com\/product\/yoast-seo-wordpress\/ -->\n<title>Pepper Cherry Mead - Augustowska Miodosytnia<\/title>\n<meta name=\"description\" content=\"Zestaw miod\u00f3w pitnych SWJ 3x 0,375l \u2013 odkryj wyj\u0105tkowy smak tradycyjnych miod\u00f3w pitnych i regionalnych specja\u0142\u00f3w w sklepie Augustowska Miodosytnia. Naturalna jako\u015b\u0107, unikalne receptury i polska tradycja w najlepszym wydaniu. Sprawd\u017a teraz!\" \/>\n<meta name=\"robots\" content=\"index, follow, max-snippet:-1, max-image-preview:large, max-video-preview:-1\" \/>\n<link rel=\"canonical\" href=\"https:\/\/augustowska-miodosytnia.pl\/en\/product\/zestaw-miodow-pitnych-swj-3-x-0375-l\/\" \/>\n<meta property=\"og:locale\" content=\"en_GB\" \/>\n<meta property=\"og:type\" content=\"article\" \/>\n<meta property=\"og:title\" content=\"Pepper Cherry Mead - Augustowska Miodosytnia\" \/>\n<meta property=\"og:description\" content=\"Zestaw miod\u00f3w pitnych SWJ 3x 0,375l \u2013 odkryj wyj\u0105tkowy smak tradycyjnych miod\u00f3w pitnych i regionalnych specja\u0142\u00f3w w sklepie Augustowska Miodosytnia. Naturalna jako\u015b\u0107, unikalne receptury i polska tradycja w najlepszym wydaniu. Sprawd\u017a teraz!\" \/>\n<meta property=\"og:url\" content=\"https:\/\/augustowska-miodosytnia.pl\/en\/product\/zestaw-miodow-pitnych-swj-3-x-0375-l\/\" \/>\n<meta property=\"og:site_name\" content=\"Augustowska Miodosytnia\" \/>\n<meta property=\"article:modified_time\" content=\"2026-03-23T18:41:33+00:00\" \/>\n<meta property=\"og:image\" content=\"https:\/\/augustowska-miodosytnia.pl\/wp-content\/uploads\/2024\/12\/zestaw-miodow-pitnych-3.png\" \/>\n\t<meta property=\"og:image:width\" content=\"600\" \/>\n\t<meta property=\"og:image:height\" content=\"900\" \/>\n\t<meta property=\"og:image:type\" content=\"image\/png\" \/>\n<meta name=\"twitter:card\" content=\"summary_large_image\" \/>\n<meta name=\"twitter:label1\" content=\"Est. reading time\" \/>\n\t<meta name=\"twitter:data1\" content=\"1 minute\" \/>\n<script type=\"application\/ld+json\" class=\"yoast-schema-graph\">{\"@context\":\"https:\\\/\\\/schema.org\",\"@graph\":[{\"@type\":\"WebPage\",\"@id\":\"https:\\\/\\\/augustowska-miodosytnia.pl\\\/produkt\\\/zestaw-miodow-pitnych-swj-3-x-0375-l\\\/\",\"url\":\"https:\\\/\\\/augustowska-miodosytnia.pl\\\/produkt\\\/zestaw-miodow-pitnych-swj-3-x-0375-l\\\/\",\"name\":\"Pepper Cherry Mead - Augustowska Miodosytnia\",\"isPartOf\":{\"@id\":\"https:\\\/\\\/augustowska-miodosytnia.pl\\\/#website\"},\"primaryImageOfPage\":{\"@id\":\"https:\\\/\\\/augustowska-miodosytnia.pl\\\/produkt\\\/zestaw-miodow-pitnych-swj-3-x-0375-l\\\/#primaryimage\"},\"image\":{\"@id\":\"https:\\\/\\\/augustowska-miodosytnia.pl\\\/produkt\\\/zestaw-miodow-pitnych-swj-3-x-0375-l\\\/#primaryimage\"},\"thumbnailUrl\":\"https:\\\/\\\/augustowska-miodosytnia.pl\\\/wp-content\\\/uploads\\\/2024\\\/12\\\/zestaw-miodow-pitnych-3.png\",\"datePublished\":\"2024-12-17T08:34:02+00:00\",\"dateModified\":\"2026-03-23T18:41:33+00:00\",\"description\":\"Zestaw miod\u00f3w pitnych SWJ 3x 0,375l \u2013 odkryj wyj\u0105tkowy smak tradycyjnych miod\u00f3w pitnych i regionalnych specja\u0142\u00f3w w sklepie Augustowska Miodosytnia. Naturalna jako\u015b\u0107, unikalne receptury i polska tradycja w najlepszym wydaniu. Sprawd\u017a teraz!\",\"breadcrumb\":{\"@id\":\"https:\\\/\\\/augustowska-miodosytnia.pl\\\/produkt\\\/zestaw-miodow-pitnych-swj-3-x-0375-l\\\/#breadcrumb\"},\"inLanguage\":\"en-GB\",\"potentialAction\":[{\"@type\":\"ReadAction\",\"target\":[\"https:\\\/\\\/augustowska-miodosytnia.pl\\\/produkt\\\/zestaw-miodow-pitnych-swj-3-x-0375-l\\\/\"]}]},{\"@type\":\"ImageObject\",\"inLanguage\":\"en-GB\",\"@id\":\"https:\\\/\\\/augustowska-miodosytnia.pl\\\/produkt\\\/zestaw-miodow-pitnych-swj-3-x-0375-l\\\/#primaryimage\",\"url\":\"https:\\\/\\\/augustowska-miodosytnia.pl\\\/wp-content\\\/uploads\\\/2024\\\/12\\\/zestaw-miodow-pitnych-3.png\",\"contentUrl\":\"https:\\\/\\\/augustowska-miodosytnia.pl\\\/wp-content\\\/uploads\\\/2024\\\/12\\\/zestaw-miodow-pitnych-3.png\",\"width\":600,\"height\":900,\"caption\":\"zestaw miod\u00f3w pitnych\"},{\"@type\":\"BreadcrumbList\",\"@id\":\"https:\\\/\\\/augustowska-miodosytnia.pl\\\/produkt\\\/zestaw-miodow-pitnych-swj-3-x-0375-l\\\/#breadcrumb\",\"itemListElement\":[{\"@type\":\"ListItem\",\"position\":1,\"name\":\"Strona g\u0142\u00f3wna\",\"item\":\"https:\\\/\\\/augustowska-miodosytnia.pl\\\/\"},{\"@type\":\"ListItem\",\"position\":2,\"name\":\"Sklep\",\"item\":\"https:\\\/\\\/augustowska-miodosytnia.pl\\\/sklep\\\/\"},{\"@type\":\"ListItem\",\"position\":3,\"name\":\"Zestaw miod\u00f3w pitnych SWJ 3x 0,375l\"}]},{\"@type\":\"WebSite\",\"@id\":\"https:\\\/\\\/augustowska-miodosytnia.pl\\\/#website\",\"url\":\"https:\\\/\\\/augustowska-miodosytnia.pl\\\/\",\"name\":\"Augustowska Miodosytnia\",\"description\":\"Na dobre trunki warto jest czeka\u0107\",\"potentialAction\":[{\"@type\":\"SearchAction\",\"target\":{\"@type\":\"EntryPoint\",\"urlTemplate\":\"https:\\\/\\\/augustowska-miodosytnia.pl\\\/?s={search_term_string}\"},\"query-input\":{\"@type\":\"PropertyValueSpecification\",\"valueRequired\":true,\"valueName\":\"search_term_string\"}}],\"inLanguage\":\"en-GB\"}]}<\/script>\n<!-- \/ Yoast SEO plugin. -->","yoast_head_json":{"title":"Pepper Cherry Mead - Augustowska Miodosytnia","description":"Zestaw miod\u00f3w pitnych SWJ 3x 0,375l \u2013 odkryj wyj\u0105tkowy smak tradycyjnych miod\u00f3w pitnych i regionalnych specja\u0142\u00f3w w sklepie Augustowska Miodosytnia. Naturalna jako\u015b\u0107, unikalne receptury i polska tradycja w najlepszym wydaniu. Sprawd\u017a teraz!","robots":{"index":"index","follow":"follow","max-snippet":"max-snippet:-1","max-image-preview":"max-image-preview:large","max-video-preview":"max-video-preview:-1"},"canonical":"https:\/\/augustowska-miodosytnia.pl\/en\/product\/zestaw-miodow-pitnych-swj-3-x-0375-l\/","og_locale":"en_GB","og_type":"article","og_title":"Pepper Cherry Mead - Augustowska Miodosytnia","og_description":"Zestaw miod\u00f3w pitnych SWJ 3x 0,375l \u2013 odkryj wyj\u0105tkowy smak tradycyjnych miod\u00f3w pitnych i regionalnych specja\u0142\u00f3w w sklepie Augustowska Miodosytnia. Naturalna jako\u015b\u0107, unikalne receptury i polska tradycja w najlepszym wydaniu. Sprawd\u017a teraz!","og_url":"https:\/\/augustowska-miodosytnia.pl\/en\/product\/zestaw-miodow-pitnych-swj-3-x-0375-l\/","og_site_name":"Augustowska Miodosytnia","article_modified_time":"2026-03-23T18:41:33+00:00","og_image":[{"width":600,"height":900,"url":"https:\/\/augustowska-miodosytnia.pl\/wp-content\/uploads\/2024\/12\/zestaw-miodow-pitnych-3.png","type":"image\/png"}],"twitter_card":"summary_large_image","twitter_misc":{"Est. reading time":"1 minute"},"schema":{"@context":"https:\/\/schema.org","@graph":[{"@type":"WebPage","@id":"https:\/\/augustowska-miodosytnia.pl\/produkt\/zestaw-miodow-pitnych-swj-3-x-0375-l\/","url":"https:\/\/augustowska-miodosytnia.pl\/produkt\/zestaw-miodow-pitnych-swj-3-x-0375-l\/","name":"Pepper Cherry Mead - Augustowska Miodosytnia","isPartOf":{"@id":"https:\/\/augustowska-miodosytnia.pl\/#website"},"primaryImageOfPage":{"@id":"https:\/\/augustowska-miodosytnia.pl\/produkt\/zestaw-miodow-pitnych-swj-3-x-0375-l\/#primaryimage"},"image":{"@id":"https:\/\/augustowska-miodosytnia.pl\/produkt\/zestaw-miodow-pitnych-swj-3-x-0375-l\/#primaryimage"},"thumbnailUrl":"https:\/\/augustowska-miodosytnia.pl\/wp-content\/uploads\/2024\/12\/zestaw-miodow-pitnych-3.png","datePublished":"2024-12-17T08:34:02+00:00","dateModified":"2026-03-23T18:41:33+00:00","description":"Zestaw miod\u00f3w pitnych SWJ 3x 0,375l \u2013 odkryj wyj\u0105tkowy smak tradycyjnych miod\u00f3w pitnych i regionalnych specja\u0142\u00f3w w sklepie Augustowska Miodosytnia. Naturalna jako\u015b\u0107, unikalne receptury i polska tradycja w najlepszym wydaniu. Sprawd\u017a teraz!","breadcrumb":{"@id":"https:\/\/augustowska-miodosytnia.pl\/produkt\/zestaw-miodow-pitnych-swj-3-x-0375-l\/#breadcrumb"},"inLanguage":"en-GB","potentialAction":[{"@type":"ReadAction","target":["https:\/\/augustowska-miodosytnia.pl\/produkt\/zestaw-miodow-pitnych-swj-3-x-0375-l\/"]}]},{"@type":"ImageObject","inLanguage":"en-GB","@id":"https:\/\/augustowska-miodosytnia.pl\/produkt\/zestaw-miodow-pitnych-swj-3-x-0375-l\/#primaryimage","url":"https:\/\/augustowska-miodosytnia.pl\/wp-content\/uploads\/2024\/12\/zestaw-miodow-pitnych-3.png","contentUrl":"https:\/\/augustowska-miodosytnia.pl\/wp-content\/uploads\/2024\/12\/zestaw-miodow-pitnych-3.png","width":600,"height":900,"caption":"zestaw miod\u00f3w pitnych"},{"@type":"BreadcrumbList","@id":"https:\/\/augustowska-miodosytnia.pl\/produkt\/zestaw-miodow-pitnych-swj-3-x-0375-l\/#breadcrumb","itemListElement":[{"@type":"ListItem","position":1,"name":"Strona g\u0142\u00f3wna","item":"https:\/\/augustowska-miodosytnia.pl\/"},{"@type":"ListItem","position":2,"name":"Sklep","item":"https:\/\/augustowska-miodosytnia.pl\/sklep\/"},{"@type":"ListItem","position":3,"name":"Zestaw miod\u00f3w pitnych SWJ 3x 0,375l"}]},{"@type":"WebSite","@id":"https:\/\/augustowska-miodosytnia.pl\/#website","url":"https:\/\/augustowska-miodosytnia.pl\/","name":"Augustow Meadery","description":"Na dobre trunki warto jest czeka\u0107","potentialAction":[{"@type":"SearchAction","target":{"@type":"EntryPoint","urlTemplate":"https:\/\/augustowska-miodosytnia.pl\/?s={search_term_string}"},"query-input":{"@type":"PropertyValueSpecification","valueRequired":true,"valueName":"search_term_string"}}],"inLanguage":"en-GB"}]}},"_links":{"self":[{"href":"https:\/\/augustowska-miodosytnia.pl\/en\/wp-json\/wp\/v2\/product\/5354","targetHints":{"allow":["GET"]}}],"collection":[{"href":"https:\/\/augustowska-miodosytnia.pl\/en\/wp-json\/wp\/v2\/product"}],"about":[{"href":"https:\/\/augustowska-miodosytnia.pl\/en\/wp-json\/wp\/v2\/types\/product"}],"replies":[{"embeddable":true,"href":"https:\/\/augustowska-miodosytnia.pl\/en\/wp-json\/wp\/v2\/comments?post=5354"}],"wp:featuredmedia":[{"embeddable":true,"href":"https:\/\/augustowska-miodosytnia.pl\/en\/wp-json\/wp\/v2\/media\/5367"}],"wp:attachment":[{"href":"https:\/\/augustowska-miodosytnia.pl\/en\/wp-json\/wp\/v2\/media?parent=5354"}],"wp:term":[{"taxonomy":"product_brand","embeddable":true,"href":"https:\/\/augustowska-miodosytnia.pl\/en\/wp-json\/wp\/v2\/product_brand?post=5354"},{"taxonomy":"product_cat","embeddable":true,"href":"https:\/\/augustowska-miodosytnia.pl\/en\/wp-json\/wp\/v2\/product_cat?post=5354"},{"taxonomy":"product_tag","embeddable":true,"href":"https:\/\/augustowska-miodosytnia.pl\/en\/wp-json\/wp\/v2\/product_tag?post=5354"}],"curies":[{"name":"wp","href":"https:\/\/api.w.org\/{rel}","templated":true}]}}