{"id":5271,"date":"2025-11-25T13:00:21","date_gmt":"2025-11-25T12:00:21","guid":{"rendered":"https:\/\/augustowska-miodosytnia.pl\/?post_type=product&#038;p=5271"},"modified":"2026-03-23T14:42:18","modified_gmt":"2026-03-23T13:42:18","slug":"brew-box-podpiwek","status":"publish","type":"product","link":"https:\/\/augustowska-miodosytnia.pl\/en\/product\/brew-box-podpiwek\/","title":{"rendered":"Brew Box &#8211; Podpiwek"},"content":{"rendered":"<p>Ten zestaw pozwoli Ci wykona\u0107 Podpiwek w warunkach domowych.<\/p>\n<p>Odkryj na nowo tradycyjny smak podpiwka, kt\u00f3ry niegdy\u015b kr\u00f3lowa\u0142 na Podlasiu. Kr\u00f3tki proces fermentacji nadaje mu delikatnego charakteru. Zamiast cukru \u2013 naturalny mi\u00f3d, kt\u00f3ry wzbogaca smak i czyni go jeszcze bardziej wyj\u0105tkowym. Bez konserwant\u00f3w, bez sztucznych dodatk\u00f3w, pe\u0142en naturalnego smaku. Ten zestaw to klucz do odtworzenia klasycznego smaku podpiwka we w\u0142asnym domu.<\/p>\n<p>&nbsp;<\/p>\n<p>Co znajdziesz w \u015brodku boxa?<\/p>\n<p>&nbsp;<\/p>\n<p><strong>Co znajdziesz w \u015brodku?<\/strong><\/p>\n<p>Surowce:<\/p>\n<ul>\n<li>bee honey<\/li>\n<li>s\u0142\u00f3d<\/li>\n<li>chmiel<\/li>\n<li>dro\u017cd\u017ce<\/li>\n<\/ul>\n<p>Przy zakupie zestawu otrzymujesz tak\u017ce link do kursu wideo jak wykona\u0107 Podpiwek.<\/p>\n<p>&nbsp;<\/p>\n<h6 class=\"elementor-heading-title elementor-size-default\"><\/h6>\n<p>&nbsp;<\/p>","protected":false},"excerpt":{"rendered":"<p>ZESTAW MIODOSYTNIKA<\/p>\n<div>\n<p>Dzi\u0119ki niemu w warunkach domowych rozpoczniesz przygod\u0119 z miodami pitnymi i wykonasz 4,5 litra nastawu tradycyjnego Zbicienia<\/p>\n<\/div>","protected":false},"featured_media":5319,"comment_status":"open","ping_status":"closed","template":"","meta":[],"product_brand":[],"product_cat":[181],"product_tag":[179,116,180,178],"class_list":{"0":"post-5271","1":"product","2":"type-product","3":"status-publish","4":"has-post-thumbnail","6":"product_cat-produkty-specjalne","7":"product_tag-domowa-produkcja","8":"product_tag-traditional-mead","9":"product_tag-zestaw-miodosytnika","10":"product_tag-zrob-to-sam","12":"first","13":"instock","14":"shipping-taxable","15":"purchasable","16":"product-type-simple"},"yoast_head":"<!-- This site is optimized with the Yoast SEO plugin v27.3 - https:\/\/yoast.com\/product\/yoast-seo-wordpress\/ -->\n<title>Podpiwek Brew Box - Tradycyjny nap\u00f3j z miodu, cykori i \u017cyta<\/title>\n<meta name=\"description\" content=\"Odkryj na nowo tradycyjny smak podpiwka, kt\u00f3ry niegdy\u015b kr\u00f3lowa\u0142 na Podlasiu. Kr\u00f3tki proces fermentacji nadaje mu delikatnego charakteru.\" \/>\n<meta name=\"robots\" content=\"index, follow, max-snippet:-1, max-image-preview:large, max-video-preview:-1\" \/>\n<link rel=\"canonical\" href=\"https:\/\/augustowska-miodosytnia.pl\/en\/product\/brew-box-podpiwek\/\" \/>\n<meta property=\"og:locale\" content=\"en_GB\" \/>\n<meta property=\"og:type\" content=\"article\" \/>\n<meta property=\"og:title\" content=\"Podpiwek Brew Box - Tradycyjny nap\u00f3j z miodu, cykori i \u017cyta\" \/>\n<meta property=\"og:description\" content=\"Odkryj na nowo tradycyjny smak podpiwka, kt\u00f3ry niegdy\u015b kr\u00f3lowa\u0142 na Podlasiu. Kr\u00f3tki proces fermentacji nadaje mu delikatnego charakteru.\" \/>\n<meta property=\"og:url\" content=\"https:\/\/augustowska-miodosytnia.pl\/en\/product\/brew-box-podpiwek\/\" \/>\n<meta property=\"og:site_name\" content=\"Augustowska Miodosytnia\" \/>\n<meta property=\"article:modified_time\" content=\"2026-03-23T13:42:18+00:00\" \/>\n<meta property=\"og:image\" content=\"https:\/\/augustowska-miodosytnia.pl\/wp-content\/uploads\/2024\/12\/7.png\" \/>\n\t<meta property=\"og:image:width\" content=\"600\" \/>\n\t<meta property=\"og:image:height\" content=\"900\" \/>\n\t<meta property=\"og:image:type\" content=\"image\/png\" \/>\n<meta name=\"twitter:card\" content=\"summary_large_image\" \/>\n<meta name=\"twitter:label1\" content=\"Est. reading time\" \/>\n\t<meta name=\"twitter:data1\" content=\"1 minute\" \/>\n<script type=\"application\/ld+json\" class=\"yoast-schema-graph\">{\"@context\":\"https:\\\/\\\/schema.org\",\"@graph\":[{\"@type\":\"WebPage\",\"@id\":\"https:\\\/\\\/augustowska-miodosytnia.pl\\\/produkt\\\/brew-box-podpiwek\\\/\",\"url\":\"https:\\\/\\\/augustowska-miodosytnia.pl\\\/produkt\\\/brew-box-podpiwek\\\/\",\"name\":\"Podpiwek Brew Box - Tradycyjny nap\u00f3j z miodu, cykori i \u017cyta\",\"isPartOf\":{\"@id\":\"https:\\\/\\\/augustowska-miodosytnia.pl\\\/#website\"},\"primaryImageOfPage\":{\"@id\":\"https:\\\/\\\/augustowska-miodosytnia.pl\\\/produkt\\\/brew-box-podpiwek\\\/#primaryimage\"},\"image\":{\"@id\":\"https:\\\/\\\/augustowska-miodosytnia.pl\\\/produkt\\\/brew-box-podpiwek\\\/#primaryimage\"},\"thumbnailUrl\":\"https:\\\/\\\/augustowska-miodosytnia.pl\\\/wp-content\\\/uploads\\\/2024\\\/12\\\/7.png\",\"datePublished\":\"2025-11-25T12:00:21+00:00\",\"dateModified\":\"2026-03-23T13:42:18+00:00\",\"description\":\"Odkryj na nowo tradycyjny smak podpiwka, kt\u00f3ry niegdy\u015b kr\u00f3lowa\u0142 na Podlasiu. Kr\u00f3tki proces fermentacji nadaje mu delikatnego charakteru.\",\"breadcrumb\":{\"@id\":\"https:\\\/\\\/augustowska-miodosytnia.pl\\\/produkt\\\/brew-box-podpiwek\\\/#breadcrumb\"},\"inLanguage\":\"en-GB\",\"potentialAction\":[{\"@type\":\"ReadAction\",\"target\":[\"https:\\\/\\\/augustowska-miodosytnia.pl\\\/produkt\\\/brew-box-podpiwek\\\/\"]}]},{\"@type\":\"ImageObject\",\"inLanguage\":\"en-GB\",\"@id\":\"https:\\\/\\\/augustowska-miodosytnia.pl\\\/produkt\\\/brew-box-podpiwek\\\/#primaryimage\",\"url\":\"https:\\\/\\\/augustowska-miodosytnia.pl\\\/wp-content\\\/uploads\\\/2024\\\/12\\\/7.png\",\"contentUrl\":\"https:\\\/\\\/augustowska-miodosytnia.pl\\\/wp-content\\\/uploads\\\/2024\\\/12\\\/7.png\",\"width\":600,\"height\":900,\"caption\":\"Brew Box - Podpiwek\"},{\"@type\":\"BreadcrumbList\",\"@id\":\"https:\\\/\\\/augustowska-miodosytnia.pl\\\/produkt\\\/brew-box-podpiwek\\\/#breadcrumb\",\"itemListElement\":[{\"@type\":\"ListItem\",\"position\":1,\"name\":\"Strona g\u0142\u00f3wna\",\"item\":\"https:\\\/\\\/augustowska-miodosytnia.pl\\\/\"},{\"@type\":\"ListItem\",\"position\":2,\"name\":\"Sklep\",\"item\":\"https:\\\/\\\/augustowska-miodosytnia.pl\\\/sklep\\\/\"},{\"@type\":\"ListItem\",\"position\":3,\"name\":\"Brew Box &#8211; Podpiwek\"}]},{\"@type\":\"WebSite\",\"@id\":\"https:\\\/\\\/augustowska-miodosytnia.pl\\\/#website\",\"url\":\"https:\\\/\\\/augustowska-miodosytnia.pl\\\/\",\"name\":\"Augustowska Miodosytnia\",\"description\":\"Na dobre trunki warto jest czeka\u0107\",\"potentialAction\":[{\"@type\":\"SearchAction\",\"target\":{\"@type\":\"EntryPoint\",\"urlTemplate\":\"https:\\\/\\\/augustowska-miodosytnia.pl\\\/?s={search_term_string}\"},\"query-input\":{\"@type\":\"PropertyValueSpecification\",\"valueRequired\":true,\"valueName\":\"search_term_string\"}}],\"inLanguage\":\"en-GB\"}]}<\/script>\n<!-- \/ Yoast SEO plugin. -->","yoast_head_json":{"title":"Podpiwek Brew Box - Tradycyjny nap\u00f3j z miodu, cykori i \u017cyta","description":"Odkryj na nowo tradycyjny smak podpiwka, kt\u00f3ry niegdy\u015b kr\u00f3lowa\u0142 na Podlasiu. Kr\u00f3tki proces fermentacji nadaje mu delikatnego charakteru.","robots":{"index":"index","follow":"follow","max-snippet":"max-snippet:-1","max-image-preview":"max-image-preview:large","max-video-preview":"max-video-preview:-1"},"canonical":"https:\/\/augustowska-miodosytnia.pl\/en\/product\/brew-box-podpiwek\/","og_locale":"en_GB","og_type":"article","og_title":"Podpiwek Brew Box - Tradycyjny nap\u00f3j z miodu, cykori i \u017cyta","og_description":"Odkryj na nowo tradycyjny smak podpiwka, kt\u00f3ry niegdy\u015b kr\u00f3lowa\u0142 na Podlasiu. Kr\u00f3tki proces fermentacji nadaje mu delikatnego charakteru.","og_url":"https:\/\/augustowska-miodosytnia.pl\/en\/product\/brew-box-podpiwek\/","og_site_name":"Augustowska Miodosytnia","article_modified_time":"2026-03-23T13:42:18+00:00","og_image":[{"width":600,"height":900,"url":"https:\/\/augustowska-miodosytnia.pl\/wp-content\/uploads\/2024\/12\/7.png","type":"image\/png"}],"twitter_card":"summary_large_image","twitter_misc":{"Est. reading time":"1 minute"},"schema":{"@context":"https:\/\/schema.org","@graph":[{"@type":"WebPage","@id":"https:\/\/augustowska-miodosytnia.pl\/produkt\/brew-box-podpiwek\/","url":"https:\/\/augustowska-miodosytnia.pl\/produkt\/brew-box-podpiwek\/","name":"Podpiwek Brew Box - Tradycyjny nap\u00f3j z miodu, cykori i \u017cyta","isPartOf":{"@id":"https:\/\/augustowska-miodosytnia.pl\/#website"},"primaryImageOfPage":{"@id":"https:\/\/augustowska-miodosytnia.pl\/produkt\/brew-box-podpiwek\/#primaryimage"},"image":{"@id":"https:\/\/augustowska-miodosytnia.pl\/produkt\/brew-box-podpiwek\/#primaryimage"},"thumbnailUrl":"https:\/\/augustowska-miodosytnia.pl\/wp-content\/uploads\/2024\/12\/7.png","datePublished":"2025-11-25T12:00:21+00:00","dateModified":"2026-03-23T13:42:18+00:00","description":"Odkryj na nowo tradycyjny smak podpiwka, kt\u00f3ry niegdy\u015b kr\u00f3lowa\u0142 na Podlasiu. Kr\u00f3tki proces fermentacji nadaje mu delikatnego charakteru.","breadcrumb":{"@id":"https:\/\/augustowska-miodosytnia.pl\/produkt\/brew-box-podpiwek\/#breadcrumb"},"inLanguage":"en-GB","potentialAction":[{"@type":"ReadAction","target":["https:\/\/augustowska-miodosytnia.pl\/produkt\/brew-box-podpiwek\/"]}]},{"@type":"ImageObject","inLanguage":"en-GB","@id":"https:\/\/augustowska-miodosytnia.pl\/produkt\/brew-box-podpiwek\/#primaryimage","url":"https:\/\/augustowska-miodosytnia.pl\/wp-content\/uploads\/2024\/12\/7.png","contentUrl":"https:\/\/augustowska-miodosytnia.pl\/wp-content\/uploads\/2024\/12\/7.png","width":600,"height":900,"caption":"Brew Box - Podpiwek"},{"@type":"BreadcrumbList","@id":"https:\/\/augustowska-miodosytnia.pl\/produkt\/brew-box-podpiwek\/#breadcrumb","itemListElement":[{"@type":"ListItem","position":1,"name":"Strona g\u0142\u00f3wna","item":"https:\/\/augustowska-miodosytnia.pl\/"},{"@type":"ListItem","position":2,"name":"Sklep","item":"https:\/\/augustowska-miodosytnia.pl\/sklep\/"},{"@type":"ListItem","position":3,"name":"Brew Box &#8211; Podpiwek"}]},{"@type":"WebSite","@id":"https:\/\/augustowska-miodosytnia.pl\/#website","url":"https:\/\/augustowska-miodosytnia.pl\/","name":"Augustow Meadery","description":"Na dobre trunki warto jest czeka\u0107","potentialAction":[{"@type":"SearchAction","target":{"@type":"EntryPoint","urlTemplate":"https:\/\/augustowska-miodosytnia.pl\/?s={search_term_string}"},"query-input":{"@type":"PropertyValueSpecification","valueRequired":true,"valueName":"search_term_string"}}],"inLanguage":"en-GB"}]}},"_links":{"self":[{"href":"https:\/\/augustowska-miodosytnia.pl\/en\/wp-json\/wp\/v2\/product\/5271","targetHints":{"allow":["GET"]}}],"collection":[{"href":"https:\/\/augustowska-miodosytnia.pl\/en\/wp-json\/wp\/v2\/product"}],"about":[{"href":"https:\/\/augustowska-miodosytnia.pl\/en\/wp-json\/wp\/v2\/types\/product"}],"replies":[{"embeddable":true,"href":"https:\/\/augustowska-miodosytnia.pl\/en\/wp-json\/wp\/v2\/comments?post=5271"}],"wp:featuredmedia":[{"embeddable":true,"href":"https:\/\/augustowska-miodosytnia.pl\/en\/wp-json\/wp\/v2\/media\/5319"}],"wp:attachment":[{"href":"https:\/\/augustowska-miodosytnia.pl\/en\/wp-json\/wp\/v2\/media?parent=5271"}],"wp:term":[{"taxonomy":"product_brand","embeddable":true,"href":"https:\/\/augustowska-miodosytnia.pl\/en\/wp-json\/wp\/v2\/product_brand?post=5271"},{"taxonomy":"product_cat","embeddable":true,"href":"https:\/\/augustowska-miodosytnia.pl\/en\/wp-json\/wp\/v2\/product_cat?post=5271"},{"taxonomy":"product_tag","embeddable":true,"href":"https:\/\/augustowska-miodosytnia.pl\/en\/wp-json\/wp\/v2\/product_tag?post=5271"}],"curies":[{"name":"wp","href":"https:\/\/api.w.org\/{rel}","templated":true}]}}