{"id":5209,"date":"2024-11-26T08:23:09","date_gmt":"2024-11-26T07:23:09","guid":{"rendered":"https:\/\/augustowska-miodosytnia.pl\/?post_type=product&#038;p=5209"},"modified":"2026-02-23T13:52:59","modified_gmt":"2026-02-23T12:52:59","slug":"zestaw-miodow-pitnych-3-korony","status":"publish","type":"product","link":"https:\/\/augustowska-miodosytnia.pl\/en\/product\/zestaw-miodow-pitnych-3-korony\/","title":{"rendered":"Set of Mead - Tree Crowns"},"content":{"rendered":"","protected":false},"excerpt":{"rendered":"","protected":false},"featured_media":5283,"comment_status":"open","ping_status":"closed","template":"","meta":[],"product_brand":[],"product_cat":[61],"product_tag":[83,106,107],"class_list":{"0":"post-5209","1":"product","2":"type-product","3":"status-publish","4":"has-post-thumbnail","6":"product_cat-miod-pitny","7":"product_tag-czworniak","8":"product_tag-miod-pitny-owocowy","9":"product_tag-wiszniak","11":"first","12":"instock","13":"shipping-taxable","14":"purchasable","15":"product-type-simple"},"yoast_head":"<!-- This site is optimized with the Yoast SEO plugin v27.3 - https:\/\/yoast.com\/product\/yoast-seo-wordpress\/ -->\n<title>Pepper Cherry Mead - Augustowska Miodosytnia<\/title>\n<meta name=\"description\" content=\"Miody pitne z Augustowskiej Miodosytni to elegancki prezent \u0142\u0105cz\u0105cy tradycj\u0119 i autentyczno\u015b\u0107. Takie zestaw to ciekawy podarunek na r\u00f3\u017cne okazje.\" \/>\n<meta name=\"robots\" content=\"index, follow, max-snippet:-1, max-image-preview:large, max-video-preview:-1\" \/>\n<link rel=\"canonical\" href=\"https:\/\/augustowska-miodosytnia.pl\/en\/product\/zestaw-miodow-pitnych-3-korony\/\" \/>\n<meta property=\"og:locale\" content=\"en_GB\" \/>\n<meta property=\"og:type\" content=\"article\" \/>\n<meta property=\"og:title\" content=\"Pepper Cherry Mead - Augustowska Miodosytnia\" \/>\n<meta property=\"og:description\" content=\"Miody pitne z Augustowskiej Miodosytni to elegancki prezent \u0142\u0105cz\u0105cy tradycj\u0119 i autentyczno\u015b\u0107. Takie zestaw to ciekawy podarunek na r\u00f3\u017cne okazje.\" \/>\n<meta property=\"og:url\" content=\"https:\/\/augustowska-miodosytnia.pl\/en\/product\/zestaw-miodow-pitnych-3-korony\/\" \/>\n<meta property=\"og:site_name\" content=\"Augustowska Miodosytnia\" \/>\n<meta property=\"article:modified_time\" content=\"2026-02-23T12:52:59+00:00\" \/>\n<meta property=\"og:image\" content=\"https:\/\/augustowska-miodosytnia.pl\/wp-content\/uploads\/2024\/11\/Projekt-bez-nazwy-42.png\" \/>\n\t<meta property=\"og:image:width\" content=\"600\" \/>\n\t<meta property=\"og:image:height\" content=\"900\" \/>\n\t<meta property=\"og:image:type\" content=\"image\/png\" \/>\n<meta name=\"twitter:card\" content=\"summary_large_image\" \/>\n<meta name=\"twitter:label1\" content=\"Est. reading time\" \/>\n\t<meta name=\"twitter:data1\" content=\"1 minute\" \/>\n<script type=\"application\/ld+json\" class=\"yoast-schema-graph\">{\"@context\":\"https:\\\/\\\/schema.org\",\"@graph\":[{\"@type\":\"WebPage\",\"@id\":\"https:\\\/\\\/augustowska-miodosytnia.pl\\\/produkt\\\/zestaw-miodow-pitnych-3-korony\\\/\",\"url\":\"https:\\\/\\\/augustowska-miodosytnia.pl\\\/produkt\\\/zestaw-miodow-pitnych-3-korony\\\/\",\"name\":\"Pepper Cherry Mead - Augustowska Miodosytnia\",\"isPartOf\":{\"@id\":\"https:\\\/\\\/augustowska-miodosytnia.pl\\\/#website\"},\"primaryImageOfPage\":{\"@id\":\"https:\\\/\\\/augustowska-miodosytnia.pl\\\/produkt\\\/zestaw-miodow-pitnych-3-korony\\\/#primaryimage\"},\"image\":{\"@id\":\"https:\\\/\\\/augustowska-miodosytnia.pl\\\/produkt\\\/zestaw-miodow-pitnych-3-korony\\\/#primaryimage\"},\"thumbnailUrl\":\"https:\\\/\\\/augustowska-miodosytnia.pl\\\/wp-content\\\/uploads\\\/2024\\\/11\\\/Projekt-bez-nazwy-42.png\",\"datePublished\":\"2024-11-26T07:23:09+00:00\",\"dateModified\":\"2026-02-23T12:52:59+00:00\",\"description\":\"Miody pitne z Augustowskiej Miodosytni to elegancki prezent \u0142\u0105cz\u0105cy tradycj\u0119 i autentyczno\u015b\u0107. Takie zestaw to ciekawy podarunek na r\u00f3\u017cne okazje.\",\"breadcrumb\":{\"@id\":\"https:\\\/\\\/augustowska-miodosytnia.pl\\\/produkt\\\/zestaw-miodow-pitnych-3-korony\\\/#breadcrumb\"},\"inLanguage\":\"en-GB\",\"potentialAction\":[{\"@type\":\"ReadAction\",\"target\":[\"https:\\\/\\\/augustowska-miodosytnia.pl\\\/produkt\\\/zestaw-miodow-pitnych-3-korony\\\/\"]}]},{\"@type\":\"ImageObject\",\"inLanguage\":\"en-GB\",\"@id\":\"https:\\\/\\\/augustowska-miodosytnia.pl\\\/produkt\\\/zestaw-miodow-pitnych-3-korony\\\/#primaryimage\",\"url\":\"https:\\\/\\\/augustowska-miodosytnia.pl\\\/wp-content\\\/uploads\\\/2024\\\/11\\\/Projekt-bez-nazwy-42.png\",\"contentUrl\":\"https:\\\/\\\/augustowska-miodosytnia.pl\\\/wp-content\\\/uploads\\\/2024\\\/11\\\/Projekt-bez-nazwy-42.png\",\"width\":600,\"height\":900,\"caption\":\"Zestaw miod\u00f3w pitnych 3 Korony\"},{\"@type\":\"BreadcrumbList\",\"@id\":\"https:\\\/\\\/augustowska-miodosytnia.pl\\\/produkt\\\/zestaw-miodow-pitnych-3-korony\\\/#breadcrumb\",\"itemListElement\":[{\"@type\":\"ListItem\",\"position\":1,\"name\":\"Strona g\u0142\u00f3wna\",\"item\":\"https:\\\/\\\/augustowska-miodosytnia.pl\\\/\"},{\"@type\":\"ListItem\",\"position\":2,\"name\":\"Sklep\",\"item\":\"https:\\\/\\\/augustowska-miodosytnia.pl\\\/sklep\\\/\"},{\"@type\":\"ListItem\",\"position\":3,\"name\":\"Zestaw miod\u00f3w pitnych 3 Korony\"}]},{\"@type\":\"WebSite\",\"@id\":\"https:\\\/\\\/augustowska-miodosytnia.pl\\\/#website\",\"url\":\"https:\\\/\\\/augustowska-miodosytnia.pl\\\/\",\"name\":\"Augustowska Miodosytnia\",\"description\":\"Na dobre trunki warto jest czeka\u0107\",\"potentialAction\":[{\"@type\":\"SearchAction\",\"target\":{\"@type\":\"EntryPoint\",\"urlTemplate\":\"https:\\\/\\\/augustowska-miodosytnia.pl\\\/?s={search_term_string}\"},\"query-input\":{\"@type\":\"PropertyValueSpecification\",\"valueRequired\":true,\"valueName\":\"search_term_string\"}}],\"inLanguage\":\"en-GB\"}]}<\/script>\n<!-- \/ Yoast SEO plugin. -->","yoast_head_json":{"title":"Pepper Cherry Mead - Augustowska Miodosytnia","description":"Miody pitne z Augustowskiej Miodosytni to elegancki prezent \u0142\u0105cz\u0105cy tradycj\u0119 i autentyczno\u015b\u0107. Takie zestaw to ciekawy podarunek na r\u00f3\u017cne okazje.","robots":{"index":"index","follow":"follow","max-snippet":"max-snippet:-1","max-image-preview":"max-image-preview:large","max-video-preview":"max-video-preview:-1"},"canonical":"https:\/\/augustowska-miodosytnia.pl\/en\/product\/zestaw-miodow-pitnych-3-korony\/","og_locale":"en_GB","og_type":"article","og_title":"Pepper Cherry Mead - Augustowska Miodosytnia","og_description":"Miody pitne z Augustowskiej Miodosytni to elegancki prezent \u0142\u0105cz\u0105cy tradycj\u0119 i autentyczno\u015b\u0107. Takie zestaw to ciekawy podarunek na r\u00f3\u017cne okazje.","og_url":"https:\/\/augustowska-miodosytnia.pl\/en\/product\/zestaw-miodow-pitnych-3-korony\/","og_site_name":"Augustowska Miodosytnia","article_modified_time":"2026-02-23T12:52:59+00:00","og_image":[{"width":600,"height":900,"url":"https:\/\/augustowska-miodosytnia.pl\/wp-content\/uploads\/2024\/11\/Projekt-bez-nazwy-42.png","type":"image\/png"}],"twitter_card":"summary_large_image","twitter_misc":{"Est. reading time":"1 minute"},"schema":{"@context":"https:\/\/schema.org","@graph":[{"@type":"WebPage","@id":"https:\/\/augustowska-miodosytnia.pl\/produkt\/zestaw-miodow-pitnych-3-korony\/","url":"https:\/\/augustowska-miodosytnia.pl\/produkt\/zestaw-miodow-pitnych-3-korony\/","name":"Pepper Cherry Mead - Augustowska Miodosytnia","isPartOf":{"@id":"https:\/\/augustowska-miodosytnia.pl\/#website"},"primaryImageOfPage":{"@id":"https:\/\/augustowska-miodosytnia.pl\/produkt\/zestaw-miodow-pitnych-3-korony\/#primaryimage"},"image":{"@id":"https:\/\/augustowska-miodosytnia.pl\/produkt\/zestaw-miodow-pitnych-3-korony\/#primaryimage"},"thumbnailUrl":"https:\/\/augustowska-miodosytnia.pl\/wp-content\/uploads\/2024\/11\/Projekt-bez-nazwy-42.png","datePublished":"2024-11-26T07:23:09+00:00","dateModified":"2026-02-23T12:52:59+00:00","description":"Miody pitne z Augustowskiej Miodosytni to elegancki prezent \u0142\u0105cz\u0105cy tradycj\u0119 i autentyczno\u015b\u0107. Takie zestaw to ciekawy podarunek na r\u00f3\u017cne okazje.","breadcrumb":{"@id":"https:\/\/augustowska-miodosytnia.pl\/produkt\/zestaw-miodow-pitnych-3-korony\/#breadcrumb"},"inLanguage":"en-GB","potentialAction":[{"@type":"ReadAction","target":["https:\/\/augustowska-miodosytnia.pl\/produkt\/zestaw-miodow-pitnych-3-korony\/"]}]},{"@type":"ImageObject","inLanguage":"en-GB","@id":"https:\/\/augustowska-miodosytnia.pl\/produkt\/zestaw-miodow-pitnych-3-korony\/#primaryimage","url":"https:\/\/augustowska-miodosytnia.pl\/wp-content\/uploads\/2024\/11\/Projekt-bez-nazwy-42.png","contentUrl":"https:\/\/augustowska-miodosytnia.pl\/wp-content\/uploads\/2024\/11\/Projekt-bez-nazwy-42.png","width":600,"height":900,"caption":"Zestaw miod\u00f3w pitnych 3 Korony"},{"@type":"BreadcrumbList","@id":"https:\/\/augustowska-miodosytnia.pl\/produkt\/zestaw-miodow-pitnych-3-korony\/#breadcrumb","itemListElement":[{"@type":"ListItem","position":1,"name":"Strona g\u0142\u00f3wna","item":"https:\/\/augustowska-miodosytnia.pl\/"},{"@type":"ListItem","position":2,"name":"Sklep","item":"https:\/\/augustowska-miodosytnia.pl\/sklep\/"},{"@type":"ListItem","position":3,"name":"Zestaw miod\u00f3w pitnych 3 Korony"}]},{"@type":"WebSite","@id":"https:\/\/augustowska-miodosytnia.pl\/#website","url":"https:\/\/augustowska-miodosytnia.pl\/","name":"Augustow Meadery","description":"Na dobre trunki warto jest czeka\u0107","potentialAction":[{"@type":"SearchAction","target":{"@type":"EntryPoint","urlTemplate":"https:\/\/augustowska-miodosytnia.pl\/?s={search_term_string}"},"query-input":{"@type":"PropertyValueSpecification","valueRequired":true,"valueName":"search_term_string"}}],"inLanguage":"en-GB"}]}},"_links":{"self":[{"href":"https:\/\/augustowska-miodosytnia.pl\/en\/wp-json\/wp\/v2\/product\/5209","targetHints":{"allow":["GET"]}}],"collection":[{"href":"https:\/\/augustowska-miodosytnia.pl\/en\/wp-json\/wp\/v2\/product"}],"about":[{"href":"https:\/\/augustowska-miodosytnia.pl\/en\/wp-json\/wp\/v2\/types\/product"}],"replies":[{"embeddable":true,"href":"https:\/\/augustowska-miodosytnia.pl\/en\/wp-json\/wp\/v2\/comments?post=5209"}],"wp:featuredmedia":[{"embeddable":true,"href":"https:\/\/augustowska-miodosytnia.pl\/en\/wp-json\/wp\/v2\/media\/5283"}],"wp:attachment":[{"href":"https:\/\/augustowska-miodosytnia.pl\/en\/wp-json\/wp\/v2\/media?parent=5209"}],"wp:term":[{"taxonomy":"product_brand","embeddable":true,"href":"https:\/\/augustowska-miodosytnia.pl\/en\/wp-json\/wp\/v2\/product_brand?post=5209"},{"taxonomy":"product_cat","embeddable":true,"href":"https:\/\/augustowska-miodosytnia.pl\/en\/wp-json\/wp\/v2\/product_cat?post=5209"},{"taxonomy":"product_tag","embeddable":true,"href":"https:\/\/augustowska-miodosytnia.pl\/en\/wp-json\/wp\/v2\/product_tag?post=5209"}],"curies":[{"name":"wp","href":"https:\/\/api.w.org\/{rel}","templated":true}]}}