{"id":4744,"date":"2023-12-14T09:17:50","date_gmt":"2023-12-14T08:17:50","guid":{"rendered":"https:\/\/augustowska-miodosytnia.pl\/?post_type=product&#038;p=4744"},"modified":"2026-03-04T22:45:26","modified_gmt":"2026-03-04T21:45:26","slug":"oxymel-ocet-miodowy","status":"publish","type":"product","link":"https:\/\/augustowska-miodosytnia.pl\/en\/product\/oxymel-ocet-miodowy\/","title":{"rendered":"Oxymel &#8211; ocet miodowy"},"content":{"rendered":"<ul>\n<li>wykonany z miodu pitnego<\/li>\n<li><span class=\"OYPEnA text-decoration-none text-strikethrough-none\">Zawarto\u015b\u0107 kwasu octowego 6%<\/span><\/li>\n<li>butelka 250 ml<\/li>\n<\/ul>\n<p class=\"cvGsUA direction-ltr align-center para-style-body\"><span class=\"OYPEnA text-decoration-none text-strikethrough-none\">Nasz ocet jest wytworzonym w tradycyjny spos\u00f3b<\/span> <span class=\"OYPEnA text-decoration-none text-strikethrough-none\">poprzez zaszczepienie matki octowej <em>Mycoderma aceti<\/em>, do jednego z naszych miod\u00f3w pitnych i stworzenia optymalnych warunk\u00f3w dla jej rozwoju, podczas kt\u00f3rych nast\u0119puje roz\u0142o\u017cenie alkoholu na kwas octowy. Proces fermentacji octowej trwa\u0142 ponad 2 lata &#8211; w tym czasie bakterie octowe przetwarzaj\u0105 alkohol w kwas octowy.\u00a0 \u00a0<\/span><\/p>\n<p class=\"cvGsUA direction-ltr align-center para-style-body\"><strong>Zastosowanie:<\/strong><\/p>\n<ul>\n<li>Do sporz\u0105dzania sos\u00f3w winegret,<\/li>\n<li>majonezu<\/li>\n<li>do marynowania<\/li>\n<li>jako dodatek do zup, sos\u00f3w lub deser\u00f3w, kt\u00f3ry nada g\u0142\u0119bi ich smaku<\/li>\n<\/ul>\n<p>&nbsp;<\/p>\n<p>&nbsp;<\/p>\n<p>&nbsp;<\/p>\n<p>&nbsp;<\/p>\n<p>&nbsp;<\/p>\n<p>&nbsp;<\/p>\n<p>&nbsp;<\/p>\n<p>&nbsp;<\/p>","protected":false},"excerpt":{"rendered":"<ul>\n<li>wykonany z miodu pitnego<\/li>\n<li><span class=\"OYPEnA text-decoration-none text-strikethrough-none\">Zawarto\u015b\u0107 kwasu octowego 6%<\/span><\/li>\n<li>butelka 250 ml<\/li>\n<\/ul>","protected":false},"featured_media":4748,"comment_status":"open","ping_status":"closed","template":"","meta":[],"product_brand":[],"product_cat":[198],"product_tag":[182,183,184,185],"class_list":{"0":"post-4744","1":"product","2":"type-product","3":"status-publish","4":"has-post-thumbnail","6":"product_cat-miod-pszczeli","7":"product_tag-ocet","8":"product_tag-ocet-miodowy","9":"product_tag-oxymel","10":"product_tag-produkt-specjalny","12":"first","13":"instock","14":"shipping-taxable","15":"purchasable","16":"product-type-simple"},"yoast_head":"<!-- This site is optimized with the Yoast SEO plugin v27.3 - https:\/\/yoast.com\/product\/yoast-seo-wordpress\/ -->\n<title>Natural bee honey \u2013 Early - Augustowska Miodosytnia<\/title>\n<meta name=\"description\" content=\"Mi\u00f3d pszczeli, wczesny, nektarowy, wielokwiatowy, surowiec u\u017cywany w Augustowskiej Miodosytni do produkcji miod\u00f3w pitnych, najlepszy mi\u00f3d\" \/>\n<meta name=\"robots\" content=\"index, follow, max-snippet:-1, max-image-preview:large, max-video-preview:-1\" \/>\n<link rel=\"canonical\" href=\"https:\/\/augustowska-miodosytnia.pl\/en\/product\/oxymel-ocet-miodowy\/\" \/>\n<meta property=\"og:locale\" content=\"en_GB\" \/>\n<meta property=\"og:type\" content=\"article\" \/>\n<meta property=\"og:title\" content=\"Natural bee honey \u2013 Early - Augustowska Miodosytnia\" \/>\n<meta property=\"og:description\" content=\"Mi\u00f3d pszczeli, wczesny, nektarowy, wielokwiatowy, surowiec u\u017cywany w Augustowskiej Miodosytni do produkcji miod\u00f3w pitnych, najlepszy mi\u00f3d\" \/>\n<meta property=\"og:url\" content=\"https:\/\/augustowska-miodosytnia.pl\/en\/product\/oxymel-ocet-miodowy\/\" \/>\n<meta property=\"og:site_name\" content=\"Augustowska Miodosytnia\" \/>\n<meta property=\"article:modified_time\" content=\"2026-03-04T21:45:26+00:00\" \/>\n<meta property=\"og:image\" content=\"https:\/\/augustowska-miodosytnia.pl\/wp-content\/uploads\/2023\/12\/oxymel-600-x-900-px.jpg\" \/>\n\t<meta property=\"og:image:width\" content=\"600\" \/>\n\t<meta property=\"og:image:height\" content=\"900\" \/>\n\t<meta property=\"og:image:type\" content=\"image\/jpeg\" \/>\n<meta name=\"twitter:card\" content=\"summary_large_image\" \/>\n<meta name=\"twitter:label1\" content=\"Est. reading time\" \/>\n\t<meta name=\"twitter:data1\" content=\"1 minute\" \/>\n<script type=\"application\/ld+json\" class=\"yoast-schema-graph\">{\"@context\":\"https:\\\/\\\/schema.org\",\"@graph\":[{\"@type\":\"WebPage\",\"@id\":\"https:\\\/\\\/augustowska-miodosytnia.pl\\\/produkt\\\/oxymel-ocet-miodowy\\\/\",\"url\":\"https:\\\/\\\/augustowska-miodosytnia.pl\\\/produkt\\\/oxymel-ocet-miodowy\\\/\",\"name\":\"Natural bee honey \u2013 Early - Augustowska Miodosytnia\",\"isPartOf\":{\"@id\":\"https:\\\/\\\/augustowska-miodosytnia.pl\\\/#website\"},\"primaryImageOfPage\":{\"@id\":\"https:\\\/\\\/augustowska-miodosytnia.pl\\\/produkt\\\/oxymel-ocet-miodowy\\\/#primaryimage\"},\"image\":{\"@id\":\"https:\\\/\\\/augustowska-miodosytnia.pl\\\/produkt\\\/oxymel-ocet-miodowy\\\/#primaryimage\"},\"thumbnailUrl\":\"https:\\\/\\\/augustowska-miodosytnia.pl\\\/wp-content\\\/uploads\\\/2023\\\/12\\\/oxymel-600-x-900-px.jpg\",\"datePublished\":\"2023-12-14T08:17:50+00:00\",\"dateModified\":\"2026-03-04T21:45:26+00:00\",\"description\":\"Mi\u00f3d pszczeli, wczesny, nektarowy, wielokwiatowy, surowiec u\u017cywany w Augustowskiej Miodosytni do produkcji miod\u00f3w pitnych, najlepszy mi\u00f3d\",\"breadcrumb\":{\"@id\":\"https:\\\/\\\/augustowska-miodosytnia.pl\\\/produkt\\\/oxymel-ocet-miodowy\\\/#breadcrumb\"},\"inLanguage\":\"en-GB\",\"potentialAction\":[{\"@type\":\"ReadAction\",\"target\":[\"https:\\\/\\\/augustowska-miodosytnia.pl\\\/produkt\\\/oxymel-ocet-miodowy\\\/\"]}]},{\"@type\":\"ImageObject\",\"inLanguage\":\"en-GB\",\"@id\":\"https:\\\/\\\/augustowska-miodosytnia.pl\\\/produkt\\\/oxymel-ocet-miodowy\\\/#primaryimage\",\"url\":\"https:\\\/\\\/augustowska-miodosytnia.pl\\\/wp-content\\\/uploads\\\/2023\\\/12\\\/oxymel-600-x-900-px.jpg\",\"contentUrl\":\"https:\\\/\\\/augustowska-miodosytnia.pl\\\/wp-content\\\/uploads\\\/2023\\\/12\\\/oxymel-600-x-900-px.jpg\",\"width\":600,\"height\":900},{\"@type\":\"BreadcrumbList\",\"@id\":\"https:\\\/\\\/augustowska-miodosytnia.pl\\\/produkt\\\/oxymel-ocet-miodowy\\\/#breadcrumb\",\"itemListElement\":[{\"@type\":\"ListItem\",\"position\":1,\"name\":\"Strona g\u0142\u00f3wna\",\"item\":\"https:\\\/\\\/augustowska-miodosytnia.pl\\\/\"},{\"@type\":\"ListItem\",\"position\":2,\"name\":\"Sklep\",\"item\":\"https:\\\/\\\/augustowska-miodosytnia.pl\\\/sklep\\\/\"},{\"@type\":\"ListItem\",\"position\":3,\"name\":\"Oxymel &#8211; ocet miodowy\"}]},{\"@type\":\"WebSite\",\"@id\":\"https:\\\/\\\/augustowska-miodosytnia.pl\\\/#website\",\"url\":\"https:\\\/\\\/augustowska-miodosytnia.pl\\\/\",\"name\":\"Augustowska Miodosytnia\",\"description\":\"Na dobre trunki warto jest czeka\u0107\",\"potentialAction\":[{\"@type\":\"SearchAction\",\"target\":{\"@type\":\"EntryPoint\",\"urlTemplate\":\"https:\\\/\\\/augustowska-miodosytnia.pl\\\/?s={search_term_string}\"},\"query-input\":{\"@type\":\"PropertyValueSpecification\",\"valueRequired\":true,\"valueName\":\"search_term_string\"}}],\"inLanguage\":\"en-GB\"}]}<\/script>\n<!-- \/ Yoast SEO plugin. -->","yoast_head_json":{"title":"Natural bee honey \u2013 Early - Augustowska Miodosytnia","description":"Mi\u00f3d pszczeli, wczesny, nektarowy, wielokwiatowy, surowiec u\u017cywany w Augustowskiej Miodosytni do produkcji miod\u00f3w pitnych, najlepszy mi\u00f3d","robots":{"index":"index","follow":"follow","max-snippet":"max-snippet:-1","max-image-preview":"max-image-preview:large","max-video-preview":"max-video-preview:-1"},"canonical":"https:\/\/augustowska-miodosytnia.pl\/en\/product\/oxymel-ocet-miodowy\/","og_locale":"en_GB","og_type":"article","og_title":"Natural bee honey \u2013 Early - Augustowska Miodosytnia","og_description":"Mi\u00f3d pszczeli, wczesny, nektarowy, wielokwiatowy, surowiec u\u017cywany w Augustowskiej Miodosytni do produkcji miod\u00f3w pitnych, najlepszy mi\u00f3d","og_url":"https:\/\/augustowska-miodosytnia.pl\/en\/product\/oxymel-ocet-miodowy\/","og_site_name":"Augustowska Miodosytnia","article_modified_time":"2026-03-04T21:45:26+00:00","og_image":[{"width":600,"height":900,"url":"https:\/\/augustowska-miodosytnia.pl\/wp-content\/uploads\/2023\/12\/oxymel-600-x-900-px.jpg","type":"image\/jpeg"}],"twitter_card":"summary_large_image","twitter_misc":{"Est. reading time":"1 minute"},"schema":{"@context":"https:\/\/schema.org","@graph":[{"@type":"WebPage","@id":"https:\/\/augustowska-miodosytnia.pl\/produkt\/oxymel-ocet-miodowy\/","url":"https:\/\/augustowska-miodosytnia.pl\/produkt\/oxymel-ocet-miodowy\/","name":"Natural bee honey \u2013 Early - Augustowska Miodosytnia","isPartOf":{"@id":"https:\/\/augustowska-miodosytnia.pl\/#website"},"primaryImageOfPage":{"@id":"https:\/\/augustowska-miodosytnia.pl\/produkt\/oxymel-ocet-miodowy\/#primaryimage"},"image":{"@id":"https:\/\/augustowska-miodosytnia.pl\/produkt\/oxymel-ocet-miodowy\/#primaryimage"},"thumbnailUrl":"https:\/\/augustowska-miodosytnia.pl\/wp-content\/uploads\/2023\/12\/oxymel-600-x-900-px.jpg","datePublished":"2023-12-14T08:17:50+00:00","dateModified":"2026-03-04T21:45:26+00:00","description":"Mi\u00f3d pszczeli, wczesny, nektarowy, wielokwiatowy, surowiec u\u017cywany w Augustowskiej Miodosytni do produkcji miod\u00f3w pitnych, najlepszy mi\u00f3d","breadcrumb":{"@id":"https:\/\/augustowska-miodosytnia.pl\/produkt\/oxymel-ocet-miodowy\/#breadcrumb"},"inLanguage":"en-GB","potentialAction":[{"@type":"ReadAction","target":["https:\/\/augustowska-miodosytnia.pl\/produkt\/oxymel-ocet-miodowy\/"]}]},{"@type":"ImageObject","inLanguage":"en-GB","@id":"https:\/\/augustowska-miodosytnia.pl\/produkt\/oxymel-ocet-miodowy\/#primaryimage","url":"https:\/\/augustowska-miodosytnia.pl\/wp-content\/uploads\/2023\/12\/oxymel-600-x-900-px.jpg","contentUrl":"https:\/\/augustowska-miodosytnia.pl\/wp-content\/uploads\/2023\/12\/oxymel-600-x-900-px.jpg","width":600,"height":900},{"@type":"BreadcrumbList","@id":"https:\/\/augustowska-miodosytnia.pl\/produkt\/oxymel-ocet-miodowy\/#breadcrumb","itemListElement":[{"@type":"ListItem","position":1,"name":"Strona g\u0142\u00f3wna","item":"https:\/\/augustowska-miodosytnia.pl\/"},{"@type":"ListItem","position":2,"name":"Sklep","item":"https:\/\/augustowska-miodosytnia.pl\/sklep\/"},{"@type":"ListItem","position":3,"name":"Oxymel &#8211; ocet miodowy"}]},{"@type":"WebSite","@id":"https:\/\/augustowska-miodosytnia.pl\/#website","url":"https:\/\/augustowska-miodosytnia.pl\/","name":"Augustow Meadery","description":"Na dobre trunki warto jest czeka\u0107","potentialAction":[{"@type":"SearchAction","target":{"@type":"EntryPoint","urlTemplate":"https:\/\/augustowska-miodosytnia.pl\/?s={search_term_string}"},"query-input":{"@type":"PropertyValueSpecification","valueRequired":true,"valueName":"search_term_string"}}],"inLanguage":"en-GB"}]}},"_links":{"self":[{"href":"https:\/\/augustowska-miodosytnia.pl\/en\/wp-json\/wp\/v2\/product\/4744","targetHints":{"allow":["GET"]}}],"collection":[{"href":"https:\/\/augustowska-miodosytnia.pl\/en\/wp-json\/wp\/v2\/product"}],"about":[{"href":"https:\/\/augustowska-miodosytnia.pl\/en\/wp-json\/wp\/v2\/types\/product"}],"replies":[{"embeddable":true,"href":"https:\/\/augustowska-miodosytnia.pl\/en\/wp-json\/wp\/v2\/comments?post=4744"}],"wp:featuredmedia":[{"embeddable":true,"href":"https:\/\/augustowska-miodosytnia.pl\/en\/wp-json\/wp\/v2\/media\/4748"}],"wp:attachment":[{"href":"https:\/\/augustowska-miodosytnia.pl\/en\/wp-json\/wp\/v2\/media?parent=4744"}],"wp:term":[{"taxonomy":"product_brand","embeddable":true,"href":"https:\/\/augustowska-miodosytnia.pl\/en\/wp-json\/wp\/v2\/product_brand?post=4744"},{"taxonomy":"product_cat","embeddable":true,"href":"https:\/\/augustowska-miodosytnia.pl\/en\/wp-json\/wp\/v2\/product_cat?post=4744"},{"taxonomy":"product_tag","embeddable":true,"href":"https:\/\/augustowska-miodosytnia.pl\/en\/wp-json\/wp\/v2\/product_tag?post=4744"}],"curies":[{"name":"wp","href":"https:\/\/api.w.org\/{rel}","templated":true}]}}