{"id":4681,"date":"2025-11-27T11:06:09","date_gmt":"2025-11-27T10:06:09","guid":{"rendered":"https:\/\/augustowska-miodosytnia.pl\/?post_type=product&#038;p=4681"},"modified":"2026-03-23T14:42:11","modified_gmt":"2026-03-23T13:42:11","slug":"zestaw-miodosytnika","status":"publish","type":"product","link":"https:\/\/augustowska-miodosytnia.pl\/en\/product\/zestaw-miodosytnika\/","title":{"rendered":"Brew Box &#8211; Tr\u00f3jniak"},"content":{"rendered":"<p>Ten zestaw pozwoli Ci rozpocz\u0105\u0107 przygod\u0119 z miodosytnictwem odtwarzaj\u0105c w domowych warunkach wielokrotnie nagradzan\u0105 receptur\u0119 Tr\u00f3jniaka Augustowskiego.<\/p>\n<p>Mi\u00f3d pitny to najstarszy znany ludzko\u015bci alkohol, g\u0142\u0119boko zakorzeniony w polskiej tradycji i historii. Prosty w przygotowaniu, ale wymagaj\u0105cy cierpliwo\u015bci i dba\u0142o\u015bci o szczeg\u00f3\u0142y. Ten zestaw pozwoli Ci rozpocz\u0105\u0107 przygod\u0119 z miodosytnictwem odtwarzaj\u0105c w domowych warunkach wielokrotnie nagradzan\u0105 receptur\u0119 Tr\u00f3jniaka Augustowskiego. Teraz to Ty nadajesz mu smak.<\/p>\n<p>&nbsp;<\/p>\n<p>Co znajdziesz w \u015brodku boxa?<\/p>\n<p>Elementy:<\/p>\n<p>Surowce:<\/p>\n<ul>\n<li>mi\u00f3d pszczeli 2,2 kg<\/li>\n<li>po\u017cywka<\/li>\n<li>dro\u017cd\u017ce<\/li>\n<\/ul>\n<p>Przy zakupie zestawu otrzymujesz tak\u017ce link do kursu wideo jak wykona\u0107 mi\u00f3d pitny tr\u00f3jniak<\/p>\n<p>&nbsp;<\/p>\n<h6 class=\"elementor-heading-title elementor-size-default\"><\/h6>\n<p>&nbsp;<\/p>","protected":false},"excerpt":{"rendered":"<p>ZESTAW MIODOSYTNIKA<\/p>\n<div>\n<p>Dzi\u0119ki niemu w warunkach domowych rozpoczniesz przygod\u0119 z miodami pitnymi i wykonasz 4,5 litra nastawu tradycyjnego tr\u00f3jniaka.<\/p>\n<\/div>","protected":false},"featured_media":5318,"comment_status":"open","ping_status":"closed","template":"","meta":[],"product_brand":[],"product_cat":[181],"product_tag":[179,116,115,180,178],"class_list":{"0":"post-4681","1":"product","2":"type-product","3":"status-publish","4":"has-post-thumbnail","6":"product_cat-produkty-specjalne","7":"product_tag-domowa-produkcja","8":"product_tag-traditional-mead","9":"product_tag-trojniak-klasyczny","10":"product_tag-zestaw-miodosytnika","11":"product_tag-zrob-to-sam","13":"first","14":"instock","15":"shipping-taxable","16":"purchasable","17":"product-type-simple"},"yoast_head":"<!-- This site is optimized with the Yoast SEO plugin v27.3 - https:\/\/yoast.com\/product\/yoast-seo-wordpress\/ -->\n<title>Brew Box - tr\u00f3jniak - Tradycyjny mi\u00f3d pitny do wykonania w domu<\/title>\n<meta name=\"description\" content=\"Ten zestaw pozwoli Ci rozpocz\u0105\u0107 przygod\u0119 z miodosytnictwem odtwarzaj\u0105c w domowych warunkach wielokrotnie nagradzan\u0105 receptur\u0119 Tr\u00f3jniaka Augustowski.\" \/>\n<meta name=\"robots\" content=\"index, follow, max-snippet:-1, max-image-preview:large, max-video-preview:-1\" \/>\n<link rel=\"canonical\" href=\"https:\/\/augustowska-miodosytnia.pl\/en\/product\/zestaw-miodosytnika\/\" \/>\n<meta property=\"og:locale\" content=\"en_GB\" \/>\n<meta property=\"og:type\" content=\"article\" \/>\n<meta property=\"og:title\" content=\"Brew Box - tr\u00f3jniak - Tradycyjny mi\u00f3d pitny do wykonania w domu\" \/>\n<meta property=\"og:description\" content=\"Ten zestaw pozwoli Ci rozpocz\u0105\u0107 przygod\u0119 z miodosytnictwem odtwarzaj\u0105c w domowych warunkach wielokrotnie nagradzan\u0105 receptur\u0119 Tr\u00f3jniaka Augustowski.\" \/>\n<meta property=\"og:url\" content=\"https:\/\/augustowska-miodosytnia.pl\/en\/product\/zestaw-miodosytnika\/\" \/>\n<meta property=\"og:site_name\" content=\"Augustowska Miodosytnia\" \/>\n<meta property=\"article:modified_time\" content=\"2026-03-23T13:42:11+00:00\" \/>\n<meta property=\"og:image\" content=\"https:\/\/augustowska-miodosytnia.pl\/wp-content\/uploads\/2024\/12\/6.png\" \/>\n\t<meta property=\"og:image:width\" content=\"600\" \/>\n\t<meta property=\"og:image:height\" content=\"900\" \/>\n\t<meta property=\"og:image:type\" content=\"image\/png\" \/>\n<meta name=\"twitter:card\" content=\"summary_large_image\" \/>\n<meta name=\"twitter:label1\" content=\"Est. reading time\" \/>\n\t<meta name=\"twitter:data1\" content=\"1 minute\" \/>\n<script type=\"application\/ld+json\" class=\"yoast-schema-graph\">{\"@context\":\"https:\\\/\\\/schema.org\",\"@graph\":[{\"@type\":\"WebPage\",\"@id\":\"https:\\\/\\\/augustowska-miodosytnia.pl\\\/produkt\\\/zestaw-miodosytnika\\\/\",\"url\":\"https:\\\/\\\/augustowska-miodosytnia.pl\\\/produkt\\\/zestaw-miodosytnika\\\/\",\"name\":\"Brew Box - tr\u00f3jniak - Tradycyjny mi\u00f3d pitny do wykonania w domu\",\"isPartOf\":{\"@id\":\"https:\\\/\\\/augustowska-miodosytnia.pl\\\/#website\"},\"primaryImageOfPage\":{\"@id\":\"https:\\\/\\\/augustowska-miodosytnia.pl\\\/produkt\\\/zestaw-miodosytnika\\\/#primaryimage\"},\"image\":{\"@id\":\"https:\\\/\\\/augustowska-miodosytnia.pl\\\/produkt\\\/zestaw-miodosytnika\\\/#primaryimage\"},\"thumbnailUrl\":\"https:\\\/\\\/augustowska-miodosytnia.pl\\\/wp-content\\\/uploads\\\/2024\\\/12\\\/6.png\",\"datePublished\":\"2025-11-27T10:06:09+00:00\",\"dateModified\":\"2026-03-23T13:42:11+00:00\",\"description\":\"Ten zestaw pozwoli Ci rozpocz\u0105\u0107 przygod\u0119 z miodosytnictwem odtwarzaj\u0105c w domowych warunkach wielokrotnie nagradzan\u0105 receptur\u0119 Tr\u00f3jniaka Augustowski.\",\"breadcrumb\":{\"@id\":\"https:\\\/\\\/augustowska-miodosytnia.pl\\\/produkt\\\/zestaw-miodosytnika\\\/#breadcrumb\"},\"inLanguage\":\"en-GB\",\"potentialAction\":[{\"@type\":\"ReadAction\",\"target\":[\"https:\\\/\\\/augustowska-miodosytnia.pl\\\/produkt\\\/zestaw-miodosytnika\\\/\"]}]},{\"@type\":\"ImageObject\",\"inLanguage\":\"en-GB\",\"@id\":\"https:\\\/\\\/augustowska-miodosytnia.pl\\\/produkt\\\/zestaw-miodosytnika\\\/#primaryimage\",\"url\":\"https:\\\/\\\/augustowska-miodosytnia.pl\\\/wp-content\\\/uploads\\\/2024\\\/12\\\/6.png\",\"contentUrl\":\"https:\\\/\\\/augustowska-miodosytnia.pl\\\/wp-content\\\/uploads\\\/2024\\\/12\\\/6.png\",\"width\":600,\"height\":900,\"caption\":\"Brew Box - Podpiwek\"},{\"@type\":\"BreadcrumbList\",\"@id\":\"https:\\\/\\\/augustowska-miodosytnia.pl\\\/produkt\\\/zestaw-miodosytnika\\\/#breadcrumb\",\"itemListElement\":[{\"@type\":\"ListItem\",\"position\":1,\"name\":\"Strona g\u0142\u00f3wna\",\"item\":\"https:\\\/\\\/augustowska-miodosytnia.pl\\\/\"},{\"@type\":\"ListItem\",\"position\":2,\"name\":\"Sklep\",\"item\":\"https:\\\/\\\/augustowska-miodosytnia.pl\\\/sklep\\\/\"},{\"@type\":\"ListItem\",\"position\":3,\"name\":\"Brew Box &#8211; Tr\u00f3jniak\"}]},{\"@type\":\"WebSite\",\"@id\":\"https:\\\/\\\/augustowska-miodosytnia.pl\\\/#website\",\"url\":\"https:\\\/\\\/augustowska-miodosytnia.pl\\\/\",\"name\":\"Augustowska Miodosytnia\",\"description\":\"Na dobre trunki warto jest czeka\u0107\",\"potentialAction\":[{\"@type\":\"SearchAction\",\"target\":{\"@type\":\"EntryPoint\",\"urlTemplate\":\"https:\\\/\\\/augustowska-miodosytnia.pl\\\/?s={search_term_string}\"},\"query-input\":{\"@type\":\"PropertyValueSpecification\",\"valueRequired\":true,\"valueName\":\"search_term_string\"}}],\"inLanguage\":\"en-GB\"}]}<\/script>\n<!-- \/ Yoast SEO plugin. -->","yoast_head_json":{"title":"Brew Box - tr\u00f3jniak - Tradycyjny mi\u00f3d pitny do wykonania w domu","description":"Ten zestaw pozwoli Ci rozpocz\u0105\u0107 przygod\u0119 z miodosytnictwem odtwarzaj\u0105c w domowych warunkach wielokrotnie nagradzan\u0105 receptur\u0119 Tr\u00f3jniaka Augustowski.","robots":{"index":"index","follow":"follow","max-snippet":"max-snippet:-1","max-image-preview":"max-image-preview:large","max-video-preview":"max-video-preview:-1"},"canonical":"https:\/\/augustowska-miodosytnia.pl\/en\/product\/zestaw-miodosytnika\/","og_locale":"en_GB","og_type":"article","og_title":"Brew Box - tr\u00f3jniak - Tradycyjny mi\u00f3d pitny do wykonania w domu","og_description":"Ten zestaw pozwoli Ci rozpocz\u0105\u0107 przygod\u0119 z miodosytnictwem odtwarzaj\u0105c w domowych warunkach wielokrotnie nagradzan\u0105 receptur\u0119 Tr\u00f3jniaka Augustowski.","og_url":"https:\/\/augustowska-miodosytnia.pl\/en\/product\/zestaw-miodosytnika\/","og_site_name":"Augustowska Miodosytnia","article_modified_time":"2026-03-23T13:42:11+00:00","og_image":[{"width":600,"height":900,"url":"https:\/\/augustowska-miodosytnia.pl\/wp-content\/uploads\/2024\/12\/6.png","type":"image\/png"}],"twitter_card":"summary_large_image","twitter_misc":{"Est. reading time":"1 minute"},"schema":{"@context":"https:\/\/schema.org","@graph":[{"@type":"WebPage","@id":"https:\/\/augustowska-miodosytnia.pl\/produkt\/zestaw-miodosytnika\/","url":"https:\/\/augustowska-miodosytnia.pl\/produkt\/zestaw-miodosytnika\/","name":"Brew Box - tr\u00f3jniak - Tradycyjny mi\u00f3d pitny do wykonania w domu","isPartOf":{"@id":"https:\/\/augustowska-miodosytnia.pl\/#website"},"primaryImageOfPage":{"@id":"https:\/\/augustowska-miodosytnia.pl\/produkt\/zestaw-miodosytnika\/#primaryimage"},"image":{"@id":"https:\/\/augustowska-miodosytnia.pl\/produkt\/zestaw-miodosytnika\/#primaryimage"},"thumbnailUrl":"https:\/\/augustowska-miodosytnia.pl\/wp-content\/uploads\/2024\/12\/6.png","datePublished":"2025-11-27T10:06:09+00:00","dateModified":"2026-03-23T13:42:11+00:00","description":"Ten zestaw pozwoli Ci rozpocz\u0105\u0107 przygod\u0119 z miodosytnictwem odtwarzaj\u0105c w domowych warunkach wielokrotnie nagradzan\u0105 receptur\u0119 Tr\u00f3jniaka Augustowski.","breadcrumb":{"@id":"https:\/\/augustowska-miodosytnia.pl\/produkt\/zestaw-miodosytnika\/#breadcrumb"},"inLanguage":"en-GB","potentialAction":[{"@type":"ReadAction","target":["https:\/\/augustowska-miodosytnia.pl\/produkt\/zestaw-miodosytnika\/"]}]},{"@type":"ImageObject","inLanguage":"en-GB","@id":"https:\/\/augustowska-miodosytnia.pl\/produkt\/zestaw-miodosytnika\/#primaryimage","url":"https:\/\/augustowska-miodosytnia.pl\/wp-content\/uploads\/2024\/12\/6.png","contentUrl":"https:\/\/augustowska-miodosytnia.pl\/wp-content\/uploads\/2024\/12\/6.png","width":600,"height":900,"caption":"Brew Box - Podpiwek"},{"@type":"BreadcrumbList","@id":"https:\/\/augustowska-miodosytnia.pl\/produkt\/zestaw-miodosytnika\/#breadcrumb","itemListElement":[{"@type":"ListItem","position":1,"name":"Strona g\u0142\u00f3wna","item":"https:\/\/augustowska-miodosytnia.pl\/"},{"@type":"ListItem","position":2,"name":"Sklep","item":"https:\/\/augustowska-miodosytnia.pl\/sklep\/"},{"@type":"ListItem","position":3,"name":"Brew Box &#8211; Tr\u00f3jniak"}]},{"@type":"WebSite","@id":"https:\/\/augustowska-miodosytnia.pl\/#website","url":"https:\/\/augustowska-miodosytnia.pl\/","name":"Augustow Meadery","description":"Na dobre trunki warto jest czeka\u0107","potentialAction":[{"@type":"SearchAction","target":{"@type":"EntryPoint","urlTemplate":"https:\/\/augustowska-miodosytnia.pl\/?s={search_term_string}"},"query-input":{"@type":"PropertyValueSpecification","valueRequired":true,"valueName":"search_term_string"}}],"inLanguage":"en-GB"}]}},"_links":{"self":[{"href":"https:\/\/augustowska-miodosytnia.pl\/en\/wp-json\/wp\/v2\/product\/4681","targetHints":{"allow":["GET"]}}],"collection":[{"href":"https:\/\/augustowska-miodosytnia.pl\/en\/wp-json\/wp\/v2\/product"}],"about":[{"href":"https:\/\/augustowska-miodosytnia.pl\/en\/wp-json\/wp\/v2\/types\/product"}],"replies":[{"embeddable":true,"href":"https:\/\/augustowska-miodosytnia.pl\/en\/wp-json\/wp\/v2\/comments?post=4681"}],"wp:featuredmedia":[{"embeddable":true,"href":"https:\/\/augustowska-miodosytnia.pl\/en\/wp-json\/wp\/v2\/media\/5318"}],"wp:attachment":[{"href":"https:\/\/augustowska-miodosytnia.pl\/en\/wp-json\/wp\/v2\/media?parent=4681"}],"wp:term":[{"taxonomy":"product_brand","embeddable":true,"href":"https:\/\/augustowska-miodosytnia.pl\/en\/wp-json\/wp\/v2\/product_brand?post=4681"},{"taxonomy":"product_cat","embeddable":true,"href":"https:\/\/augustowska-miodosytnia.pl\/en\/wp-json\/wp\/v2\/product_cat?post=4681"},{"taxonomy":"product_tag","embeddable":true,"href":"https:\/\/augustowska-miodosytnia.pl\/en\/wp-json\/wp\/v2\/product_tag?post=4681"}],"curies":[{"name":"wp","href":"https:\/\/api.w.org\/{rel}","templated":true}]}}