{"id":4382,"date":"2025-11-25T17:15:04","date_gmt":"2025-11-25T16:15:04","guid":{"rendered":"https:\/\/augustowska-miodosytnia.pl\/?post_type=product&#038;p=4382"},"modified":"2026-04-14T10:35:58","modified_gmt":"2026-04-14T08:35:58","slug":"augustowski-wczesny-edycja-specjalna-barrel-aged","status":"publish","type":"product","link":"https:\/\/augustowska-miodosytnia.pl\/en\/product\/augustowski-wczesny-edycja-specjalna-barrel-aged\/","title":{"rendered":"Augustowski Wczesny Edycja specjalna -barrel aged"},"content":{"rendered":"<ul>\n<li>Alc. 12%<\/li>\n<li>Tr\u00f3jniak klasyczny, le\u017cakowany w d\u0119bowej beczce<\/li>\n<\/ul>\n<p>Bukiet kwiatowy, z wyra\u017anie wyczuwalnymi nutami d\u0119bu, barwa jasna, z\u0142ocista, p\u00f3\u0142s\u0142odki.<\/p>\n<p>Opis: Augustowski Wczesny jest wykonany z miod\u00f3w zbieranych w maju i czerwcu, kiedy to ule wype\u0142niaj\u0105 si\u0119 jasnym aromatycznym miodem z nektaru polnych kwiat\u00f3w i roz\u0142o\u017cystych lip. Po trwaj\u0105cym ponad rok etapie fermentacji i klarowania. Mi\u00f3d ten zosta\u0142 z\u0142o\u017cony do \u015bwie\u017cych d\u0119bowych beczek wykonanych z d\u0119bu w\u0119gierskiego na okres 6 miesi\u0119cy, Delektuj si\u0119 powoli bo\u2026<\/p>\n<p>...good drinks are worth waiting for.<\/p>\n<p>Nasz mi\u00f3d zosta\u0142 nagrodzony trzy razy srebrnym medalem podczas <a href=\"https:\/\/augustowska-miodosytnia.pl\/en\/2020\/10\/03\/mazer-cup-2020\/\">Mazer CUP 2020<\/a>,\u00a0 Mazer CUP 2021, Mazer CUP 2022 oraz z\u0142otym podczas <a href=\"https:\/\/reggiebeer.com\/ReggieWeb.php?Web=1000584\">Orpheus Mead Fetival 2021,<\/a>\u00a0 zdoby\u0142 r\u00f3wnie\u017c br\u0105zowy medal podczas wyboru najlepszego miodu z po\u015br\u00f3d wszystkich zg\u0142oszonych do konkurs\u00f3w <a href=\"https:\/\/reggiebeer.com\/ReggieWeb.php?Web=1000584\">Best of Show Orpheus Mead Fest 2021<\/a>. W roku 2022 zdoby\u0142 ponownie z\u0142oty medal <a href=\"https:\/\/reggiebeer.com\/ReggieWeb.php?Web=1000701\">Orpheus Mead Fetival 2022<\/a>, oraz br\u0105zowym podczas Valkyrie Horn Mead Cometition 2025 USA.<\/p>\n<p>&nbsp;<\/p>\n<p><img loading=\"lazy\" decoding=\"async\" class=\"alignnone  wp-image-3861\" src=\"https:\/\/augustowska-miodosytnia.pl\/wp-content\/uploads\/2020\/05\/unnamed.png\" alt=\"\" width=\"108\" height=\"108\" srcset=\"https:\/\/augustowska-miodosytnia.pl\/wp-content\/uploads\/2020\/05\/unnamed.png 300w, https:\/\/augustowska-miodosytnia.pl\/wp-content\/uploads\/2020\/05\/unnamed-160x160.png 160w, https:\/\/augustowska-miodosytnia.pl\/wp-content\/uploads\/2020\/05\/unnamed-100x100.png 100w\" sizes=\"auto, (max-width: 108px) 100vw, 108px\" \/><img loading=\"lazy\" decoding=\"async\" class=\"alignnone  wp-image-3861\" src=\"https:\/\/augustowska-miodosytnia.pl\/wp-content\/uploads\/2020\/05\/unnamed.png\" alt=\"\" width=\"106\" height=\"106\" srcset=\"https:\/\/augustowska-miodosytnia.pl\/wp-content\/uploads\/2020\/05\/unnamed.png 300w, https:\/\/augustowska-miodosytnia.pl\/wp-content\/uploads\/2020\/05\/unnamed-160x160.png 160w, https:\/\/augustowska-miodosytnia.pl\/wp-content\/uploads\/2020\/05\/unnamed-100x100.png 100w\" sizes=\"auto, (max-width: 106px) 100vw, 106px\" \/><img loading=\"lazy\" decoding=\"async\" class=\"alignnone  wp-image-3861\" src=\"https:\/\/augustowska-miodosytnia.pl\/wp-content\/uploads\/2020\/05\/unnamed.png\" alt=\"\" width=\"102\" height=\"102\" srcset=\"https:\/\/augustowska-miodosytnia.pl\/wp-content\/uploads\/2020\/05\/unnamed.png 300w, https:\/\/augustowska-miodosytnia.pl\/wp-content\/uploads\/2020\/05\/unnamed-160x160.png 160w, https:\/\/augustowska-miodosytnia.pl\/wp-content\/uploads\/2020\/05\/unnamed-100x100.png 100w\" sizes=\"auto, (max-width: 102px) 100vw, 102px\" \/><img loading=\"lazy\" decoding=\"async\" class=\"alignnone wp-image-3539\" src=\"https:\/\/augustowska-miodosytnia.pl\/wp-content\/uploads\/2020\/05\/Orpheus-logo-640x679.jpg\" alt=\"\" width=\"97\" height=\"103\" srcset=\"https:\/\/augustowska-miodosytnia.pl\/wp-content\/uploads\/2020\/05\/Orpheus-logo-640x679.jpg 640w, https:\/\/augustowska-miodosytnia.pl\/wp-content\/uploads\/2020\/05\/Orpheus-logo-1280x1359.jpg 1280w, https:\/\/augustowska-miodosytnia.pl\/wp-content\/uploads\/2020\/05\/Orpheus-logo-768x815.jpg 768w, https:\/\/augustowska-miodosytnia.pl\/wp-content\/uploads\/2020\/05\/Orpheus-logo-1447x1536.jpg 1447w, https:\/\/augustowska-miodosytnia.pl\/wp-content\/uploads\/2020\/05\/Orpheus-logo-320x340.jpg 320w, https:\/\/augustowska-miodosytnia.pl\/wp-content\/uploads\/2020\/05\/Orpheus-logo-400x425.jpg 400w, https:\/\/augustowska-miodosytnia.pl\/wp-content\/uploads\/2020\/05\/Orpheus-logo-600x637.jpg 600w, https:\/\/augustowska-miodosytnia.pl\/wp-content\/uploads\/2020\/05\/Orpheus-logo.jpg 1500w\" sizes=\"auto, (max-width: 97px) 100vw, 97px\" \/><img loading=\"lazy\" decoding=\"async\" class=\"alignnone wp-image-3539\" src=\"https:\/\/augustowska-miodosytnia.pl\/wp-content\/uploads\/2020\/05\/Orpheus-logo-640x679.jpg\" alt=\"\" width=\"97\" height=\"103\" srcset=\"https:\/\/augustowska-miodosytnia.pl\/wp-content\/uploads\/2020\/05\/Orpheus-logo-640x679.jpg 640w, https:\/\/augustowska-miodosytnia.pl\/wp-content\/uploads\/2020\/05\/Orpheus-logo-1280x1359.jpg 1280w, https:\/\/augustowska-miodosytnia.pl\/wp-content\/uploads\/2020\/05\/Orpheus-logo-768x815.jpg 768w, https:\/\/augustowska-miodosytnia.pl\/wp-content\/uploads\/2020\/05\/Orpheus-logo-1447x1536.jpg 1447w, https:\/\/augustowska-miodosytnia.pl\/wp-content\/uploads\/2020\/05\/Orpheus-logo-320x340.jpg 320w, https:\/\/augustowska-miodosytnia.pl\/wp-content\/uploads\/2020\/05\/Orpheus-logo-400x425.jpg 400w, https:\/\/augustowska-miodosytnia.pl\/wp-content\/uploads\/2020\/05\/Orpheus-logo-600x637.jpg 600w, https:\/\/augustowska-miodosytnia.pl\/wp-content\/uploads\/2020\/05\/Orpheus-logo.jpg 1500w\" sizes=\"auto, (max-width: 97px) 100vw, 97px\" \/><img loading=\"lazy\" decoding=\"async\" class=\"alignnone  wp-image-5528\" src=\"https:\/\/augustowska-miodosytnia.pl\/wp-content\/uploads\/2023\/02\/Valkyries_Horn_Commercial-3rd-Place.png\" alt=\"\" width=\"103\" height=\"103\" srcset=\"https:\/\/augustowska-miodosytnia.pl\/wp-content\/uploads\/2023\/02\/Valkyries_Horn_Commercial-3rd-Place.png 940w, https:\/\/augustowska-miodosytnia.pl\/wp-content\/uploads\/2023\/02\/Valkyries_Horn_Commercial-3rd-Place-640x640.png 640w, https:\/\/augustowska-miodosytnia.pl\/wp-content\/uploads\/2023\/02\/Valkyries_Horn_Commercial-3rd-Place-160x160.png 160w, https:\/\/augustowska-miodosytnia.pl\/wp-content\/uploads\/2023\/02\/Valkyries_Horn_Commercial-3rd-Place-768x768.png 768w, https:\/\/augustowska-miodosytnia.pl\/wp-content\/uploads\/2023\/02\/Valkyries_Horn_Commercial-3rd-Place-12x12.png 12w, https:\/\/augustowska-miodosytnia.pl\/wp-content\/uploads\/2023\/02\/Valkyries_Horn_Commercial-3rd-Place-320x320.png 320w, https:\/\/augustowska-miodosytnia.pl\/wp-content\/uploads\/2023\/02\/Valkyries_Horn_Commercial-3rd-Place-400x400.png 400w, https:\/\/augustowska-miodosytnia.pl\/wp-content\/uploads\/2023\/02\/Valkyries_Horn_Commercial-3rd-Place-600x600.png 600w, https:\/\/augustowska-miodosytnia.pl\/wp-content\/uploads\/2023\/02\/Valkyries_Horn_Commercial-3rd-Place-100x100.png 100w\" sizes=\"auto, (max-width: 103px) 100vw, 103px\" \/><\/p>\n<p>&nbsp;<\/p>\n<p>&nbsp;<\/p>\n<p>&nbsp;<\/p>","protected":false},"excerpt":{"rendered":"<p>Augustowski Wczesny: Bukiet kwiatowy, z wyra\u017anie wyczuwalnymi nutami d\u0119bu, barwa jasna, z\u0142ocista, p\u00f3\u0142s\u0142odki.<\/p>","protected":false},"featured_media":5286,"comment_status":"open","ping_status":"closed","template":"","meta":[],"product_brand":[],"product_cat":[61],"product_tag":[48,116,50,115],"class_list":{"0":"post-4382","1":"product","2":"type-product","3":"status-publish","4":"has-post-thumbnail","6":"product_cat-miod-pitny","7":"product_tag-miod-pitny","8":"product_tag-traditional-mead","9":"product_tag-trojniak","10":"product_tag-trojniak-klasyczny","12":"first","13":"instock","14":"shipping-taxable","15":"purchasable","16":"product-type-simple"},"yoast_head":"<!-- This site is optimized with the Yoast SEO plugin v27.3 - https:\/\/yoast.com\/product\/yoast-seo-wordpress\/ -->\n<title>Augustowski Wczesny (\u201cEarly\u201d) - Augustowska Miodosytnia<\/title>\n<meta name=\"description\" content=\"Augustowski Wczesny Edycja specjalna -barrel aged \u2013 odkryj wyj\u0105tkowy smak tradycyjnych miod\u00f3w pitnych i regionalnych specja\u0142\u00f3w w sklepie Augustowska Miodosytnia. Naturalna jako\u015b\u0107, unikalne receptury i polska tradycja w najlepszym wydaniu. Sprawd\u017a teraz!\" \/>\n<meta name=\"robots\" content=\"index, follow, max-snippet:-1, max-image-preview:large, max-video-preview:-1\" \/>\n<link rel=\"canonical\" href=\"https:\/\/augustowska-miodosytnia.pl\/en\/product\/augustowski-wczesny-edycja-specjalna-barrel-aged\/\" \/>\n<meta property=\"og:locale\" content=\"en_GB\" \/>\n<meta property=\"og:type\" content=\"article\" \/>\n<meta property=\"og:title\" content=\"Augustowski Wczesny (\u201cEarly\u201d) - Augustowska Miodosytnia\" \/>\n<meta property=\"og:description\" content=\"Augustowski Wczesny Edycja specjalna -barrel aged \u2013 odkryj wyj\u0105tkowy smak tradycyjnych miod\u00f3w pitnych i regionalnych specja\u0142\u00f3w w sklepie Augustowska Miodosytnia. Naturalna jako\u015b\u0107, unikalne receptury i polska tradycja w najlepszym wydaniu. Sprawd\u017a teraz!\" \/>\n<meta property=\"og:url\" content=\"https:\/\/augustowska-miodosytnia.pl\/en\/product\/augustowski-wczesny-edycja-specjalna-barrel-aged\/\" \/>\n<meta property=\"og:site_name\" content=\"Augustowska Miodosytnia\" \/>\n<meta property=\"article:modified_time\" content=\"2026-04-14T08:35:58+00:00\" \/>\n<meta property=\"og:image\" content=\"https:\/\/augustowska-miodosytnia.pl\/wp-content\/uploads\/2023\/02\/Projekt-bez-nazwy-44.png\" \/>\n\t<meta property=\"og:image:width\" content=\"600\" \/>\n\t<meta property=\"og:image:height\" content=\"900\" \/>\n\t<meta property=\"og:image:type\" content=\"image\/png\" \/>\n<meta name=\"twitter:card\" content=\"summary_large_image\" \/>\n<meta name=\"twitter:label1\" content=\"Est. reading time\" \/>\n\t<meta name=\"twitter:data1\" content=\"2 minutes\" \/>\n<script type=\"application\/ld+json\" class=\"yoast-schema-graph\">{\"@context\":\"https:\\\/\\\/schema.org\",\"@graph\":[{\"@type\":\"WebPage\",\"@id\":\"https:\\\/\\\/augustowska-miodosytnia.pl\\\/produkt\\\/augustowski-wczesny-edycja-specjalna-barrel-aged\\\/\",\"url\":\"https:\\\/\\\/augustowska-miodosytnia.pl\\\/produkt\\\/augustowski-wczesny-edycja-specjalna-barrel-aged\\\/\",\"name\":\"Augustowski Wczesny (\u201cEarly\u201d) - Augustowska Miodosytnia\",\"isPartOf\":{\"@id\":\"https:\\\/\\\/augustowska-miodosytnia.pl\\\/#website\"},\"primaryImageOfPage\":{\"@id\":\"https:\\\/\\\/augustowska-miodosytnia.pl\\\/produkt\\\/augustowski-wczesny-edycja-specjalna-barrel-aged\\\/#primaryimage\"},\"image\":{\"@id\":\"https:\\\/\\\/augustowska-miodosytnia.pl\\\/produkt\\\/augustowski-wczesny-edycja-specjalna-barrel-aged\\\/#primaryimage\"},\"thumbnailUrl\":\"https:\\\/\\\/augustowska-miodosytnia.pl\\\/wp-content\\\/uploads\\\/2023\\\/02\\\/Projekt-bez-nazwy-44.png\",\"datePublished\":\"2025-11-25T16:15:04+00:00\",\"dateModified\":\"2026-04-14T08:35:58+00:00\",\"description\":\"Augustowski Wczesny Edycja specjalna -barrel aged \u2013 odkryj wyj\u0105tkowy smak tradycyjnych miod\u00f3w pitnych i regionalnych specja\u0142\u00f3w w sklepie Augustowska Miodosytnia. Naturalna jako\u015b\u0107, unikalne receptury i polska tradycja w najlepszym wydaniu. Sprawd\u017a teraz!\",\"breadcrumb\":{\"@id\":\"https:\\\/\\\/augustowska-miodosytnia.pl\\\/produkt\\\/augustowski-wczesny-edycja-specjalna-barrel-aged\\\/#breadcrumb\"},\"inLanguage\":\"en-GB\",\"potentialAction\":[{\"@type\":\"ReadAction\",\"target\":[\"https:\\\/\\\/augustowska-miodosytnia.pl\\\/produkt\\\/augustowski-wczesny-edycja-specjalna-barrel-aged\\\/\"]}]},{\"@type\":\"ImageObject\",\"inLanguage\":\"en-GB\",\"@id\":\"https:\\\/\\\/augustowska-miodosytnia.pl\\\/produkt\\\/augustowski-wczesny-edycja-specjalna-barrel-aged\\\/#primaryimage\",\"url\":\"https:\\\/\\\/augustowska-miodosytnia.pl\\\/wp-content\\\/uploads\\\/2023\\\/02\\\/Projekt-bez-nazwy-44.png\",\"contentUrl\":\"https:\\\/\\\/augustowska-miodosytnia.pl\\\/wp-content\\\/uploads\\\/2023\\\/02\\\/Projekt-bez-nazwy-44.png\",\"width\":600,\"height\":900},{\"@type\":\"BreadcrumbList\",\"@id\":\"https:\\\/\\\/augustowska-miodosytnia.pl\\\/produkt\\\/augustowski-wczesny-edycja-specjalna-barrel-aged\\\/#breadcrumb\",\"itemListElement\":[{\"@type\":\"ListItem\",\"position\":1,\"name\":\"Strona g\u0142\u00f3wna\",\"item\":\"https:\\\/\\\/augustowska-miodosytnia.pl\\\/\"},{\"@type\":\"ListItem\",\"position\":2,\"name\":\"Sklep\",\"item\":\"https:\\\/\\\/augustowska-miodosytnia.pl\\\/sklep\\\/\"},{\"@type\":\"ListItem\",\"position\":3,\"name\":\"Augustowski Wczesny Edycja specjalna -barrel aged\"}]},{\"@type\":\"WebSite\",\"@id\":\"https:\\\/\\\/augustowska-miodosytnia.pl\\\/#website\",\"url\":\"https:\\\/\\\/augustowska-miodosytnia.pl\\\/\",\"name\":\"Augustowska Miodosytnia\",\"description\":\"Na dobre trunki warto jest czeka\u0107\",\"potentialAction\":[{\"@type\":\"SearchAction\",\"target\":{\"@type\":\"EntryPoint\",\"urlTemplate\":\"https:\\\/\\\/augustowska-miodosytnia.pl\\\/?s={search_term_string}\"},\"query-input\":{\"@type\":\"PropertyValueSpecification\",\"valueRequired\":true,\"valueName\":\"search_term_string\"}}],\"inLanguage\":\"en-GB\"}]}<\/script>\n<!-- \/ Yoast SEO plugin. -->","yoast_head_json":{"title":"Augustowski Wczesny (\u201cEarly\u201d) - Augustowska Miodosytnia","description":"Augustowski Wczesny Edycja specjalna -barrel aged \u2013 odkryj wyj\u0105tkowy smak tradycyjnych miod\u00f3w pitnych i regionalnych specja\u0142\u00f3w w sklepie Augustowska Miodosytnia. Naturalna jako\u015b\u0107, unikalne receptury i polska tradycja w najlepszym wydaniu. Sprawd\u017a teraz!","robots":{"index":"index","follow":"follow","max-snippet":"max-snippet:-1","max-image-preview":"max-image-preview:large","max-video-preview":"max-video-preview:-1"},"canonical":"https:\/\/augustowska-miodosytnia.pl\/en\/product\/augustowski-wczesny-edycja-specjalna-barrel-aged\/","og_locale":"en_GB","og_type":"article","og_title":"Augustowski Wczesny (\u201cEarly\u201d) - Augustowska Miodosytnia","og_description":"Augustowski Wczesny Edycja specjalna -barrel aged \u2013 odkryj wyj\u0105tkowy smak tradycyjnych miod\u00f3w pitnych i regionalnych specja\u0142\u00f3w w sklepie Augustowska Miodosytnia. Naturalna jako\u015b\u0107, unikalne receptury i polska tradycja w najlepszym wydaniu. Sprawd\u017a teraz!","og_url":"https:\/\/augustowska-miodosytnia.pl\/en\/product\/augustowski-wczesny-edycja-specjalna-barrel-aged\/","og_site_name":"Augustowska Miodosytnia","article_modified_time":"2026-04-14T08:35:58+00:00","og_image":[{"width":600,"height":900,"url":"https:\/\/augustowska-miodosytnia.pl\/wp-content\/uploads\/2023\/02\/Projekt-bez-nazwy-44.png","type":"image\/png"}],"twitter_card":"summary_large_image","twitter_misc":{"Est. reading time":"2 minutes"},"schema":{"@context":"https:\/\/schema.org","@graph":[{"@type":"WebPage","@id":"https:\/\/augustowska-miodosytnia.pl\/produkt\/augustowski-wczesny-edycja-specjalna-barrel-aged\/","url":"https:\/\/augustowska-miodosytnia.pl\/produkt\/augustowski-wczesny-edycja-specjalna-barrel-aged\/","name":"Augustowski Wczesny (\u201cEarly\u201d) - Augustowska Miodosytnia","isPartOf":{"@id":"https:\/\/augustowska-miodosytnia.pl\/#website"},"primaryImageOfPage":{"@id":"https:\/\/augustowska-miodosytnia.pl\/produkt\/augustowski-wczesny-edycja-specjalna-barrel-aged\/#primaryimage"},"image":{"@id":"https:\/\/augustowska-miodosytnia.pl\/produkt\/augustowski-wczesny-edycja-specjalna-barrel-aged\/#primaryimage"},"thumbnailUrl":"https:\/\/augustowska-miodosytnia.pl\/wp-content\/uploads\/2023\/02\/Projekt-bez-nazwy-44.png","datePublished":"2025-11-25T16:15:04+00:00","dateModified":"2026-04-14T08:35:58+00:00","description":"Augustowski Wczesny Edycja specjalna -barrel aged \u2013 odkryj wyj\u0105tkowy smak tradycyjnych miod\u00f3w pitnych i regionalnych specja\u0142\u00f3w w sklepie Augustowska Miodosytnia. Naturalna jako\u015b\u0107, unikalne receptury i polska tradycja w najlepszym wydaniu. Sprawd\u017a teraz!","breadcrumb":{"@id":"https:\/\/augustowska-miodosytnia.pl\/produkt\/augustowski-wczesny-edycja-specjalna-barrel-aged\/#breadcrumb"},"inLanguage":"en-GB","potentialAction":[{"@type":"ReadAction","target":["https:\/\/augustowska-miodosytnia.pl\/produkt\/augustowski-wczesny-edycja-specjalna-barrel-aged\/"]}]},{"@type":"ImageObject","inLanguage":"en-GB","@id":"https:\/\/augustowska-miodosytnia.pl\/produkt\/augustowski-wczesny-edycja-specjalna-barrel-aged\/#primaryimage","url":"https:\/\/augustowska-miodosytnia.pl\/wp-content\/uploads\/2023\/02\/Projekt-bez-nazwy-44.png","contentUrl":"https:\/\/augustowska-miodosytnia.pl\/wp-content\/uploads\/2023\/02\/Projekt-bez-nazwy-44.png","width":600,"height":900},{"@type":"BreadcrumbList","@id":"https:\/\/augustowska-miodosytnia.pl\/produkt\/augustowski-wczesny-edycja-specjalna-barrel-aged\/#breadcrumb","itemListElement":[{"@type":"ListItem","position":1,"name":"Strona g\u0142\u00f3wna","item":"https:\/\/augustowska-miodosytnia.pl\/"},{"@type":"ListItem","position":2,"name":"Sklep","item":"https:\/\/augustowska-miodosytnia.pl\/sklep\/"},{"@type":"ListItem","position":3,"name":"Augustowski Wczesny Edycja specjalna -barrel aged"}]},{"@type":"WebSite","@id":"https:\/\/augustowska-miodosytnia.pl\/#website","url":"https:\/\/augustowska-miodosytnia.pl\/","name":"Augustow Meadery","description":"Na dobre trunki warto jest czeka\u0107","potentialAction":[{"@type":"SearchAction","target":{"@type":"EntryPoint","urlTemplate":"https:\/\/augustowska-miodosytnia.pl\/?s={search_term_string}"},"query-input":{"@type":"PropertyValueSpecification","valueRequired":true,"valueName":"search_term_string"}}],"inLanguage":"en-GB"}]}},"_links":{"self":[{"href":"https:\/\/augustowska-miodosytnia.pl\/en\/wp-json\/wp\/v2\/product\/4382","targetHints":{"allow":["GET"]}}],"collection":[{"href":"https:\/\/augustowska-miodosytnia.pl\/en\/wp-json\/wp\/v2\/product"}],"about":[{"href":"https:\/\/augustowska-miodosytnia.pl\/en\/wp-json\/wp\/v2\/types\/product"}],"replies":[{"embeddable":true,"href":"https:\/\/augustowska-miodosytnia.pl\/en\/wp-json\/wp\/v2\/comments?post=4382"}],"wp:featuredmedia":[{"embeddable":true,"href":"https:\/\/augustowska-miodosytnia.pl\/en\/wp-json\/wp\/v2\/media\/5286"}],"wp:attachment":[{"href":"https:\/\/augustowska-miodosytnia.pl\/en\/wp-json\/wp\/v2\/media?parent=4382"}],"wp:term":[{"taxonomy":"product_brand","embeddable":true,"href":"https:\/\/augustowska-miodosytnia.pl\/en\/wp-json\/wp\/v2\/product_brand?post=4382"},{"taxonomy":"product_cat","embeddable":true,"href":"https:\/\/augustowska-miodosytnia.pl\/en\/wp-json\/wp\/v2\/product_cat?post=4382"},{"taxonomy":"product_tag","embeddable":true,"href":"https:\/\/augustowska-miodosytnia.pl\/en\/wp-json\/wp\/v2\/product_tag?post=4382"}],"curies":[{"name":"wp","href":"https:\/\/api.w.org\/{rel}","templated":true}]}}