{"id":3756,"date":"2022-01-07T15:51:06","date_gmt":"2022-01-07T14:51:06","guid":{"rendered":"https:\/\/augustowska-miodosytnia.pl\/?post_type=product&#038;p=3756"},"modified":"2026-05-09T10:36:37","modified_gmt":"2026-05-09T08:36:37","slug":"miod-pszczeli-pozny","status":"publish","type":"product","link":"https:\/\/augustowska-miodosytnia.pl\/en\/product\/miod-pszczeli-pozny\/","title":{"rendered":"Natural bee honey \u2013 Late"},"content":{"rendered":"<br \/>\n<img loading=\"lazy\" decoding=\"async\" class=\"alignnone size-medium wp-image-3796\" src=\"https:\/\/augustowska-miodosytnia.pl\/wp-content\/uploads\/2022\/01\/miod-pozny-640x573.png\" alt=\"\" width=\"640\" height=\"573\" srcset=\"https:\/\/augustowska-miodosytnia.pl\/wp-content\/uploads\/2022\/01\/miod-pozny-640x573.png 640w, https:\/\/augustowska-miodosytnia.pl\/wp-content\/uploads\/2022\/01\/miod-pozny-1280x1146.png 1280w, https:\/\/augustowska-miodosytnia.pl\/wp-content\/uploads\/2022\/01\/miod-pozny-768x687.png 768w, https:\/\/augustowska-miodosytnia.pl\/wp-content\/uploads\/2022\/01\/miod-pozny-1536x1375.png 1536w, https:\/\/augustowska-miodosytnia.pl\/wp-content\/uploads\/2022\/01\/miod-pozny-320x286.png 320w, https:\/\/augustowska-miodosytnia.pl\/wp-content\/uploads\/2022\/01\/miod-pozny-400x358.png 400w, https:\/\/augustowska-miodosytnia.pl\/wp-content\/uploads\/2022\/01\/miod-pozny-600x537.png 600w, https:\/\/augustowska-miodosytnia.pl\/wp-content\/uploads\/2022\/01\/miod-pozny.png 1858w\" sizes=\"auto, (max-width: 640px) 100vw, 640px\" \/><\/p>\n<p>&nbsp;<\/p>","protected":false},"excerpt":{"rendered":"<ul>\n<li>multifloral nectar honey<\/li>\n<li>country of origin \u2013 Lithuania<\/li>\n<li>harvest year \u2013 2021<\/li>\n<li>jar 400 g<\/li>\n<\/ul>\n<p>&nbsp;<\/p>","protected":false},"featured_media":3795,"comment_status":"open","ping_status":"closed","template":"","meta":[],"product_brand":[],"product_cat":[198,128],"product_tag":[129,47],"class_list":{"0":"post-3756","1":"product","2":"type-product","3":"status-publish","4":"has-post-thumbnail","6":"product_cat-miod-pszczeli","7":"product_cat-produkty-pszczele","8":"product_tag-miod","9":"product_tag-miod-pszczeli","11":"first","12":"instock","13":"shipping-taxable","14":"purchasable","15":"product-type-simple"},"yoast_head":"<!-- This site is optimized with the Yoast SEO plugin v27.3 - https:\/\/yoast.com\/product\/yoast-seo-wordpress\/ -->\n<title>Natural bee honey \u2013 Late - Augustowska Miodosytnia<\/title>\n<meta name=\"description\" content=\"Mi\u00f3d pszczeli, P\u00d3\u0179NY, nektarowy, wielokwiatowy, surowiec u\u017cywany w Augustowskiej Miodosytni do produkcji miod\u00f3w pitnych, najlepszy mi\u00f3d\" \/>\n<meta name=\"robots\" content=\"index, follow, max-snippet:-1, max-image-preview:large, max-video-preview:-1\" \/>\n<link rel=\"canonical\" href=\"https:\/\/augustowska-miodosytnia.pl\/en\/product\/miod-pszczeli-pozny\/\" \/>\n<meta property=\"og:locale\" content=\"en_GB\" \/>\n<meta property=\"og:type\" content=\"article\" \/>\n<meta property=\"og:title\" content=\"Natural bee honey \u2013 Late - Augustowska Miodosytnia\" \/>\n<meta property=\"og:description\" content=\"Mi\u00f3d pszczeli, P\u00d3\u0179NY, nektarowy, wielokwiatowy, surowiec u\u017cywany w Augustowskiej Miodosytni do produkcji miod\u00f3w pitnych, najlepszy mi\u00f3d\" \/>\n<meta property=\"og:url\" content=\"https:\/\/augustowska-miodosytnia.pl\/en\/product\/miod-pszczeli-pozny\/\" \/>\n<meta property=\"og:site_name\" content=\"Augustowska Miodosytnia\" \/>\n<meta property=\"article:modified_time\" content=\"2026-05-09T08:36:37+00:00\" \/>\n<meta property=\"og:image\" content=\"https:\/\/augustowska-miodosytnia.pl\/wp-content\/uploads\/2022\/01\/miod-pozny-wysoki.png\" \/>\n\t<meta property=\"og:image:width\" content=\"2362\" \/>\n\t<meta property=\"og:image:height\" content=\"3508\" \/>\n\t<meta property=\"og:image:type\" content=\"image\/png\" \/>\n<meta name=\"twitter:card\" content=\"summary_large_image\" \/>\n<meta name=\"twitter:label1\" content=\"Est. reading time\" \/>\n\t<meta name=\"twitter:data1\" content=\"1 minute\" \/>\n<script type=\"application\/ld+json\" class=\"yoast-schema-graph\">{\"@context\":\"https:\\\/\\\/schema.org\",\"@graph\":[{\"@type\":\"WebPage\",\"@id\":\"https:\\\/\\\/augustowska-miodosytnia.pl\\\/produkt\\\/miod-pszczeli-pozny\\\/\",\"url\":\"https:\\\/\\\/augustowska-miodosytnia.pl\\\/produkt\\\/miod-pszczeli-pozny\\\/\",\"name\":\"Natural bee honey \u2013 Late - Augustowska Miodosytnia\",\"isPartOf\":{\"@id\":\"https:\\\/\\\/augustowska-miodosytnia.pl\\\/#website\"},\"primaryImageOfPage\":{\"@id\":\"https:\\\/\\\/augustowska-miodosytnia.pl\\\/produkt\\\/miod-pszczeli-pozny\\\/#primaryimage\"},\"image\":{\"@id\":\"https:\\\/\\\/augustowska-miodosytnia.pl\\\/produkt\\\/miod-pszczeli-pozny\\\/#primaryimage\"},\"thumbnailUrl\":\"https:\\\/\\\/augustowska-miodosytnia.pl\\\/wp-content\\\/uploads\\\/2022\\\/01\\\/miod-pozny-wysoki.png\",\"datePublished\":\"2022-01-07T14:51:06+00:00\",\"dateModified\":\"2026-05-09T08:36:37+00:00\",\"description\":\"Mi\u00f3d pszczeli, P\u00d3\u0179NY, nektarowy, wielokwiatowy, surowiec u\u017cywany w Augustowskiej Miodosytni do produkcji miod\u00f3w pitnych, najlepszy mi\u00f3d\",\"breadcrumb\":{\"@id\":\"https:\\\/\\\/augustowska-miodosytnia.pl\\\/produkt\\\/miod-pszczeli-pozny\\\/#breadcrumb\"},\"inLanguage\":\"en-GB\",\"potentialAction\":[{\"@type\":\"ReadAction\",\"target\":[\"https:\\\/\\\/augustowska-miodosytnia.pl\\\/produkt\\\/miod-pszczeli-pozny\\\/\"]}]},{\"@type\":\"ImageObject\",\"inLanguage\":\"en-GB\",\"@id\":\"https:\\\/\\\/augustowska-miodosytnia.pl\\\/produkt\\\/miod-pszczeli-pozny\\\/#primaryimage\",\"url\":\"https:\\\/\\\/augustowska-miodosytnia.pl\\\/wp-content\\\/uploads\\\/2022\\\/01\\\/miod-pozny-wysoki.png\",\"contentUrl\":\"https:\\\/\\\/augustowska-miodosytnia.pl\\\/wp-content\\\/uploads\\\/2022\\\/01\\\/miod-pozny-wysoki.png\",\"width\":2362,\"height\":3508,\"caption\":\"Mi\u00f3d pszczeli - P\u00f3\u017any\"},{\"@type\":\"BreadcrumbList\",\"@id\":\"https:\\\/\\\/augustowska-miodosytnia.pl\\\/produkt\\\/miod-pszczeli-pozny\\\/#breadcrumb\",\"itemListElement\":[{\"@type\":\"ListItem\",\"position\":1,\"name\":\"Strona g\u0142\u00f3wna\",\"item\":\"https:\\\/\\\/augustowska-miodosytnia.pl\\\/\"},{\"@type\":\"ListItem\",\"position\":2,\"name\":\"Sklep\",\"item\":\"https:\\\/\\\/augustowska-miodosytnia.pl\\\/sklep\\\/\"},{\"@type\":\"ListItem\",\"position\":3,\"name\":\"Mi\u00f3d pszczeli &#8211; P\u00f3\u017any\"}]},{\"@type\":\"WebSite\",\"@id\":\"https:\\\/\\\/augustowska-miodosytnia.pl\\\/#website\",\"url\":\"https:\\\/\\\/augustowska-miodosytnia.pl\\\/\",\"name\":\"Augustowska Miodosytnia\",\"description\":\"Na dobre trunki warto jest czeka\u0107\",\"potentialAction\":[{\"@type\":\"SearchAction\",\"target\":{\"@type\":\"EntryPoint\",\"urlTemplate\":\"https:\\\/\\\/augustowska-miodosytnia.pl\\\/?s={search_term_string}\"},\"query-input\":{\"@type\":\"PropertyValueSpecification\",\"valueRequired\":true,\"valueName\":\"search_term_string\"}}],\"inLanguage\":\"en-GB\"}]}<\/script>\n<!-- \/ Yoast SEO plugin. -->","yoast_head_json":{"title":"Natural bee honey \u2013 Late - Augustowska Miodosytnia","description":"Mi\u00f3d pszczeli, P\u00d3\u0179NY, nektarowy, wielokwiatowy, surowiec u\u017cywany w Augustowskiej Miodosytni do produkcji miod\u00f3w pitnych, najlepszy mi\u00f3d","robots":{"index":"index","follow":"follow","max-snippet":"max-snippet:-1","max-image-preview":"max-image-preview:large","max-video-preview":"max-video-preview:-1"},"canonical":"https:\/\/augustowska-miodosytnia.pl\/en\/product\/miod-pszczeli-pozny\/","og_locale":"en_GB","og_type":"article","og_title":"Natural bee honey \u2013 Late - Augustowska Miodosytnia","og_description":"Mi\u00f3d pszczeli, P\u00d3\u0179NY, nektarowy, wielokwiatowy, surowiec u\u017cywany w Augustowskiej Miodosytni do produkcji miod\u00f3w pitnych, najlepszy mi\u00f3d","og_url":"https:\/\/augustowska-miodosytnia.pl\/en\/product\/miod-pszczeli-pozny\/","og_site_name":"Augustowska Miodosytnia","article_modified_time":"2026-05-09T08:36:37+00:00","og_image":[{"width":2362,"height":3508,"url":"https:\/\/augustowska-miodosytnia.pl\/wp-content\/uploads\/2022\/01\/miod-pozny-wysoki.png","type":"image\/png"}],"twitter_card":"summary_large_image","twitter_misc":{"Est. reading time":"1 minute"},"schema":{"@context":"https:\/\/schema.org","@graph":[{"@type":"WebPage","@id":"https:\/\/augustowska-miodosytnia.pl\/produkt\/miod-pszczeli-pozny\/","url":"https:\/\/augustowska-miodosytnia.pl\/produkt\/miod-pszczeli-pozny\/","name":"Natural bee honey \u2013 Late - Augustowska Miodosytnia","isPartOf":{"@id":"https:\/\/augustowska-miodosytnia.pl\/#website"},"primaryImageOfPage":{"@id":"https:\/\/augustowska-miodosytnia.pl\/produkt\/miod-pszczeli-pozny\/#primaryimage"},"image":{"@id":"https:\/\/augustowska-miodosytnia.pl\/produkt\/miod-pszczeli-pozny\/#primaryimage"},"thumbnailUrl":"https:\/\/augustowska-miodosytnia.pl\/wp-content\/uploads\/2022\/01\/miod-pozny-wysoki.png","datePublished":"2022-01-07T14:51:06+00:00","dateModified":"2026-05-09T08:36:37+00:00","description":"Mi\u00f3d pszczeli, P\u00d3\u0179NY, nektarowy, wielokwiatowy, surowiec u\u017cywany w Augustowskiej Miodosytni do produkcji miod\u00f3w pitnych, najlepszy mi\u00f3d","breadcrumb":{"@id":"https:\/\/augustowska-miodosytnia.pl\/produkt\/miod-pszczeli-pozny\/#breadcrumb"},"inLanguage":"en-GB","potentialAction":[{"@type":"ReadAction","target":["https:\/\/augustowska-miodosytnia.pl\/produkt\/miod-pszczeli-pozny\/"]}]},{"@type":"ImageObject","inLanguage":"en-GB","@id":"https:\/\/augustowska-miodosytnia.pl\/produkt\/miod-pszczeli-pozny\/#primaryimage","url":"https:\/\/augustowska-miodosytnia.pl\/wp-content\/uploads\/2022\/01\/miod-pozny-wysoki.png","contentUrl":"https:\/\/augustowska-miodosytnia.pl\/wp-content\/uploads\/2022\/01\/miod-pozny-wysoki.png","width":2362,"height":3508,"caption":"Mi\u00f3d pszczeli - P\u00f3\u017any"},{"@type":"BreadcrumbList","@id":"https:\/\/augustowska-miodosytnia.pl\/produkt\/miod-pszczeli-pozny\/#breadcrumb","itemListElement":[{"@type":"ListItem","position":1,"name":"Strona g\u0142\u00f3wna","item":"https:\/\/augustowska-miodosytnia.pl\/"},{"@type":"ListItem","position":2,"name":"Sklep","item":"https:\/\/augustowska-miodosytnia.pl\/sklep\/"},{"@type":"ListItem","position":3,"name":"Mi\u00f3d pszczeli &#8211; P\u00f3\u017any"}]},{"@type":"WebSite","@id":"https:\/\/augustowska-miodosytnia.pl\/#website","url":"https:\/\/augustowska-miodosytnia.pl\/","name":"Augustow Meadery","description":"Na dobre trunki warto jest czeka\u0107","potentialAction":[{"@type":"SearchAction","target":{"@type":"EntryPoint","urlTemplate":"https:\/\/augustowska-miodosytnia.pl\/?s={search_term_string}"},"query-input":{"@type":"PropertyValueSpecification","valueRequired":true,"valueName":"search_term_string"}}],"inLanguage":"en-GB"}]}},"_links":{"self":[{"href":"https:\/\/augustowska-miodosytnia.pl\/en\/wp-json\/wp\/v2\/product\/3756","targetHints":{"allow":["GET"]}}],"collection":[{"href":"https:\/\/augustowska-miodosytnia.pl\/en\/wp-json\/wp\/v2\/product"}],"about":[{"href":"https:\/\/augustowska-miodosytnia.pl\/en\/wp-json\/wp\/v2\/types\/product"}],"replies":[{"embeddable":true,"href":"https:\/\/augustowska-miodosytnia.pl\/en\/wp-json\/wp\/v2\/comments?post=3756"}],"wp:featuredmedia":[{"embeddable":true,"href":"https:\/\/augustowska-miodosytnia.pl\/en\/wp-json\/wp\/v2\/media\/3795"}],"wp:attachment":[{"href":"https:\/\/augustowska-miodosytnia.pl\/en\/wp-json\/wp\/v2\/media?parent=3756"}],"wp:term":[{"taxonomy":"product_brand","embeddable":true,"href":"https:\/\/augustowska-miodosytnia.pl\/en\/wp-json\/wp\/v2\/product_brand?post=3756"},{"taxonomy":"product_cat","embeddable":true,"href":"https:\/\/augustowska-miodosytnia.pl\/en\/wp-json\/wp\/v2\/product_cat?post=3756"},{"taxonomy":"product_tag","embeddable":true,"href":"https:\/\/augustowska-miodosytnia.pl\/en\/wp-json\/wp\/v2\/product_tag?post=3756"}],"curies":[{"name":"wp","href":"https:\/\/api.w.org\/{rel}","templated":true}]}}