{"id":2281,"date":"2020-05-18T18:56:53","date_gmt":"2020-05-18T16:56:53","guid":{"rendered":"https:\/\/augustowska-miodosytnia.pl\/?post_type=product&#038;p=2281"},"modified":"2026-05-04T16:34:46","modified_gmt":"2026-05-04T14:34:46","slug":"podpiwek-augustowski-na-miodzie-x4","status":"publish","type":"product","link":"https:\/\/augustowska-miodosytnia.pl\/en\/product\/podpiwek-augustowski-na-miodzie-x4\/","title":{"rendered":"4 pcs. Podpiwek Augustowski"},"content":{"rendered":"","protected":false},"excerpt":{"rendered":"","protected":false},"featured_media":2720,"comment_status":"open","ping_status":"closed","template":"","meta":[],"product_brand":[],"product_cat":[63],"product_tag":[57,18,165],"class_list":{"0":"post-2281","1":"product","2":"type-product","3":"status-publish","4":"has-post-thumbnail","6":"product_cat-napoj-bezalkoholowy","7":"product_tag-napoj-tradycyjny","8":"product_tag-podpiwek","9":"product_tag-regional-drink","11":"first","12":"instock","13":"shipping-taxable","14":"purchasable","15":"product-type-simple"},"yoast_head":"<!-- This site is optimized with the Yoast SEO plugin v27.3 - https:\/\/yoast.com\/product\/yoast-seo-wordpress\/ -->\n<title>4 pcs. Podpiwek Augustowski - Augustowska Miodosytnia<\/title>\n<meta name=\"description\" content=\"Podpiwek Augustowski na Miodzie to tradycyjny, naturalny nap\u00f3j orze\u017awiaj\u0105cy z Podlasia. Smak zawdzi\u0119cza fermentacji i zast\u0105pieniu cukru miodem.\" \/>\n<meta name=\"robots\" content=\"index, follow, max-snippet:-1, max-image-preview:large, max-video-preview:-1\" \/>\n<link rel=\"canonical\" href=\"https:\/\/augustowska-miodosytnia.pl\/en\/product\/podpiwek-augustowski-na-miodzie-x4\/\" \/>\n<meta property=\"og:locale\" content=\"en_GB\" \/>\n<meta property=\"og:type\" content=\"article\" \/>\n<meta property=\"og:title\" content=\"4 pcs. Podpiwek Augustowski - Augustowska Miodosytnia\" \/>\n<meta property=\"og:description\" content=\"Podpiwek Augustowski na Miodzie to tradycyjny, naturalny nap\u00f3j orze\u017awiaj\u0105cy z Podlasia. Smak zawdzi\u0119cza fermentacji i zast\u0105pieniu cukru miodem.\" \/>\n<meta property=\"og:url\" content=\"https:\/\/augustowska-miodosytnia.pl\/en\/product\/podpiwek-augustowski-na-miodzie-x4\/\" \/>\n<meta property=\"og:site_name\" content=\"Augustowska Miodosytnia\" \/>\n<meta property=\"article:modified_time\" content=\"2026-05-04T14:34:46+00:00\" \/>\n<meta property=\"og:image\" content=\"https:\/\/augustowska-miodosytnia.pl\/wp-content\/uploads\/2020\/06\/Podpiwek.jpg\" \/>\n\t<meta property=\"og:image:width\" content=\"600\" \/>\n\t<meta property=\"og:image:height\" content=\"900\" \/>\n\t<meta property=\"og:image:type\" content=\"image\/jpeg\" \/>\n<meta name=\"twitter:card\" content=\"summary_large_image\" \/>\n<meta name=\"twitter:label1\" content=\"Est. reading time\" \/>\n\t<meta name=\"twitter:data1\" content=\"1 minute\" \/>\n<script type=\"application\/ld+json\" class=\"yoast-schema-graph\">{\"@context\":\"https:\\\/\\\/schema.org\",\"@graph\":[{\"@type\":\"WebPage\",\"@id\":\"https:\\\/\\\/augustowska-miodosytnia.pl\\\/produkt\\\/podpiwek-augustowski-na-miodzie-x4\\\/\",\"url\":\"https:\\\/\\\/augustowska-miodosytnia.pl\\\/produkt\\\/podpiwek-augustowski-na-miodzie-x4\\\/\",\"name\":\"4 pcs. Podpiwek Augustowski - Augustowska Miodosytnia\",\"isPartOf\":{\"@id\":\"https:\\\/\\\/augustowska-miodosytnia.pl\\\/#website\"},\"primaryImageOfPage\":{\"@id\":\"https:\\\/\\\/augustowska-miodosytnia.pl\\\/produkt\\\/podpiwek-augustowski-na-miodzie-x4\\\/#primaryimage\"},\"image\":{\"@id\":\"https:\\\/\\\/augustowska-miodosytnia.pl\\\/produkt\\\/podpiwek-augustowski-na-miodzie-x4\\\/#primaryimage\"},\"thumbnailUrl\":\"https:\\\/\\\/augustowska-miodosytnia.pl\\\/wp-content\\\/uploads\\\/2020\\\/06\\\/Podpiwek.jpg\",\"datePublished\":\"2020-05-18T16:56:53+00:00\",\"dateModified\":\"2026-05-04T14:34:46+00:00\",\"description\":\"Podpiwek Augustowski na Miodzie to tradycyjny, naturalny nap\u00f3j orze\u017awiaj\u0105cy z Podlasia. Smak zawdzi\u0119cza fermentacji i zast\u0105pieniu cukru miodem.\",\"breadcrumb\":{\"@id\":\"https:\\\/\\\/augustowska-miodosytnia.pl\\\/produkt\\\/podpiwek-augustowski-na-miodzie-x4\\\/#breadcrumb\"},\"inLanguage\":\"en-GB\",\"potentialAction\":[{\"@type\":\"ReadAction\",\"target\":[\"https:\\\/\\\/augustowska-miodosytnia.pl\\\/produkt\\\/podpiwek-augustowski-na-miodzie-x4\\\/\"]}]},{\"@type\":\"ImageObject\",\"inLanguage\":\"en-GB\",\"@id\":\"https:\\\/\\\/augustowska-miodosytnia.pl\\\/produkt\\\/podpiwek-augustowski-na-miodzie-x4\\\/#primaryimage\",\"url\":\"https:\\\/\\\/augustowska-miodosytnia.pl\\\/wp-content\\\/uploads\\\/2020\\\/06\\\/Podpiwek.jpg\",\"contentUrl\":\"https:\\\/\\\/augustowska-miodosytnia.pl\\\/wp-content\\\/uploads\\\/2020\\\/06\\\/Podpiwek.jpg\",\"width\":600,\"height\":900,\"caption\":\"Podpiwek Augustowski na miodzie\"},{\"@type\":\"BreadcrumbList\",\"@id\":\"https:\\\/\\\/augustowska-miodosytnia.pl\\\/produkt\\\/podpiwek-augustowski-na-miodzie-x4\\\/#breadcrumb\",\"itemListElement\":[{\"@type\":\"ListItem\",\"position\":1,\"name\":\"Strona g\u0142\u00f3wna\",\"item\":\"https:\\\/\\\/augustowska-miodosytnia.pl\\\/\"},{\"@type\":\"ListItem\",\"position\":2,\"name\":\"Sklep\",\"item\":\"https:\\\/\\\/augustowska-miodosytnia.pl\\\/sklep\\\/\"},{\"@type\":\"ListItem\",\"position\":3,\"name\":\"4 szt. Podpiwek Augustowski\"}]},{\"@type\":\"WebSite\",\"@id\":\"https:\\\/\\\/augustowska-miodosytnia.pl\\\/#website\",\"url\":\"https:\\\/\\\/augustowska-miodosytnia.pl\\\/\",\"name\":\"Augustowska Miodosytnia\",\"description\":\"Na dobre trunki warto jest czeka\u0107\",\"potentialAction\":[{\"@type\":\"SearchAction\",\"target\":{\"@type\":\"EntryPoint\",\"urlTemplate\":\"https:\\\/\\\/augustowska-miodosytnia.pl\\\/?s={search_term_string}\"},\"query-input\":{\"@type\":\"PropertyValueSpecification\",\"valueRequired\":true,\"valueName\":\"search_term_string\"}}],\"inLanguage\":\"en-GB\"}]}<\/script>\n<!-- \/ Yoast SEO plugin. -->","yoast_head_json":{"title":"4 pcs. Podpiwek Augustowski - Augustowska Miodosytnia","description":"Podpiwek Augustowski na Miodzie to tradycyjny, naturalny nap\u00f3j orze\u017awiaj\u0105cy z Podlasia. Smak zawdzi\u0119cza fermentacji i zast\u0105pieniu cukru miodem.","robots":{"index":"index","follow":"follow","max-snippet":"max-snippet:-1","max-image-preview":"max-image-preview:large","max-video-preview":"max-video-preview:-1"},"canonical":"https:\/\/augustowska-miodosytnia.pl\/en\/product\/podpiwek-augustowski-na-miodzie-x4\/","og_locale":"en_GB","og_type":"article","og_title":"4 pcs. Podpiwek Augustowski - Augustowska Miodosytnia","og_description":"Podpiwek Augustowski na Miodzie to tradycyjny, naturalny nap\u00f3j orze\u017awiaj\u0105cy z Podlasia. Smak zawdzi\u0119cza fermentacji i zast\u0105pieniu cukru miodem.","og_url":"https:\/\/augustowska-miodosytnia.pl\/en\/product\/podpiwek-augustowski-na-miodzie-x4\/","og_site_name":"Augustowska Miodosytnia","article_modified_time":"2026-05-04T14:34:46+00:00","og_image":[{"width":600,"height":900,"url":"https:\/\/augustowska-miodosytnia.pl\/wp-content\/uploads\/2020\/06\/Podpiwek.jpg","type":"image\/jpeg"}],"twitter_card":"summary_large_image","twitter_misc":{"Est. reading time":"1 minute"},"schema":{"@context":"https:\/\/schema.org","@graph":[{"@type":"WebPage","@id":"https:\/\/augustowska-miodosytnia.pl\/produkt\/podpiwek-augustowski-na-miodzie-x4\/","url":"https:\/\/augustowska-miodosytnia.pl\/produkt\/podpiwek-augustowski-na-miodzie-x4\/","name":"4 pcs. Podpiwek Augustowski - Augustowska Miodosytnia","isPartOf":{"@id":"https:\/\/augustowska-miodosytnia.pl\/#website"},"primaryImageOfPage":{"@id":"https:\/\/augustowska-miodosytnia.pl\/produkt\/podpiwek-augustowski-na-miodzie-x4\/#primaryimage"},"image":{"@id":"https:\/\/augustowska-miodosytnia.pl\/produkt\/podpiwek-augustowski-na-miodzie-x4\/#primaryimage"},"thumbnailUrl":"https:\/\/augustowska-miodosytnia.pl\/wp-content\/uploads\/2020\/06\/Podpiwek.jpg","datePublished":"2020-05-18T16:56:53+00:00","dateModified":"2026-05-04T14:34:46+00:00","description":"Podpiwek Augustowski na Miodzie to tradycyjny, naturalny nap\u00f3j orze\u017awiaj\u0105cy z Podlasia. Smak zawdzi\u0119cza fermentacji i zast\u0105pieniu cukru miodem.","breadcrumb":{"@id":"https:\/\/augustowska-miodosytnia.pl\/produkt\/podpiwek-augustowski-na-miodzie-x4\/#breadcrumb"},"inLanguage":"en-GB","potentialAction":[{"@type":"ReadAction","target":["https:\/\/augustowska-miodosytnia.pl\/produkt\/podpiwek-augustowski-na-miodzie-x4\/"]}]},{"@type":"ImageObject","inLanguage":"en-GB","@id":"https:\/\/augustowska-miodosytnia.pl\/produkt\/podpiwek-augustowski-na-miodzie-x4\/#primaryimage","url":"https:\/\/augustowska-miodosytnia.pl\/wp-content\/uploads\/2020\/06\/Podpiwek.jpg","contentUrl":"https:\/\/augustowska-miodosytnia.pl\/wp-content\/uploads\/2020\/06\/Podpiwek.jpg","width":600,"height":900,"caption":"Podpiwek Augustowski na miodzie"},{"@type":"BreadcrumbList","@id":"https:\/\/augustowska-miodosytnia.pl\/produkt\/podpiwek-augustowski-na-miodzie-x4\/#breadcrumb","itemListElement":[{"@type":"ListItem","position":1,"name":"Strona g\u0142\u00f3wna","item":"https:\/\/augustowska-miodosytnia.pl\/"},{"@type":"ListItem","position":2,"name":"Sklep","item":"https:\/\/augustowska-miodosytnia.pl\/sklep\/"},{"@type":"ListItem","position":3,"name":"4 szt. Podpiwek Augustowski"}]},{"@type":"WebSite","@id":"https:\/\/augustowska-miodosytnia.pl\/#website","url":"https:\/\/augustowska-miodosytnia.pl\/","name":"Augustow Meadery","description":"Na dobre trunki warto jest czeka\u0107","potentialAction":[{"@type":"SearchAction","target":{"@type":"EntryPoint","urlTemplate":"https:\/\/augustowska-miodosytnia.pl\/?s={search_term_string}"},"query-input":{"@type":"PropertyValueSpecification","valueRequired":true,"valueName":"search_term_string"}}],"inLanguage":"en-GB"}]}},"_links":{"self":[{"href":"https:\/\/augustowska-miodosytnia.pl\/en\/wp-json\/wp\/v2\/product\/2281","targetHints":{"allow":["GET"]}}],"collection":[{"href":"https:\/\/augustowska-miodosytnia.pl\/en\/wp-json\/wp\/v2\/product"}],"about":[{"href":"https:\/\/augustowska-miodosytnia.pl\/en\/wp-json\/wp\/v2\/types\/product"}],"replies":[{"embeddable":true,"href":"https:\/\/augustowska-miodosytnia.pl\/en\/wp-json\/wp\/v2\/comments?post=2281"}],"wp:featuredmedia":[{"embeddable":true,"href":"https:\/\/augustowska-miodosytnia.pl\/en\/wp-json\/wp\/v2\/media\/2720"}],"wp:attachment":[{"href":"https:\/\/augustowska-miodosytnia.pl\/en\/wp-json\/wp\/v2\/media?parent=2281"}],"wp:term":[{"taxonomy":"product_brand","embeddable":true,"href":"https:\/\/augustowska-miodosytnia.pl\/en\/wp-json\/wp\/v2\/product_brand?post=2281"},{"taxonomy":"product_cat","embeddable":true,"href":"https:\/\/augustowska-miodosytnia.pl\/en\/wp-json\/wp\/v2\/product_cat?post=2281"},{"taxonomy":"product_tag","embeddable":true,"href":"https:\/\/augustowska-miodosytnia.pl\/en\/wp-json\/wp\/v2\/product_tag?post=2281"}],"curies":[{"name":"wp","href":"https:\/\/api.w.org\/{rel}","templated":true}]}}