{"id":2277,"date":"2025-11-20T18:44:35","date_gmt":"2025-11-20T17:44:35","guid":{"rendered":"https:\/\/augustowska-miodosytnia.pl\/?post_type=product&#038;p=2277"},"modified":"2026-04-28T20:12:19","modified_gmt":"2026-04-28T18:12:19","slug":"podlaska-szeptucha","status":"publish","type":"product","link":"https:\/\/augustowska-miodosytnia.pl\/en\/product\/podlaska-szeptucha\/","title":{"rendered":"Podlaska Szeptucha (Witch of Podlasie)"},"content":{"rendered":"<ul>\n<li>Alc. 12%<\/li>\n<li>Herbal, spiced metheglin<\/li>\n<\/ul>\n<p>Flavor: herbal, spiced; dry<\/p>\n<p>Szeptucha (Witch) is a special folklore character of Podlasie region. She helps cure illness, gives life advice, makes charms and removes curses, often through herbal infusions. We do not guarantee that drinking this drink will break the spell, but it will certainly provide an unforgettable taste experience and will surprise you with an intense herbal spicy aroma.\n\n\nEnjoy slowly, because...<\/p>\n<p>...good drinks are worth waiting for.<\/p>\n<p>Nasz mi\u00f3d &#8222;Podlaska Szeptucha&#8221; zosta\u0142a nagrodzony z\u0142otym medalem podczas Mead Madness Cup PRO 2020, Mead Madness Cup PRO 2022, Mead Madness Cup PRO 2023\u00a0 oraz br\u0105zowym podczas Mazer CUP 2021 .<\/p>\n<p><img loading=\"lazy\" decoding=\"async\" class=\"alignnone wp-image-3131\" src=\"https:\/\/augustowska-miodosytnia.pl\/wp-content\/uploads\/2020\/05\/MMC-gold-2020-640x626.png\" alt=\"\" width=\"96\" height=\"94\" srcset=\"https:\/\/augustowska-miodosytnia.pl\/wp-content\/uploads\/2020\/05\/MMC-gold-2020-640x626.png 640w, https:\/\/augustowska-miodosytnia.pl\/wp-content\/uploads\/2020\/05\/MMC-gold-2020-1280x1253.png 1280w, https:\/\/augustowska-miodosytnia.pl\/wp-content\/uploads\/2020\/05\/MMC-gold-2020-768x752.png 768w, https:\/\/augustowska-miodosytnia.pl\/wp-content\/uploads\/2020\/05\/MMC-gold-2020-1536x1503.png 1536w, https:\/\/augustowska-miodosytnia.pl\/wp-content\/uploads\/2020\/05\/MMC-gold-2020-2048x2005.png 2048w, https:\/\/augustowska-miodosytnia.pl\/wp-content\/uploads\/2020\/05\/MMC-gold-2020-320x313.png 320w, https:\/\/augustowska-miodosytnia.pl\/wp-content\/uploads\/2020\/05\/MMC-gold-2020-400x392.png 400w, https:\/\/augustowska-miodosytnia.pl\/wp-content\/uploads\/2020\/05\/MMC-gold-2020-600x587.png 600w\" sizes=\"auto, (max-width: 96px) 100vw, 96px\" \/><img loading=\"lazy\" decoding=\"async\" class=\"alignnone wp-image-3860\" src=\"https:\/\/augustowska-miodosytnia.pl\/wp-content\/uploads\/2020\/08\/Gold2022-e1647431295179.png\" alt=\"mead Madness Cup 2022 Gold\" width=\"93\" height=\"97\" srcset=\"https:\/\/augustowska-miodosytnia.pl\/wp-content\/uploads\/2020\/08\/Gold2022-e1647431295179.png 595w, https:\/\/augustowska-miodosytnia.pl\/wp-content\/uploads\/2020\/08\/Gold2022-e1647431295179-320x331.png 320w, https:\/\/augustowska-miodosytnia.pl\/wp-content\/uploads\/2020\/08\/Gold2022-e1647431295179-400x414.png 400w\" sizes=\"auto, (max-width: 93px) 100vw, 93px\" \/><img loading=\"lazy\" decoding=\"async\" class=\"alignnone wp-image-3861\" src=\"https:\/\/augustowska-miodosytnia.pl\/wp-content\/uploads\/2020\/05\/unnamed.png\" alt=\"\" width=\"98\" height=\"98\" srcset=\"https:\/\/augustowska-miodosytnia.pl\/wp-content\/uploads\/2020\/05\/unnamed.png 300w, https:\/\/augustowska-miodosytnia.pl\/wp-content\/uploads\/2020\/05\/unnamed-160x160.png 160w, https:\/\/augustowska-miodosytnia.pl\/wp-content\/uploads\/2020\/05\/unnamed-100x100.png 100w\" sizes=\"auto, (max-width: 98px) 100vw, 98px\" \/><\/p>\n<p><img loading=\"lazy\" decoding=\"async\" class=\"wp-image-4433 alignleft\" src=\"https:\/\/augustowska-miodosytnia.pl\/wp-content\/uploads\/2023\/02\/Gold-MMC2023-640x905.png\" alt=\"\" width=\"102\" height=\"144\" srcset=\"https:\/\/augustowska-miodosytnia.pl\/wp-content\/uploads\/2023\/02\/Gold-MMC2023-640x905.png 640w, https:\/\/augustowska-miodosytnia.pl\/wp-content\/uploads\/2023\/02\/Gold-MMC2023-1280x1810.png 1280w, https:\/\/augustowska-miodosytnia.pl\/wp-content\/uploads\/2023\/02\/Gold-MMC2023-768x1086.png 768w, https:\/\/augustowska-miodosytnia.pl\/wp-content\/uploads\/2023\/02\/Gold-MMC2023-1086x1536.png 1086w, https:\/\/augustowska-miodosytnia.pl\/wp-content\/uploads\/2023\/02\/Gold-MMC2023-8x12.png 8w, https:\/\/augustowska-miodosytnia.pl\/wp-content\/uploads\/2023\/02\/Gold-MMC2023-320x453.png 320w, https:\/\/augustowska-miodosytnia.pl\/wp-content\/uploads\/2023\/02\/Gold-MMC2023-400x566.png 400w, https:\/\/augustowska-miodosytnia.pl\/wp-content\/uploads\/2023\/02\/Gold-MMC2023-600x849.png 600w, https:\/\/augustowska-miodosytnia.pl\/wp-content\/uploads\/2023\/02\/Gold-MMC2023.png 1414w\" sizes=\"auto, (max-width: 102px) 100vw, 102px\" \/><\/p>\n<p>&nbsp;<\/p>","protected":false},"excerpt":{"rendered":"<p>Zawarto\u015b\u0107 alkoholu 12 % Czw\u00f3rniak zio\u0142owo-korzenny, Bukiet zio\u0142owo korzenny, wytrawny Opis: Szeptucha to szczeg\u00f3lna posta\u0107 w podlaskim folklorze. Pomaga w chorobie, udziela porad \u017cyciowych, odczynia uroki i zdejmuje kl\u0105twy, cz\u0119sto poprzez zio\u0142owe napary. Nie gwarantujemy, \u017ce wypicie tego trunku odczyni rzucony urok, ale na pewno dostarczy niezapomnianych wra\u017ce\u0144 smakowych i zaskoczy Was intensywnym zio\u0142owo korzennym&#8230;<\/p>","protected":false},"featured_media":2719,"comment_status":"open","ping_status":"closed","template":"","meta":[],"product_brand":[],"product_cat":[61],"product_tag":[83,176,177,48,165],"class_list":{"0":"post-2277","1":"product","2":"type-product","3":"status-publish","4":"has-post-thumbnail","6":"product_cat-miod-pitny","7":"product_tag-czworniak","8":"product_tag-korzenno-ziolowy","9":"product_tag-metheglin","10":"product_tag-miod-pitny","11":"product_tag-regional-drink","13":"first","14":"instock","15":"shipping-taxable","16":"purchasable","17":"product-type-simple"},"yoast_head":"<!-- This site is optimized with the Yoast SEO plugin v27.3 - https:\/\/yoast.com\/product\/yoast-seo-wordpress\/ -->\n<title>Witch of Podlasie - Augustowska Miodosytnia<\/title>\n<meta name=\"description\" content=\"Podlaska Szeptucha \u2013 odkryj wyj\u0105tkowy smak tradycyjnych miod\u00f3w pitnych i regionalnych specja\u0142\u00f3w w sklepie Augustowska Miodosytnia. Naturalna jako\u015b\u0107, unikalne receptury i polska tradycja w najlepszym wydaniu. Sprawd\u017a teraz!\" \/>\n<meta name=\"robots\" content=\"index, follow, max-snippet:-1, max-image-preview:large, max-video-preview:-1\" \/>\n<link rel=\"canonical\" href=\"https:\/\/augustowska-miodosytnia.pl\/en\/product\/podlaska-szeptucha\/\" \/>\n<meta property=\"og:locale\" content=\"en_GB\" \/>\n<meta property=\"og:type\" content=\"article\" \/>\n<meta property=\"og:title\" content=\"Witch of Podlasie - Augustowska Miodosytnia\" \/>\n<meta property=\"og:description\" content=\"Podlaska Szeptucha \u2013 odkryj wyj\u0105tkowy smak tradycyjnych miod\u00f3w pitnych i regionalnych specja\u0142\u00f3w w sklepie Augustowska Miodosytnia. Naturalna jako\u015b\u0107, unikalne receptury i polska tradycja w najlepszym wydaniu. Sprawd\u017a teraz!\" \/>\n<meta property=\"og:url\" content=\"https:\/\/augustowska-miodosytnia.pl\/en\/product\/podlaska-szeptucha\/\" \/>\n<meta property=\"og:site_name\" content=\"Augustowska Miodosytnia\" \/>\n<meta property=\"article:modified_time\" content=\"2026-04-28T18:12:19+00:00\" \/>\n<meta property=\"og:image\" content=\"https:\/\/augustowska-miodosytnia.pl\/wp-content\/uploads\/2020\/06\/Podlaska-Szeptucha-Czw\u00f3rniak.jpg\" \/>\n\t<meta property=\"og:image:width\" content=\"600\" \/>\n\t<meta property=\"og:image:height\" content=\"900\" \/>\n\t<meta property=\"og:image:type\" content=\"image\/jpeg\" \/>\n<meta name=\"twitter:card\" content=\"summary_large_image\" \/>\n<meta name=\"twitter:label1\" content=\"Est. reading time\" \/>\n\t<meta name=\"twitter:data1\" content=\"2 minutes\" \/>\n<script type=\"application\/ld+json\" class=\"yoast-schema-graph\">{\"@context\":\"https:\\\/\\\/schema.org\",\"@graph\":[{\"@type\":\"WebPage\",\"@id\":\"https:\\\/\\\/augustowska-miodosytnia.pl\\\/produkt\\\/podlaska-szeptucha\\\/\",\"url\":\"https:\\\/\\\/augustowska-miodosytnia.pl\\\/produkt\\\/podlaska-szeptucha\\\/\",\"name\":\"Witch of Podlasie - Augustowska Miodosytnia\",\"isPartOf\":{\"@id\":\"https:\\\/\\\/augustowska-miodosytnia.pl\\\/#website\"},\"primaryImageOfPage\":{\"@id\":\"https:\\\/\\\/augustowska-miodosytnia.pl\\\/produkt\\\/podlaska-szeptucha\\\/#primaryimage\"},\"image\":{\"@id\":\"https:\\\/\\\/augustowska-miodosytnia.pl\\\/produkt\\\/podlaska-szeptucha\\\/#primaryimage\"},\"thumbnailUrl\":\"https:\\\/\\\/augustowska-miodosytnia.pl\\\/wp-content\\\/uploads\\\/2020\\\/06\\\/Podlaska-Szeptucha-Czw\u00f3rniak.jpg\",\"datePublished\":\"2025-11-20T17:44:35+00:00\",\"dateModified\":\"2026-04-28T18:12:19+00:00\",\"description\":\"Podlaska Szeptucha \u2013 odkryj wyj\u0105tkowy smak tradycyjnych miod\u00f3w pitnych i regionalnych specja\u0142\u00f3w w sklepie Augustowska Miodosytnia. Naturalna jako\u015b\u0107, unikalne receptury i polska tradycja w najlepszym wydaniu. Sprawd\u017a teraz!\",\"breadcrumb\":{\"@id\":\"https:\\\/\\\/augustowska-miodosytnia.pl\\\/produkt\\\/podlaska-szeptucha\\\/#breadcrumb\"},\"inLanguage\":\"en-GB\",\"potentialAction\":[{\"@type\":\"ReadAction\",\"target\":[\"https:\\\/\\\/augustowska-miodosytnia.pl\\\/produkt\\\/podlaska-szeptucha\\\/\"]}]},{\"@type\":\"ImageObject\",\"inLanguage\":\"en-GB\",\"@id\":\"https:\\\/\\\/augustowska-miodosytnia.pl\\\/produkt\\\/podlaska-szeptucha\\\/#primaryimage\",\"url\":\"https:\\\/\\\/augustowska-miodosytnia.pl\\\/wp-content\\\/uploads\\\/2020\\\/06\\\/Podlaska-Szeptucha-Czw\u00f3rniak.jpg\",\"contentUrl\":\"https:\\\/\\\/augustowska-miodosytnia.pl\\\/wp-content\\\/uploads\\\/2020\\\/06\\\/Podlaska-Szeptucha-Czw\u00f3rniak.jpg\",\"width\":600,\"height\":900,\"caption\":\"Podlaska Szeptucha Czw\u00f3rniak\"},{\"@type\":\"BreadcrumbList\",\"@id\":\"https:\\\/\\\/augustowska-miodosytnia.pl\\\/produkt\\\/podlaska-szeptucha\\\/#breadcrumb\",\"itemListElement\":[{\"@type\":\"ListItem\",\"position\":1,\"name\":\"Strona g\u0142\u00f3wna\",\"item\":\"https:\\\/\\\/augustowska-miodosytnia.pl\\\/\"},{\"@type\":\"ListItem\",\"position\":2,\"name\":\"Sklep\",\"item\":\"https:\\\/\\\/augustowska-miodosytnia.pl\\\/sklep\\\/\"},{\"@type\":\"ListItem\",\"position\":3,\"name\":\"Podlaska Szeptucha\"}]},{\"@type\":\"WebSite\",\"@id\":\"https:\\\/\\\/augustowska-miodosytnia.pl\\\/#website\",\"url\":\"https:\\\/\\\/augustowska-miodosytnia.pl\\\/\",\"name\":\"Augustowska Miodosytnia\",\"description\":\"Na dobre trunki warto jest czeka\u0107\",\"potentialAction\":[{\"@type\":\"SearchAction\",\"target\":{\"@type\":\"EntryPoint\",\"urlTemplate\":\"https:\\\/\\\/augustowska-miodosytnia.pl\\\/?s={search_term_string}\"},\"query-input\":{\"@type\":\"PropertyValueSpecification\",\"valueRequired\":true,\"valueName\":\"search_term_string\"}}],\"inLanguage\":\"en-GB\"}]}<\/script>\n<!-- \/ Yoast SEO plugin. -->","yoast_head_json":{"title":"Witch of Podlasie - Augustowska Miodosytnia","description":"Podlaska Szeptucha \u2013 odkryj wyj\u0105tkowy smak tradycyjnych miod\u00f3w pitnych i regionalnych specja\u0142\u00f3w w sklepie Augustowska Miodosytnia. Naturalna jako\u015b\u0107, unikalne receptury i polska tradycja w najlepszym wydaniu. Sprawd\u017a teraz!","robots":{"index":"index","follow":"follow","max-snippet":"max-snippet:-1","max-image-preview":"max-image-preview:large","max-video-preview":"max-video-preview:-1"},"canonical":"https:\/\/augustowska-miodosytnia.pl\/en\/product\/podlaska-szeptucha\/","og_locale":"en_GB","og_type":"article","og_title":"Witch of Podlasie - Augustowska Miodosytnia","og_description":"Podlaska Szeptucha \u2013 odkryj wyj\u0105tkowy smak tradycyjnych miod\u00f3w pitnych i regionalnych specja\u0142\u00f3w w sklepie Augustowska Miodosytnia. Naturalna jako\u015b\u0107, unikalne receptury i polska tradycja w najlepszym wydaniu. Sprawd\u017a teraz!","og_url":"https:\/\/augustowska-miodosytnia.pl\/en\/product\/podlaska-szeptucha\/","og_site_name":"Augustowska Miodosytnia","article_modified_time":"2026-04-28T18:12:19+00:00","og_image":[{"width":600,"height":900,"url":"https:\/\/augustowska-miodosytnia.pl\/wp-content\/uploads\/2020\/06\/Podlaska-Szeptucha-Czw\u00f3rniak.jpg","type":"image\/jpeg"}],"twitter_card":"summary_large_image","twitter_misc":{"Est. reading time":"2 minutes"},"schema":{"@context":"https:\/\/schema.org","@graph":[{"@type":"WebPage","@id":"https:\/\/augustowska-miodosytnia.pl\/produkt\/podlaska-szeptucha\/","url":"https:\/\/augustowska-miodosytnia.pl\/produkt\/podlaska-szeptucha\/","name":"Witch of Podlasie - Augustowska Miodosytnia","isPartOf":{"@id":"https:\/\/augustowska-miodosytnia.pl\/#website"},"primaryImageOfPage":{"@id":"https:\/\/augustowska-miodosytnia.pl\/produkt\/podlaska-szeptucha\/#primaryimage"},"image":{"@id":"https:\/\/augustowska-miodosytnia.pl\/produkt\/podlaska-szeptucha\/#primaryimage"},"thumbnailUrl":"https:\/\/augustowska-miodosytnia.pl\/wp-content\/uploads\/2020\/06\/Podlaska-Szeptucha-Czw\u00f3rniak.jpg","datePublished":"2025-11-20T17:44:35+00:00","dateModified":"2026-04-28T18:12:19+00:00","description":"Podlaska Szeptucha \u2013 odkryj wyj\u0105tkowy smak tradycyjnych miod\u00f3w pitnych i regionalnych specja\u0142\u00f3w w sklepie Augustowska Miodosytnia. Naturalna jako\u015b\u0107, unikalne receptury i polska tradycja w najlepszym wydaniu. Sprawd\u017a teraz!","breadcrumb":{"@id":"https:\/\/augustowska-miodosytnia.pl\/produkt\/podlaska-szeptucha\/#breadcrumb"},"inLanguage":"en-GB","potentialAction":[{"@type":"ReadAction","target":["https:\/\/augustowska-miodosytnia.pl\/produkt\/podlaska-szeptucha\/"]}]},{"@type":"ImageObject","inLanguage":"en-GB","@id":"https:\/\/augustowska-miodosytnia.pl\/produkt\/podlaska-szeptucha\/#primaryimage","url":"https:\/\/augustowska-miodosytnia.pl\/wp-content\/uploads\/2020\/06\/Podlaska-Szeptucha-Czw\u00f3rniak.jpg","contentUrl":"https:\/\/augustowska-miodosytnia.pl\/wp-content\/uploads\/2020\/06\/Podlaska-Szeptucha-Czw\u00f3rniak.jpg","width":600,"height":900,"caption":"Podlaska Szeptucha Czw\u00f3rniak"},{"@type":"BreadcrumbList","@id":"https:\/\/augustowska-miodosytnia.pl\/produkt\/podlaska-szeptucha\/#breadcrumb","itemListElement":[{"@type":"ListItem","position":1,"name":"Strona g\u0142\u00f3wna","item":"https:\/\/augustowska-miodosytnia.pl\/"},{"@type":"ListItem","position":2,"name":"Sklep","item":"https:\/\/augustowska-miodosytnia.pl\/sklep\/"},{"@type":"ListItem","position":3,"name":"Podlaska Szeptucha"}]},{"@type":"WebSite","@id":"https:\/\/augustowska-miodosytnia.pl\/#website","url":"https:\/\/augustowska-miodosytnia.pl\/","name":"Augustow Meadery","description":"Na dobre trunki warto jest czeka\u0107","potentialAction":[{"@type":"SearchAction","target":{"@type":"EntryPoint","urlTemplate":"https:\/\/augustowska-miodosytnia.pl\/?s={search_term_string}"},"query-input":{"@type":"PropertyValueSpecification","valueRequired":true,"valueName":"search_term_string"}}],"inLanguage":"en-GB"}]}},"_links":{"self":[{"href":"https:\/\/augustowska-miodosytnia.pl\/en\/wp-json\/wp\/v2\/product\/2277","targetHints":{"allow":["GET"]}}],"collection":[{"href":"https:\/\/augustowska-miodosytnia.pl\/en\/wp-json\/wp\/v2\/product"}],"about":[{"href":"https:\/\/augustowska-miodosytnia.pl\/en\/wp-json\/wp\/v2\/types\/product"}],"replies":[{"embeddable":true,"href":"https:\/\/augustowska-miodosytnia.pl\/en\/wp-json\/wp\/v2\/comments?post=2277"}],"wp:featuredmedia":[{"embeddable":true,"href":"https:\/\/augustowska-miodosytnia.pl\/en\/wp-json\/wp\/v2\/media\/2719"}],"wp:attachment":[{"href":"https:\/\/augustowska-miodosytnia.pl\/en\/wp-json\/wp\/v2\/media?parent=2277"}],"wp:term":[{"taxonomy":"product_brand","embeddable":true,"href":"https:\/\/augustowska-miodosytnia.pl\/en\/wp-json\/wp\/v2\/product_brand?post=2277"},{"taxonomy":"product_cat","embeddable":true,"href":"https:\/\/augustowska-miodosytnia.pl\/en\/wp-json\/wp\/v2\/product_cat?post=2277"},{"taxonomy":"product_tag","embeddable":true,"href":"https:\/\/augustowska-miodosytnia.pl\/en\/wp-json\/wp\/v2\/product_tag?post=2277"}],"curies":[{"name":"wp","href":"https:\/\/api.w.org\/{rel}","templated":true}]}}