{"id":2274,"date":"2025-11-20T18:31:07","date_gmt":"2025-11-20T17:31:07","guid":{"rendered":"https:\/\/augustowska-miodosytnia.pl\/?post_type=product&#038;p=2274"},"modified":"2026-04-07T14:43:48","modified_gmt":"2026-04-07T12:43:48","slug":"augustowski-wczesny","status":"publish","type":"product","link":"https:\/\/augustowska-miodosytnia.pl\/en\/product\/augustowski-wczesny\/","title":{"rendered":"Augustowski Wczesny (\u201cEarly\u201d)"},"content":{"rendered":"<ul>\n<li>Alc. 12%<\/li>\n<li>Traditional mead trojniak<\/li>\n<\/ul>\n<p>Bukiet kwiatowy, barwa jasna, z\u0142ocista, p\u00f3\u0142s\u0142odki.<\/p>\n<p>Augustowski Wczesny is made from honey harvested in May and June, when the hives are full of light rich honey from the nectar of wild flowers and sprawling lindens. Enjoy slowly because...<\/p>\n<p>...good drinks are worth waiting for.<\/p>\n<p>Nasz mi\u00f3d zosta\u0142 nagrodzony trzy razy srebrnym medalem podczas <a href=\"https:\/\/augustowska-miodosytnia.pl\/en\/2020\/10\/03\/mazer-cup-2020\/\">Mazer CUP 2020<\/a>,\u00a0 Mazer CUP 2021, Mazer CUP 2022 oraz z\u0142otym podczas <a href=\"https:\/\/reggiebeer.com\/ReggieWeb.php?Web=1000584\">Orpheus Mead Fetival 2021,<\/a>\u00a0 zdoby\u0142 r\u00f3wnie\u017c br\u0105zowy medal podczas wyboru najlepszego miodu z po\u015br\u00f3d wszystkich zg\u0142oszonych do konkurs\u00f3w <a href=\"https:\/\/reggiebeer.com\/ReggieWeb.php?Web=1000584\">Best of Show Orpheus Mead Fest 2021<\/a>. W roku 2022 zdoby\u0142 ponownie z\u0142oty medal <a href=\"https:\/\/reggiebeer.com\/ReggieWeb.php?Web=1000701\">Orpheus Mead Fetival 2022,<\/a> Zdoby\u0142 tak\u017ce srebrny medal w Konkursie Greater Poland w 2023, z\u0142oto na<a href=\"https:\/\/aeshi.es\/hidromieles-premiados-2023\/\"> Copa Rena Hidromiel 2023<\/a> oraz br\u0105z na <a href=\"https:\/\/beerawardsplatform.com\/copa-hidromiel-mexico-iv-ed-categoria-profesional\/results\">Copa Hidromiel Mexico 2024<\/a> .<\/p>\n<p><img loading=\"lazy\" decoding=\"async\" class=\"alignnone wp-image-3539\" src=\"https:\/\/augustowska-miodosytnia.pl\/wp-content\/uploads\/2020\/05\/Orpheus-logo-640x679.jpg\" alt=\"\" width=\"97\" height=\"103\" srcset=\"https:\/\/augustowska-miodosytnia.pl\/wp-content\/uploads\/2020\/05\/Orpheus-logo-640x679.jpg 640w, https:\/\/augustowska-miodosytnia.pl\/wp-content\/uploads\/2020\/05\/Orpheus-logo-1280x1359.jpg 1280w, https:\/\/augustowska-miodosytnia.pl\/wp-content\/uploads\/2020\/05\/Orpheus-logo-768x815.jpg 768w, https:\/\/augustowska-miodosytnia.pl\/wp-content\/uploads\/2020\/05\/Orpheus-logo-1447x1536.jpg 1447w, https:\/\/augustowska-miodosytnia.pl\/wp-content\/uploads\/2020\/05\/Orpheus-logo-320x340.jpg 320w, https:\/\/augustowska-miodosytnia.pl\/wp-content\/uploads\/2020\/05\/Orpheus-logo-400x425.jpg 400w, https:\/\/augustowska-miodosytnia.pl\/wp-content\/uploads\/2020\/05\/Orpheus-logo-600x637.jpg 600w, https:\/\/augustowska-miodosytnia.pl\/wp-content\/uploads\/2020\/05\/Orpheus-logo.jpg 1500w\" sizes=\"auto, (max-width: 97px) 100vw, 97px\" \/><img loading=\"lazy\" decoding=\"async\" class=\"alignnone wp-image-3539\" src=\"https:\/\/augustowska-miodosytnia.pl\/wp-content\/uploads\/2020\/05\/Orpheus-logo-640x679.jpg\" alt=\"\" width=\"97\" height=\"103\" srcset=\"https:\/\/augustowska-miodosytnia.pl\/wp-content\/uploads\/2020\/05\/Orpheus-logo-640x679.jpg 640w, https:\/\/augustowska-miodosytnia.pl\/wp-content\/uploads\/2020\/05\/Orpheus-logo-1280x1359.jpg 1280w, https:\/\/augustowska-miodosytnia.pl\/wp-content\/uploads\/2020\/05\/Orpheus-logo-768x815.jpg 768w, https:\/\/augustowska-miodosytnia.pl\/wp-content\/uploads\/2020\/05\/Orpheus-logo-1447x1536.jpg 1447w, https:\/\/augustowska-miodosytnia.pl\/wp-content\/uploads\/2020\/05\/Orpheus-logo-320x340.jpg 320w, https:\/\/augustowska-miodosytnia.pl\/wp-content\/uploads\/2020\/05\/Orpheus-logo-400x425.jpg 400w, https:\/\/augustowska-miodosytnia.pl\/wp-content\/uploads\/2020\/05\/Orpheus-logo-600x637.jpg 600w, https:\/\/augustowska-miodosytnia.pl\/wp-content\/uploads\/2020\/05\/Orpheus-logo.jpg 1500w\" sizes=\"auto, (max-width: 97px) 100vw, 97px\" \/><img loading=\"lazy\" decoding=\"async\" class=\"alignnone wp-image-3539\" src=\"https:\/\/augustowska-miodosytnia.pl\/wp-content\/uploads\/2020\/05\/Orpheus-logo-640x679.jpg\" alt=\"\" width=\"97\" height=\"103\" srcset=\"https:\/\/augustowska-miodosytnia.pl\/wp-content\/uploads\/2020\/05\/Orpheus-logo-640x679.jpg 640w, https:\/\/augustowska-miodosytnia.pl\/wp-content\/uploads\/2020\/05\/Orpheus-logo-1280x1359.jpg 1280w, https:\/\/augustowska-miodosytnia.pl\/wp-content\/uploads\/2020\/05\/Orpheus-logo-768x815.jpg 768w, https:\/\/augustowska-miodosytnia.pl\/wp-content\/uploads\/2020\/05\/Orpheus-logo-1447x1536.jpg 1447w, https:\/\/augustowska-miodosytnia.pl\/wp-content\/uploads\/2020\/05\/Orpheus-logo-320x340.jpg 320w, https:\/\/augustowska-miodosytnia.pl\/wp-content\/uploads\/2020\/05\/Orpheus-logo-400x425.jpg 400w, https:\/\/augustowska-miodosytnia.pl\/wp-content\/uploads\/2020\/05\/Orpheus-logo-600x637.jpg 600w, https:\/\/augustowska-miodosytnia.pl\/wp-content\/uploads\/2020\/05\/Orpheus-logo.jpg 1500w\" sizes=\"auto, (max-width: 97px) 100vw, 97px\" \/><img loading=\"lazy\" decoding=\"async\" class=\"alignnone wp-image-5135\" src=\"https:\/\/augustowska-miodosytnia.pl\/wp-content\/uploads\/2020\/05\/Copa-Reina-Spain-2023-GOLD-e1726573863492.png\" alt=\"\" width=\"103\" height=\"104\" srcset=\"https:\/\/augustowska-miodosytnia.pl\/wp-content\/uploads\/2020\/05\/Copa-Reina-Spain-2023-GOLD-e1726573863492.png 202w, https:\/\/augustowska-miodosytnia.pl\/wp-content\/uploads\/2020\/05\/Copa-Reina-Spain-2023-GOLD-e1726573863492-160x160.png 160w, https:\/\/augustowska-miodosytnia.pl\/wp-content\/uploads\/2020\/05\/Copa-Reina-Spain-2023-GOLD-e1726573863492-12x12.png 12w, https:\/\/augustowska-miodosytnia.pl\/wp-content\/uploads\/2020\/05\/Copa-Reina-Spain-2023-GOLD-e1726573863492-100x100.png 100w\" sizes=\"auto, (max-width: 103px) 100vw, 103px\" \/> <img loading=\"lazy\" decoding=\"async\" class=\"\" src=\"https:\/\/copahidromiel.com\/wp-content\/themes\/yootheme\/cache\/21\/CHM2024_Main_Cuadrado_esqueleto-217681ce.png\" alt=\"EDICI\u00d3N 2020 \u2013 Copa Hidromiel M\u00e9xico\" width=\"115\" height=\"115\" \/><\/p>\n<div><\/div>\n<p>&nbsp;<\/p>\n<p>&nbsp;<\/p>\n<p>&nbsp;<\/p>","protected":false},"excerpt":{"rendered":"<p>Augustowski Wczesny jest wykonany z miod\u00f3w zbieranych w maju i czerwcu, kiedy to ule wype\u0142niaj\u0105 si\u0119 jasnym aromatycznym miodem z nektaru polnych kwiat\u00f3w i roz\u0142o\u017cystych lip.<\/p>","protected":false},"featured_media":2718,"comment_status":"open","ping_status":"closed","template":"","meta":[],"product_brand":[],"product_cat":[61],"product_tag":[48,116,50,115],"class_list":{"0":"post-2274","1":"product","2":"type-product","3":"status-publish","4":"has-post-thumbnail","6":"product_cat-miod-pitny","7":"product_tag-miod-pitny","8":"product_tag-traditional-mead","9":"product_tag-trojniak","10":"product_tag-trojniak-klasyczny","12":"first","13":"instock","14":"shipping-taxable","15":"purchasable","16":"product-type-simple"},"yoast_head":"<!-- This site is optimized with the Yoast SEO plugin v27.3 - https:\/\/yoast.com\/product\/yoast-seo-wordpress\/ -->\n<title>Augustowski Wczesny (\u201cEarly\u201d) - Augustowska Miodosytnia<\/title>\n<meta name=\"description\" content=\"Augustowski Wczesny \u2013 odkryj wyj\u0105tkowy smak tradycyjnych miod\u00f3w pitnych i regionalnych specja\u0142\u00f3w w sklepie Augustowska Miodosytnia. Naturalna jako\u015b\u0107, unikalne receptury i polska tradycja w najlepszym wydaniu. Sprawd\u017a teraz!\" \/>\n<meta name=\"robots\" content=\"index, follow, max-snippet:-1, max-image-preview:large, max-video-preview:-1\" \/>\n<link rel=\"canonical\" href=\"https:\/\/augustowska-miodosytnia.pl\/en\/product\/augustowski-wczesny\/\" \/>\n<meta property=\"og:locale\" content=\"en_GB\" \/>\n<meta property=\"og:type\" content=\"article\" \/>\n<meta property=\"og:title\" content=\"Augustowski Wczesny (\u201cEarly\u201d) - Augustowska Miodosytnia\" \/>\n<meta property=\"og:description\" content=\"Augustowski Wczesny \u2013 odkryj wyj\u0105tkowy smak tradycyjnych miod\u00f3w pitnych i regionalnych specja\u0142\u00f3w w sklepie Augustowska Miodosytnia. Naturalna jako\u015b\u0107, unikalne receptury i polska tradycja w najlepszym wydaniu. Sprawd\u017a teraz!\" \/>\n<meta property=\"og:url\" content=\"https:\/\/augustowska-miodosytnia.pl\/en\/product\/augustowski-wczesny\/\" \/>\n<meta property=\"og:site_name\" content=\"Augustowska Miodosytnia\" \/>\n<meta property=\"article:modified_time\" content=\"2026-04-07T12:43:48+00:00\" \/>\n<meta property=\"og:image\" content=\"https:\/\/augustowska-miodosytnia.pl\/wp-content\/uploads\/2020\/06\/Augustowski-Wczesny-Tr\u00f3jniak.jpg\" \/>\n\t<meta property=\"og:image:width\" content=\"600\" \/>\n\t<meta property=\"og:image:height\" content=\"900\" \/>\n\t<meta property=\"og:image:type\" content=\"image\/jpeg\" \/>\n<meta name=\"twitter:card\" content=\"summary_large_image\" \/>\n<meta name=\"twitter:label1\" content=\"Est. reading time\" \/>\n\t<meta name=\"twitter:data1\" content=\"2 minutes\" \/>\n<script type=\"application\/ld+json\" class=\"yoast-schema-graph\">{\"@context\":\"https:\\\/\\\/schema.org\",\"@graph\":[{\"@type\":\"WebPage\",\"@id\":\"https:\\\/\\\/augustowska-miodosytnia.pl\\\/produkt\\\/augustowski-wczesny\\\/\",\"url\":\"https:\\\/\\\/augustowska-miodosytnia.pl\\\/produkt\\\/augustowski-wczesny\\\/\",\"name\":\"Augustowski Wczesny (\u201cEarly\u201d) - Augustowska Miodosytnia\",\"isPartOf\":{\"@id\":\"https:\\\/\\\/augustowska-miodosytnia.pl\\\/#website\"},\"primaryImageOfPage\":{\"@id\":\"https:\\\/\\\/augustowska-miodosytnia.pl\\\/produkt\\\/augustowski-wczesny\\\/#primaryimage\"},\"image\":{\"@id\":\"https:\\\/\\\/augustowska-miodosytnia.pl\\\/produkt\\\/augustowski-wczesny\\\/#primaryimage\"},\"thumbnailUrl\":\"https:\\\/\\\/augustowska-miodosytnia.pl\\\/wp-content\\\/uploads\\\/2020\\\/06\\\/Augustowski-Wczesny-Tr\u00f3jniak.jpg\",\"datePublished\":\"2025-11-20T17:31:07+00:00\",\"dateModified\":\"2026-04-07T12:43:48+00:00\",\"description\":\"Augustowski Wczesny \u2013 odkryj wyj\u0105tkowy smak tradycyjnych miod\u00f3w pitnych i regionalnych specja\u0142\u00f3w w sklepie Augustowska Miodosytnia. Naturalna jako\u015b\u0107, unikalne receptury i polska tradycja w najlepszym wydaniu. Sprawd\u017a teraz!\",\"breadcrumb\":{\"@id\":\"https:\\\/\\\/augustowska-miodosytnia.pl\\\/produkt\\\/augustowski-wczesny\\\/#breadcrumb\"},\"inLanguage\":\"en-GB\",\"potentialAction\":[{\"@type\":\"ReadAction\",\"target\":[\"https:\\\/\\\/augustowska-miodosytnia.pl\\\/produkt\\\/augustowski-wczesny\\\/\"]}]},{\"@type\":\"ImageObject\",\"inLanguage\":\"en-GB\",\"@id\":\"https:\\\/\\\/augustowska-miodosytnia.pl\\\/produkt\\\/augustowski-wczesny\\\/#primaryimage\",\"url\":\"https:\\\/\\\/augustowska-miodosytnia.pl\\\/wp-content\\\/uploads\\\/2020\\\/06\\\/Augustowski-Wczesny-Tr\u00f3jniak.jpg\",\"contentUrl\":\"https:\\\/\\\/augustowska-miodosytnia.pl\\\/wp-content\\\/uploads\\\/2020\\\/06\\\/Augustowski-Wczesny-Tr\u00f3jniak.jpg\",\"width\":600,\"height\":900,\"caption\":\"Augustowski Wczesny Tr\u00f3jniak\"},{\"@type\":\"BreadcrumbList\",\"@id\":\"https:\\\/\\\/augustowska-miodosytnia.pl\\\/produkt\\\/augustowski-wczesny\\\/#breadcrumb\",\"itemListElement\":[{\"@type\":\"ListItem\",\"position\":1,\"name\":\"Strona g\u0142\u00f3wna\",\"item\":\"https:\\\/\\\/augustowska-miodosytnia.pl\\\/\"},{\"@type\":\"ListItem\",\"position\":2,\"name\":\"Sklep\",\"item\":\"https:\\\/\\\/augustowska-miodosytnia.pl\\\/sklep\\\/\"},{\"@type\":\"ListItem\",\"position\":3,\"name\":\"Augustowski Wczesny\"}]},{\"@type\":\"WebSite\",\"@id\":\"https:\\\/\\\/augustowska-miodosytnia.pl\\\/#website\",\"url\":\"https:\\\/\\\/augustowska-miodosytnia.pl\\\/\",\"name\":\"Augustowska Miodosytnia\",\"description\":\"Na dobre trunki warto jest czeka\u0107\",\"potentialAction\":[{\"@type\":\"SearchAction\",\"target\":{\"@type\":\"EntryPoint\",\"urlTemplate\":\"https:\\\/\\\/augustowska-miodosytnia.pl\\\/?s={search_term_string}\"},\"query-input\":{\"@type\":\"PropertyValueSpecification\",\"valueRequired\":true,\"valueName\":\"search_term_string\"}}],\"inLanguage\":\"en-GB\"}]}<\/script>\n<!-- \/ Yoast SEO plugin. -->","yoast_head_json":{"title":"Augustowski Wczesny (\u201cEarly\u201d) - Augustowska Miodosytnia","description":"Augustowski Wczesny \u2013 odkryj wyj\u0105tkowy smak tradycyjnych miod\u00f3w pitnych i regionalnych specja\u0142\u00f3w w sklepie Augustowska Miodosytnia. Naturalna jako\u015b\u0107, unikalne receptury i polska tradycja w najlepszym wydaniu. Sprawd\u017a teraz!","robots":{"index":"index","follow":"follow","max-snippet":"max-snippet:-1","max-image-preview":"max-image-preview:large","max-video-preview":"max-video-preview:-1"},"canonical":"https:\/\/augustowska-miodosytnia.pl\/en\/product\/augustowski-wczesny\/","og_locale":"en_GB","og_type":"article","og_title":"Augustowski Wczesny (\u201cEarly\u201d) - Augustowska Miodosytnia","og_description":"Augustowski Wczesny \u2013 odkryj wyj\u0105tkowy smak tradycyjnych miod\u00f3w pitnych i regionalnych specja\u0142\u00f3w w sklepie Augustowska Miodosytnia. Naturalna jako\u015b\u0107, unikalne receptury i polska tradycja w najlepszym wydaniu. Sprawd\u017a teraz!","og_url":"https:\/\/augustowska-miodosytnia.pl\/en\/product\/augustowski-wczesny\/","og_site_name":"Augustowska Miodosytnia","article_modified_time":"2026-04-07T12:43:48+00:00","og_image":[{"width":600,"height":900,"url":"https:\/\/augustowska-miodosytnia.pl\/wp-content\/uploads\/2020\/06\/Augustowski-Wczesny-Tr\u00f3jniak.jpg","type":"image\/jpeg"}],"twitter_card":"summary_large_image","twitter_misc":{"Est. reading time":"2 minutes"},"schema":{"@context":"https:\/\/schema.org","@graph":[{"@type":"WebPage","@id":"https:\/\/augustowska-miodosytnia.pl\/produkt\/augustowski-wczesny\/","url":"https:\/\/augustowska-miodosytnia.pl\/produkt\/augustowski-wczesny\/","name":"Augustowski Wczesny (\u201cEarly\u201d) - Augustowska Miodosytnia","isPartOf":{"@id":"https:\/\/augustowska-miodosytnia.pl\/#website"},"primaryImageOfPage":{"@id":"https:\/\/augustowska-miodosytnia.pl\/produkt\/augustowski-wczesny\/#primaryimage"},"image":{"@id":"https:\/\/augustowska-miodosytnia.pl\/produkt\/augustowski-wczesny\/#primaryimage"},"thumbnailUrl":"https:\/\/augustowska-miodosytnia.pl\/wp-content\/uploads\/2020\/06\/Augustowski-Wczesny-Tr\u00f3jniak.jpg","datePublished":"2025-11-20T17:31:07+00:00","dateModified":"2026-04-07T12:43:48+00:00","description":"Augustowski Wczesny \u2013 odkryj wyj\u0105tkowy smak tradycyjnych miod\u00f3w pitnych i regionalnych specja\u0142\u00f3w w sklepie Augustowska Miodosytnia. Naturalna jako\u015b\u0107, unikalne receptury i polska tradycja w najlepszym wydaniu. Sprawd\u017a teraz!","breadcrumb":{"@id":"https:\/\/augustowska-miodosytnia.pl\/produkt\/augustowski-wczesny\/#breadcrumb"},"inLanguage":"en-GB","potentialAction":[{"@type":"ReadAction","target":["https:\/\/augustowska-miodosytnia.pl\/produkt\/augustowski-wczesny\/"]}]},{"@type":"ImageObject","inLanguage":"en-GB","@id":"https:\/\/augustowska-miodosytnia.pl\/produkt\/augustowski-wczesny\/#primaryimage","url":"https:\/\/augustowska-miodosytnia.pl\/wp-content\/uploads\/2020\/06\/Augustowski-Wczesny-Tr\u00f3jniak.jpg","contentUrl":"https:\/\/augustowska-miodosytnia.pl\/wp-content\/uploads\/2020\/06\/Augustowski-Wczesny-Tr\u00f3jniak.jpg","width":600,"height":900,"caption":"Augustowski Wczesny Tr\u00f3jniak"},{"@type":"BreadcrumbList","@id":"https:\/\/augustowska-miodosytnia.pl\/produkt\/augustowski-wczesny\/#breadcrumb","itemListElement":[{"@type":"ListItem","position":1,"name":"Strona g\u0142\u00f3wna","item":"https:\/\/augustowska-miodosytnia.pl\/"},{"@type":"ListItem","position":2,"name":"Sklep","item":"https:\/\/augustowska-miodosytnia.pl\/sklep\/"},{"@type":"ListItem","position":3,"name":"Augustowski Wczesny"}]},{"@type":"WebSite","@id":"https:\/\/augustowska-miodosytnia.pl\/#website","url":"https:\/\/augustowska-miodosytnia.pl\/","name":"Augustow Meadery","description":"Na dobre trunki warto jest czeka\u0107","potentialAction":[{"@type":"SearchAction","target":{"@type":"EntryPoint","urlTemplate":"https:\/\/augustowska-miodosytnia.pl\/?s={search_term_string}"},"query-input":{"@type":"PropertyValueSpecification","valueRequired":true,"valueName":"search_term_string"}}],"inLanguage":"en-GB"}]}},"_links":{"self":[{"href":"https:\/\/augustowska-miodosytnia.pl\/en\/wp-json\/wp\/v2\/product\/2274","targetHints":{"allow":["GET"]}}],"collection":[{"href":"https:\/\/augustowska-miodosytnia.pl\/en\/wp-json\/wp\/v2\/product"}],"about":[{"href":"https:\/\/augustowska-miodosytnia.pl\/en\/wp-json\/wp\/v2\/types\/product"}],"replies":[{"embeddable":true,"href":"https:\/\/augustowska-miodosytnia.pl\/en\/wp-json\/wp\/v2\/comments?post=2274"}],"wp:featuredmedia":[{"embeddable":true,"href":"https:\/\/augustowska-miodosytnia.pl\/en\/wp-json\/wp\/v2\/media\/2718"}],"wp:attachment":[{"href":"https:\/\/augustowska-miodosytnia.pl\/en\/wp-json\/wp\/v2\/media?parent=2274"}],"wp:term":[{"taxonomy":"product_brand","embeddable":true,"href":"https:\/\/augustowska-miodosytnia.pl\/en\/wp-json\/wp\/v2\/product_brand?post=2274"},{"taxonomy":"product_cat","embeddable":true,"href":"https:\/\/augustowska-miodosytnia.pl\/en\/wp-json\/wp\/v2\/product_cat?post=2274"},{"taxonomy":"product_tag","embeddable":true,"href":"https:\/\/augustowska-miodosytnia.pl\/en\/wp-json\/wp\/v2\/product_tag?post=2274"}],"curies":[{"name":"wp","href":"https:\/\/api.w.org\/{rel}","templated":true}]}}