{"id":5769,"date":"2025-11-02T21:18:16","date_gmt":"2025-11-02T20:18:16","guid":{"rendered":"https:\/\/augustowska-miodosytnia.pl\/?page_id=5769"},"modified":"2025-11-02T22:16:47","modified_gmt":"2025-11-02T21:16:47","slug":"fundusze-europejskie","status":"publish","type":"page","link":"https:\/\/augustowska-miodosytnia.pl\/en\/fundusze-europejskie\/","title":{"rendered":"Fundusze europejskie"},"content":{"rendered":"<div style=\"max-width: 1200px; margin: auto; padding: 0px 20px 0px 20px;\">\n<p><img loading=\"lazy\" decoding=\"async\" class=\"alignnone size-full wp-image-5771\" src=\"https:\/\/augustowska-miodosytnia.pl\/wp-content\/uploads\/2025\/11\/image1.png\" alt=\"\" width=\"1923\" height=\"206\" srcset=\"https:\/\/augustowska-miodosytnia.pl\/wp-content\/uploads\/2025\/11\/image1.png 1923w, https:\/\/augustowska-miodosytnia.pl\/wp-content\/uploads\/2025\/11\/image1-640x69.png 640w, https:\/\/augustowska-miodosytnia.pl\/wp-content\/uploads\/2025\/11\/image1-1280x137.png 1280w, https:\/\/augustowska-miodosytnia.pl\/wp-content\/uploads\/2025\/11\/image1-768x82.png 768w, https:\/\/augustowska-miodosytnia.pl\/wp-content\/uploads\/2025\/11\/image1-1536x165.png 1536w, https:\/\/augustowska-miodosytnia.pl\/wp-content\/uploads\/2025\/11\/image1-18x2.png 18w, https:\/\/augustowska-miodosytnia.pl\/wp-content\/uploads\/2025\/11\/image1-320x34.png 320w, https:\/\/augustowska-miodosytnia.pl\/wp-content\/uploads\/2025\/11\/image1-400x43.png 400w, https:\/\/augustowska-miodosytnia.pl\/wp-content\/uploads\/2025\/11\/image1-600x64.png 600w\" sizes=\"auto, (max-width: 1923px) 100vw, 1923px\" \/><span style=\"font-weight: 400;\">Augustowska Miodosytnia Pawe\u0142 Kotwica Piotr Pi\u0142asiewicz Sp\u00f3\u0142ka Cywilna <\/span><i><span style=\"font-weight: 400;\">realizuje projekt zgodnie z umow\u0105 o powierzenie grantu nr 52\/U\/BB\/2024 zawart\u0105 dnia 24 lipca 2025 r. Grant udzielany jest ze \u015brodk\u00f3w Funduszy Europejskich dla Podlaskiego na lata 2021-2027, w ramach projektu \u201eBon <\/span><\/i><span style=\"font-weight: 400;\">na badania\u201d. Celem projektu jest zakup us\u0142ugi badawczej polegaj\u0105cej na opracowaniu dw\u00f3ch innowacyjnych napoj\u00f3w funkcjonalnych typu suplement diety: \u201eKoncentracja\u201d oraz \u201eSk\u00f3ra\u201d oraz przeprowadzenie procedury ochrony efekt\u00f3w projektu badawczo-rozwojowego.<\/span><\/p>\n<p><span style=\"font-weight: 400;\">Z wyniku projektu b\u0119d\u0105 korzysta\u0107 wszyscy klienci firmy.\u00a0<\/span><\/p>\n<p><i><span style=\"font-weight: 400;\">#Fundusze UE \u00a0 #FunduszeEuropejskie\u00a0<\/span><\/i><\/p>\n<p><i><span style=\"font-weight: 400;\">Warto\u015b\u0107 projektu wynosi 209 100,00 PLN.<\/span><\/i><\/p>\n<p><i><span style=\"font-weight: 400;\">Warto\u015b\u0107 dofinansowania z Funduszy Europejskich wynosi 144\u00a0500,00 PLN.<\/span><\/i><\/p>\n<\/div>","protected":false},"excerpt":{"rendered":"<p>Augustowska Miodosytnia Pawe\u0142 Kotwica Piotr Pi\u0142asiewicz Sp\u00f3\u0142ka Cywilna realizuje projekt zgodnie z umow\u0105 o powierzenie grantu nr 52\/U\/BB\/2024 zawart\u0105 dnia 24 lipca 2025 r. Grant udzielany jest ze \u015brodk\u00f3w Funduszy Europejskich dla Podlaskiego na lata 2021-2027, w ramach projektu \u201eBon na badania\u201d. Celem projektu jest zakup us\u0142ugi badawczej polegaj\u0105cej na opracowaniu dw\u00f3ch innowacyjnych napoj\u00f3w funkcjonalnych&#8230;<\/p>","protected":false},"author":61,"featured_media":0,"parent":0,"menu_order":0,"comment_status":"closed","ping_status":"closed","template":"","meta":{"footnotes":""},"class_list":["post-5769","page","type-page","status-publish","hentry"],"yoast_head":"<!-- This site is optimized with the Yoast SEO plugin v27.3 - https:\/\/yoast.com\/product\/yoast-seo-wordpress\/ -->\n<title>Fundusze europejskie - Augustowska Miodosytnia<\/title>\n<meta name=\"robots\" content=\"index, follow, max-snippet:-1, max-image-preview:large, max-video-preview:-1\" \/>\n<link rel=\"canonical\" href=\"https:\/\/augustowska-miodosytnia.pl\/en\/fundusze-europejskie\/\" \/>\n<meta property=\"og:locale\" content=\"en_GB\" \/>\n<meta property=\"og:type\" content=\"article\" \/>\n<meta property=\"og:title\" content=\"Fundusze europejskie - Augustowska Miodosytnia\" \/>\n<meta property=\"og:description\" content=\"Augustowska Miodosytnia Pawe\u0142 Kotwica Piotr Pi\u0142asiewicz Sp\u00f3\u0142ka Cywilna realizuje projekt zgodnie z umow\u0105 o powierzenie grantu nr 52\/U\/BB\/2024 zawart\u0105 dnia 24 lipca 2025 r. Grant udzielany jest ze \u015brodk\u00f3w Funduszy Europejskich dla Podlaskiego na lata 2021-2027, w ramach projektu \u201eBon na badania\u201d. Celem projektu jest zakup us\u0142ugi badawczej polegaj\u0105cej na opracowaniu dw\u00f3ch innowacyjnych napoj\u00f3w funkcjonalnych...\" \/>\n<meta property=\"og:url\" content=\"https:\/\/augustowska-miodosytnia.pl\/en\/fundusze-europejskie\/\" \/>\n<meta property=\"og:site_name\" content=\"Augustowska Miodosytnia\" \/>\n<meta property=\"article:modified_time\" content=\"2025-11-02T21:16:47+00:00\" \/>\n<meta property=\"og:image\" content=\"https:\/\/augustowska-miodosytnia.pl\/wp-content\/uploads\/2025\/11\/image1.png\" \/>\n\t<meta property=\"og:image:width\" content=\"1923\" \/>\n\t<meta property=\"og:image:height\" content=\"206\" \/>\n\t<meta property=\"og:image:type\" content=\"image\/png\" \/>\n<meta name=\"twitter:card\" content=\"summary_large_image\" \/>\n<script type=\"application\/ld+json\" class=\"yoast-schema-graph\">{\"@context\":\"https:\\\/\\\/schema.org\",\"@graph\":[{\"@type\":\"WebPage\",\"@id\":\"https:\\\/\\\/augustowska-miodosytnia.pl\\\/fundusze-europejskie\\\/\",\"url\":\"https:\\\/\\\/augustowska-miodosytnia.pl\\\/fundusze-europejskie\\\/\",\"name\":\"Fundusze europejskie - Augustowska Miodosytnia\",\"isPartOf\":{\"@id\":\"https:\\\/\\\/augustowska-miodosytnia.pl\\\/#website\"},\"primaryImageOfPage\":{\"@id\":\"https:\\\/\\\/augustowska-miodosytnia.pl\\\/fundusze-europejskie\\\/#primaryimage\"},\"image\":{\"@id\":\"https:\\\/\\\/augustowska-miodosytnia.pl\\\/fundusze-europejskie\\\/#primaryimage\"},\"thumbnailUrl\":\"https:\\\/\\\/augustowska-miodosytnia.pl\\\/wp-content\\\/uploads\\\/2025\\\/11\\\/image1.png\",\"datePublished\":\"2025-11-02T20:18:16+00:00\",\"dateModified\":\"2025-11-02T21:16:47+00:00\",\"breadcrumb\":{\"@id\":\"https:\\\/\\\/augustowska-miodosytnia.pl\\\/fundusze-europejskie\\\/#breadcrumb\"},\"inLanguage\":\"en-GB\",\"potentialAction\":[{\"@type\":\"ReadAction\",\"target\":[\"https:\\\/\\\/augustowska-miodosytnia.pl\\\/fundusze-europejskie\\\/\"]}]},{\"@type\":\"ImageObject\",\"inLanguage\":\"en-GB\",\"@id\":\"https:\\\/\\\/augustowska-miodosytnia.pl\\\/fundusze-europejskie\\\/#primaryimage\",\"url\":\"https:\\\/\\\/augustowska-miodosytnia.pl\\\/wp-content\\\/uploads\\\/2025\\\/11\\\/image1.png\",\"contentUrl\":\"https:\\\/\\\/augustowska-miodosytnia.pl\\\/wp-content\\\/uploads\\\/2025\\\/11\\\/image1.png\"},{\"@type\":\"BreadcrumbList\",\"@id\":\"https:\\\/\\\/augustowska-miodosytnia.pl\\\/fundusze-europejskie\\\/#breadcrumb\",\"itemListElement\":[{\"@type\":\"ListItem\",\"position\":1,\"name\":\"Strona g\u0142\u00f3wna\",\"item\":\"https:\\\/\\\/augustowska-miodosytnia.pl\\\/\"},{\"@type\":\"ListItem\",\"position\":2,\"name\":\"Fundusze europejskie\"}]},{\"@type\":\"WebSite\",\"@id\":\"https:\\\/\\\/augustowska-miodosytnia.pl\\\/#website\",\"url\":\"https:\\\/\\\/augustowska-miodosytnia.pl\\\/\",\"name\":\"Augustowska Miodosytnia\",\"description\":\"Na dobre trunki warto jest czeka\u0107\",\"potentialAction\":[{\"@type\":\"SearchAction\",\"target\":{\"@type\":\"EntryPoint\",\"urlTemplate\":\"https:\\\/\\\/augustowska-miodosytnia.pl\\\/?s={search_term_string}\"},\"query-input\":{\"@type\":\"PropertyValueSpecification\",\"valueRequired\":true,\"valueName\":\"search_term_string\"}}],\"inLanguage\":\"en-GB\"}]}<\/script>\n<!-- \/ Yoast SEO plugin. -->","yoast_head_json":{"title":"Fundusze europejskie - Augustowska Miodosytnia","robots":{"index":"index","follow":"follow","max-snippet":"max-snippet:-1","max-image-preview":"max-image-preview:large","max-video-preview":"max-video-preview:-1"},"canonical":"https:\/\/augustowska-miodosytnia.pl\/en\/fundusze-europejskie\/","og_locale":"en_GB","og_type":"article","og_title":"Fundusze europejskie - Augustowska Miodosytnia","og_description":"Augustowska Miodosytnia Pawe\u0142 Kotwica Piotr Pi\u0142asiewicz Sp\u00f3\u0142ka Cywilna realizuje projekt zgodnie z umow\u0105 o powierzenie grantu nr 52\/U\/BB\/2024 zawart\u0105 dnia 24 lipca 2025 r. Grant udzielany jest ze \u015brodk\u00f3w Funduszy Europejskich dla Podlaskiego na lata 2021-2027, w ramach projektu \u201eBon na badania\u201d. Celem projektu jest zakup us\u0142ugi badawczej polegaj\u0105cej na opracowaniu dw\u00f3ch innowacyjnych napoj\u00f3w funkcjonalnych...","og_url":"https:\/\/augustowska-miodosytnia.pl\/en\/fundusze-europejskie\/","og_site_name":"Augustowska Miodosytnia","article_modified_time":"2025-11-02T21:16:47+00:00","og_image":[{"width":1923,"height":206,"url":"https:\/\/augustowska-miodosytnia.pl\/wp-content\/uploads\/2025\/11\/image1.png","type":"image\/png"}],"twitter_card":"summary_large_image","schema":{"@context":"https:\/\/schema.org","@graph":[{"@type":"WebPage","@id":"https:\/\/augustowska-miodosytnia.pl\/fundusze-europejskie\/","url":"https:\/\/augustowska-miodosytnia.pl\/fundusze-europejskie\/","name":"Fundusze europejskie - Augustowska Miodosytnia","isPartOf":{"@id":"https:\/\/augustowska-miodosytnia.pl\/#website"},"primaryImageOfPage":{"@id":"https:\/\/augustowska-miodosytnia.pl\/fundusze-europejskie\/#primaryimage"},"image":{"@id":"https:\/\/augustowska-miodosytnia.pl\/fundusze-europejskie\/#primaryimage"},"thumbnailUrl":"https:\/\/augustowska-miodosytnia.pl\/wp-content\/uploads\/2025\/11\/image1.png","datePublished":"2025-11-02T20:18:16+00:00","dateModified":"2025-11-02T21:16:47+00:00","breadcrumb":{"@id":"https:\/\/augustowska-miodosytnia.pl\/fundusze-europejskie\/#breadcrumb"},"inLanguage":"en-GB","potentialAction":[{"@type":"ReadAction","target":["https:\/\/augustowska-miodosytnia.pl\/fundusze-europejskie\/"]}]},{"@type":"ImageObject","inLanguage":"en-GB","@id":"https:\/\/augustowska-miodosytnia.pl\/fundusze-europejskie\/#primaryimage","url":"https:\/\/augustowska-miodosytnia.pl\/wp-content\/uploads\/2025\/11\/image1.png","contentUrl":"https:\/\/augustowska-miodosytnia.pl\/wp-content\/uploads\/2025\/11\/image1.png"},{"@type":"BreadcrumbList","@id":"https:\/\/augustowska-miodosytnia.pl\/fundusze-europejskie\/#breadcrumb","itemListElement":[{"@type":"ListItem","position":1,"name":"Strona g\u0142\u00f3wna","item":"https:\/\/augustowska-miodosytnia.pl\/"},{"@type":"ListItem","position":2,"name":"Fundusze europejskie"}]},{"@type":"WebSite","@id":"https:\/\/augustowska-miodosytnia.pl\/#website","url":"https:\/\/augustowska-miodosytnia.pl\/","name":"Augustow Meadery","description":"Na dobre trunki warto jest czeka\u0107","potentialAction":[{"@type":"SearchAction","target":{"@type":"EntryPoint","urlTemplate":"https:\/\/augustowska-miodosytnia.pl\/?s={search_term_string}"},"query-input":{"@type":"PropertyValueSpecification","valueRequired":true,"valueName":"search_term_string"}}],"inLanguage":"en-GB"}]}},"_links":{"self":[{"href":"https:\/\/augustowska-miodosytnia.pl\/en\/wp-json\/wp\/v2\/pages\/5769","targetHints":{"allow":["GET"]}}],"collection":[{"href":"https:\/\/augustowska-miodosytnia.pl\/en\/wp-json\/wp\/v2\/pages"}],"about":[{"href":"https:\/\/augustowska-miodosytnia.pl\/en\/wp-json\/wp\/v2\/types\/page"}],"author":[{"embeddable":true,"href":"https:\/\/augustowska-miodosytnia.pl\/en\/wp-json\/wp\/v2\/users\/61"}],"replies":[{"embeddable":true,"href":"https:\/\/augustowska-miodosytnia.pl\/en\/wp-json\/wp\/v2\/comments?post=5769"}],"version-history":[{"count":9,"href":"https:\/\/augustowska-miodosytnia.pl\/en\/wp-json\/wp\/v2\/pages\/5769\/revisions"}],"predecessor-version":[{"id":5787,"href":"https:\/\/augustowska-miodosytnia.pl\/en\/wp-json\/wp\/v2\/pages\/5769\/revisions\/5787"}],"wp:attachment":[{"href":"https:\/\/augustowska-miodosytnia.pl\/en\/wp-json\/wp\/v2\/media?parent=5769"}],"curies":[{"name":"wp","href":"https:\/\/api.w.org\/{rel}","templated":true}]}}