{"id":5091,"date":"2024-08-27T19:01:25","date_gmt":"2024-08-27T17:01:25","guid":{"rendered":"https:\/\/augustowska-miodosytnia.pl\/?page_id=5091"},"modified":"2026-04-30T09:03:47","modified_gmt":"2026-04-30T07:03:47","slug":"muzeum","status":"publish","type":"page","link":"https:\/\/augustowska-miodosytnia.pl\/en\/muzeum\/","title":{"rendered":"Museum"},"content":{"rendered":"<p><section data-bb-version=\"5.0.5\" id=\"bt_bb_section69f44f443feb7\" class=\"bt_bb_section bt_bb_layout_boxed_1200\"  data-bt-override-class=\"null\"><div class=\"bt_bb_port\"><div class=\"bt_bb_cell\"><div class=\"bt_bb_cell_inner\"><div class=\"bt_bb_row\"  data-bt-override-class=\"{}\"><div class=\"bt_bb_row_holder\" ><div data-bb-version=\"5.0.5\"  class=\"bt_bb_column col-xxl-12 col-xl-12 col-xs-12 col-sm-12 col-md-12 col-lg-12 bt_bb_vertical_align_top bt_bb_align_left bt_bb_padding_normal\" style=\"; --column-width:12;\" data-width=\"12\" data-bt-override-class=\"{}\"><div class=\"bt_bb_column_content\"><div class=\"bt_bb_column_content_inner\"><div data-bb-version=\"5.0.5\" class=\"bt_bb_image bt_bb_shape_square bt_bb_target_self bt_bb_align_inherit bt_bb_hover_style_simple bt_bb_content_display_always bt_bb_content_align_middle\" data-bt-override-class=\"{&quot;bt_bb_align_&quot;:{&quot;current_class&quot;:&quot;bt_bb_align_inherit&quot;,&quot;def&quot;:&quot;inherit&quot;},&quot;bt_bb_content_display_&quot;:{&quot;current_class&quot;:&quot;bt_bb_content_display_always&quot;,&quot;def&quot;:&quot;always&quot;}}\"><span><img loading=\"lazy\" decoding=\"async\" width=\"1501\" height=\"530\" src=\"https:\/\/augustowska-miodosytnia.pl\/wp-content\/uploads\/2024\/08\/268791258_312938887379969_895728610361277527_n-e1724779098275.jpg\" class=\"attachment-full size-full\" alt=\"https:\/\/augustowska-miodosytnia.pl\/wp-content\/uploads\/2024\/08\/268791258_312938887379969_895728610361277527_n-e1724779098275.jpg\" data-full_image_src=\"https:\/\/augustowska-miodosytnia.pl\/wp-content\/uploads\/2024\/08\/268791258_312938887379969_895728610361277527_n-e1724779098275.jpg\" title=\"bartnictwo\" srcset=\"https:\/\/augustowska-miodosytnia.pl\/wp-content\/uploads\/2024\/08\/268791258_312938887379969_895728610361277527_n-e1724779098275.jpg 1501w, https:\/\/augustowska-miodosytnia.pl\/wp-content\/uploads\/2024\/08\/268791258_312938887379969_895728610361277527_n-e1724779098275-640x226.jpg 640w, https:\/\/augustowska-miodosytnia.pl\/wp-content\/uploads\/2024\/08\/268791258_312938887379969_895728610361277527_n-e1724779098275-1280x452.jpg 1280w, https:\/\/augustowska-miodosytnia.pl\/wp-content\/uploads\/2024\/08\/268791258_312938887379969_895728610361277527_n-e1724779098275-768x271.jpg 768w, https:\/\/augustowska-miodosytnia.pl\/wp-content\/uploads\/2024\/08\/268791258_312938887379969_895728610361277527_n-e1724779098275-18x6.jpg 18w, https:\/\/augustowska-miodosytnia.pl\/wp-content\/uploads\/2024\/08\/268791258_312938887379969_895728610361277527_n-e1724779098275-320x113.jpg 320w, https:\/\/augustowska-miodosytnia.pl\/wp-content\/uploads\/2024\/08\/268791258_312938887379969_895728610361277527_n-e1724779098275-400x141.jpg 400w, https:\/\/augustowska-miodosytnia.pl\/wp-content\/uploads\/2024\/08\/268791258_312938887379969_895728610361277527_n-e1724779098275-600x212.jpg 600w\" sizes=\"auto, (max-width: 1501px) 100vw, 1501px\" \/><\/span><\/div><\/div><\/div><\/div><\/div><\/div><\/div><!-- cell_inner --><\/div><!-- cell --><\/div><!-- port --><\/section><section data-bb-version=\"5.0.5\" id=\"bt_bb_section69f44f444064e\" class=\"bt_bb_section bt_bb_layout_boxed_1200\"  data-bt-override-class=\"null\"><div class=\"bt_bb_port\"><div class=\"bt_bb_cell\"><div class=\"bt_bb_cell_inner\"><div class=\"bt_bb_row\"  data-bt-override-class=\"{}\"><div class=\"bt_bb_row_holder\" ><div data-bb-version=\"5.0.5\"  class=\"bt_bb_column col-xxl-12 col-xl-12 col-xs-12 col-sm-12 col-md-12 col-lg-12 bt_bb_vertical_align_top bt_bb_align_left bt_bb_padding_normal\" style=\"; --column-width:12;\" data-width=\"12\" data-bt-override-class=\"{}\"><div class=\"bt_bb_column_content\"><div class=\"bt_bb_column_content_inner\"><div data-bb-version=\"5.0.5\" class=\"bt_bb_separator bt_bb_border_style_none bt_bb_top_spacing_none bt_bb_bottom_spacing_normal\" data-bt-override-class=\"{&quot;bt_bb_top_spacing_&quot;:{&quot;current_class&quot;:&quot;bt_bb_top_spacing_none&quot;,&quot;def&quot;:&quot;none&quot;},&quot;bt_bb_bottom_spacing_&quot;:{&quot;current_class&quot;:&quot;bt_bb_bottom_spacing_normal&quot;,&quot;def&quot;:&quot;normal&quot;}}\"><\/div><header data-bb-version=\"5.0.5\" class=\"bt_bb_headline bt_bb_dash_none bt_bb_size_inherit bt_bb_align_inherit\" data-bt-override-class=\"{&quot;bt_bb_size_&quot;:{&quot;current_class&quot;:&quot;bt_bb_size_inherit&quot;,&quot;def&quot;:&quot;inherit&quot;},&quot;bt_bb_align_&quot;:{&quot;current_class&quot;:&quot;bt_bb_align_inherit&quot;,&quot;def&quot;:&quot;inherit&quot;}}\"><h1 class=\"bt_bb_headline_tag\"><span class=\"bt_bb_headline_content\"><span>Muzeum Kultury Bartniczej<\/span><\/span><\/h1><\/header><div data-bb-version=\"5.0.5\" class=\"bt_bb_separator bt_bb_border_style_none bt_bb_top_spacing_normal bt_bb_bottom_spacing_normal\" data-bt-override-class=\"{&quot;bt_bb_top_spacing_&quot;:{&quot;current_class&quot;:&quot;bt_bb_top_spacing_normal&quot;,&quot;def&quot;:&quot;normal&quot;},&quot;bt_bb_bottom_spacing_&quot;:{&quot;current_class&quot;:&quot;bt_bb_bottom_spacing_normal&quot;,&quot;def&quot;:&quot;normal&quot;}}\"><\/div><div  class=\"bt_bb_text\" ><\/p>\n<p>W budynku Augustowskiej Miodosytni, na ulicy Tytoniowej 9 w Augustowie, mie\u015bci si\u0119 Muzeum Kultury Bartniczej.<\/p>\n<p>Zanurz si\u0119 w fascynuj\u0105cy \u015bwiat bartnictwa, w kt\u00f3rym historia spotyka si\u0119 z tera\u017aniejszo\u015bci\u0105. Poznaj tajemnice dawnych rzemie\u015blnik\u00f3w, kt\u00f3rzy tworzyli unikalne produkty z miodu i wosku. W <strong>Muzeum Kultury Bartniczej<\/strong> odkryjesz nie tylko histori\u0119, ale tak\u017ce wsp\u00f3\u0142czesne oblicze tego rzemios\u0142a. <strong>Museum<\/strong> to nie tylko ekspozycja przedmiot\u00f3w, ale przede wszystkim opowie\u015b\u0107 o ludziach i ich relacji z natur\u0105. To tutaj mo\u017cesz dowiedzie\u0107 si\u0119 wi\u0119cej o tradycjach bartniczych Wielkiego Ksi\u0119stwa Litewskiego oraz o tym, jak te tradycje wp\u0142yn\u0119\u0142y na kszta\u0142towanie si\u0119 wsp\u00f3\u0142czesnej kultury.<\/p>\n<p>Lokalizacja Muzeum<\/p>\n<h2>Historia powstania Muzeum Kultury Bartniczej<\/h2>\n<p>Jest to wsp\u00f3lny projekt Bractwa Bartnego oraz sp\u00f3\u0142ki Non Profit Bartnicy, nad kt\u00f3rym mecenat prowadzi Augustowska Miodosytnia. W Muzeum przybli\u017camy tradycj\u0119, kt\u00f3ra nas ukszta\u0142towa\u0142a i w duchu kt\u00f3rej powsta\u0142a Augustowska Miodosytnia. Prezentujemy histori\u0119 interakcji cz\u0142owieka z pszczo\u0142\u0105 oraz specyfik\u0119 tradycji bartniczych Wielkiego Ksi\u0119stwa Litewskiego.<\/p>\n<p>Poprzez Muzeum chcemy pokaza\u0107, na czym polega tradycja, kt\u00f3ra nas ukszta\u0142towa\u0142a, opowiedzie\u0107 histori\u0119 bartnictwa, a tak\u017ce pokaza\u0107 jak radz\u0105 sobie obecnie pszczo\u0142y w swoim naturalnym \u015brodowisku oraz czym bartnictwo jest wsp\u00f3\u0142cze\u015bnie.<\/p>\n<p>Muzeum prowadzi Bractwo Bartne, kt\u00f3re zebra\u0142o w nim ca\u0142e mn\u00f3stwo cennych eksponat\u00f3w zwi\u0105zanych z bartnictwem, w tym ostatni\u0105 k\u0142od\u0119 bartn\u0105 z Puszczy Augustowskiej czy d\u0105b czarny zawieraj\u0105cy kompletne gniazdo pszczele sprzed wiek\u00f3w. Na rozbudow\u0119 muzeum Bractwo Bartne pozyska\u0142o dofinansowanie z programu INTERREG PL-LT Projekt LTPL00145.<\/p>\n<p>\u00a0<\/p>\n<p>\u200b<\/p>\n<h2>Muzeum Kultury Bartnickiej w Augustowskiej Miodosytni<\/h2>\n<p>Inicjatywa stworzenia <strong>Muzeum Kultury Bartniczej<\/strong> narodzi\u0142a si\u0119 w sercach cz\u0142onk\u00f3w Bractwa Bartnego Augustowska <a href=\"\/en\/sklep\/\">Meadery<\/a> jest miejscem, kt\u00f3re sta\u0142o si\u0119 domem dla tej wyj\u0105tkowej instytucji kulturalnej. Wsp\u00f3lnym wysi\u0142kiem uda\u0142o si\u0119 zgromadzi\u0107 cenne eksponaty i stworzy\u0107 miejsce pe\u0142ne historii.<\/p>\n<p><strong>Muzeum Kultury Bartniczej<\/strong> to miejsce, kt\u00f3re pokazuje, na czym polega tradycja bartnicza, opowiada histori\u0119 tej dziedziny i prezentuje wsp\u00f3\u0142czesne metody pracy bartnik\u00f3w. To miejsce pe\u0142ne pasji i zaanga\u017cowania w ochron\u0119 dziedzictwa kulturowego.<\/p>\n<h2>Dlaczego warto odwiedzi\u0107 Muzeum Kultury Bartniczej?<\/h2>\n<p>Warto pozna\u0107 tradycje bartnicze, poniewa\u017c pozwalaj\u0105 one na lepsze zrozumienie roli pszcz\u00f3\u0142 w ekosystemie. Tradycje te ucz\u0105 nas szacunku do natury i jej dar\u00f3w, co jest niezwykle wa\u017cne w dzisiejszym \u015bwiecie. Poznanie dawnych metod pozyskiwania miodu pszczelego dzi\u0119ki wizycie w <strong>Muzeum Kultury Bartniczej<\/strong> mo\u017ce by\u0107 inspiracj\u0105 do bardziej ekologicznych rozwi\u0105za\u0144 w rolnictwie.<\/p>\n<p>Bartnictwo to tak\u017ce cz\u0119\u015b\u0107 naszego dziedzictwa kulturowego, kt\u00f3re warto piel\u0119gnowa\u0107 i przekazywa\u0107 kolejnym pokoleniom. Wiedza o tradycjach bartniczych pomaga zrozumie\u0107, jak ludzie dawniej \u017cyli w harmonii z przyrod\u0105.<\/p>\n<p>Tradycje te pokazuj\u0105 r\u00f3wnie\u017c, jak wielk\u0105 rol\u0119 odgrywa\u0142y pszczo\u0142y w \u017cyciu codziennym ludzi. Wsp\u00f3\u0142czesne bartnictwo \u0142\u0105czy nowoczesno\u015b\u0107 z dawnymi technikami, co czyni je jeszcze bardziej interesuj\u0105cym. Zapraszamy do odwiedzenia <strong>Muzeum Kultury Bartniczej<\/strong>, kt\u00f3re mie\u015bci si\u0119 w budynku Augustowskiej <strong>Miodosytni<\/strong>.<\/p>\n<p><strong>Godziny otwarcia:<\/strong><\/p>\n<p>Zwiedzanie MKB z przewodnikiem:<\/p>\n<p>Od kwietnia do sierpnia, codziennie od poniedzia\u0142ku do pi\u0105tku, zwiedzanie z przewodnikiem o godz. 12.00<\/p>\n<p>Cena biletu:<\/p>\n<p>Normalny 25 z\u0142<\/p>\n<p>Ulgowy 15 z\u0142<\/p>\n<p>Bilety ulgowe przys\u0142uguj\u0105 przy zwiedzaniu indywidualnym dla:<\/p>\n<p>-dzieci i m\u0142odzie\u017cy do 18 lat lub na podstawie legitymacji studenckiej;<\/p>\n<p>-posiadaczy Karty Du\u017cej Rodziny;<\/p>\n<p>-posiadaczy Augustowskiej karty Mieszka\u0144ca;<\/p>\n<p>-posiadaczy Augustowskiej Karty Turysty;<\/p>\n<p>Bilet zwyk\u0142y: 25 PLN<\/p>\n<p>Po uzgodnieniu telefonicznym mo\u017cliwe oprowadzenie z przewodnikiem \u2013 jednym z bartnik\u00f3w.<\/p>\n<p>Cena biletu z oprowadzeniem: 25 PLN<\/p>\n<p>Rezerwacji dla grup powy\u017cej 15 os\u00f3b prosimy dokonywa\u0107 z wyprzedzeniem.<\/p>\n<p>\u00a0<\/p>\n<p>\u00a0<\/p>\n<figure id=\"attachment_5101\" aria-describedby=\"caption-attachment-5101\" style=\"width: 2560px\" class=\"wp-caption alignnone\"><img loading=\"lazy\" decoding=\"async\" class=\"wp-image-5101 size-full\" src=\"\/wp-content\/uploads\/2024\/08\/IMG_9226-scaled.jpg\" alt=\"\" width=\"2560\" height=\"1920\" srcset=\"https:\/\/augustowska-miodosytnia.pl\/wp-content\/uploads\/2024\/08\/IMG_9226-scaled.jpg 2560w, https:\/\/augustowska-miodosytnia.pl\/wp-content\/uploads\/2024\/08\/IMG_9226-640x480.jpg 640w, https:\/\/augustowska-miodosytnia.pl\/wp-content\/uploads\/2024\/08\/IMG_9226-1280x960.jpg 1280w, https:\/\/augustowska-miodosytnia.pl\/wp-content\/uploads\/2024\/08\/IMG_9226-768x576.jpg 768w, https:\/\/augustowska-miodosytnia.pl\/wp-content\/uploads\/2024\/08\/IMG_9226-1536x1152.jpg 1536w, https:\/\/augustowska-miodosytnia.pl\/wp-content\/uploads\/2024\/08\/IMG_9226-2048x1536.jpg 2048w, https:\/\/augustowska-miodosytnia.pl\/wp-content\/uploads\/2024\/08\/IMG_9226-16x12.jpg 16w, https:\/\/augustowska-miodosytnia.pl\/wp-content\/uploads\/2024\/08\/IMG_9226-320x240.jpg 320w, https:\/\/augustowska-miodosytnia.pl\/wp-content\/uploads\/2024\/08\/IMG_9226-400x300.jpg 400w, https:\/\/augustowska-miodosytnia.pl\/wp-content\/uploads\/2024\/08\/IMG_9226-600x450.jpg 600w\" sizes=\"auto, (max-width: 2560px) 100vw, 2560px\" \/><figcaption id=\"caption-attachment-5101\" class=\"wp-caption-text\">Ostatnia k\u0142oda bartna z Puszczy Augustowskiej oraz ko\u0142o do wci\u0105gania na drzewa barci. Eksponat z Polesia Bia\u0142oruskiego ze zbior\u00f3w prof. Krzysztofa Heyke. Fot. Bractwo Bartne<\/figcaption><\/figure>\n<p>\u00a0<\/p>\n<p>\n<\/div><\/div><\/div><\/div><\/div><\/div><div data-bb-version=\"5.0.5\" class=\"bt_bb_row\"  data-bt-override-class=\"{}\"><div class=\"bt_bb_row_holder\" ><div data-bb-version=\"5.0.5\"  class=\"bt_bb_column col-xxl-12 col-xl-12 col-xs-12 col-sm-12 col-md-12 col-lg-12 bt_bb_vertical_align_top bt_bb_align_left bt_bb_padding_normal\" style=\"; --column-width:12;\" data-width=\"12\" data-bt-override-class=\"{}\"><div class=\"bt_bb_column_content\"><div class=\"bt_bb_column_content_inner\"><\/div><\/div><\/div><\/div><\/div><div data-bb-version=\"5.0.5\" class=\"bt_bb_row\"  data-bt-override-class=\"{}\"><div class=\"bt_bb_row_holder\" ><div data-bb-version=\"5.0.5\"  class=\"bt_bb_column col-xxl-12 col-xl-12 col-xs-12 col-sm-12 col-md-12 col-lg-12 bt_bb_vertical_align_top bt_bb_align_left bt_bb_padding_normal\" style=\"; --column-width:12;\" data-width=\"12\" data-bt-override-class=\"{}\"><div class=\"bt_bb_column_content\"><div class=\"bt_bb_column_content_inner\"><\/div><\/div><\/div><\/div><\/div><\/div><!-- cell_inner --><\/div><!-- cell --><\/div><!-- port --><\/section><\/p>","protected":false},"excerpt":{"rendered":"","protected":false},"author":61,"featured_media":0,"parent":0,"menu_order":0,"comment_status":"closed","ping_status":"closed","template":"","meta":{"footnotes":""},"class_list":["post-5091","page","type-page","status-publish","hentry"],"yoast_head":"<!-- This site is optimized with the Yoast SEO plugin v27.3 - https:\/\/yoast.com\/product\/yoast-seo-wordpress\/ -->\n<title>Muzeum Kultury Bartniczej - Augustowska Miodosytnia<\/title>\n<meta name=\"description\" content=\"Odkryj tajemnice bartnictwa podczas wizyty w Muzeum Kultury Bartniczej w Augustowie. Poznaj histori\u0119, tradycje i wsp\u00f3\u0142czesne metody pracy bartnik\u00f3w.\" \/>\n<meta name=\"robots\" content=\"index, follow, max-snippet:-1, max-image-preview:large, max-video-preview:-1\" \/>\n<link rel=\"canonical\" href=\"https:\/\/augustowska-miodosytnia.pl\/en\/muzeum\/\" \/>\n<meta property=\"og:locale\" content=\"en_GB\" \/>\n<meta property=\"og:type\" content=\"article\" \/>\n<meta property=\"og:title\" content=\"Muzeum Kultury Bartniczej - Augustowska Miodosytnia\" \/>\n<meta property=\"og:description\" content=\"Odkryj tajemnice bartnictwa podczas wizyty w Muzeum Kultury Bartniczej w Augustowie. Poznaj histori\u0119, tradycje i wsp\u00f3\u0142czesne metody pracy bartnik\u00f3w.\" \/>\n<meta property=\"og:url\" content=\"https:\/\/augustowska-miodosytnia.pl\/en\/muzeum\/\" \/>\n<meta property=\"og:site_name\" content=\"Augustowska Miodosytnia\" \/>\n<meta property=\"article:modified_time\" content=\"2026-04-30T07:03:47+00:00\" \/>\n<meta name=\"twitter:card\" content=\"summary_large_image\" \/>\n<meta name=\"twitter:label1\" content=\"Est. reading time\" \/>\n\t<meta name=\"twitter:data1\" content=\"5 minutes\" \/>\n<script type=\"application\/ld+json\" class=\"yoast-schema-graph\">{\"@context\":\"https:\\\/\\\/schema.org\",\"@graph\":[{\"@type\":\"WebPage\",\"@id\":\"https:\\\/\\\/augustowska-miodosytnia.pl\\\/muzeum\\\/\",\"url\":\"https:\\\/\\\/augustowska-miodosytnia.pl\\\/muzeum\\\/\",\"name\":\"Muzeum Kultury Bartniczej - Augustowska Miodosytnia\",\"isPartOf\":{\"@id\":\"https:\\\/\\\/augustowska-miodosytnia.pl\\\/#website\"},\"datePublished\":\"2024-08-27T17:01:25+00:00\",\"dateModified\":\"2026-04-30T07:03:47+00:00\",\"description\":\"Odkryj tajemnice bartnictwa podczas wizyty w Muzeum Kultury Bartniczej w Augustowie. Poznaj histori\u0119, tradycje i wsp\u00f3\u0142czesne metody pracy bartnik\u00f3w.\",\"breadcrumb\":{\"@id\":\"https:\\\/\\\/augustowska-miodosytnia.pl\\\/muzeum\\\/#breadcrumb\"},\"inLanguage\":\"en-GB\",\"potentialAction\":[{\"@type\":\"ReadAction\",\"target\":[\"https:\\\/\\\/augustowska-miodosytnia.pl\\\/muzeum\\\/\"]}]},{\"@type\":\"BreadcrumbList\",\"@id\":\"https:\\\/\\\/augustowska-miodosytnia.pl\\\/muzeum\\\/#breadcrumb\",\"itemListElement\":[{\"@type\":\"ListItem\",\"position\":1,\"name\":\"Strona g\u0142\u00f3wna\",\"item\":\"https:\\\/\\\/augustowska-miodosytnia.pl\\\/\"},{\"@type\":\"ListItem\",\"position\":2,\"name\":\"Muzeum\"}]},{\"@type\":\"WebSite\",\"@id\":\"https:\\\/\\\/augustowska-miodosytnia.pl\\\/#website\",\"url\":\"https:\\\/\\\/augustowska-miodosytnia.pl\\\/\",\"name\":\"Augustowska Miodosytnia\",\"description\":\"Na dobre trunki warto jest czeka\u0107\",\"potentialAction\":[{\"@type\":\"SearchAction\",\"target\":{\"@type\":\"EntryPoint\",\"urlTemplate\":\"https:\\\/\\\/augustowska-miodosytnia.pl\\\/?s={search_term_string}\"},\"query-input\":{\"@type\":\"PropertyValueSpecification\",\"valueRequired\":true,\"valueName\":\"search_term_string\"}}],\"inLanguage\":\"en-GB\"}]}<\/script>\n<!-- \/ Yoast SEO plugin. -->","yoast_head_json":{"title":"Muzeum Kultury Bartniczej - Augustowska Miodosytnia","description":"Odkryj tajemnice bartnictwa podczas wizyty w Muzeum Kultury Bartniczej w Augustowie. Poznaj histori\u0119, tradycje i wsp\u00f3\u0142czesne metody pracy bartnik\u00f3w.","robots":{"index":"index","follow":"follow","max-snippet":"max-snippet:-1","max-image-preview":"max-image-preview:large","max-video-preview":"max-video-preview:-1"},"canonical":"https:\/\/augustowska-miodosytnia.pl\/en\/muzeum\/","og_locale":"en_GB","og_type":"article","og_title":"Muzeum Kultury Bartniczej - Augustowska Miodosytnia","og_description":"Odkryj tajemnice bartnictwa podczas wizyty w Muzeum Kultury Bartniczej w Augustowie. Poznaj histori\u0119, tradycje i wsp\u00f3\u0142czesne metody pracy bartnik\u00f3w.","og_url":"https:\/\/augustowska-miodosytnia.pl\/en\/muzeum\/","og_site_name":"Augustowska Miodosytnia","article_modified_time":"2026-04-30T07:03:47+00:00","twitter_card":"summary_large_image","twitter_misc":{"Est. reading time":"5 minutes"},"schema":{"@context":"https:\/\/schema.org","@graph":[{"@type":"WebPage","@id":"https:\/\/augustowska-miodosytnia.pl\/muzeum\/","url":"https:\/\/augustowska-miodosytnia.pl\/muzeum\/","name":"Muzeum Kultury Bartniczej - Augustowska Miodosytnia","isPartOf":{"@id":"https:\/\/augustowska-miodosytnia.pl\/#website"},"datePublished":"2024-08-27T17:01:25+00:00","dateModified":"2026-04-30T07:03:47+00:00","description":"Odkryj tajemnice bartnictwa podczas wizyty w Muzeum Kultury Bartniczej w Augustowie. Poznaj histori\u0119, tradycje i wsp\u00f3\u0142czesne metody pracy bartnik\u00f3w.","breadcrumb":{"@id":"https:\/\/augustowska-miodosytnia.pl\/muzeum\/#breadcrumb"},"inLanguage":"en-GB","potentialAction":[{"@type":"ReadAction","target":["https:\/\/augustowska-miodosytnia.pl\/muzeum\/"]}]},{"@type":"BreadcrumbList","@id":"https:\/\/augustowska-miodosytnia.pl\/muzeum\/#breadcrumb","itemListElement":[{"@type":"ListItem","position":1,"name":"Strona g\u0142\u00f3wna","item":"https:\/\/augustowska-miodosytnia.pl\/"},{"@type":"ListItem","position":2,"name":"Muzeum"}]},{"@type":"WebSite","@id":"https:\/\/augustowska-miodosytnia.pl\/#website","url":"https:\/\/augustowska-miodosytnia.pl\/","name":"Augustow Meadery","description":"Na dobre trunki warto jest czeka\u0107","potentialAction":[{"@type":"SearchAction","target":{"@type":"EntryPoint","urlTemplate":"https:\/\/augustowska-miodosytnia.pl\/?s={search_term_string}"},"query-input":{"@type":"PropertyValueSpecification","valueRequired":true,"valueName":"search_term_string"}}],"inLanguage":"en-GB"}]}},"_links":{"self":[{"href":"https:\/\/augustowska-miodosytnia.pl\/en\/wp-json\/wp\/v2\/pages\/5091","targetHints":{"allow":["GET"]}}],"collection":[{"href":"https:\/\/augustowska-miodosytnia.pl\/en\/wp-json\/wp\/v2\/pages"}],"about":[{"href":"https:\/\/augustowska-miodosytnia.pl\/en\/wp-json\/wp\/v2\/types\/page"}],"author":[{"embeddable":true,"href":"https:\/\/augustowska-miodosytnia.pl\/en\/wp-json\/wp\/v2\/users\/61"}],"replies":[{"embeddable":true,"href":"https:\/\/augustowska-miodosytnia.pl\/en\/wp-json\/wp\/v2\/comments?post=5091"}],"version-history":[{"count":22,"href":"https:\/\/augustowska-miodosytnia.pl\/en\/wp-json\/wp\/v2\/pages\/5091\/revisions"}],"predecessor-version":[{"id":6054,"href":"https:\/\/augustowska-miodosytnia.pl\/en\/wp-json\/wp\/v2\/pages\/5091\/revisions\/6054"}],"wp:attachment":[{"href":"https:\/\/augustowska-miodosytnia.pl\/en\/wp-json\/wp\/v2\/media?parent=5091"}],"curies":[{"name":"wp","href":"https:\/\/api.w.org\/{rel}","templated":true}]}}