{"id":23,"date":"2017-07-13T21:45:54","date_gmt":"2017-07-13T19:45:54","guid":{"rendered":"http:\/\/augustowska-miodosytnia.pl\/?page_id=23"},"modified":"2025-06-11T13:54:14","modified_gmt":"2025-06-11T11:54:14","slug":"kontakt","status":"publish","type":"page","link":"https:\/\/augustowska-miodosytnia.pl\/en\/kontakt\/","title":{"rendered":"Contact"},"content":{"rendered":"<p><section id=\"bt_bb_section69de226381a1b\" class=\"bt_bb_section bt_bb_layout_wide bt_bb_vertical_align_top\"  data-bt-override-class=\"null\"><div class=\"bt_bb_port\"><div class=\"bt_bb_cell\"><div class=\"bt_bb_cell_inner\"><div class=\"bt_bb_row\"  data-bt-override-class=\"{}\"><div class=\"bt_bb_row_holder\" ><div  class=\"bt_bb_column col-xxl-12 col-xl-12 bt_bb_vertical_align_top bt_bb_align_center bt_bb_padding_normal\" style=\"; --column-width:12;\" data-width=\"12\" data-bt-override-class=\"{}\"><div class=\"bt_bb_column_content\"><div class=\"bt_bb_column_content_inner\"><div class=\"bt_bb_image bt_bb_shape_square bt_bb_target_self bt_bb_align_inherit bt_bb_hover_style_simple bt_bb_content_display_always bt_bb_content_align_middle\" data-bt-override-class=\"{}\"><span><img loading=\"lazy\" decoding=\"async\" width=\"1920\" height=\"700\" src=\"https:\/\/augustowska-miodosytnia.pl\/wp-content\/uploads\/2020\/06\/Baner_kontakt_1920x700px.jpg\" class=\"attachment-full size-full\" alt=\"https:\/\/augustowska-miodosytnia.pl\/wp-content\/uploads\/2020\/06\/Baner_kontakt_1920x700px.jpg\" data-full_image_src=\"https:\/\/augustowska-miodosytnia.pl\/wp-content\/uploads\/2020\/06\/Baner_kontakt_1920x700px.jpg\" title=\"Baner_kontakt_1920x700px\" srcset=\"https:\/\/augustowska-miodosytnia.pl\/wp-content\/uploads\/2020\/06\/Baner_kontakt_1920x700px.jpg 1920w, https:\/\/augustowska-miodosytnia.pl\/wp-content\/uploads\/2020\/06\/Baner_kontakt_1920x700px-400x146.jpg 400w, https:\/\/augustowska-miodosytnia.pl\/wp-content\/uploads\/2020\/06\/Baner_kontakt_1920x700px-600x219.jpg 600w, https:\/\/augustowska-miodosytnia.pl\/wp-content\/uploads\/2020\/06\/Baner_kontakt_1920x700px-640x233.jpg 640w, https:\/\/augustowska-miodosytnia.pl\/wp-content\/uploads\/2020\/06\/Baner_kontakt_1920x700px-1280x467.jpg 1280w, https:\/\/augustowska-miodosytnia.pl\/wp-content\/uploads\/2020\/06\/Baner_kontakt_1920x700px-768x280.jpg 768w, https:\/\/augustowska-miodosytnia.pl\/wp-content\/uploads\/2020\/06\/Baner_kontakt_1920x700px-1536x560.jpg 1536w, https:\/\/augustowska-miodosytnia.pl\/wp-content\/uploads\/2020\/06\/Baner_kontakt_1920x700px-320x117.jpg 320w\" sizes=\"auto, (max-width: 1920px) 100vw, 1920px\" \/><\/span><\/div><\/div><\/div><\/div><\/div><\/div><\/div><!-- cell_inner --><\/div><!-- cell --><\/div><!-- port --><\/section><section id=\"bt_bb_section69de226381fd9\" class=\"bt_bb_section bt_bb_layout_boxed_1200 bt_bb_vertical_align_top bt_bb_top_spacing_large bt_bb_bottom_spacing_large\" style=\"background: rgba(50, 50, 50, 0.5);background-color:#ffffff;\" data-bt-override-class=\"null\"><div class=\"bt_bb_port\"><div class=\"bt_bb_cell\"><div class=\"bt_bb_cell_inner\"><div class=\"bt_bb_row\"  data-bt-override-class=\"{}\"><div class=\"bt_bb_row_holder\" ><div  class=\"bt_bb_column col-xxl-6 col-xl-6 bt_bb_vertical_align_top bt_bb_align_left bt_bb_padding_double\" style=\"; --column-width:6;\" data-width=\"6\" data-bt-override-class=\"{}\"><div class=\"bt_bb_column_content\"><div class=\"bt_bb_column_content_inner\"><header class=\"bt_bb_headline bt_bb_color_scheme_5 bt_bb_dash_none bt_bb_size_normal bt_bb_align_inherit\" style=\"; --primary-color:#191919; --secondary-color:#B28564;\" data-bt-override-class=\"{}\"><h1 class=\"bt_bb_headline_tag\"><span class=\"bt_bb_headline_content\"><span>Contact<\/span><\/span><\/h1><\/header><header class=\"bt_bb_headline bt_bb_color_scheme_5 bt_bb_dash_none bt_bb_size_normal bt_bb_align_inherit\" style=\"; --primary-color:#191919; --secondary-color:#B28564;\" data-bt-override-class=\"{}\"><h2 class=\"bt_bb_headline_tag\"><span class=\"bt_bb_headline_content\"><span>WRITE US<\/span><\/span><\/h2><\/header><div class=\"bt_bb_separator bt_bb_border_style_none bt_bb_top_spacing_medium\" data-bt-override-class=\"null\"><\/div><div  class=\"bt_bb_text\" ><\/p>\n<p>Je\u017celi chcesz nam co\u015b przekaza\u0107 \u2013 skorzystaj z formularza kontaktowego znajduj\u0105cego si\u0119 na tej stronie.<\/p>\n<p>Augustowska Miodosytnia Pawe\u0142 Kotwica Piotr Pi\u0142asiewicz S.C.<br \/>\nul. Tytoniowa 9<br \/>\n16-300 August\u00f3w<br \/>\nwoj. Podlaskie<br \/>\nPoland<br \/>\nNIP: 846-16-64-239<br \/>\nTEL. 603 601 195 Pawe\u0142 Kotwica<br \/>\nTEL. 601 542 516 Piotr Pi\u0142asiewicz<\/p>\n<p><a href=\"mailto:biuro@augustowska-miodosytnia.pl\">biuro@augustowska-miodosytnia.pl<\/a><\/p>\n<p>\n<\/div><div class=\"bt_bb_separator bt_bb_border_style_none bt_bb_bottom_spacing_medium\" data-bt-override-class=\"null\"><\/div><\/div><\/div><\/div><div  class=\"bt_bb_column col-xxl-6 col-xl-6 bt_bb_vertical_align_top bt_bb_align_left bt_bb_padding_normal\" style=\"; --column-width:6;\" data-width=\"6\" data-bt-override-class=\"{}\"><div class=\"bt_bb_column_content\"><div class=\"bt_bb_column_content_inner\"><div  class=\"bt_bb_text\" ><\/p>\n<div class=\"wpcf7 no-js\" id=\"wpcf7-f9-o1\" lang=\"pl-PL\" dir=\"ltr\" data-wpcf7-id=\"9\">\n<div class=\"screen-reader-response\">\n<p role=\"status\" aria-live=\"polite\" aria-atomic=\"true\">\n<ul><\/ul>\n<\/div>\n<form action=\"\/en\/wp-json\/wp\/v2\/pages\/23#wpcf7-f9-o1\" method=\"post\" class=\"wpcf7-form init\" aria-label=\"Contact form\" novalidate=\"novalidate\" data-status=\"init\" data-trp-original-action=\"\/en\/wp-json\/wp\/v2\/pages\/23#wpcf7-f9-o1\">\n<fieldset class=\"hidden-fields-container\"><input type=\"hidden\" name=\"_wpcf7\" value=\"9\" \/><input type=\"hidden\" name=\"_wpcf7_version\" value=\"6.1.5\" \/><input type=\"hidden\" name=\"_wpcf7_locale\" value=\"pl_PL\" \/><input type=\"hidden\" name=\"_wpcf7_unit_tag\" value=\"wpcf7-f9-o1\" \/><input type=\"hidden\" name=\"_wpcf7_container_post\" value=\"0\" \/><input type=\"hidden\" name=\"_wpcf7_posted_data_hash\" value=\"\" \/><br \/>\n<\/fieldset>\n<div class=\"boldRow btContactRow\">\n<div class=\"btContactRowInput btContactRowInputFlex\">\n<div class=\"btContactInputName\">\n<p><span class=\"wpcf7-form-control-wrap\" data-name=\"your-name\"><input size=\"40\" maxlength=\"400\" class=\"wpcf7-form-control wpcf7-text wpcf7-validates-as-required\" aria-required=\"true\" aria-invalid=\"false\" placeholder=\"Your first name and last name\" value=\"\" type=\"text\" name=\"your-name\" \/><\/span>\n\t\t\t<\/p>\n<\/p><\/div>\n<div class=\"btContactInputEmail\">\n<p><span class=\"wpcf7-form-control-wrap\" data-name=\"your-email\"><input size=\"40\" maxlength=\"400\" class=\"wpcf7-form-control wpcf7-email wpcf7-validates-as-required wpcf7-text wpcf7-validates-as-email\" aria-required=\"true\" aria-invalid=\"false\" placeholder=\"Email\" value=\"\" type=\"email\" name=\"your-email\" \/><\/span>\n\t\t\t<\/p>\n<\/p><\/div>\n<\/p><\/div>\n<div class=\"btContactRowInput\">\n<p><span class=\"wpcf7-form-control-wrap\" data-name=\"your-subject\"><input size=\"40\" maxlength=\"400\" class=\"wpcf7-form-control wpcf7-text wpcf7-validates-as-required\" aria-required=\"true\" aria-invalid=\"false\" placeholder=\"Subject\" value=\"\" type=\"text\" name=\"your-subject\" \/><\/span>\n\t\t<\/p>\n<\/p><\/div>\n<div class=\"btContactRowInput\">\n<p><span class=\"wpcf7-form-control-wrap\" data-name=\"your-message\"><textarea cols=\"40\" rows=\"10\" maxlength=\"2000\" class=\"wpcf7-form-control wpcf7-textarea\" aria-invalid=\"false\" placeholder=\"Your message\" name=\"your-message\"><\/textarea><\/span>\n\t\t<\/p>\n<\/p><\/div>\n<div class=\"btContactRowButton\">\n<p><input class=\"wpcf7-form-control wpcf7-submit has-spinner\" type=\"submit\" value=\"Send\" \/>\n\t\t<\/p>\n<\/p><\/div>\n<\/div>\n<div class=\"wpcf7-response-output\" aria-hidden=\"true\"><\/div>\n<input type=\"hidden\" name=\"trp-form-language\" value=\"en\"\/><\/form>\n<\/div>\n<p>\n<\/div><\/div><\/div><\/div><\/div><\/div><\/div><!-- cell_inner --><\/div><!-- cell --><\/div><!-- port --><\/section><section data-bb-version=\"5.2.5\" id=\"bt_bb_section69de226382da6\" class=\"bt_bb_section bt_bb_layout_boxed_1200\"  data-bt-override-class=\"null\"><div class=\"bt_bb_port\"><div class=\"bt_bb_cell\"><div class=\"bt_bb_cell_inner\"><div class=\"bt_bb_row\"  data-bt-override-class=\"{}\"><div class=\"bt_bb_row_holder\" ><div data-bb-version=\"5.2.5\"  class=\"bt_bb_column col-xxl-12 col-xl-12 col-xs-12 col-sm-12 col-md-12 col-lg-12 bt_bb_vertical_align_top bt_bb_align_left bt_bb_padding_normal\" style=\"; --column-width:12;\" data-width=\"12\" data-bt-override-class=\"{}\"><div class=\"bt_bb_column_content\"><div class=\"bt_bb_column_content_inner\"><div data-bb-version=\"5.2.5\"  class=\"bt_bb_text\" ><\/p>\n<p><iframe src=\"https:\/\/www.google.com\/maps\/embed?pb=!1m18!1m12!1m3!1d2895.6894924748926!2d23.0106988!3d53.8549174!2m3!1f0!2f0!3f0!3m2!1i1024!2i768!4f13.1!3m3!1m2!1s0x46e050e8af7daccf%3A0xd634420ef19597aa!2sAugustowska%20Miodosytnia!5e1!3m2!1spl!2spl!4v1738770879271!5m2!1spl!2spl\" height=\"450\"><\/iframe><\/p>\n<p>\n<\/div><\/div><\/div><\/div><\/div><\/div><\/div><!-- cell_inner --><\/div><!-- cell --><\/div><!-- port --><\/section><\/p>","protected":false},"excerpt":{"rendered":"","protected":false},"author":61,"featured_media":0,"parent":0,"menu_order":0,"comment_status":"closed","ping_status":"closed","template":"","meta":{"footnotes":""},"class_list":["post-23","page","type-page","status-publish","hentry"],"yoast_head":"<!-- This site is optimized with the Yoast SEO plugin v27.3 - https:\/\/yoast.com\/product\/yoast-seo-wordpress\/ -->\n<title>Kontakt - Augustowska Miodosytnia<\/title>\n<meta name=\"description\" content=\"Skontaktuj si\u0119 z Augustowsk\u0105 Miodosytni\u0105 \u2013 ch\u0119tnie odpowiemy na pytania dotycz\u0105ce naszej oferty miod\u00f3w i miod\u00f3w pitnych. Zadzwo\u0144, napisz lub odwied\u017a nas osobi\u015bcie!\" \/>\n<meta name=\"robots\" content=\"index, follow, max-snippet:-1, max-image-preview:large, max-video-preview:-1\" \/>\n<link rel=\"canonical\" href=\"https:\/\/augustowska-miodosytnia.pl\/en\/kontakt\/\" \/>\n<meta property=\"og:locale\" content=\"en_GB\" \/>\n<meta property=\"og:type\" content=\"article\" \/>\n<meta property=\"og:title\" content=\"Kontakt - Augustowska Miodosytnia\" \/>\n<meta property=\"og:description\" content=\"Skontaktuj si\u0119 z Augustowsk\u0105 Miodosytni\u0105 \u2013 ch\u0119tnie odpowiemy na pytania dotycz\u0105ce naszej oferty miod\u00f3w i miod\u00f3w pitnych. Zadzwo\u0144, napisz lub odwied\u017a nas osobi\u015bcie!\" \/>\n<meta property=\"og:url\" content=\"https:\/\/augustowska-miodosytnia.pl\/en\/kontakt\/\" \/>\n<meta property=\"og:site_name\" content=\"Augustowska Miodosytnia\" \/>\n<meta property=\"article:modified_time\" content=\"2025-06-11T11:54:14+00:00\" \/>\n<meta name=\"twitter:card\" content=\"summary_large_image\" \/>\n<meta name=\"twitter:label1\" content=\"Est. reading time\" \/>\n\t<meta name=\"twitter:data1\" content=\"3 minutes\" \/>\n<script type=\"application\/ld+json\" class=\"yoast-schema-graph\">{\"@context\":\"https:\\\/\\\/schema.org\",\"@graph\":[{\"@type\":\"WebPage\",\"@id\":\"https:\\\/\\\/augustowska-miodosytnia.pl\\\/kontakt\\\/\",\"url\":\"https:\\\/\\\/augustowska-miodosytnia.pl\\\/kontakt\\\/\",\"name\":\"Kontakt - Augustowska Miodosytnia\",\"isPartOf\":{\"@id\":\"https:\\\/\\\/augustowska-miodosytnia.pl\\\/#website\"},\"datePublished\":\"2017-07-13T19:45:54+00:00\",\"dateModified\":\"2025-06-11T11:54:14+00:00\",\"description\":\"Skontaktuj si\u0119 z Augustowsk\u0105 Miodosytni\u0105 \u2013 ch\u0119tnie odpowiemy na pytania dotycz\u0105ce naszej oferty miod\u00f3w i miod\u00f3w pitnych. Zadzwo\u0144, napisz lub odwied\u017a nas osobi\u015bcie!\",\"breadcrumb\":{\"@id\":\"https:\\\/\\\/augustowska-miodosytnia.pl\\\/kontakt\\\/#breadcrumb\"},\"inLanguage\":\"en-GB\",\"potentialAction\":[{\"@type\":\"ReadAction\",\"target\":[\"https:\\\/\\\/augustowska-miodosytnia.pl\\\/kontakt\\\/\"]}]},{\"@type\":\"BreadcrumbList\",\"@id\":\"https:\\\/\\\/augustowska-miodosytnia.pl\\\/kontakt\\\/#breadcrumb\",\"itemListElement\":[{\"@type\":\"ListItem\",\"position\":1,\"name\":\"Strona g\u0142\u00f3wna\",\"item\":\"https:\\\/\\\/augustowska-miodosytnia.pl\\\/\"},{\"@type\":\"ListItem\",\"position\":2,\"name\":\"Kontakt\"}]},{\"@type\":\"WebSite\",\"@id\":\"https:\\\/\\\/augustowska-miodosytnia.pl\\\/#website\",\"url\":\"https:\\\/\\\/augustowska-miodosytnia.pl\\\/\",\"name\":\"Augustowska Miodosytnia\",\"description\":\"Na dobre trunki warto jest czeka\u0107\",\"potentialAction\":[{\"@type\":\"SearchAction\",\"target\":{\"@type\":\"EntryPoint\",\"urlTemplate\":\"https:\\\/\\\/augustowska-miodosytnia.pl\\\/?s={search_term_string}\"},\"query-input\":{\"@type\":\"PropertyValueSpecification\",\"valueRequired\":true,\"valueName\":\"search_term_string\"}}],\"inLanguage\":\"en-GB\"}]}<\/script>\n<!-- \/ Yoast SEO plugin. -->","yoast_head_json":{"title":"Kontakt - Augustowska Miodosytnia","description":"Skontaktuj si\u0119 z Augustowsk\u0105 Miodosytni\u0105 \u2013 ch\u0119tnie odpowiemy na pytania dotycz\u0105ce naszej oferty miod\u00f3w i miod\u00f3w pitnych. Zadzwo\u0144, napisz lub odwied\u017a nas osobi\u015bcie!","robots":{"index":"index","follow":"follow","max-snippet":"max-snippet:-1","max-image-preview":"max-image-preview:large","max-video-preview":"max-video-preview:-1"},"canonical":"https:\/\/augustowska-miodosytnia.pl\/en\/kontakt\/","og_locale":"en_GB","og_type":"article","og_title":"Kontakt - Augustowska Miodosytnia","og_description":"Skontaktuj si\u0119 z Augustowsk\u0105 Miodosytni\u0105 \u2013 ch\u0119tnie odpowiemy na pytania dotycz\u0105ce naszej oferty miod\u00f3w i miod\u00f3w pitnych. Zadzwo\u0144, napisz lub odwied\u017a nas osobi\u015bcie!","og_url":"https:\/\/augustowska-miodosytnia.pl\/en\/kontakt\/","og_site_name":"Augustowska Miodosytnia","article_modified_time":"2025-06-11T11:54:14+00:00","twitter_card":"summary_large_image","twitter_misc":{"Est. reading time":"3 minutes"},"schema":{"@context":"https:\/\/schema.org","@graph":[{"@type":"WebPage","@id":"https:\/\/augustowska-miodosytnia.pl\/kontakt\/","url":"https:\/\/augustowska-miodosytnia.pl\/kontakt\/","name":"Kontakt - Augustowska Miodosytnia","isPartOf":{"@id":"https:\/\/augustowska-miodosytnia.pl\/#website"},"datePublished":"2017-07-13T19:45:54+00:00","dateModified":"2025-06-11T11:54:14+00:00","description":"Skontaktuj si\u0119 z Augustowsk\u0105 Miodosytni\u0105 \u2013 ch\u0119tnie odpowiemy na pytania dotycz\u0105ce naszej oferty miod\u00f3w i miod\u00f3w pitnych. Zadzwo\u0144, napisz lub odwied\u017a nas osobi\u015bcie!","breadcrumb":{"@id":"https:\/\/augustowska-miodosytnia.pl\/kontakt\/#breadcrumb"},"inLanguage":"en-GB","potentialAction":[{"@type":"ReadAction","target":["https:\/\/augustowska-miodosytnia.pl\/kontakt\/"]}]},{"@type":"BreadcrumbList","@id":"https:\/\/augustowska-miodosytnia.pl\/kontakt\/#breadcrumb","itemListElement":[{"@type":"ListItem","position":1,"name":"Strona g\u0142\u00f3wna","item":"https:\/\/augustowska-miodosytnia.pl\/"},{"@type":"ListItem","position":2,"name":"Kontakt"}]},{"@type":"WebSite","@id":"https:\/\/augustowska-miodosytnia.pl\/#website","url":"https:\/\/augustowska-miodosytnia.pl\/","name":"Augustow Meadery","description":"Na dobre trunki warto jest czeka\u0107","potentialAction":[{"@type":"SearchAction","target":{"@type":"EntryPoint","urlTemplate":"https:\/\/augustowska-miodosytnia.pl\/?s={search_term_string}"},"query-input":{"@type":"PropertyValueSpecification","valueRequired":true,"valueName":"search_term_string"}}],"inLanguage":"en-GB"}]}},"_links":{"self":[{"href":"https:\/\/augustowska-miodosytnia.pl\/en\/wp-json\/wp\/v2\/pages\/23","targetHints":{"allow":["GET"]}}],"collection":[{"href":"https:\/\/augustowska-miodosytnia.pl\/en\/wp-json\/wp\/v2\/pages"}],"about":[{"href":"https:\/\/augustowska-miodosytnia.pl\/en\/wp-json\/wp\/v2\/types\/page"}],"author":[{"embeddable":true,"href":"https:\/\/augustowska-miodosytnia.pl\/en\/wp-json\/wp\/v2\/users\/61"}],"replies":[{"embeddable":true,"href":"https:\/\/augustowska-miodosytnia.pl\/en\/wp-json\/wp\/v2\/comments?post=23"}],"version-history":[{"count":22,"href":"https:\/\/augustowska-miodosytnia.pl\/en\/wp-json\/wp\/v2\/pages\/23\/revisions"}],"predecessor-version":[{"id":5598,"href":"https:\/\/augustowska-miodosytnia.pl\/en\/wp-json\/wp\/v2\/pages\/23\/revisions\/5598"}],"wp:attachment":[{"href":"https:\/\/augustowska-miodosytnia.pl\/en\/wp-json\/wp\/v2\/media?parent=23"}],"curies":[{"name":"wp","href":"https:\/\/api.w.org\/{rel}","templated":true}]}}