{"id":2190,"date":"2020-02-13T18:09:48","date_gmt":"2020-02-13T17:09:48","guid":{"rendered":"http:\/\/augustowska-miodosytnia.pl\/?page_id=2190"},"modified":"2025-12-01T08:58:20","modified_gmt":"2025-12-01T07:58:20","slug":"wieczory-degustacyjne-miodow-pitnych-organizowane-w-miodosytni-lub-u-klienta","status":"publish","type":"page","link":"https:\/\/augustowska-miodosytnia.pl\/en\/wieczory-degustacyjne-miodow-pitnych-organizowane-w-miodosytni-lub-u-klienta\/","title":{"rendered":"Tastings"},"content":{"rendered":"<p><section id=\"bt_bb_section69e1505fe4e74\" class=\"bt_bb_section bt_bb_layout_boxed_1200 bt_bb_vertical_align_top\"  data-bt-override-class=\"null\"><div class=\"bt_bb_background_image_holder_wrapper\"><div class=\"bt_bb_background_image_holder btLazyLoadBackground\"  data-background_image_src=\"https:\/\/augustowska-miodosytnia.pl\/wp-content\/uploads\/2020\/06\/Baner_degustacje_augustowska-miodosytnia_miodypitne.jpg\" data-parallax-zoom-start=\"1\" data-parallax-zoom-end=\"1\" data-parallax-blur-start=\"0\" data-parallax-blur-end=\"0\" data-parallax-opacity-start=\"1\" data-parallax-opacity-end=\"1\" style=\" background-image: url(&#039;https:\/\/augustowska-miodosytnia.pl\/wp-content\/plugins\/bold-page-builder\/img\/blank.gif&#039;);\"><\/div><\/div><div class=\"bt_bb_port\"><div class=\"bt_bb_cell\"><div class=\"bt_bb_cell_inner\"><div class=\"bt_bb_row\"  data-bt-override-class=\"{}\"><div class=\"bt_bb_row_holder\" ><div  class=\"bt_bb_column col-xxl-12 col-xl-12 bt_bb_vertical_align_top bt_bb_align_left bt_bb_padding_normal\" style=\"; --column-width:12;\" data-width=\"12\" data-bt-override-class=\"{}\"><div class=\"bt_bb_column_content\"><div class=\"bt_bb_column_content_inner\"><div class=\"bt_bb_separator bt_bb_border_style_none bt_bb_top_spacing_extra_large\" data-bt-override-class=\"null\"><\/div><div class=\"bt_bb_separator bt_bb_border_style_none bt_bb_top_spacing_extra_large\" data-bt-override-class=\"null\"><\/div><\/div><\/div><\/div><\/div><\/div><\/div><!-- cell_inner --><\/div><!-- cell --><\/div><!-- port --><\/section><section id=\"bt_bb_section69e1505fe5055\" class=\"bt_bb_section bt_bb_layout_boxed_1200\"  data-bt-override-class=\"null\"><div class=\"bt_bb_port\"><div class=\"bt_bb_cell\"><div class=\"bt_bb_cell_inner\"><div class=\"bt_bb_row\"  data-bt-override-class=\"{}\"><div class=\"bt_bb_row_holder\" ><div  class=\"bt_bb_column col-xxl-12 col-xl-12 bt_bb_vertical_align_top bt_bb_align_left bt_bb_padding_normal\" style=\"; --column-width:12;\" data-width=\"12\" data-bt-override-class=\"{}\"><div class=\"bt_bb_column_content\"><div class=\"bt_bb_column_content_inner\"><div class=\"bt_bb_separator bt_bb_border_style_none bt_bb_top_spacing_normal\" data-bt-override-class=\"null\"><\/div><div  class=\"bt_bb_text\" ><\/p>\n<p>We kindly invite you for tastings that we organize in a charming place on Lake Bia\u0142y in August\u00f3w. It is also possible to arrange a tasting meeting in a place chosen by the client.<\/p>\n<h6>1. Tasting on Lake Bia\u0142y in August\u00f3w<\/h6>\n<p>If you are looking for an idea for a team building event or you want to provide your guests with a local, unusual attraction \u2013 let\u2019s organize a tasting of mead and Zbicien (session mead) at lake Bia\u0142y in CAMP Zatoka.<\/p>\n<p>The tasting will guide one of the founders of August\u00f3w Meadery. During the meeting great dishes and delicious drinks will be seasoned with a bit of history and passion.<\/p>\n<p><span style=\"text-decoration: underline;\">Offer:<\/span><\/p>\n<p>\u2013 Tasting of mead and Zbicien produced by August\u00f3w Meadery<\/p>\n<p>\u2013 Hot and cold snacks specially selected for the drinks served<\/p>\n<p>\u2013 Bonfire and sausage roasting<\/p>\n<p>Duration: 120-180 minutes (depending on the group)<\/p>\n<p>Minimum number of people: 10<\/p>\n<p>Price: from 120 PLN net\/person<\/p>\n<p><a href=\"https:\/\/augustowska-miodosytnia.pl\/en\/kontakt\/\">Ask for free dates<\/a><\/p>\n<h6>2. \u200b\u200bTasting in a place chosen by the client<\/h6>\n<p>If you organize an integration evening for clients in your premises and you want to provide them with an unusual attraction \u2013 we invite you to cooperate. We will arrange a tasting of mead and Zbicien seasoned with a bit of local history related to the forest and bees and stories about the extraordinary passion that is mead making.<\/p>\n<p>Duration: 60-120 minutes (depending on the group)<\/p>\n<p>Minimum number of people: 10<\/p>\n<p>Cena: 75 z\u0142 netto\/osoba + koszt dojazdu je\u015bli poza Augustowem.<\/p>\n<p><a href=\"https:\/\/augustowska-miodosytnia.pl\/en\/kontakt\/\">Ask for free dates<\/a><\/p>\n<p>\n<\/div><div class=\"bt_bb_separator bt_bb_border_style_none bt_bb_top_spacing_normal\" data-bt-override-class=\"null\"><\/div><\/div><\/div><\/div><\/div><\/div><\/div><!-- cell_inner --><\/div><!-- cell --><\/div><!-- port --><\/section><\/p>","protected":false},"excerpt":{"rendered":"","protected":false},"author":61,"featured_media":0,"parent":0,"menu_order":0,"comment_status":"closed","ping_status":"closed","template":"","meta":{"footnotes":""},"class_list":["post-2190","page","type-page","status-publish","hentry"],"yoast_head":"<!-- This site is optimized with the Yoast SEO plugin v27.3 - https:\/\/yoast.com\/product\/yoast-seo-wordpress\/ -->\n<title>Degustacje - Augustowska Miodosytnia<\/title>\n<meta name=\"description\" content=\"Turystyka kulinarna na Podlasiu, dziedzictwo kulinarne, miody pitne. Zorganizuj z nami wyj\u0105tkow\u0105 degustacj\u0119 miod\u00f3w pitnych.\" \/>\n<meta name=\"robots\" content=\"index, follow, max-snippet:-1, max-image-preview:large, max-video-preview:-1\" \/>\n<link rel=\"canonical\" href=\"https:\/\/augustowska-miodosytnia.pl\/en\/wieczory-degustacyjne-miodow-pitnych-organizowane-w-miodosytni-lub-u-klienta\/\" \/>\n<meta property=\"og:locale\" content=\"en_GB\" \/>\n<meta property=\"og:type\" content=\"article\" \/>\n<meta property=\"og:title\" content=\"Degustacje - Augustowska Miodosytnia\" \/>\n<meta property=\"og:description\" content=\"Turystyka kulinarna na Podlasiu, dziedzictwo kulinarne, miody pitne. Zorganizuj z nami wyj\u0105tkow\u0105 degustacj\u0119 miod\u00f3w pitnych.\" \/>\n<meta property=\"og:url\" content=\"https:\/\/augustowska-miodosytnia.pl\/en\/wieczory-degustacyjne-miodow-pitnych-organizowane-w-miodosytni-lub-u-klienta\/\" \/>\n<meta property=\"og:site_name\" content=\"Augustowska Miodosytnia\" \/>\n<meta property=\"article:modified_time\" content=\"2025-12-01T07:58:20+00:00\" \/>\n<meta name=\"twitter:card\" content=\"summary_large_image\" \/>\n<meta name=\"twitter:label1\" content=\"Est. reading time\" \/>\n\t<meta name=\"twitter:data1\" content=\"2 minutes\" \/>\n<script type=\"application\/ld+json\" class=\"yoast-schema-graph\">{\"@context\":\"https:\\\/\\\/schema.org\",\"@graph\":[{\"@type\":\"WebPage\",\"@id\":\"https:\\\/\\\/augustowska-miodosytnia.pl\\\/wieczory-degustacyjne-miodow-pitnych-organizowane-w-miodosytni-lub-u-klienta\\\/\",\"url\":\"https:\\\/\\\/augustowska-miodosytnia.pl\\\/wieczory-degustacyjne-miodow-pitnych-organizowane-w-miodosytni-lub-u-klienta\\\/\",\"name\":\"Degustacje - Augustowska Miodosytnia\",\"isPartOf\":{\"@id\":\"https:\\\/\\\/augustowska-miodosytnia.pl\\\/#website\"},\"datePublished\":\"2020-02-13T17:09:48+00:00\",\"dateModified\":\"2025-12-01T07:58:20+00:00\",\"description\":\"Turystyka kulinarna na Podlasiu, dziedzictwo kulinarne, miody pitne. Zorganizuj z nami wyj\u0105tkow\u0105 degustacj\u0119 miod\u00f3w pitnych.\",\"breadcrumb\":{\"@id\":\"https:\\\/\\\/augustowska-miodosytnia.pl\\\/wieczory-degustacyjne-miodow-pitnych-organizowane-w-miodosytni-lub-u-klienta\\\/#breadcrumb\"},\"inLanguage\":\"en-GB\",\"potentialAction\":[{\"@type\":\"ReadAction\",\"target\":[\"https:\\\/\\\/augustowska-miodosytnia.pl\\\/wieczory-degustacyjne-miodow-pitnych-organizowane-w-miodosytni-lub-u-klienta\\\/\"]}]},{\"@type\":\"BreadcrumbList\",\"@id\":\"https:\\\/\\\/augustowska-miodosytnia.pl\\\/wieczory-degustacyjne-miodow-pitnych-organizowane-w-miodosytni-lub-u-klienta\\\/#breadcrumb\",\"itemListElement\":[{\"@type\":\"ListItem\",\"position\":1,\"name\":\"Strona g\u0142\u00f3wna\",\"item\":\"https:\\\/\\\/augustowska-miodosytnia.pl\\\/\"},{\"@type\":\"ListItem\",\"position\":2,\"name\":\"Degustacje\"}]},{\"@type\":\"WebSite\",\"@id\":\"https:\\\/\\\/augustowska-miodosytnia.pl\\\/#website\",\"url\":\"https:\\\/\\\/augustowska-miodosytnia.pl\\\/\",\"name\":\"Augustowska Miodosytnia\",\"description\":\"Na dobre trunki warto jest czeka\u0107\",\"potentialAction\":[{\"@type\":\"SearchAction\",\"target\":{\"@type\":\"EntryPoint\",\"urlTemplate\":\"https:\\\/\\\/augustowska-miodosytnia.pl\\\/?s={search_term_string}\"},\"query-input\":{\"@type\":\"PropertyValueSpecification\",\"valueRequired\":true,\"valueName\":\"search_term_string\"}}],\"inLanguage\":\"en-GB\"}]}<\/script>\n<!-- \/ Yoast SEO plugin. -->","yoast_head_json":{"title":"Degustacje - Augustowska Miodosytnia","description":"Turystyka kulinarna na Podlasiu, dziedzictwo kulinarne, miody pitne. Zorganizuj z nami wyj\u0105tkow\u0105 degustacj\u0119 miod\u00f3w pitnych.","robots":{"index":"index","follow":"follow","max-snippet":"max-snippet:-1","max-image-preview":"max-image-preview:large","max-video-preview":"max-video-preview:-1"},"canonical":"https:\/\/augustowska-miodosytnia.pl\/en\/wieczory-degustacyjne-miodow-pitnych-organizowane-w-miodosytni-lub-u-klienta\/","og_locale":"en_GB","og_type":"article","og_title":"Degustacje - Augustowska Miodosytnia","og_description":"Turystyka kulinarna na Podlasiu, dziedzictwo kulinarne, miody pitne. Zorganizuj z nami wyj\u0105tkow\u0105 degustacj\u0119 miod\u00f3w pitnych.","og_url":"https:\/\/augustowska-miodosytnia.pl\/en\/wieczory-degustacyjne-miodow-pitnych-organizowane-w-miodosytni-lub-u-klienta\/","og_site_name":"Augustowska Miodosytnia","article_modified_time":"2025-12-01T07:58:20+00:00","twitter_card":"summary_large_image","twitter_misc":{"Est. reading time":"2 minutes"},"schema":{"@context":"https:\/\/schema.org","@graph":[{"@type":"WebPage","@id":"https:\/\/augustowska-miodosytnia.pl\/wieczory-degustacyjne-miodow-pitnych-organizowane-w-miodosytni-lub-u-klienta\/","url":"https:\/\/augustowska-miodosytnia.pl\/wieczory-degustacyjne-miodow-pitnych-organizowane-w-miodosytni-lub-u-klienta\/","name":"Degustacje - Augustowska Miodosytnia","isPartOf":{"@id":"https:\/\/augustowska-miodosytnia.pl\/#website"},"datePublished":"2020-02-13T17:09:48+00:00","dateModified":"2025-12-01T07:58:20+00:00","description":"Turystyka kulinarna na Podlasiu, dziedzictwo kulinarne, miody pitne. Zorganizuj z nami wyj\u0105tkow\u0105 degustacj\u0119 miod\u00f3w pitnych.","breadcrumb":{"@id":"https:\/\/augustowska-miodosytnia.pl\/wieczory-degustacyjne-miodow-pitnych-organizowane-w-miodosytni-lub-u-klienta\/#breadcrumb"},"inLanguage":"en-GB","potentialAction":[{"@type":"ReadAction","target":["https:\/\/augustowska-miodosytnia.pl\/wieczory-degustacyjne-miodow-pitnych-organizowane-w-miodosytni-lub-u-klienta\/"]}]},{"@type":"BreadcrumbList","@id":"https:\/\/augustowska-miodosytnia.pl\/wieczory-degustacyjne-miodow-pitnych-organizowane-w-miodosytni-lub-u-klienta\/#breadcrumb","itemListElement":[{"@type":"ListItem","position":1,"name":"Strona g\u0142\u00f3wna","item":"https:\/\/augustowska-miodosytnia.pl\/"},{"@type":"ListItem","position":2,"name":"Degustacje"}]},{"@type":"WebSite","@id":"https:\/\/augustowska-miodosytnia.pl\/#website","url":"https:\/\/augustowska-miodosytnia.pl\/","name":"Augustow Meadery","description":"Na dobre trunki warto jest czeka\u0107","potentialAction":[{"@type":"SearchAction","target":{"@type":"EntryPoint","urlTemplate":"https:\/\/augustowska-miodosytnia.pl\/?s={search_term_string}"},"query-input":{"@type":"PropertyValueSpecification","valueRequired":true,"valueName":"search_term_string"}}],"inLanguage":"en-GB"}]}},"_links":{"self":[{"href":"https:\/\/augustowska-miodosytnia.pl\/en\/wp-json\/wp\/v2\/pages\/2190","targetHints":{"allow":["GET"]}}],"collection":[{"href":"https:\/\/augustowska-miodosytnia.pl\/en\/wp-json\/wp\/v2\/pages"}],"about":[{"href":"https:\/\/augustowska-miodosytnia.pl\/en\/wp-json\/wp\/v2\/types\/page"}],"author":[{"embeddable":true,"href":"https:\/\/augustowska-miodosytnia.pl\/en\/wp-json\/wp\/v2\/users\/61"}],"replies":[{"embeddable":true,"href":"https:\/\/augustowska-miodosytnia.pl\/en\/wp-json\/wp\/v2\/comments?post=2190"}],"version-history":[{"count":13,"href":"https:\/\/augustowska-miodosytnia.pl\/en\/wp-json\/wp\/v2\/pages\/2190\/revisions"}],"predecessor-version":[{"id":5830,"href":"https:\/\/augustowska-miodosytnia.pl\/en\/wp-json\/wp\/v2\/pages\/2190\/revisions\/5830"}],"wp:attachment":[{"href":"https:\/\/augustowska-miodosytnia.pl\/en\/wp-json\/wp\/v2\/media?parent=2190"}],"curies":[{"name":"wp","href":"https:\/\/api.w.org\/{rel}","templated":true}]}}