{"id":2029,"date":"2019-12-31T16:00:52","date_gmt":"2019-12-31T15:00:52","guid":{"rendered":"http:\/\/augustowska-miodosytnia.pl\/?page_id=2029"},"modified":"2022-06-13T08:19:29","modified_gmt":"2022-06-13T06:19:29","slug":"realizowane-projekty","status":"publish","type":"page","link":"https:\/\/augustowska-miodosytnia.pl\/en\/realizowane-projekty\/","title":{"rendered":"Projects"},"content":{"rendered":"<p><section id=\"bt_bb_section69e1510676379\" class=\"bt_bb_section bt_bb_layout_boxed_1200 bt_bb_vertical_align_top bt_bb_top_spacing_large bt_bb_bottom_spacing_small\" style=\"background: rgba(50, 50, 50, 0.5);background-color:#ffffff;\" data-bt-override-class=\"null\"><div class=\"bt_bb_port\"><div class=\"bt_bb_cell\"><div class=\"bt_bb_cell_inner\"><div class=\"bt_bb_row\"  data-bt-override-class=\"{}\"><div class=\"bt_bb_row_holder\" ><div  class=\"bt_bb_column col-xxl-12 col-xl-12 bt_bb_vertical_align_top bt_bb_align_left bt_bb_padding_normal\" style=\"; --column-width:12;\" data-width=\"12\" data-bt-override-class=\"{}\"><div class=\"bt_bb_column_content\"><div class=\"bt_bb_column_content_inner\"><header class=\"bt_bb_headline bt_bb_dash_none bt_bb_size_inherit bt_bb_align_inherit\" data-bt-override-class=\"{}\"><h1 class=\"bt_bb_headline_tag\"><span class=\"bt_bb_headline_content\"><span>IMPLEMENTED PROJECTS<\/span><\/span><\/h1><\/header><div class=\"bt_bb_separator bt_bb_border_style_none bt_bb_top_spacing_normal\" data-bt-override-class=\"null\"><\/div><\/div><\/div><\/div><\/div><\/div><div class=\"bt_bb_row\"  data-bt-override-class=\"{}\"><div class=\"bt_bb_row_holder\" ><div  class=\"bt_bb_column col-xxl-12 col-xl-12 bt_bb_vertical_align_top bt_bb_align_left bt_bb_padding_normal\" style=\"; --column-width:12;\" data-width=\"12\" data-bt-override-class=\"{}\"><div class=\"bt_bb_column_content\"><div class=\"bt_bb_column_content_inner\"><header class=\"bt_bb_headline bt_bb_dash_none bt_bb_superheadline bt_bb_size_inherit bt_bb_align_inherit\" data-bt-override-class=\"{&quot;bt_bb_size_&quot;:{&quot;current_class&quot;:&quot;bt_bb_size_inherit&quot;,&quot;def&quot;:&quot;inherit&quot;,&quot;xl&quot;:&quot;inherit&quot;},&quot;bt_bb_align_&quot;:{&quot;current_class&quot;:&quot;bt_bb_align_inherit&quot;,&quot;def&quot;:&quot;inherit&quot;,&quot;xl&quot;:&quot;inherit&quot;}}\"><h4 class=\"bt_bb_headline_tag\"><span class=\"bt_bb_headline_superheadline\">2022<\/span><span class=\"bt_bb_headline_content\"><span>Seminaria biznesowe w Brukseli i Londynie w ramach projektu Promocja gospodarcza Wojew\u00f3dztwa Podlaskiego pn. \u201ePodlaskie \u2013 naturalna droga rozwoju\u201d.<\/span><\/span><\/h4><\/header><div class=\"bt_bb_separator bt_bb_border_style_none bt_bb_top_spacing_normal\" data-bt-override-class=\"null\"><\/div><div class=\"bt_bb_image bt_bb_shape_square bt_bb_target_self bt_bb_align_inherit bt_bb_hover_style_simple bt_bb_content_display_always bt_bb_content_align_middle\" data-bt-override-class=\"{}\"><span><img fetchpriority=\"high\" decoding=\"async\" width=\"1802\" height=\"202\" src=\"https:\/\/augustowska-miodosytnia.pl\/wp-content\/uploads\/2019\/12\/Dobre-bo-z-Podlasia-II-Promocja-wojew\u00f3dztwa-i-lokalnych-firm-spo\u017cywczych-na-mi\u0119dzynarodowych-targach-SIAL-Paris-2020.png\" class=\"attachment-full size-full\" alt=\"Dobre, bo z Podlasia II Promocja wojew\u00f3dztwa i lokalnych firm spo\u017cywczych na mi\u0119dzynarodowych targach SIAL Paris 2020\" data-full_image_src=\"https:\/\/augustowska-miodosytnia.pl\/wp-content\/uploads\/2019\/12\/Dobre-bo-z-Podlasia-II-Promocja-wojew\u00f3dztwa-i-lokalnych-firm-spo\u017cywczych-na-mi\u0119dzynarodowych-targach-SIAL-Paris-2020.png\" title=\"Dobre, bo z Podlasia II Promocja wojew\u00f3dztwa i lokalnych firm spo\u017cywczych na mi\u0119dzynarodowych targach SIAL Paris 2020\" loading=\"eager\" srcset=\"https:\/\/augustowska-miodosytnia.pl\/wp-content\/uploads\/2019\/12\/Dobre-bo-z-Podlasia-II-Promocja-wojew\u00f3dztwa-i-lokalnych-firm-spo\u017cywczych-na-mi\u0119dzynarodowych-targach-SIAL-Paris-2020.png 1802w, https:\/\/augustowska-miodosytnia.pl\/wp-content\/uploads\/2019\/12\/Dobre-bo-z-Podlasia-II-Promocja-wojew\u00f3dztwa-i-lokalnych-firm-spo\u017cywczych-na-mi\u0119dzynarodowych-targach-SIAL-Paris-2020-400x45.png 400w, https:\/\/augustowska-miodosytnia.pl\/wp-content\/uploads\/2019\/12\/Dobre-bo-z-Podlasia-II-Promocja-wojew\u00f3dztwa-i-lokalnych-firm-spo\u017cywczych-na-mi\u0119dzynarodowych-targach-SIAL-Paris-2020-600x67.png 600w, https:\/\/augustowska-miodosytnia.pl\/wp-content\/uploads\/2019\/12\/Dobre-bo-z-Podlasia-II-Promocja-wojew\u00f3dztwa-i-lokalnych-firm-spo\u017cywczych-na-mi\u0119dzynarodowych-targach-SIAL-Paris-2020-640x72.png 640w, https:\/\/augustowska-miodosytnia.pl\/wp-content\/uploads\/2019\/12\/Dobre-bo-z-Podlasia-II-Promocja-wojew\u00f3dztwa-i-lokalnych-firm-spo\u017cywczych-na-mi\u0119dzynarodowych-targach-SIAL-Paris-2020-768x86.png 768w, https:\/\/augustowska-miodosytnia.pl\/wp-content\/uploads\/2019\/12\/Dobre-bo-z-Podlasia-II-Promocja-wojew\u00f3dztwa-i-lokalnych-firm-spo\u017cywczych-na-mi\u0119dzynarodowych-targach-SIAL-Paris-2020-1280x143.png 1280w, https:\/\/augustowska-miodosytnia.pl\/wp-content\/uploads\/2019\/12\/Dobre-bo-z-Podlasia-II-Promocja-wojew\u00f3dztwa-i-lokalnych-firm-spo\u017cywczych-na-mi\u0119dzynarodowych-targach-SIAL-Paris-2020-320x36.png 320w\" sizes=\"(max-width: 1802px) 100vw, 1802px\" \/><\/span><\/div><div class=\"bt_bb_separator bt_bb_border_style_none bt_bb_top_spacing_normal bt_bb_bottom_spacing_normal\" data-bt-override-class=\"null\"><\/div><div  class=\"bt_bb_text\" ><\/p>\n<p>Seminarium biznesowe w Brukseli\u00a0 23-27 maja 2022 i Londynie 13-17 czerca 2022<\/p>\n<p>wyjazdy zosta\u0142 sfinansowany w ramach projektu Promocja gospodarcza Wojew\u00f3dztwa Podlaskiego pn. \u201ePodlaskie \u2013 naturalna droga rozwoju\u201d, w ramach Europejskiego Funduszu Rozwoju Regionalnego, O\u015b priorytetowa I Wzmocnienie potencja\u0142u i konkurencyjno\u015bci gospodarki regionu, Dzia\u0142anie 1.4. Promocja przedsi\u0119biorczo\u015bci oraz podniesienie atrakcyjno\u015bci inwestycyjnej wojew\u00f3dztwa, Podzia\u0142anie 1.4.1. Promocja przedsi\u0119biorczo\u015bci oraz podniesienie atrakcyjno\u015bci inwestycyjnej wojew\u00f3dztwa,<\/p>\n<p>Celem seminarium jest promocja potencja\u0142u gospodarczego wojew\u00f3dztwa podlaskiego, wsparcie podlaskich przedsi\u0119biorc\u00f3w na rynkach europejskich oraz nawi\u0105zanie i rozwijanie relacji biznesowych z partnerami zagranicznymi.<\/p>\n<p>Warto\u015b\u0107 pomocy:<\/p>\n<p>\n<\/div><\/div><\/div><\/div><\/div><\/div><div class=\"bt_bb_row\"  data-bt-override-class=\"{}\"><div class=\"bt_bb_row_holder\" ><div  class=\"bt_bb_column col-xxl-12 col-xl-12 bt_bb_vertical_align_top bt_bb_align_left bt_bb_padding_normal\" style=\"; --column-width:12;\" data-width=\"12\" data-bt-override-class=\"{}\"><div class=\"bt_bb_column_content\"><div class=\"bt_bb_column_content_inner\"><div class=\"bt_bb_separator bt_bb_border_style_none bt_bb_top_spacing_normal\" data-bt-override-class=\"null\"><\/div><\/div><\/div><\/div><\/div><\/div><\/div><!-- cell_inner --><\/div><!-- cell --><\/div><!-- port --><\/section><section id=\"bt_bb_section69e1510676d90\" class=\"bt_bb_section bt_bb_layout_boxed_1200 bt_bb_vertical_align_top bt_bb_top_spacing_large bt_bb_bottom_spacing_small\" style=\"background: rgba(50, 50, 50, 0.5);background-color:#ffffff;\" data-bt-override-class=\"null\"><div class=\"bt_bb_port\"><div class=\"bt_bb_cell\"><div class=\"bt_bb_cell_inner\"><div class=\"bt_bb_row\"  data-bt-override-class=\"{}\"><div class=\"bt_bb_row_holder\" ><div  class=\"bt_bb_column col-xxl-12 col-xl-12 bt_bb_vertical_align_top bt_bb_align_left bt_bb_padding_normal\" style=\"; --column-width:12;\" data-width=\"12\" data-bt-override-class=\"{}\"><div class=\"bt_bb_column_content\"><div class=\"bt_bb_column_content_inner\"><header class=\"bt_bb_headline bt_bb_dash_none bt_bb_size_inherit bt_bb_align_inherit\" data-bt-override-class=\"{&quot;bt_bb_size_&quot;:{&quot;current_class&quot;:&quot;bt_bb_size_inherit&quot;,&quot;def&quot;:&quot;inherit&quot;,&quot;xl&quot;:&quot;inherit&quot;},&quot;bt_bb_align_&quot;:{&quot;current_class&quot;:&quot;bt_bb_align_inherit&quot;,&quot;def&quot;:&quot;inherit&quot;,&quot;xl&quot;:&quot;inherit&quot;}}\"><\/header><div class=\"bt_bb_separator bt_bb_border_style_none bt_bb_top_spacing_normal\" data-bt-override-class=\"null\"><\/div><\/div><\/div><\/div><\/div><\/div><div class=\"bt_bb_row\"  data-bt-override-class=\"{}\"><div class=\"bt_bb_row_holder\" ><div  class=\"bt_bb_column col-xxl-12 col-xl-12 bt_bb_vertical_align_top bt_bb_align_left bt_bb_padding_normal\" style=\"; --column-width:12;\" data-width=\"12\" data-bt-override-class=\"{}\"><div class=\"bt_bb_column_content\"><div class=\"bt_bb_column_content_inner\"><header class=\"bt_bb_headline bt_bb_dash_none bt_bb_superheadline bt_bb_size_inherit bt_bb_align_inherit\" data-bt-override-class=\"{}\"><h4 class=\"bt_bb_headline_tag\"><span class=\"bt_bb_headline_superheadline\">2020<\/span><span class=\"bt_bb_headline_content\"><span>Dobre, bo z Podlasia II. Promotion of the voivodeship and local food companies at the international trade fair SIAL Paris 2020<\/span><\/span><\/h4><\/header><div class=\"bt_bb_separator bt_bb_border_style_none bt_bb_top_spacing_normal\" data-bt-override-class=\"null\"><\/div><div class=\"bt_bb_image bt_bb_shape_square bt_bb_target_self bt_bb_align_inherit bt_bb_hover_style_simple bt_bb_content_display_always bt_bb_content_align_middle\" data-bt-override-class=\"{}\"><span><img fetchpriority=\"high\" decoding=\"async\" width=\"1802\" height=\"202\" src=\"https:\/\/augustowska-miodosytnia.pl\/wp-content\/uploads\/2019\/12\/Dobre-bo-z-Podlasia-II-Promocja-wojew\u00f3dztwa-i-lokalnych-firm-spo\u017cywczych-na-mi\u0119dzynarodowych-targach-SIAL-Paris-2020.png\" class=\"attachment-full size-full\" alt=\"Dobre, bo z Podlasia II Promocja wojew\u00f3dztwa i lokalnych firm spo\u017cywczych na mi\u0119dzynarodowych targach SIAL Paris 2020\" data-full_image_src=\"https:\/\/augustowska-miodosytnia.pl\/wp-content\/uploads\/2019\/12\/Dobre-bo-z-Podlasia-II-Promocja-wojew\u00f3dztwa-i-lokalnych-firm-spo\u017cywczych-na-mi\u0119dzynarodowych-targach-SIAL-Paris-2020.png\" title=\"Dobre, bo z Podlasia II Promocja wojew\u00f3dztwa i lokalnych firm spo\u017cywczych na mi\u0119dzynarodowych targach SIAL Paris 2020\" loading=\"eager\" srcset=\"https:\/\/augustowska-miodosytnia.pl\/wp-content\/uploads\/2019\/12\/Dobre-bo-z-Podlasia-II-Promocja-wojew\u00f3dztwa-i-lokalnych-firm-spo\u017cywczych-na-mi\u0119dzynarodowych-targach-SIAL-Paris-2020.png 1802w, https:\/\/augustowska-miodosytnia.pl\/wp-content\/uploads\/2019\/12\/Dobre-bo-z-Podlasia-II-Promocja-wojew\u00f3dztwa-i-lokalnych-firm-spo\u017cywczych-na-mi\u0119dzynarodowych-targach-SIAL-Paris-2020-400x45.png 400w, https:\/\/augustowska-miodosytnia.pl\/wp-content\/uploads\/2019\/12\/Dobre-bo-z-Podlasia-II-Promocja-wojew\u00f3dztwa-i-lokalnych-firm-spo\u017cywczych-na-mi\u0119dzynarodowych-targach-SIAL-Paris-2020-600x67.png 600w, https:\/\/augustowska-miodosytnia.pl\/wp-content\/uploads\/2019\/12\/Dobre-bo-z-Podlasia-II-Promocja-wojew\u00f3dztwa-i-lokalnych-firm-spo\u017cywczych-na-mi\u0119dzynarodowych-targach-SIAL-Paris-2020-640x72.png 640w, https:\/\/augustowska-miodosytnia.pl\/wp-content\/uploads\/2019\/12\/Dobre-bo-z-Podlasia-II-Promocja-wojew\u00f3dztwa-i-lokalnych-firm-spo\u017cywczych-na-mi\u0119dzynarodowych-targach-SIAL-Paris-2020-768x86.png 768w, https:\/\/augustowska-miodosytnia.pl\/wp-content\/uploads\/2019\/12\/Dobre-bo-z-Podlasia-II-Promocja-wojew\u00f3dztwa-i-lokalnych-firm-spo\u017cywczych-na-mi\u0119dzynarodowych-targach-SIAL-Paris-2020-1280x143.png 1280w, https:\/\/augustowska-miodosytnia.pl\/wp-content\/uploads\/2019\/12\/Dobre-bo-z-Podlasia-II-Promocja-wojew\u00f3dztwa-i-lokalnych-firm-spo\u017cywczych-na-mi\u0119dzynarodowych-targach-SIAL-Paris-2020-320x36.png 320w\" sizes=\"(max-width: 1802px) 100vw, 1802px\" \/><\/span><\/div><div class=\"bt_bb_separator bt_bb_border_style_none bt_bb_top_spacing_normal bt_bb_bottom_spacing_normal\" data-bt-override-class=\"null\"><\/div><div  class=\"bt_bb_text\" ><\/p>\n<p><span style=\"font-weight: 400;\">The project assumes the participation of partners in one of the world's largest international food fairs SIAL Paris 2020 as exhibitors. Four Podlasie companies from the food industry will go to the fair thanks to the grant: three micro and one small, and, as the project leader, the Podlasie Regional Development Foundation. At the joint exhibition stand will be shown export goods and promoted our region.\u00a0<\/span><\/p>\n<p><span style=\"font-weight: 400;\">The project considers the rent of the exhibition space with all components, design and creation of a common exhibition stand. Participation in the fair will also include activities related to logistics, i.e. selection of service providers, reservation of accommodation, transport and stay.\u00a0<\/span><\/p>\n<p><b>Project goals:<\/b><\/p>\n<p><span style=\"font-weight: 400;\">The strategic goal of the project is to improve the conditions for the development of SME sector companies.\u00a0<\/span><\/p>\n<p><span style=\"font-weight: 400;\">Specific goals:<\/span><\/p>\n<ol>\n<li><span style=\"font-weight: 400;\">a) increasing the competences of Podlasie food sector entrepreneurs in the field of international cooperation;<\/span><\/li>\n<li><span style=\"font-weight: 400;\">b) providing a support equipment tailored to the needs of Podlasie entrepreneurs in preparing for the fair and assistance at the stage of participation in the event;<\/span><\/li>\n<li><span style=\"font-weight: 400;\">c) promotion of local food companies on foreign markets;<\/span><\/li>\n<li><span style=\"font-weight: 400;\">d) establishing international business relations on priority foreign markets;<\/span><\/li>\n<li><span style=\"font-weight: 400;\">e) promotion and brand recognition increase of the Podlaskie Voivodeship;<\/span><\/li>\n<li><span style=\"font-weight: 400;\">f) strengthening the results of food companies promotion on foreign markets;<\/span><\/li>\n<li><span style=\"font-weight: 400;\">g) boosting local entrepreneurship.<\/span><\/li>\n<\/ol>\n<p><b>Planned effects:\u00a0<\/b><\/p>\n<p><span style=\"font-weight: 400;\">Signing 3 letters of intent about cooperation. The long-term effect of the project will be a coherent promotion of the Podlaskie Voivodeship and the key food industry addressed to both other exhibitors and potential contractors, as well as people visiting the fair, that finally will give a chance to strengthen the region's position in the world.<\/span><\/p>\n<p><b>Project value:<\/b><span style=\"font-weight: 400;\">\u00a0 PLN 330,020.05\u00a0<\/span><\/p>\n<p><b>Contribution of European Funds:<\/b><span style=\"font-weight: 400;\"> co-financing PLN 239,398.00<\/span><\/p>\n<p>\n<\/div><\/div><\/div><\/div><\/div><\/div><div class=\"bt_bb_row\"  data-bt-override-class=\"{}\"><div class=\"bt_bb_row_holder\" ><div  class=\"bt_bb_column col-xxl-12 col-xl-12 bt_bb_vertical_align_top bt_bb_align_left bt_bb_padding_normal\" style=\"; --column-width:12;\" data-width=\"12\" data-bt-override-class=\"{}\"><div class=\"bt_bb_column_content\"><div class=\"bt_bb_column_content_inner\"><div class=\"bt_bb_separator bt_bb_border_style_none bt_bb_top_spacing_normal\" data-bt-override-class=\"null\"><\/div><header class=\"bt_bb_headline bt_bb_dash_none bt_bb_superheadline bt_bb_size_inherit bt_bb_align_inherit\" data-bt-override-class=\"{}\"><h4 class=\"bt_bb_headline_tag\"><span class=\"bt_bb_headline_superheadline\">2019<\/span><span class=\"bt_bb_headline_content\"><span>Reconstruction of the old recipe of \"Kaunas Lipiec\" and development of an innovative method of producing boiled-wort mead \u2013 without the addition of sulfites ensuring colloidal stability Project No. RPLB.01.02.00-08-0002\/17 <\/span><\/span><\/h4><\/header><div class=\"bt_bb_separator bt_bb_border_style_none bt_bb_top_spacing_normal\" data-bt-override-class=\"null\"><\/div><div  class=\"bt_bb_text\" ><\/p>\n<p style=\"font-weight: 400;\">\"With a voucher for innovation 2.0!!\" Act 1.2 \u2013 Development of entrepreneurship, III Type of project,<\/p>\n<p>Regional voucher for innovation \u2013 grant project, Priority Axis 1 Economy and innovations RPO \u2013 Lubuskie 2020<\/p>\n<p>Project value:\u00a0<strong>\u00a0144 705,86 PLN<\/strong><\/p>\n<p style=\"font-weight: 400;\">\u00a0 The aim of the project is to recreate the old recipe of \"Kaunas Lipiec (linden honey mead)\" and develop an innovative method of producing boiled-wort mead \u2013 without the addition of sulfites ensuring colloidal stability.<\/p>\n<p>\n<\/div><\/div><\/div><\/div><\/div><\/div><\/div><!-- cell_inner --><\/div><!-- cell --><\/div><!-- port --><\/section><\/p>","protected":false},"excerpt":{"rendered":"","protected":false},"author":61,"featured_media":0,"parent":0,"menu_order":0,"comment_status":"closed","ping_status":"closed","template":"","meta":{"footnotes":""},"class_list":["post-2029","page","type-page","status-publish","hentry"],"yoast_head":"<!-- This site is optimized with the Yoast SEO plugin v27.3 - https:\/\/yoast.com\/product\/yoast-seo-wordpress\/ -->\n<title>Implemented projects - Augustowska Miodosytnia<\/title>\n<meta name=\"robots\" content=\"index, follow, max-snippet:-1, max-image-preview:large, max-video-preview:-1\" \/>\n<link rel=\"canonical\" href=\"https:\/\/augustowska-miodosytnia.pl\/en\/realizowane-projekty\/\" \/>\n<meta property=\"og:locale\" content=\"en_GB\" \/>\n<meta property=\"og:type\" content=\"article\" \/>\n<meta property=\"og:title\" content=\"Implemented projects - Augustowska Miodosytnia\" \/>\n<meta property=\"og:url\" content=\"https:\/\/augustowska-miodosytnia.pl\/en\/realizowane-projekty\/\" \/>\n<meta property=\"og:site_name\" content=\"Augustowska Miodosytnia\" \/>\n<meta property=\"article:modified_time\" content=\"2022-06-13T06:19:29+00:00\" \/>\n<meta name=\"twitter:card\" content=\"summary_large_image\" \/>\n<meta name=\"twitter:label1\" content=\"Est. reading time\" \/>\n\t<meta name=\"twitter:data1\" content=\"6 minutes\" \/>\n<script type=\"application\/ld+json\" class=\"yoast-schema-graph\">{\"@context\":\"https:\\\/\\\/schema.org\",\"@graph\":[{\"@type\":\"WebPage\",\"@id\":\"https:\\\/\\\/augustowska-miodosytnia.pl\\\/realizowane-projekty\\\/\",\"url\":\"https:\\\/\\\/augustowska-miodosytnia.pl\\\/realizowane-projekty\\\/\",\"name\":\"Implemented projects - Augustowska Miodosytnia\",\"isPartOf\":{\"@id\":\"https:\\\/\\\/augustowska-miodosytnia.pl\\\/#website\"},\"datePublished\":\"2019-12-31T15:00:52+00:00\",\"dateModified\":\"2022-06-13T06:19:29+00:00\",\"breadcrumb\":{\"@id\":\"https:\\\/\\\/augustowska-miodosytnia.pl\\\/realizowane-projekty\\\/#breadcrumb\"},\"inLanguage\":\"en-GB\",\"potentialAction\":[{\"@type\":\"ReadAction\",\"target\":[\"https:\\\/\\\/augustowska-miodosytnia.pl\\\/realizowane-projekty\\\/\"]}]},{\"@type\":\"BreadcrumbList\",\"@id\":\"https:\\\/\\\/augustowska-miodosytnia.pl\\\/realizowane-projekty\\\/#breadcrumb\",\"itemListElement\":[{\"@type\":\"ListItem\",\"position\":1,\"name\":\"Strona g\u0142\u00f3wna\",\"item\":\"https:\\\/\\\/augustowska-miodosytnia.pl\\\/\"},{\"@type\":\"ListItem\",\"position\":2,\"name\":\"Realizowane Projekty\"}]},{\"@type\":\"WebSite\",\"@id\":\"https:\\\/\\\/augustowska-miodosytnia.pl\\\/#website\",\"url\":\"https:\\\/\\\/augustowska-miodosytnia.pl\\\/\",\"name\":\"Augustowska Miodosytnia\",\"description\":\"Na dobre trunki warto jest czeka\u0107\",\"potentialAction\":[{\"@type\":\"SearchAction\",\"target\":{\"@type\":\"EntryPoint\",\"urlTemplate\":\"https:\\\/\\\/augustowska-miodosytnia.pl\\\/?s={search_term_string}\"},\"query-input\":{\"@type\":\"PropertyValueSpecification\",\"valueRequired\":true,\"valueName\":\"search_term_string\"}}],\"inLanguage\":\"en-GB\"}]}<\/script>\n<!-- \/ Yoast SEO plugin. -->","yoast_head_json":{"title":"Implemented projects - Augustowska Miodosytnia","robots":{"index":"index","follow":"follow","max-snippet":"max-snippet:-1","max-image-preview":"max-image-preview:large","max-video-preview":"max-video-preview:-1"},"canonical":"https:\/\/augustowska-miodosytnia.pl\/en\/realizowane-projekty\/","og_locale":"en_GB","og_type":"article","og_title":"Implemented projects - Augustowska Miodosytnia","og_url":"https:\/\/augustowska-miodosytnia.pl\/en\/realizowane-projekty\/","og_site_name":"Augustowska Miodosytnia","article_modified_time":"2022-06-13T06:19:29+00:00","twitter_card":"summary_large_image","twitter_misc":{"Est. reading time":"6 minutes"},"schema":{"@context":"https:\/\/schema.org","@graph":[{"@type":"WebPage","@id":"https:\/\/augustowska-miodosytnia.pl\/realizowane-projekty\/","url":"https:\/\/augustowska-miodosytnia.pl\/realizowane-projekty\/","name":"Implemented projects - Augustowska Miodosytnia","isPartOf":{"@id":"https:\/\/augustowska-miodosytnia.pl\/#website"},"datePublished":"2019-12-31T15:00:52+00:00","dateModified":"2022-06-13T06:19:29+00:00","breadcrumb":{"@id":"https:\/\/augustowska-miodosytnia.pl\/realizowane-projekty\/#breadcrumb"},"inLanguage":"en-GB","potentialAction":[{"@type":"ReadAction","target":["https:\/\/augustowska-miodosytnia.pl\/realizowane-projekty\/"]}]},{"@type":"BreadcrumbList","@id":"https:\/\/augustowska-miodosytnia.pl\/realizowane-projekty\/#breadcrumb","itemListElement":[{"@type":"ListItem","position":1,"name":"Strona g\u0142\u00f3wna","item":"https:\/\/augustowska-miodosytnia.pl\/"},{"@type":"ListItem","position":2,"name":"Realizowane Projekty"}]},{"@type":"WebSite","@id":"https:\/\/augustowska-miodosytnia.pl\/#website","url":"https:\/\/augustowska-miodosytnia.pl\/","name":"Augustow Meadery","description":"Na dobre trunki warto jest czeka\u0107","potentialAction":[{"@type":"SearchAction","target":{"@type":"EntryPoint","urlTemplate":"https:\/\/augustowska-miodosytnia.pl\/?s={search_term_string}"},"query-input":{"@type":"PropertyValueSpecification","valueRequired":true,"valueName":"search_term_string"}}],"inLanguage":"en-GB"}]}},"_links":{"self":[{"href":"https:\/\/augustowska-miodosytnia.pl\/en\/wp-json\/wp\/v2\/pages\/2029","targetHints":{"allow":["GET"]}}],"collection":[{"href":"https:\/\/augustowska-miodosytnia.pl\/en\/wp-json\/wp\/v2\/pages"}],"about":[{"href":"https:\/\/augustowska-miodosytnia.pl\/en\/wp-json\/wp\/v2\/types\/page"}],"author":[{"embeddable":true,"href":"https:\/\/augustowska-miodosytnia.pl\/en\/wp-json\/wp\/v2\/users\/61"}],"replies":[{"embeddable":true,"href":"https:\/\/augustowska-miodosytnia.pl\/en\/wp-json\/wp\/v2\/comments?post=2029"}],"version-history":[{"count":17,"href":"https:\/\/augustowska-miodosytnia.pl\/en\/wp-json\/wp\/v2\/pages\/2029\/revisions"}],"predecessor-version":[{"id":3989,"href":"https:\/\/augustowska-miodosytnia.pl\/en\/wp-json\/wp\/v2\/pages\/2029\/revisions\/3989"}],"wp:attachment":[{"href":"https:\/\/augustowska-miodosytnia.pl\/en\/wp-json\/wp\/v2\/media?parent=2029"}],"curies":[{"name":"wp","href":"https:\/\/api.w.org\/{rel}","templated":true}]}}