{"id":19,"date":"2017-07-13T21:45:33","date_gmt":"2017-07-13T19:45:33","guid":{"rendered":"http:\/\/augustowska-miodosytnia.pl\/?page_id=19"},"modified":"2020-03-02T18:59:47","modified_gmt":"2020-03-02T17:59:47","slug":"oferta","status":"publish","type":"page","link":"https:\/\/augustowska-miodosytnia.pl\/en\/oferta\/","title":{"rendered":"Oferta"},"content":{"rendered":"<p><section id=\"bt_bb_section6a00bd06d4962\" class=\"bt_bb_section bt_bb_layout_boxed_1200 bt_bb_vertical_align_top bt_bb_top_spacing_normal bt_bb_bottom_spacing_normal\" style=\"background: rgba(50, 50, 50, 0.5)\" data-bt-override-class=\"null\"><div class=\"bt_bb_port\"><div class=\"bt_bb_cell\"><div class=\"bt_bb_cell_inner\"><div class=\"bt_bb_row\"  data-bt-override-class=\"{}\"><div class=\"bt_bb_row_holder\" ><div  class=\"bt_bb_column col-xxl-12 col-xl-12 bt_bb_vertical_align_top bt_bb_align_left bt_bb_padding_normal\" style=\"; --column-width:12;\" data-width=\"12\" data-bt-override-class=\"{}\"><div class=\"bt_bb_column_content\"><div class=\"bt_bb_column_content_inner\"><header class=\"bt_bb_headline bt_bb_dash_none bt_bb_size_large bt_bb_align_inherit\" data-bt-override-class=\"{}\"><h1 class=\"bt_bb_headline_tag\"><span class=\"bt_bb_headline_content\"><span>NASZA OFERTA<\/span><\/span><\/h1><\/header><\/div><\/div><\/div><\/div><\/div><\/div><!-- cell_inner --><\/div><!-- cell --><\/div><!-- port --><\/section><section id=\"bt_bb_section6a00bd06d4bca\" class=\"bt_bb_section bt_bb_layout_boxed_1200\"  data-bt-override-class=\"null\"><div class=\"bt_bb_port\"><div class=\"bt_bb_cell\"><div class=\"bt_bb_cell_inner\"><div class=\"bt_bb_row\"  data-bt-override-class=\"{}\"><div class=\"bt_bb_row_holder\" ><div  class=\"bt_bb_column col-xxl-12 col-xl-12 bt_bb_vertical_align_top bt_bb_align_center bt_bb_padding_normal bt_bb_animation_fade_in animate\" style=\"; --column-width:12;\" data-width=\"12\" data-bt-override-class=\"{}\"><div class=\"bt_bb_column_content\"><div class=\"bt_bb_column_content_inner\"><header class=\"bt_bb_headline bt_bb_dash_none bt_bb_size_medium bt_bb_align_center\" data-bt-override-class=\"{}\"><h2 class=\"bt_bb_headline_tag\"><span class=\"bt_bb_headline_content\"><span>TR\u00d3JNIAK AUGUSTOWSKI<\/span><\/span><\/h2><\/header><div class=\"bt_bb_separator bt_bb_border_style_none bt_bb_top_spacing_medium bt_bb_bottom_spacing_normal\" data-bt-override-class=\"null\"><\/div><div  class=\"bt_bb_text\" ><\/p>\n<p>Tr\u00f3jniak Augustowski to Tr\u00f3jniak Markowy, czyli taki do produkcji kt\u00f3rego u\u017cyli\u015bmy jedynie miodu, wody, przypraw i dro\u017cd\u017cy. Wytworzony jest on z miodu wielokwiatowego le\u015bnego oraz miodu lipowego, te miody, to produkty regionalne z Augustowa.<\/p>\n<p>Barwa s\u0142omkowa aromat lipy i wiosennych kwiat\u00f3w. W smaku delikatny, lekko s\u0142odki z wyra\u017anym bukietem i niewyczuwalnym aromatem alkoholu.<\/p>\n<p>Recenzja:\u00a0<a href=\"https:\/\/www.miodpitny.com\/recenzje\/3,45,0,0,miodosytnia_augustowska\">https:\/\/www.miodpitny.com\/recenzje\/3,45,0,0,miodosytnia_augustowska<\/a><\/p>\n<p>\n<\/div><div class=\"bt_bb_separator bt_bb_border_style_none bt_bb_bottom_spacing_normal\" data-bt-override-class=\"null\"><\/div><div class=\"bt_bb_masonry_image_grid bt_bb_grid_container bt_bb_columns_3 bt_bb_gap_normal\" data-columns=\"3\"><div class=\"bt_bb_masonry_post_image_content\" data-columns=\"3\"><div class=\"bt_bb_grid_sizer\"><\/div><div class=\"bt_bb_grid_item bt_bb_tile_format11\" data-hw=\"1.5\" data-src=\"https:\/\/augustowska-miodosytnia.pl\/wp-content\/uploads\/2013\/06\/0004-1280x1920.jpg\" data-src-full=\"https:\/\/augustowska-miodosytnia.pl\/wp-content\/uploads\/2013\/06\/0004.jpg\" data-title=\"0004\"><div class=\"bt_bb_grid_item_inner\" data-hw=\"1.5\" ><div class=\"bt_bb_grid_item_inner_image\"><\/div><div class=\"bt_bb_grid_item_inner_content\"><\/div><\/div><\/div><div class=\"bt_bb_grid_item bt_bb_tile_format11\" data-hw=\"0.75\" data-src=\"https:\/\/augustowska-miodosytnia.pl\/wp-content\/uploads\/2017\/07\/48310406_2062339907156597_8369358347421351936_o-1280x960.jpg\" data-src-full=\"https:\/\/augustowska-miodosytnia.pl\/wp-content\/uploads\/2017\/07\/48310406_2062339907156597_8369358347421351936_o.jpg\" data-title=\"Tr\u00f3jniak Augustowski\"><div class=\"bt_bb_grid_item_inner\" data-hw=\"0.75\" ><div class=\"bt_bb_grid_item_inner_image\"><\/div><div class=\"bt_bb_grid_item_inner_content\"><\/div><\/div><\/div><\/div><\/div><\/div><\/div><\/div><\/div><\/div><div class=\"bt_bb_row\"  data-bt-override-class=\"{}\"><div class=\"bt_bb_row_holder\" ><div  class=\"bt_bb_column col-xxl-12 col-xl-12 bt_bb_vertical_align_top bt_bb_align_left bt_bb_padding_normal\" style=\"; --column-width:12;\" data-width=\"12\" data-bt-override-class=\"{}\"><div class=\"bt_bb_column_content\"><div class=\"bt_bb_column_content_inner\"><\/div><\/div><\/div><\/div><\/div><div class=\"bt_bb_row\"  data-bt-override-class=\"{}\"><div class=\"bt_bb_row_holder\" ><div  class=\"bt_bb_column col-xxl-12 col-xl-12 bt_bb_vertical_align_top bt_bb_align_left bt_bb_padding_normal\" style=\"; --column-width:12;\" data-width=\"12\" data-bt-override-class=\"{}\"><div class=\"bt_bb_column_content\"><div class=\"bt_bb_column_content_inner\"><\/div><\/div><\/div><\/div><\/div><\/div><!-- cell_inner --><\/div><!-- cell --><\/div><!-- port --><\/section><section id=\"bt_bb_section6a00bd06d5ac7\" class=\"bt_bb_section bt_bb_layout_boxed_1200\"  data-bt-override-class=\"null\"><div class=\"bt_bb_port\"><div class=\"bt_bb_cell\"><div class=\"bt_bb_cell_inner\"><div class=\"bt_bb_row\"  data-bt-override-class=\"{}\"><div class=\"bt_bb_row_holder\" ><div  class=\"bt_bb_column col-xxl-12 col-xl-12 bt_bb_vertical_align_top bt_bb_align_left bt_bb_padding_normal\" style=\"; --column-width:12;\" data-width=\"12\" data-bt-override-class=\"{}\"><div class=\"bt_bb_column_content\"><div class=\"bt_bb_column_content_inner\"><\/div><\/div><\/div><\/div><\/div><\/div><!-- cell_inner --><\/div><!-- cell --><\/div><!-- port --><\/section><section id=\"bt_bb_section6a00bd06d5bc3\" class=\"bt_bb_section bt_bb_layout_boxed_1200 bt_bb_vertical_align_top bt_bb_top_spacing_normal bt_bb_bottom_spacing_normal\" style=\"background: rgba(50, 50, 50, 0.5)\" data-bt-override-class=\"null\"><div class=\"bt_bb_port\"><div class=\"bt_bb_cell\"><div class=\"bt_bb_cell_inner\"><div class=\"bt_bb_row\"  data-bt-override-class=\"{}\"><div class=\"bt_bb_row_holder\" ><div  class=\"bt_bb_column col-xxl-6 col-xl-6 bt_bb_vertical_align_top bt_bb_align_left bt_bb_padding_normal\" style=\"; --column-width:6;\" data-width=\"6\" data-bt-override-class=\"{}\"><div class=\"bt_bb_column_content\"><div class=\"bt_bb_column_content_inner\"><header class=\"bt_bb_headline bt_bb_dash_none bt_bb_size_medium bt_bb_align_center\" data-bt-override-class=\"{}\"><h2 class=\"bt_bb_headline_tag\"><span class=\"bt_bb_headline_content\"><span>PODPIWEK AUGUSTOWSKI NA MIODZIE<\/span><\/span><\/h2><\/header><div class=\"bt_bb_separator bt_bb_border_style_none bt_bb_bottom_spacing_normal\" data-bt-override-class=\"null\"><\/div><div  class=\"bt_bb_text\" ><\/p>\n<p>Podpiwek Augustowski na Miodzie to wyprodukowany craftowo tradycyjny nap\u00f3j orze\u017awiaj\u0105cy powszechny niegdy\u015b na terenie dawnej Rzeczpospolitej. Kr\u00f3tki\u00a0i przerwany na wst\u0119pnym etapie proces fermentacji\u00a0dro\u017cd\u017cowej nadaje jemu wyj\u0105tkowy charakter przy wytworzeniu minimalnej zawarto\u015bci alkoholu\u00a0oko\u0142o 0,5 %. Smak naszego Podpiwka podkre\u015blony jest przez zast\u0105pienie cukru miodem lipowym w procesie dos\u0142adzania. Produkt pasteryzowany, w pe\u0142ni naturalny nie zawiera wzmacniaczy smaku, aromatu czy konserwant\u00f3w.<\/p>\n<p><em><strong>Podpiwek Augustowski na Miodzie dost\u0119pny jest w butelkach 0,33 litra.<\/strong><\/em><\/p>\n<p>\n<\/div><div class=\"bt_bb_separator bt_bb_border_style_none bt_bb_bottom_spacing_normal\" data-bt-override-class=\"null\"><\/div><div class=\"bt_bb_masonry_image_grid bt_bb_grid_container bt_bb_columns_3 bt_bb_gap_normal\" data-columns=\"3\"><div class=\"bt_bb_masonry_post_image_content\" data-columns=\"3\"><div class=\"bt_bb_grid_sizer\"><\/div><div class=\"bt_bb_grid_item bt_bb_tile_format11\" data-hw=\"1.5066666666667\" data-src=\"https:\/\/augustowska-miodosytnia.pl\/wp-content\/uploads\/2017\/07\/podpiwek12-1280x1928.jpg\" data-src-full=\"https:\/\/augustowska-miodosytnia.pl\/wp-content\/uploads\/2017\/07\/podpiwek12.jpg\" data-title=\"podpiwek12\"><div class=\"bt_bb_grid_item_inner\" data-hw=\"1.5066666666667\" ><div class=\"bt_bb_grid_item_inner_image\"><\/div><div class=\"bt_bb_grid_item_inner_content\"><\/div><\/div><\/div><div class=\"bt_bb_grid_item bt_bb_tile_format11\" data-hw=\"1.4407894736842\" data-src=\"https:\/\/augustowska-miodosytnia.pl\/wp-content\/uploads\/2017\/07\/podpiwek5.png\" data-src-full=\"https:\/\/augustowska-miodosytnia.pl\/wp-content\/uploads\/2017\/07\/podpiwek5.png\" data-title=\"podpiwek5\"><div class=\"bt_bb_grid_item_inner\" data-hw=\"1.4407894736842\" ><div class=\"bt_bb_grid_item_inner_image\"><\/div><div class=\"bt_bb_grid_item_inner_content\"><\/div><\/div><\/div><div class=\"bt_bb_grid_item bt_bb_tile_format11\" data-hw=\"1.3333333333333\" data-src=\"https:\/\/augustowska-miodosytnia.pl\/wp-content\/uploads\/2017\/07\/IMAG1325-1280x1707.jpg\" data-src-full=\"https:\/\/augustowska-miodosytnia.pl\/wp-content\/uploads\/2017\/07\/IMAG1325-scaled.jpg\" data-title=\"IMAG1325\"><div class=\"bt_bb_grid_item_inner\" data-hw=\"1.3333333333333\" ><div class=\"bt_bb_grid_item_inner_image\"><\/div><div class=\"bt_bb_grid_item_inner_content\"><\/div><\/div><\/div><\/div><\/div><\/div><\/div><\/div><div  class=\"bt_bb_column col-xxl-6 col-xl-6 bt_bb_vertical_align_top bt_bb_align_left bt_bb_padding_normal\" style=\"; --column-width:6;\" data-width=\"6\" data-bt-override-class=\"{}\"><div class=\"bt_bb_column_content\"><div class=\"bt_bb_column_content_inner\"><header class=\"bt_bb_headline bt_bb_dash_none bt_bb_size_medium bt_bb_align_center\" data-bt-override-class=\"{}\"><h2 class=\"bt_bb_headline_tag\"><span class=\"bt_bb_headline_content\"><span>ZBICIE\u0143<\/span><\/span><\/h2><\/header><div class=\"bt_bb_separator bt_bb_border_style_none bt_bb_bottom_spacing_normal\" data-bt-override-class=\"null\"><\/div><div  class=\"bt_bb_text\" ><\/p>\n<p>Od wiek\u00f3w w puszcza\u0144skich karczmach Wielkiego Ksi\u0119stwa Litewskiego serwowano Zbicie\u0144 \u2013 z\u0142ocisty lekki nap\u00f3j na bazie miodu. Zbicie\u0144 dawa\u0142 chwile wytchnienia podr\u00f3\u017cnym w upalne miesi\u0105ce, a zim\u0105 podawany na gor\u0105co z dodatkiem przypraw korzennych doskonale rozgrzewa\u0142. Dlaczego nie piwo? Z prostej przyczyny: w puszczy j\u0119czmie\u0144 nie ro\u015bnie, a sk\u0142adniki pozyskane z las\u00f3w i \u015br\u00f3dle\u015bnych \u0142\u0105k skomponowane wed\u0142ug dawnych receptur mog\u0105 da\u0107 tylko unikatowy smak Zbicienia. Na jego niepowtarzalny smak i aromat wp\u0142ywa najwy\u017cszej jako\u015bci mi\u00f3d u\u017cyty przez nas do jego przygotowania.<\/p>\n<p><em><strong>Zbicie\u0144 dost\u0119pny jest w wersjach:\u00a0<\/strong><\/em><\/p>\n<p><strong>Zbicie\u0144 Le\u015bny (Forest)<\/strong>\u00a0 &#8211; wytrawny, w kt\u00f3rym u\u017cyte dodatki w postaci p\u0119d\u00f3w sosny, owoc\u00f3w ja\u0142owca i chmielu sprawiaj\u0105, \u017ce z miodu kt\u00f3ry jest podstaw\u0105 ca\u0142ego procesu fermentacji zostaje jedynie posmak i aromat. Zawarto\u015b\u0107 alkoholu 7%, butelka 0,33 litra.<\/p>\n<p><strong>Zbicie\u0144 Chmielowy &#8211; <\/strong>s\u0142odki i orze\u017awiaj\u0105cy, w kt\u00f3rym s\u0142odycz miodu jest tylko delikatnie zbilansowana goryczk\u0105 krajowego chmielu, zawarto\u015b\u0107 alkoholu 5% butelka 0,33 litra.<\/p>\n<p>\n<\/div><div class=\"bt_bb_separator bt_bb_border_style_none bt_bb_bottom_spacing_normal\" data-bt-override-class=\"null\"><\/div><div class=\"bt_bb_masonry_image_grid bt_bb_grid_container bt_bb_columns_3 bt_bb_gap_normal\" data-columns=\"3\"><div class=\"bt_bb_masonry_post_image_content\" data-columns=\"3\"><div class=\"bt_bb_grid_sizer\"><\/div><div class=\"bt_bb_grid_item bt_bb_tile_format11\" data-hw=\"1.5008333333333\" data-src=\"https:\/\/augustowska-miodosytnia.pl\/wp-content\/uploads\/2017\/07\/IMG_5159-1280x1921.jpg\" data-src-full=\"https:\/\/augustowska-miodosytnia.pl\/wp-content\/uploads\/2017\/07\/IMG_5159-scaled.jpg\" data-title=\"IMG_5159\"><div class=\"bt_bb_grid_item_inner\" data-hw=\"1.5008333333333\" ><div class=\"bt_bb_grid_item_inner_image\"><\/div><div class=\"bt_bb_grid_item_inner_content\"><\/div><\/div><\/div><div class=\"bt_bb_grid_item bt_bb_tile_format11\" data-hw=\"1.5\" data-src=\"https:\/\/augustowska-miodosytnia.pl\/wp-content\/uploads\/2017\/07\/IMG_5292-1280x1920.jpg\" data-src-full=\"https:\/\/augustowska-miodosytnia.pl\/wp-content\/uploads\/2017\/07\/IMG_5292-scaled.jpg\" data-title=\"IMG_5292\"><div class=\"bt_bb_grid_item_inner\" data-hw=\"1.5\" ><div class=\"bt_bb_grid_item_inner_image\"><\/div><div class=\"bt_bb_grid_item_inner_content\"><\/div><\/div><\/div><div class=\"bt_bb_grid_item bt_bb_tile_format11\" data-hw=\"0.77083333333333\" data-src=\"https:\/\/augustowska-miodosytnia.pl\/wp-content\/uploads\/2017\/07\/IMG_5307-1280x987.jpg\" data-src-full=\"https:\/\/augustowska-miodosytnia.pl\/wp-content\/uploads\/2017\/07\/IMG_5307-scaled.jpg\" data-title=\"IMG_5307\"><div class=\"bt_bb_grid_item_inner\" data-hw=\"0.77083333333333\" ><div class=\"bt_bb_grid_item_inner_image\"><\/div><div class=\"bt_bb_grid_item_inner_content\"><\/div><\/div><\/div><\/div><\/div><\/div><\/div><\/div><\/div><\/div><\/div><!-- cell_inner --><\/div><!-- cell --><\/div><!-- port --><\/section><\/p>","protected":false},"excerpt":{"rendered":"","protected":false},"author":61,"featured_media":0,"parent":0,"menu_order":0,"comment_status":"closed","ping_status":"closed","template":"","meta":{"footnotes":""},"class_list":["post-19","page","type-page","status-publish","hentry"],"yoast_head":"<!-- This site is optimized with the Yoast SEO plugin v27.3 - https:\/\/yoast.com\/product\/yoast-seo-wordpress\/ -->\n<title>Oferta - Augustowska Miodosytnia<\/title>\n<meta name=\"robots\" content=\"index, follow, max-snippet:-1, max-image-preview:large, max-video-preview:-1\" \/>\n<link rel=\"canonical\" href=\"https:\/\/augustowska-miodosytnia.pl\/en\/oferta\/\" \/>\n<meta property=\"og:locale\" content=\"en_GB\" \/>\n<meta property=\"og:type\" content=\"article\" \/>\n<meta property=\"og:title\" content=\"Oferta - Augustowska Miodosytnia\" \/>\n<meta property=\"og:url\" content=\"https:\/\/augustowska-miodosytnia.pl\/en\/oferta\/\" \/>\n<meta property=\"og:site_name\" content=\"Augustowska Miodosytnia\" \/>\n<meta property=\"article:modified_time\" content=\"2020-03-02T17:59:47+00:00\" \/>\n<meta name=\"twitter:card\" content=\"summary_large_image\" \/>\n<meta name=\"twitter:label1\" content=\"Est. reading time\" \/>\n\t<meta name=\"twitter:data1\" content=\"5 minutes\" \/>\n<script type=\"application\/ld+json\" class=\"yoast-schema-graph\">{\"@context\":\"https:\\\/\\\/schema.org\",\"@graph\":[{\"@type\":\"WebPage\",\"@id\":\"https:\\\/\\\/augustowska-miodosytnia.pl\\\/oferta\\\/\",\"url\":\"https:\\\/\\\/augustowska-miodosytnia.pl\\\/oferta\\\/\",\"name\":\"Oferta - Augustowska Miodosytnia\",\"isPartOf\":{\"@id\":\"https:\\\/\\\/augustowska-miodosytnia.pl\\\/#website\"},\"datePublished\":\"2017-07-13T19:45:33+00:00\",\"dateModified\":\"2020-03-02T17:59:47+00:00\",\"breadcrumb\":{\"@id\":\"https:\\\/\\\/augustowska-miodosytnia.pl\\\/oferta\\\/#breadcrumb\"},\"inLanguage\":\"en-GB\",\"potentialAction\":[{\"@type\":\"ReadAction\",\"target\":[\"https:\\\/\\\/augustowska-miodosytnia.pl\\\/oferta\\\/\"]}]},{\"@type\":\"BreadcrumbList\",\"@id\":\"https:\\\/\\\/augustowska-miodosytnia.pl\\\/oferta\\\/#breadcrumb\",\"itemListElement\":[{\"@type\":\"ListItem\",\"position\":1,\"name\":\"Strona g\u0142\u00f3wna\",\"item\":\"https:\\\/\\\/augustowska-miodosytnia.pl\\\/\"},{\"@type\":\"ListItem\",\"position\":2,\"name\":\"Oferta\"}]},{\"@type\":\"WebSite\",\"@id\":\"https:\\\/\\\/augustowska-miodosytnia.pl\\\/#website\",\"url\":\"https:\\\/\\\/augustowska-miodosytnia.pl\\\/\",\"name\":\"Augustowska Miodosytnia\",\"description\":\"Na dobre trunki warto jest czeka\u0107\",\"potentialAction\":[{\"@type\":\"SearchAction\",\"target\":{\"@type\":\"EntryPoint\",\"urlTemplate\":\"https:\\\/\\\/augustowska-miodosytnia.pl\\\/?s={search_term_string}\"},\"query-input\":{\"@type\":\"PropertyValueSpecification\",\"valueRequired\":true,\"valueName\":\"search_term_string\"}}],\"inLanguage\":\"en-GB\"}]}<\/script>\n<!-- \/ Yoast SEO plugin. -->","yoast_head_json":{"title":"Oferta - Augustowska Miodosytnia","robots":{"index":"index","follow":"follow","max-snippet":"max-snippet:-1","max-image-preview":"max-image-preview:large","max-video-preview":"max-video-preview:-1"},"canonical":"https:\/\/augustowska-miodosytnia.pl\/en\/oferta\/","og_locale":"en_GB","og_type":"article","og_title":"Oferta - Augustowska Miodosytnia","og_url":"https:\/\/augustowska-miodosytnia.pl\/en\/oferta\/","og_site_name":"Augustowska Miodosytnia","article_modified_time":"2020-03-02T17:59:47+00:00","twitter_card":"summary_large_image","twitter_misc":{"Est. reading time":"5 minutes"},"schema":{"@context":"https:\/\/schema.org","@graph":[{"@type":"WebPage","@id":"https:\/\/augustowska-miodosytnia.pl\/oferta\/","url":"https:\/\/augustowska-miodosytnia.pl\/oferta\/","name":"Oferta - Augustowska Miodosytnia","isPartOf":{"@id":"https:\/\/augustowska-miodosytnia.pl\/#website"},"datePublished":"2017-07-13T19:45:33+00:00","dateModified":"2020-03-02T17:59:47+00:00","breadcrumb":{"@id":"https:\/\/augustowska-miodosytnia.pl\/oferta\/#breadcrumb"},"inLanguage":"en-GB","potentialAction":[{"@type":"ReadAction","target":["https:\/\/augustowska-miodosytnia.pl\/oferta\/"]}]},{"@type":"BreadcrumbList","@id":"https:\/\/augustowska-miodosytnia.pl\/oferta\/#breadcrumb","itemListElement":[{"@type":"ListItem","position":1,"name":"Strona g\u0142\u00f3wna","item":"https:\/\/augustowska-miodosytnia.pl\/"},{"@type":"ListItem","position":2,"name":"Oferta"}]},{"@type":"WebSite","@id":"https:\/\/augustowska-miodosytnia.pl\/#website","url":"https:\/\/augustowska-miodosytnia.pl\/","name":"Augustow Meadery","description":"Na dobre trunki warto jest czeka\u0107","potentialAction":[{"@type":"SearchAction","target":{"@type":"EntryPoint","urlTemplate":"https:\/\/augustowska-miodosytnia.pl\/?s={search_term_string}"},"query-input":{"@type":"PropertyValueSpecification","valueRequired":true,"valueName":"search_term_string"}}],"inLanguage":"en-GB"}]}},"_links":{"self":[{"href":"https:\/\/augustowska-miodosytnia.pl\/en\/wp-json\/wp\/v2\/pages\/19","targetHints":{"allow":["GET"]}}],"collection":[{"href":"https:\/\/augustowska-miodosytnia.pl\/en\/wp-json\/wp\/v2\/pages"}],"about":[{"href":"https:\/\/augustowska-miodosytnia.pl\/en\/wp-json\/wp\/v2\/types\/page"}],"author":[{"embeddable":true,"href":"https:\/\/augustowska-miodosytnia.pl\/en\/wp-json\/wp\/v2\/users\/61"}],"replies":[{"embeddable":true,"href":"https:\/\/augustowska-miodosytnia.pl\/en\/wp-json\/wp\/v2\/comments?post=19"}],"version-history":[{"count":24,"href":"https:\/\/augustowska-miodosytnia.pl\/en\/wp-json\/wp\/v2\/pages\/19\/revisions"}],"predecessor-version":[{"id":2254,"href":"https:\/\/augustowska-miodosytnia.pl\/en\/wp-json\/wp\/v2\/pages\/19\/revisions\/2254"}],"wp:attachment":[{"href":"https:\/\/augustowska-miodosytnia.pl\/en\/wp-json\/wp\/v2\/media?parent=19"}],"curies":[{"name":"wp","href":"https:\/\/api.w.org\/{rel}","templated":true}]}}