{"id":11,"date":"2017-07-13T21:11:36","date_gmt":"2017-07-13T19:11:36","guid":{"rendered":"http:\/\/augustowska-miodosytnia.pl\/?page_id=11"},"modified":"2025-02-27T10:06:47","modified_gmt":"2025-02-27T09:06:47","slug":"strona-glowna","status":"publish","type":"page","link":"https:\/\/augustowska-miodosytnia.pl\/en\/","title":{"rendered":"Strona g\u0142\u00f3wna"},"content":{"rendered":"<p><section id=\"bt_bb_section69fc45da93771\" class=\"bt_bb_section bt_bb_layout_wide bt_bb_vertical_align_top bt_bb_bottom_spacing_normal\"  data-bt-override-class=\"null\"><div class=\"bt_bb_port\"><div class=\"bt_bb_cell\"><div class=\"bt_bb_cell_inner\"><div class=\"bt_bb_row\"  data-bt-override-class=\"{}\"><div class=\"bt_bb_row_holder\" ><div  class=\"bt_bb_column col-xxl-12 col-xl-12 bt_bb_vertical_align_top bt_bb_align_center bt_bb_padding_normal\" style=\"; --column-width:12;\" data-width=\"12\" data-bt-override-class=\"{}\"><div class=\"bt_bb_column_content\"><div class=\"bt_bb_column_content_inner\"><div  class=\"bt_bb_text\" ><\/p>\n<div id=\"metaslider-id-2706\" style=\"width: 100%;\" class=\"ml-slider-3-109-0 metaslider metaslider-flex metaslider-2706 ml-slider has-dots-nav has-carousel-mode ms-theme-default\" role=\"region\" aria-label=\"New Slideshow\" data-height=\"700\" data-width=\"1920\">\n<div id=\"metaslider_container_2706\">\n<div id=\"metaslider_2706\">\n<ul class='slides'>\n<li style=\"display: none; width: 100%;\" class=\"slide-2707 ms-image\" aria-roledescription=\"slide\" data-date=\"2020-06-22 04:59:26\" data-filename=\"1-1.jpg\" data-slide-type=\"image\"><a href=\"https:\/\/augustowska-miodosytnia.pl\/en\/sklep\/\" target=\"_self\" aria-label=\"View Slide Details\" class=\"metaslider_image_link\"><img loading=\"lazy\" decoding=\"async\" src=\"https:\/\/augustowska-miodosytnia.pl\/wp-content\/uploads\/2024\/01\/1-1.jpg\" height=\"700\" width=\"1920\" alt=\"baner Augustowska Miodosytnia\" class=\"slider-2706 slide-2707 msDefaultImage\" title=\"1\" \/><\/a><\/li>\n<li style=\"display: none; width: 100%;\" class=\"slide-2708 ms-image\" aria-roledescription=\"slide\" data-date=\"2020-06-22 05:01:28\" data-filename=\"Bannery-Miodosytnia-slider.png\" data-slide-type=\"image\"><a href=\"https:\/\/augustowska-miodosytnia.pl\/en\/kursy\/\" target=\"_self\" aria-label=\"View Slide Details\" class=\"metaslider_image_link\"><img loading=\"lazy\" decoding=\"async\" src=\"https:\/\/augustowska-miodosytnia.pl\/wp-content\/uploads\/2025\/02\/Bannery-Miodosytnia-slider.png\" height=\"700\" width=\"1920\" alt=\"baner Augustowska Miodosytnia\" class=\"slider-2706 slide-2708 msDefaultImage\" title=\"Bannery Miodosytnia - slider\" \/><\/a><\/li>\n<li style=\"display: none; width: 100%;\" class=\"slide-2709 ms-image\" aria-roledescription=\"slide\" data-date=\"2020-06-22 05:01:32\" data-filename=\"3.jpg\" data-slide-type=\"image\"><a href=\"https:\/\/augustowska-miodosytnia.pl\/en\/klienci-biznesowi\/\" target=\"_self\" aria-label=\"View Slide Details\" class=\"metaslider_image_link\"><img loading=\"lazy\" decoding=\"async\" src=\"https:\/\/augustowska-miodosytnia.pl\/wp-content\/uploads\/2024\/01\/3.jpg\" height=\"700\" width=\"1920\" alt=\"baner Augustowska Miodosytnia\" class=\"slider-2706 slide-2709 msDefaultImage\" title=\"3\" \/><\/a><\/li>\n<li style=\"display: none; width: 100%;\" class=\"slide-2710 ms-image\" aria-roledescription=\"slide\" data-date=\"2020-06-22 05:01:37\" data-filename=\"4.jpg\" data-slide-type=\"image\"><a href=\"https:\/\/augustowska-miodosytnia.pl\/en\/degustacje\/\" target=\"_self\" aria-label=\"View Slide Details\" class=\"metaslider_image_link\"><img loading=\"lazy\" decoding=\"async\" src=\"https:\/\/augustowska-miodosytnia.pl\/wp-content\/uploads\/2024\/01\/4.jpg\" height=\"700\" width=\"1920\" alt=\"baner Augustowska Miodosytnia\" class=\"slider-2706 slide-2710 msDefaultImage\" title=\"4\" \/><\/a><\/li>\n<\/ul><\/div>\n<\/p><\/div>\n<\/div>\n<p>\n<\/div><div class=\"bt_bb_separator bt_bb_border_style_none\" data-bt-override-class=\"null\"><\/div><\/div><\/div><\/div><\/div><\/div><\/div><!-- cell_inner --><\/div><!-- cell --><\/div><!-- port --><\/section><section id=\"bt_bb_section69fc45daabac7\" class=\"bt_bb_section bt_bb_layout_wide bt_bb_vertical_align_top bt_bb_top_spacing_medium bt_bb_bottom_spacing_normal\"  data-bt-override-class=\"null\"><div class=\"bt_bb_port\"><div class=\"bt_bb_cell\"><div class=\"bt_bb_cell_inner\"><div class=\"bt_bb_row\"  data-bt-override-class=\"{}\"><div class=\"bt_bb_row_holder\" ><div  class=\"bt_bb_column col-xxl-12 col-xl-12 bt_bb_vertical_align_top bt_bb_align_center bt_bb_padding_normal\" style=\"; --column-width:12;\" data-width=\"12\" data-bt-override-class=\"{}\"><div class=\"bt_bb_column_content\"><div class=\"bt_bb_column_content_inner\"><\/div><\/div><\/div><\/div><\/div><div class=\"bt_bb_row\"  data-bt-override-class=\"{}\"><div class=\"bt_bb_row_holder\" ><div  class=\"bt_bb_column col-xxl-12 col-xl-12 bt_bb_vertical_align_top bt_bb_align_center bt_bb_padding_normal\" style=\"; --column-width:12;\" data-width=\"12\" data-bt-override-class=\"{}\"><div class=\"bt_bb_column_content\"><div class=\"bt_bb_column_content_inner\"><div  class=\"bt_bb_text\" ><\/p>\n<p><span class=\"wcpscwc-shortcode-preview\"><\/span><\/p>\n<p>\n<\/div><div class=\"bt_bb_separator bt_bb_border_style_none\" data-bt-override-class=\"null\"><\/div><\/div><\/div><\/div><\/div><\/div><\/div><!-- cell_inner --><\/div><!-- cell --><\/div><!-- port --><\/section><section id=\"bt_bb_section69fc45daac08c\" class=\"bt_bb_section bt_bb_layout_boxed_1600 bt_bb_vertical_align_top\"  data-bt-override-class=\"null\"><div class=\"bt_bb_port\"><div class=\"bt_bb_cell\"><div class=\"bt_bb_cell_inner\"><div class=\"bt_bb_row\"  data-bt-override-class=\"{}\"><div class=\"bt_bb_row_holder\" ><div  class=\"bt_bb_column col-xxl-6 col-xl-6 bt_bb_vertical_align_top bt_bb_align_center bt_bb_padding_normal bt_bb_animation_fade_in animate\" style=\"; --column-width:6;\" data-width=\"6\" data-bt-override-class=\"{}\"><div class=\"bt_bb_column_content\"><div class=\"bt_bb_column_content_inner\"><div class=\"bt_bb_separator bt_bb_border_style_none bt_bb_bottom_spacing_normal\" data-bt-override-class=\"null\"><\/div><div class=\"bt_bb_image bt_bb_shape_square bt_bb_target_self bt_bb_align_inherit bt_bb_hover_style_simple bt_bb_content_display_always bt_bb_content_align_middle\" data-bt-override-class=\"{}\"><span><img fetchpriority=\"high\" decoding=\"async\" width=\"900\" height=\"600\" src=\"https:\/\/augustowska-miodosytnia.pl\/wp-content\/uploads\/2020\/05\/Piotr-Pilasiewicz-i-Pawel-Kotwica-Augustowska-Miodosytnia.jpg\" class=\"attachment-full size-full\" alt=\"https:\/\/augustowska-miodosytnia.pl\/wp-content\/uploads\/2020\/05\/Piotr-Pilasiewicz-i-Pawel-Kotwica-Augustowska-Miodosytnia.jpg\" data-full_image_src=\"https:\/\/augustowska-miodosytnia.pl\/wp-content\/uploads\/2020\/05\/Piotr-Pilasiewicz-i-Pawel-Kotwica-Augustowska-Miodosytnia.jpg\" title=\"Piotr Pilasiewicz i Pawel Kotwica - Augustowska Miodosytnia\" loading=\"eager\" srcset=\"https:\/\/augustowska-miodosytnia.pl\/wp-content\/uploads\/2020\/05\/Piotr-Pilasiewicz-i-Pawel-Kotwica-Augustowska-Miodosytnia.jpg 900w, https:\/\/augustowska-miodosytnia.pl\/wp-content\/uploads\/2020\/05\/Piotr-Pilasiewicz-i-Pawel-Kotwica-Augustowska-Miodosytnia-400x267.jpg 400w, https:\/\/augustowska-miodosytnia.pl\/wp-content\/uploads\/2020\/05\/Piotr-Pilasiewicz-i-Pawel-Kotwica-Augustowska-Miodosytnia-600x400.jpg 600w, https:\/\/augustowska-miodosytnia.pl\/wp-content\/uploads\/2020\/05\/Piotr-Pilasiewicz-i-Pawel-Kotwica-Augustowska-Miodosytnia-640x427.jpg 640w, https:\/\/augustowska-miodosytnia.pl\/wp-content\/uploads\/2020\/05\/Piotr-Pilasiewicz-i-Pawel-Kotwica-Augustowska-Miodosytnia-768x512.jpg 768w, https:\/\/augustowska-miodosytnia.pl\/wp-content\/uploads\/2020\/05\/Piotr-Pilasiewicz-i-Pawel-Kotwica-Augustowska-Miodosytnia-320x213.jpg 320w\" sizes=\"(max-width: 900px) 100vw, 900px\" \/><\/span><\/div><div class=\"bt_bb_separator bt_bb_border_style_none bt_bb_bottom_spacing_medium\" data-bt-override-class=\"null\"><\/div><\/div><\/div><\/div><div  class=\"bt_bb_column col-xxl-6 col-xl-6 bt_bb_vertical_align_middle bt_bb_align_left bt_bb_padding_normal bt_bb_animation_fade_in animate\" style=\"; --column-width:6;\" data-width=\"6\" data-bt-override-class=\"{}\"><div class=\"bt_bb_column_content\"><div class=\"bt_bb_column_content_inner\"><div class=\"bt_bb_separator bt_bb_border_style_none bt_bb_top_spacing_normal\" data-bt-override-class=\"null\"><\/div><div  class=\"bt_bb_text\" ><\/p>\n<h1>Augustow Meadery<\/h1>\n<p class=\"translation-block\">We invite you to a world where tradition meets modernity, and ingredients are transformed directly from nature into drinks according to traditional recipes. Our Meadery is a place where every lover of nature  will find something for themselves. Our activity is based on recreating old recipes that were known and appreciated in the times of the Polish-Lithuanian Commonwealth. We want to give our customers not only alcoholic beverages, but also a piece of the heritage and history of our country.<\/p>\n<h2>Find out more about Augustow Meadery<\/h2>\n<p>Augustow Meadery was created from a combination of passion for beekeeping and home mead-making. In our daily work, we are rebuilding the forgotten mead-making tradition of the Polish-Lithuanian Commonwealth. That is why we offer our customers original beverages that our ancestors were delighted with.<\/p>\n<p>Want to get to know us better? Check out the About Us tab! If you are interested in our Meads, Zbicie\u0144  or Podpiwki, visit the Our Products and Shop tabs.<\/p>\n<p>&nbsp;<\/p>\n<p>\n<\/div><div class=\"bt_bb_separator bt_bb_border_style_none bt_bb_top_spacing_normal\" data-bt-override-class=\"null\"><\/div><\/div><\/div><\/div><\/div><\/div><\/div><!-- cell_inner --><\/div><!-- cell --><\/div><!-- port --><\/section><section data-bb-version=\"4.9.1\" id=\"bt_bb_section69fc45daacc55\" class=\"bt_bb_section bt_bb_layout_boxed_1200\"  data-bt-override-class=\"null\"><div class=\"bt_bb_port\"><div class=\"bt_bb_cell\"><div class=\"bt_bb_cell_inner\"><div class=\"bt_bb_row\"  data-bt-override-class=\"{}\"><div class=\"bt_bb_row_holder\" ><div data-bb-version=\"4.9.1\"  class=\"bt_bb_column col-xxl-12 col-xl-12 col-xs-12 col-sm-12 col-md-12 col-lg-12 bt_bb_vertical_align_top bt_bb_align_left bt_bb_padding_normal\" style=\"; --column-width:12;\" data-width=\"12\" data-bt-override-class=\"{}\"><div class=\"bt_bb_column_content\"><div class=\"bt_bb_column_content_inner\"><div data-bb-version=\"5.2.6\"  class=\"bt_bb_text\" ><\/p>\n<h2>Meads and other drinks available at our Meadery<\/h2>\n<p>We have made our offer to meet the different tastes of our customers. That is why we can offer drinks of various tastes. You may delight in our sweet and semi-sweet drinks with clear, fruity notes. Also you won\u2019t be disappointed if you are looking for something more dry or spicy. We encourage you to visit the Our Products tab and see what we have to offer!<\/p>\n<p>We produce meads and other regional drinks with attention to every detail. A proven, refined recipe is just the beginning. The basis in our Meadery is honey that we buy from trusted suppliers. Extremely important are also local best-quality gifts of the August\u00f3w Forest, that we collect with our own hands. All those things help us create our unique products..<\/p>\n<h2>Offer of the mead producer \u2013 Augustowska Miodosytnia<\/h2>\n<p class=\"translation-block\">As a producer of mead we focus on authenticity and local sourcing of ingredients. Our products are made from natural ingredients, including the gifts of the August\u00f3w Forest. Each honey is characterized by specific taste qualities. Information on the alcohol content and vintage is available in the description of each product in our online store.<\/p>\n<p class=\"translation-block\">We offer a variety of <a href=\"\/en\/product-category\/miod-pitny\/\" target=\"_self\">meads<\/a> \u2013 from sweet to semi-sweet with distinct fruity notes. We will also not disappoint those looking for something more dry or spicy. If you have any additional questions about the Miodosytnia assortment, please contact us by phone or email \u2013 we will provide the necessary information and advise on the choice of drink.<\/p>\n<h2>Why is it worth visiting Augustow Meadery?<\/h2>\n<p class=\"translation-block\">We operate not only as a <strong>producer of mead<\/strong>. The Augustowska <strong>Miodosytnia<\/strong> also houses the <a href=\"\/en\/muzeum\/\" target=\"_self\">Museum of Beekeeping Culture<\/a> \u2013 you can visit it on your own or with a guide who will explain the history of the exhibits. We also offer mead-making courses, thanks to which you can prepare drinks in the comfort of your own home, and the possibility of tasting mead or Zbicie by Lake Bia\u0142e or in a location chosen by the customer. More <strong>details about the Miodosytnia offer<\/strong> or booking dates will be provided by phone or email.<\/p>\n<h2>Augustowska Miodosytnia \u2013 a unique place on the map of Podlasie<\/h2>\n<p class=\"translation-block\">Augustowska <strong>Miodosytnia<\/strong> is a place full of passion for beekeeping and mead-making. Our products have won numerous awards in international competitions. You can buy <strong>meads<\/strong> and other beverages both in the stationary store in August\u00f3w at ul. Tytoniowa 9, as well as in the online store.<\/p>\n<p>\n<\/div><\/div><\/div><\/div><\/div><\/div><\/div><!-- cell_inner --><\/div><!-- cell --><\/div><!-- port --><\/section><\/p>","protected":false},"excerpt":{"rendered":"","protected":false},"author":61,"featured_media":0,"parent":0,"menu_order":0,"comment_status":"closed","ping_status":"closed","template":"","meta":{"footnotes":""},"class_list":["post-11","page","type-page","status-publish","hentry"],"yoast_head":"<!-- This site is optimized with the Yoast SEO plugin v27.3 - https:\/\/yoast.com\/product\/yoast-seo-wordpress\/ -->\n<title>Miody pitne - Augustowska Miodosytnia<\/title>\n<meta name=\"description\" content=\"Augustowska Miodosytnia powsta\u0142a z po\u0142\u0105czenia zami\u0142owania do bartnictwa oraz domowego miodosytnictwa. Postanowili\u015bmy odbudowa\u0107 tradycj\u0119 miodosytnicz\u0105.\" \/>\n<meta name=\"robots\" content=\"index, follow, max-snippet:-1, max-image-preview:large, max-video-preview:-1\" \/>\n<link rel=\"canonical\" href=\"https:\/\/augustowska-miodosytnia.pl\/en\/\" \/>\n<meta property=\"og:locale\" content=\"en_GB\" \/>\n<meta property=\"og:type\" content=\"article\" \/>\n<meta property=\"og:title\" content=\"Miody pitne - Augustowska Miodosytnia\" \/>\n<meta property=\"og:description\" content=\"Augustowska Miodosytnia powsta\u0142a z po\u0142\u0105czenia zami\u0142owania do bartnictwa oraz domowego miodosytnictwa. Postanowili\u015bmy odbudowa\u0107 tradycj\u0119 miodosytnicz\u0105.\" \/>\n<meta property=\"og:url\" content=\"https:\/\/augustowska-miodosytnia.pl\/en\/\" \/>\n<meta property=\"og:site_name\" content=\"Augustowska Miodosytnia\" \/>\n<meta property=\"article:modified_time\" content=\"2025-02-27T09:06:47+00:00\" \/>\n<meta name=\"twitter:card\" content=\"summary_large_image\" \/>\n<meta name=\"twitter:label1\" content=\"Est. reading time\" \/>\n\t<meta name=\"twitter:data1\" content=\"6 minutes\" \/>\n<script type=\"application\/ld+json\" class=\"yoast-schema-graph\">{\"@context\":\"https:\\\/\\\/schema.org\",\"@graph\":[{\"@type\":\"WebPage\",\"@id\":\"https:\\\/\\\/augustowska-miodosytnia.pl\\\/\",\"url\":\"https:\\\/\\\/augustowska-miodosytnia.pl\\\/\",\"name\":\"Miody pitne - Augustowska Miodosytnia\",\"isPartOf\":{\"@id\":\"https:\\\/\\\/augustowska-miodosytnia.pl\\\/#website\"},\"datePublished\":\"2017-07-13T19:11:36+00:00\",\"dateModified\":\"2025-02-27T09:06:47+00:00\",\"description\":\"Augustowska Miodosytnia powsta\u0142a z po\u0142\u0105czenia zami\u0142owania do bartnictwa oraz domowego miodosytnictwa. Postanowili\u015bmy odbudowa\u0107 tradycj\u0119 miodosytnicz\u0105.\",\"breadcrumb\":{\"@id\":\"https:\\\/\\\/augustowska-miodosytnia.pl\\\/#breadcrumb\"},\"inLanguage\":\"en-GB\",\"potentialAction\":[{\"@type\":\"ReadAction\",\"target\":[\"https:\\\/\\\/augustowska-miodosytnia.pl\\\/\"]}]},{\"@type\":\"BreadcrumbList\",\"@id\":\"https:\\\/\\\/augustowska-miodosytnia.pl\\\/#breadcrumb\",\"itemListElement\":[{\"@type\":\"ListItem\",\"position\":1,\"name\":\"Strona g\u0142\u00f3wna\",\"item\":\"https:\\\/\\\/augustowska-miodosytnia.pl\\\/\"},{\"@type\":\"ListItem\",\"position\":2,\"name\":\"Strona g\u0142\u00f3wna\"}]},{\"@type\":\"WebSite\",\"@id\":\"https:\\\/\\\/augustowska-miodosytnia.pl\\\/#website\",\"url\":\"https:\\\/\\\/augustowska-miodosytnia.pl\\\/\",\"name\":\"Augustowska Miodosytnia\",\"description\":\"Na dobre trunki warto jest czeka\u0107\",\"potentialAction\":[{\"@type\":\"SearchAction\",\"target\":{\"@type\":\"EntryPoint\",\"urlTemplate\":\"https:\\\/\\\/augustowska-miodosytnia.pl\\\/?s={search_term_string}\"},\"query-input\":{\"@type\":\"PropertyValueSpecification\",\"valueRequired\":true,\"valueName\":\"search_term_string\"}}],\"inLanguage\":\"en-GB\"}]}<\/script>\n<!-- \/ Yoast SEO plugin. -->","yoast_head_json":{"title":"Miody pitne - Augustowska Miodosytnia","description":"Augustowska Miodosytnia powsta\u0142a z po\u0142\u0105czenia zami\u0142owania do bartnictwa oraz domowego miodosytnictwa. Postanowili\u015bmy odbudowa\u0107 tradycj\u0119 miodosytnicz\u0105.","robots":{"index":"index","follow":"follow","max-snippet":"max-snippet:-1","max-image-preview":"max-image-preview:large","max-video-preview":"max-video-preview:-1"},"canonical":"https:\/\/augustowska-miodosytnia.pl\/en\/","og_locale":"en_GB","og_type":"article","og_title":"Miody pitne - Augustowska Miodosytnia","og_description":"Augustowska Miodosytnia powsta\u0142a z po\u0142\u0105czenia zami\u0142owania do bartnictwa oraz domowego miodosytnictwa. Postanowili\u015bmy odbudowa\u0107 tradycj\u0119 miodosytnicz\u0105.","og_url":"https:\/\/augustowska-miodosytnia.pl\/en\/","og_site_name":"Augustowska Miodosytnia","article_modified_time":"2025-02-27T09:06:47+00:00","twitter_card":"summary_large_image","twitter_misc":{"Est. reading time":"6 minutes"},"schema":{"@context":"https:\/\/schema.org","@graph":[{"@type":"WebPage","@id":"https:\/\/augustowska-miodosytnia.pl\/","url":"https:\/\/augustowska-miodosytnia.pl\/","name":"Miody pitne - Augustowska Miodosytnia","isPartOf":{"@id":"https:\/\/augustowska-miodosytnia.pl\/#website"},"datePublished":"2017-07-13T19:11:36+00:00","dateModified":"2025-02-27T09:06:47+00:00","description":"Augustowska Miodosytnia powsta\u0142a z po\u0142\u0105czenia zami\u0142owania do bartnictwa oraz domowego miodosytnictwa. Postanowili\u015bmy odbudowa\u0107 tradycj\u0119 miodosytnicz\u0105.","breadcrumb":{"@id":"https:\/\/augustowska-miodosytnia.pl\/#breadcrumb"},"inLanguage":"en-GB","potentialAction":[{"@type":"ReadAction","target":["https:\/\/augustowska-miodosytnia.pl\/"]}]},{"@type":"BreadcrumbList","@id":"https:\/\/augustowska-miodosytnia.pl\/#breadcrumb","itemListElement":[{"@type":"ListItem","position":1,"name":"Strona g\u0142\u00f3wna","item":"https:\/\/augustowska-miodosytnia.pl\/"},{"@type":"ListItem","position":2,"name":"Strona g\u0142\u00f3wna"}]},{"@type":"WebSite","@id":"https:\/\/augustowska-miodosytnia.pl\/#website","url":"https:\/\/augustowska-miodosytnia.pl\/","name":"Augustow Meadery","description":"Na dobre trunki warto jest czeka\u0107","potentialAction":[{"@type":"SearchAction","target":{"@type":"EntryPoint","urlTemplate":"https:\/\/augustowska-miodosytnia.pl\/?s={search_term_string}"},"query-input":{"@type":"PropertyValueSpecification","valueRequired":true,"valueName":"search_term_string"}}],"inLanguage":"en-GB"}]}},"_links":{"self":[{"href":"https:\/\/augustowska-miodosytnia.pl\/en\/wp-json\/wp\/v2\/pages\/11","targetHints":{"allow":["GET"]}}],"collection":[{"href":"https:\/\/augustowska-miodosytnia.pl\/en\/wp-json\/wp\/v2\/pages"}],"about":[{"href":"https:\/\/augustowska-miodosytnia.pl\/en\/wp-json\/wp\/v2\/types\/page"}],"author":[{"embeddable":true,"href":"https:\/\/augustowska-miodosytnia.pl\/en\/wp-json\/wp\/v2\/users\/61"}],"replies":[{"embeddable":true,"href":"https:\/\/augustowska-miodosytnia.pl\/en\/wp-json\/wp\/v2\/comments?post=11"}],"version-history":[{"count":39,"href":"https:\/\/augustowska-miodosytnia.pl\/en\/wp-json\/wp\/v2\/pages\/11\/revisions"}],"predecessor-version":[{"id":5458,"href":"https:\/\/augustowska-miodosytnia.pl\/en\/wp-json\/wp\/v2\/pages\/11\/revisions\/5458"}],"wp:attachment":[{"href":"https:\/\/augustowska-miodosytnia.pl\/en\/wp-json\/wp\/v2\/media?parent=11"}],"curies":[{"name":"wp","href":"https:\/\/api.w.org\/{rel}","templated":true}]}}