{"id":21,"date":"2017-07-13T21:45:46","date_gmt":"2017-07-13T19:45:46","guid":{"rendered":"http:\/\/augustowska-miodosytnia.pl\/?page_id=21"},"modified":"2025-02-21T13:08:40","modified_gmt":"2025-02-21T12:08:40","slug":"zapisy-na-miody","status":"publish","type":"page","link":"http:\/\/augustowska-miodosytnia.pl\/en\/zapisy-na-miody\/","title":{"rendered":"Zapisy na miody"},"content":{"rendered":"<p><section id=\"bt_bb_section6a085cf2a6c8c\" class=\"bt_bb_section bt_bb_layout_boxed_1200 bt_bb_vertical_align_top bt_bb_top_spacing_large bt_bb_bottom_spacing_small\" style=\"background: rgba(50, 50, 50, 0.5)\" data-bt-override-class=\"null\"><div class=\"bt_bb_port\"><div class=\"bt_bb_cell\"><div class=\"bt_bb_cell_inner\"><div class=\"bt_bb_row\"  data-bt-override-class=\"{}\"><div class=\"bt_bb_row_holder\" ><div  class=\"bt_bb_column col-xxl-12 col-xl-12 bt_bb_vertical_align_top bt_bb_align_left bt_bb_padding_normal\" style=\"; --column-width:12;\" data-width=\"12\" data-bt-override-class=\"{}\"><div class=\"bt_bb_column_content\"><div class=\"bt_bb_column_content_inner\"><div class=\"bt_bb_separator bt_bb_border_style_none bt_bb_top_spacing_small\" data-bt-override-class=\"null\"><\/div><header class=\"bt_bb_headline bt_bb_dash_none bt_bb_size_inherit bt_bb_align_inherit\" data-bt-override-class=\"{}\"><h1 class=\"bt_bb_headline_tag\"><span class=\"bt_bb_headline_content\"><span>ZAPISY NA MIODY<\/span><\/span><\/h1><\/header><div class=\"bt_bb_separator bt_bb_border_style_none bt_bb_bottom_spacing_normal\" data-bt-override-class=\"null\"><\/div><div  class=\"bt_bb_text\" ><\/p>\n<div>&#8222;Na dobre trunki warto czeka\u0107&#8221;, to has\u0142o przy\u015bwiecaj\u0105ce naszej miodosytni i rzeczywi\u015bcie, bez stosowania przer\u00f3\u017cnych przyspieszaczy na dobry tr\u00f3jniak nale\u017cy czeka\u0107 minimum 7 miesi\u0119cy. W czerwcu 2018 roku pierwszy nastaw Tr\u00f3jniaka Augustowskiego\u00a0 &#8211;\u00a0 miodu markowego typu tr\u00f3jniak wykonanego wy\u0142\u0105cznie\u00a0 miodu lipowego oraz le\u015bnego wielokwiatu,<\/div>\n<div><\/div>\n<p>Korzystaj\u0105c z poni\u017cszego formularzu mog\u0105 si\u0119 Pa\u0144stwo z nami skontaktowa\u0107 w celu zam\u00f3wienia butelki (lub kilku) miodu z naszego pierwszego nastawu. Lub zapisa\u0107 si\u0119 na list\u0119 oczekuj\u0105cych na kolejne nastawy: w przygotowaniu mamy Lipiec Augustowski nawi\u0105zuj\u0105cy receptur\u0105 do najs\u0142awniejszego miodu pitnego\u00a0 Rzeczypospolitej Obojga Narod\u00f3w &#8211; Lipca Kowie\u0144skiego.\u00a0 Oraz Jab\u0142ecznik &#8211; tr\u00f3jniak w kt\u00f3rym w nastawie prawie po\u0142owa wody zosta\u0142a zast\u0105piona sokiem jab\u0142kowym wyt\u0142oczonym z jab\u0142ek zebranych ze starych odmian jab\u0142oni w okolicach Augustowa.<\/p>\n<p>\n<\/div><\/div><\/div><\/div><\/div><\/div><\/div><!-- cell_inner --><\/div><!-- cell --><\/div><!-- port --><\/section><section id=\"bt_bb_section6a085cf2a6ed0\" class=\"bt_bb_section bt_bb_layout_boxed_1200 bt_bb_vertical_align_top bt_bb_bottom_spacing_small\" style=\"background: rgba(50, 50, 50, 0.5)\" data-bt-override-class=\"null\"><div class=\"bt_bb_port\"><div class=\"bt_bb_cell\"><div class=\"bt_bb_cell_inner\"><div class=\"bt_bb_row\"  data-bt-override-class=\"{}\"><div class=\"bt_bb_row_holder\" ><div  class=\"bt_bb_column col-xxl-12 col-xl-12 bt_bb_vertical_align_top bt_bb_align_center bt_bb_padding_normal\" style=\"; --column-width:12;\" data-width=\"12\" data-bt-override-class=\"{}\"><div class=\"bt_bb_column_content\"><div class=\"bt_bb_column_content_inner\"><div class=\"bt_bb_image bt_bb_shape_square bt_bb_target_self bt_bb_align_inherit bt_bb_hover_style_simple bt_bb_content_display_always bt_bb_content_align_middle\" data-bt-override-class=\"{}\"><span><img fetchpriority=\"high\" decoding=\"async\" width=\"768\" height=\"576\" src=\"https:\/\/augustowska-miodosytnia.pl\/wp-content\/uploads\/2017\/07\/48310406_2062339907156597_8369358347421351936_o-768x576.jpg\" class=\"attachment-medium_large size-medium_large\" alt=\"https:\/\/augustowska-miodosytnia.pl\/wp-content\/uploads\/2017\/07\/48310406_2062339907156597_8369358347421351936_o-768x576.jpg\" data-full_image_src=\"https:\/\/augustowska-miodosytnia.pl\/wp-content\/uploads\/2017\/07\/48310406_2062339907156597_8369358347421351936_o.jpg\" title=\"Tr\u00f3jniak Augustowski\" loading=\"eager\" srcset=\"https:\/\/augustowska-miodosytnia.pl\/wp-content\/uploads\/2017\/07\/48310406_2062339907156597_8369358347421351936_o-768x576.jpg 768w, https:\/\/augustowska-miodosytnia.pl\/wp-content\/uploads\/2017\/07\/48310406_2062339907156597_8369358347421351936_o-400x300.jpg 400w, https:\/\/augustowska-miodosytnia.pl\/wp-content\/uploads\/2017\/07\/48310406_2062339907156597_8369358347421351936_o-600x450.jpg 600w, https:\/\/augustowska-miodosytnia.pl\/wp-content\/uploads\/2017\/07\/48310406_2062339907156597_8369358347421351936_o-640x480.jpg 640w, https:\/\/augustowska-miodosytnia.pl\/wp-content\/uploads\/2017\/07\/48310406_2062339907156597_8369358347421351936_o-1280x960.jpg 1280w, https:\/\/augustowska-miodosytnia.pl\/wp-content\/uploads\/2017\/07\/48310406_2062339907156597_8369358347421351936_o-320x240.jpg 320w, https:\/\/augustowska-miodosytnia.pl\/wp-content\/uploads\/2017\/07\/48310406_2062339907156597_8369358347421351936_o.jpg 1440w\" sizes=\"(max-width: 768px) 100vw, 768px\" \/><\/span><\/div><div class=\"bt_bb_separator bt_bb_border_style_none bt_bb_bottom_spacing_normal\" data-bt-override-class=\"null\"><\/div><\/div><\/div><\/div><\/div><\/div><\/div><!-- cell_inner --><\/div><!-- cell --><\/div><!-- port --><\/section><section id=\"bt_bb_section6a085cf2a760e\" class=\"bt_bb_section bt_bb_layout_boxed_1200 bt_bb_vertical_align_top\" style=\"background: rgba(50, 50, 50, 0.5)\" data-bt-override-class=\"null\"><div class=\"bt_bb_port\"><div class=\"bt_bb_cell\"><div class=\"bt_bb_cell_inner\"><div class=\"bt_bb_row\"  data-bt-override-class=\"{}\"><div class=\"bt_bb_row_holder\" ><div  class=\"bt_bb_column col-xxl-12 col-xl-12 bt_bb_vertical_align_top bt_bb_align_center bt_bb_padding_normal\" style=\"; --column-width:12;\" data-width=\"12\" data-bt-override-class=\"{}\"><div class=\"bt_bb_column_content\"><div class=\"bt_bb_column_content_inner\"><div  class=\"bt_bb_text\" ><\/p>\n<div class=\"wpcf7 no-js\" id=\"wpcf7-f1904-o1\" lang=\"pl-PL\" dir=\"ltr\" data-wpcf7-id=\"1904\">\n<div class=\"screen-reader-response\">\n<p role=\"status\" aria-live=\"polite\" aria-atomic=\"true\">\n<ul><\/ul>\n<\/div>\n<form action=\"\/en\/wp-json\/wp\/v2\/pages\/21#wpcf7-f1904-o1\" method=\"post\" class=\"wpcf7-form init\" aria-label=\"Contact form\" novalidate=\"novalidate\" data-status=\"init\" data-trp-original-action=\"\/en\/wp-json\/wp\/v2\/pages\/21#wpcf7-f1904-o1\">\n<fieldset class=\"hidden-fields-container\"><input type=\"hidden\" name=\"_wpcf7\" value=\"1904\" \/><input type=\"hidden\" name=\"_wpcf7_version\" value=\"6.1.6\" \/><input type=\"hidden\" name=\"_wpcf7_locale\" value=\"pl_PL\" \/><input type=\"hidden\" name=\"_wpcf7_unit_tag\" value=\"wpcf7-f1904-o1\" \/><input type=\"hidden\" name=\"_wpcf7_container_post\" value=\"0\" \/><input type=\"hidden\" name=\"_wpcf7_posted_data_hash\" value=\"\" \/><br \/>\n<\/fieldset>\n<div class=\"boldRow btContactRow\">\n<div class=\"btContactRowInput btContactRowInputFlex\">\n<div class=\"btContactInputName\">\n<p><span class=\"wpcf7-form-control-wrap\" data-name=\"first-name\"><input size=\"40\" maxlength=\"400\" class=\"wpcf7-form-control wpcf7-text wpcf7-validates-as-required\" aria-required=\"true\" aria-invalid=\"false\" placeholder=\"Imi\u0119\" value=\"\" type=\"text\" name=\"first-name\" \/><\/span>\n\t\t\t<\/p>\n<\/p><\/div>\n<div class=\"btContactInputEmail\">\n<p><span class=\"wpcf7-form-control-wrap\" data-name=\"second-name\"><input size=\"40\" maxlength=\"400\" class=\"wpcf7-form-control wpcf7-text wpcf7-validates-as-required\" aria-required=\"true\" aria-invalid=\"false\" placeholder=\"Nazwisko\" value=\"\" type=\"text\" name=\"second-name\" \/><\/span>\n\t\t\t<\/p>\n<\/p><\/div>\n<\/p><\/div>\n<div class=\"btContactRowInput btContactRowInputFlex\">\n<div class=\"btContactInputName\">\n<p><span class=\"wpcf7-form-control-wrap\" data-name=\"tel-497\"><input size=\"40\" maxlength=\"400\" class=\"wpcf7-form-control wpcf7-tel wpcf7-validates-as-required wpcf7-text wpcf7-validates-as-tel\" aria-required=\"true\" aria-invalid=\"false\" placeholder=\"Telefon\" value=\"\" type=\"tel\" name=\"tel-497\" \/><\/span>\n\t\t\t<\/p>\n<\/p><\/div>\n<div class=\"btContactInputEmail\">\n<p><span class=\"wpcf7-form-control-wrap\" data-name=\"your-email\"><input size=\"40\" maxlength=\"400\" class=\"wpcf7-form-control wpcf7-email wpcf7-validates-as-required wpcf7-text wpcf7-validates-as-email\" aria-required=\"true\" aria-invalid=\"false\" placeholder=\"Email\" value=\"\" type=\"email\" name=\"your-email\" \/><\/span>\n\t\t\t<\/p>\n<\/p><\/div>\n<\/p><\/div>\n<div class=\"btContactRowInput btContactRowInputFlex\">\n<div class=\"btContactInputName\">\n<p><span class=\"wpcf7-form-control-wrap\" data-name=\"kodpocztowy\"><input size=\"40\" maxlength=\"400\" class=\"wpcf7-form-control wpcf7-text wpcf7-validates-as-required\" aria-required=\"true\" aria-invalid=\"false\" placeholder=\"Post Code\" value=\"\" type=\"text\" name=\"kodpocztowy\" \/><\/span>\n\t\t\t<\/p>\n<\/p><\/div>\n<div class=\"btContactInputEmail\">\n<p><span class=\"wpcf7-form-control-wrap\" data-name=\"miasto\"><input size=\"40\" maxlength=\"400\" class=\"wpcf7-form-control wpcf7-text wpcf7-validates-as-required\" aria-required=\"true\" aria-invalid=\"false\" placeholder=\"Town\" value=\"\" type=\"text\" name=\"miasto\" \/><\/span>\n\t\t\t<\/p>\n<\/p><\/div>\n<\/p><\/div>\n<div class=\"btContactRowInput btContactRowInputFlex\">\n<div class=\"btContactInputName\">\n<p><span class=\"wpcf7-form-control-wrap\" data-name=\"ulica\"><input size=\"40\" maxlength=\"400\" class=\"wpcf7-form-control wpcf7-text wpcf7-validates-as-required\" aria-required=\"true\" aria-invalid=\"false\" placeholder=\"Street\" value=\"\" type=\"text\" name=\"ulica\" \/><\/span>\n\t\t\t<\/p>\n<\/p><\/div>\n<div class=\"btContactInputEmail\">\n<p><span class=\"wpcf7-form-control-wrap\" data-name=\"nrdomu\"><input size=\"40\" maxlength=\"400\" class=\"wpcf7-form-control wpcf7-text wpcf7-validates-as-required\" aria-required=\"true\" aria-invalid=\"false\" placeholder=\"Nr domu\" value=\"\" type=\"text\" name=\"nrdomu\" \/><\/span>\n\t\t\t<\/p>\n<\/p><\/div>\n<\/p><\/div>\n<div class=\"btContactRowInput btContactRowInputFlex\">\n<div class=\"btContactRowAdd\">\n<p>Liczba butelek Miodu Pitnego\n\t\t\t<\/p>\n<\/p><\/div>\n<div class=\"btContactInputEmail\">\n<p><span class=\"wpcf7-form-control-wrap\" data-name=\"iloscbutelek\"><input class=\"wpcf7-form-control wpcf7-number wpcf7-validates-as-required wpcf7-validates-as-number\" max=\"50\" aria-required=\"true\" aria-invalid=\"false\" value=\"0\" type=\"number\" name=\"iloscbutelek\" \/><\/span>\n\t\t\t<\/p>\n<\/p><\/div>\n<\/p><\/div>\n<div class=\"btContactRowButton\">\n<p><input class=\"wpcf7-form-control wpcf7-submit has-spinner\" type=\"submit\" value=\"Send\" \/>\n\t\t<\/p>\n<\/p><\/div>\n<\/div>\n<div class=\"wpcf7-response-output\" aria-hidden=\"true\"><\/div>\n<input type=\"hidden\" name=\"trp-form-language\" value=\"en\"\/><\/form>\n<\/div>\n<p>\n<\/div><\/div><\/div><\/div><\/div><\/div><\/div><!-- cell_inner --><\/div><!-- cell --><\/div><!-- port --><\/section><\/p>","protected":false},"excerpt":{"rendered":"","protected":false},"author":61,"featured_media":0,"parent":0,"menu_order":0,"comment_status":"closed","ping_status":"closed","template":"","meta":{"footnotes":""},"class_list":["post-21","page","type-page","status-publish","hentry"],"yoast_head":"<!-- This site is optimized with the Yoast SEO plugin v27.3 - https:\/\/yoast.com\/product\/yoast-seo-wordpress\/ -->\n<title>Zapisy na miody - Augustowska Miodosytnia<\/title>\n<meta name=\"robots\" content=\"noindex, follow\" \/>\n<meta property=\"og:locale\" content=\"en_GB\" \/>\n<meta property=\"og:type\" content=\"article\" \/>\n<meta property=\"og:title\" content=\"Zapisy na miody - Augustowska Miodosytnia\" \/>\n<meta property=\"og:url\" content=\"https:\/\/augustowska-miodosytnia.pl\/en\/zapisy-na-miody\/\" \/>\n<meta property=\"og:site_name\" content=\"Augustowska Miodosytnia\" \/>\n<meta property=\"article:modified_time\" content=\"2025-02-21T12:08:40+00:00\" \/>\n<meta name=\"twitter:card\" content=\"summary_large_image\" \/>\n<meta name=\"twitter:label1\" content=\"Est. reading time\" \/>\n\t<meta name=\"twitter:data1\" content=\"3 minutes\" \/>\n<script type=\"application\/ld+json\" class=\"yoast-schema-graph\">{\"@context\":\"https:\\\/\\\/schema.org\",\"@graph\":[{\"@type\":\"WebPage\",\"@id\":\"https:\\\/\\\/augustowska-miodosytnia.pl\\\/zapisy-na-miody\\\/\",\"url\":\"https:\\\/\\\/augustowska-miodosytnia.pl\\\/zapisy-na-miody\\\/\",\"name\":\"Zapisy na miody - Augustowska Miodosytnia\",\"isPartOf\":{\"@id\":\"https:\\\/\\\/augustowska-miodosytnia.pl\\\/#website\"},\"datePublished\":\"2017-07-13T19:45:46+00:00\",\"dateModified\":\"2025-02-21T12:08:40+00:00\",\"breadcrumb\":{\"@id\":\"https:\\\/\\\/augustowska-miodosytnia.pl\\\/zapisy-na-miody\\\/#breadcrumb\"},\"inLanguage\":\"en-GB\",\"potentialAction\":[{\"@type\":\"ReadAction\",\"target\":[\"https:\\\/\\\/augustowska-miodosytnia.pl\\\/zapisy-na-miody\\\/\"]}]},{\"@type\":\"BreadcrumbList\",\"@id\":\"https:\\\/\\\/augustowska-miodosytnia.pl\\\/zapisy-na-miody\\\/#breadcrumb\",\"itemListElement\":[{\"@type\":\"ListItem\",\"position\":1,\"name\":\"Strona g\u0142\u00f3wna\",\"item\":\"https:\\\/\\\/augustowska-miodosytnia.pl\\\/\"},{\"@type\":\"ListItem\",\"position\":2,\"name\":\"Zapisy na miody\"}]},{\"@type\":\"WebSite\",\"@id\":\"https:\\\/\\\/augustowska-miodosytnia.pl\\\/#website\",\"url\":\"https:\\\/\\\/augustowska-miodosytnia.pl\\\/\",\"name\":\"Augustowska Miodosytnia\",\"description\":\"Na dobre trunki warto jest czeka\u0107\",\"potentialAction\":[{\"@type\":\"SearchAction\",\"target\":{\"@type\":\"EntryPoint\",\"urlTemplate\":\"https:\\\/\\\/augustowska-miodosytnia.pl\\\/?s={search_term_string}\"},\"query-input\":{\"@type\":\"PropertyValueSpecification\",\"valueRequired\":true,\"valueName\":\"search_term_string\"}}],\"inLanguage\":\"en-GB\"}]}<\/script>\n<!-- \/ Yoast SEO plugin. -->","yoast_head_json":{"title":"Zapisy na miody - Augustowska Miodosytnia","robots":{"index":"noindex","follow":"follow"},"og_locale":"en_GB","og_type":"article","og_title":"Zapisy na miody - Augustowska Miodosytnia","og_url":"https:\/\/augustowska-miodosytnia.pl\/en\/zapisy-na-miody\/","og_site_name":"Augustowska Miodosytnia","article_modified_time":"2025-02-21T12:08:40+00:00","twitter_card":"summary_large_image","twitter_misc":{"Est. reading time":"3 minutes"},"schema":{"@context":"https:\/\/schema.org","@graph":[{"@type":"WebPage","@id":"https:\/\/augustowska-miodosytnia.pl\/zapisy-na-miody\/","url":"https:\/\/augustowska-miodosytnia.pl\/zapisy-na-miody\/","name":"Zapisy na miody - Augustowska Miodosytnia","isPartOf":{"@id":"https:\/\/augustowska-miodosytnia.pl\/#website"},"datePublished":"2017-07-13T19:45:46+00:00","dateModified":"2025-02-21T12:08:40+00:00","breadcrumb":{"@id":"https:\/\/augustowska-miodosytnia.pl\/zapisy-na-miody\/#breadcrumb"},"inLanguage":"en-GB","potentialAction":[{"@type":"ReadAction","target":["https:\/\/augustowska-miodosytnia.pl\/zapisy-na-miody\/"]}]},{"@type":"BreadcrumbList","@id":"https:\/\/augustowska-miodosytnia.pl\/zapisy-na-miody\/#breadcrumb","itemListElement":[{"@type":"ListItem","position":1,"name":"Strona g\u0142\u00f3wna","item":"https:\/\/augustowska-miodosytnia.pl\/"},{"@type":"ListItem","position":2,"name":"Zapisy na miody"}]},{"@type":"WebSite","@id":"https:\/\/augustowska-miodosytnia.pl\/#website","url":"https:\/\/augustowska-miodosytnia.pl\/","name":"Augustow Meadery","description":"Na dobre trunki warto jest czeka\u0107","potentialAction":[{"@type":"SearchAction","target":{"@type":"EntryPoint","urlTemplate":"https:\/\/augustowska-miodosytnia.pl\/?s={search_term_string}"},"query-input":{"@type":"PropertyValueSpecification","valueRequired":true,"valueName":"search_term_string"}}],"inLanguage":"en-GB"}]}},"_links":{"self":[{"href":"http:\/\/augustowska-miodosytnia.pl\/en\/wp-json\/wp\/v2\/pages\/21","targetHints":{"allow":["GET"]}}],"collection":[{"href":"http:\/\/augustowska-miodosytnia.pl\/en\/wp-json\/wp\/v2\/pages"}],"about":[{"href":"http:\/\/augustowska-miodosytnia.pl\/en\/wp-json\/wp\/v2\/types\/page"}],"author":[{"embeddable":true,"href":"http:\/\/augustowska-miodosytnia.pl\/en\/wp-json\/wp\/v2\/users\/61"}],"replies":[{"embeddable":true,"href":"http:\/\/augustowska-miodosytnia.pl\/en\/wp-json\/wp\/v2\/comments?post=21"}],"version-history":[{"count":20,"href":"http:\/\/augustowska-miodosytnia.pl\/en\/wp-json\/wp\/v2\/pages\/21\/revisions"}],"predecessor-version":[{"id":5450,"href":"http:\/\/augustowska-miodosytnia.pl\/en\/wp-json\/wp\/v2\/pages\/21\/revisions\/5450"}],"wp:attachment":[{"href":"http:\/\/augustowska-miodosytnia.pl\/en\/wp-json\/wp\/v2\/media?parent=21"}],"curies":[{"name":"wp","href":"https:\/\/api.w.org\/{rel}","templated":true}]}}